{"id":3020,"date":"2022-06-29T21:38:04","date_gmt":"2022-06-29T19:38:04","guid":{"rendered":"https:\/\/agora.xtec.cat\/ceip-elsagrer\/?page_id=3020"},"modified":"2025-10-26T15:29:32","modified_gmt":"2025-10-26T14:29:32","slug":"lassociacio","status":"publish","type":"page","link":"https:\/\/agora.xtec.cat\/ceip-elsagrer\/portada-afa\/lassociacio\/","title":{"rendered":"L&#8217;Associaci\u00f3 de Fam\u00edlies d&#8217;Alumnes"},"content":{"rendered":"\n<p><\/p>\n\n\n<h2>QUI SOM I COM ENS ORGANITZEM<\/h2>\n<p>L&#8217;Associaci\u00f3 de Fam\u00edlies de l&#8217;escola el Sagrer\u00a0<strong>treballem bra\u00e7 a bra\u00e7 amb l&#8217;escola<\/strong>\u00a0per intentar millorar l&#8217;entorn educatiu de la nostra comunitat. Som persones\u00a0<strong>volunt\u00e0ries<\/strong>\u00a0que\u00a0<strong>gestionem directament tots els nostres serveis<\/strong>\u00a0i activitats sense la intermediaci\u00f3 de cap empresa.<\/p>\n<p>\ud83d\udcdd A l&#8217;AFA ens regim pels <a href=\"https:\/\/agora.xtec.cat\/ceip-elsagrer\/wp-content\/uploads\/usu2270\/2025\/04\/Estatus-2025.pdf\" target=\"_blank\" rel=\"noopener\">Estatuts\u00a0<\/a>i el\u00a0<a href=\"https:\/\/agora.xtec.cat\/ceip-elsagrer\/wp-content\/uploads\/usu2270\/2025\/04\/RRI-2025.pdf\" target=\"_blank\" rel=\"noopener\">Reglament de R\u00e8gim Intern<\/a>\u00a0(RRI).<\/p>\n<p>\ud83d\udcac Ens organitzem en\u00a0<a href=\"https:\/\/agora.xtec.cat\/ceip-elsagrer\/comissions\/\">comissions <\/a>i decidim en\u00a0<a href=\"https:\/\/agora.xtec.cat\/ceip-elsagrer\/lassociacio\/lassemblea-de-socies-i-socis\/\">assemblees <\/a>i\u00a0<a href=\"https:\/\/agora.xtec.cat\/ceip-elsagrer\/lassociacio\/la-junta\/\">juntes<\/a>, on totes les fam\u00edlies hi s\u00f3n representades.<\/p>\n<p><strong>Les juntes se celebren un cop al mes i s\u00f3n obertes a totes les fam\u00edlies. Nom\u00e9s els membres de la junta (vocals de les comissions i membres de la directiva) hi tenen vot. A les assemblees tamb\u00e9 s\u00f3n obertes a totes les fam\u00edlies i a m\u00e9s pot votar qualsevol fam\u00edlia de l&#8217;AFA.<\/strong><\/p>\n<h2>Vols saber m\u00e9s?<\/h2>\n<ul>\n<li><a href=\"https:\/\/agora.xtec.cat\/ceip-elsagrer\/lassociacio\/una-mica-dhistoria\/\">Una mica d&#8217;historia<\/a><\/li>\n<li><a href=\"https:\/\/agora.xtec.cat\/ceip-elsagrer\/portada-afa\/lassociacio\/un-projecte-compartit\/\">Un projecte compartit<\/a><\/li>\n<li><a href=\"https:\/\/agora.xtec.cat\/ceip-elsagrer\/lassociacio\/estatuts\/\">Estatuts i r\u00e8gim intern<\/a><\/li>\n<\/ul>","protected":false},"excerpt":{"rendered":"<p>QUI SOM I COM ENS ORGANITZEM L&#8217;Associaci\u00f3 de Fam\u00edlies de l&#8217;escola el Sagrer\u00a0treballem bra\u00e7 a bra\u00e7 amb l&#8217;escola\u00a0per intentar millorar l&#8217;entorn educatiu de la nostra comunitat. Som persones\u00a0volunt\u00e0ries\u00a0que\u00a0gestionem directament tots els nostres serveis\u00a0i activitats sense la intermediaci\u00f3 de cap empresa. \ud83d\udcdd A l&#8217;AFA ens regim pels Estatuts\u00a0i el\u00a0Reglament de R\u00e8gim Intern\u00a0(RRI). \ud83d\udcac Ens organitzem en\u00a0comissions [&hellip;]<\/p>\n","protected":false},"author":17,"featured_media":0,"parent":8252,"menu_order":1,"comment_status":"closed","ping_status":"closed","template":"","meta":{"_bbp_topic_count":0,"_bbp_reply_count":0,"_bbp_total_topic_count":0,"_bbp_total_reply_count":0,"_bbp_voice_count":0,"_bbp_anonymous_reply_count":0,"_bbp_topic_count_hidden":0,"_bbp_reply_count_hidden":0,"_bbp_forum_subforum_count":0,"site-sidebar-layout":"default","site-content-layout":"","ast-site-content-layout":"default","site-content-style":"default","site-sidebar-style":"default","ast-global-header-display":"","ast-banner-title-visibility":"","ast-main-header-display":"","ast-hfb-above-header-display":"","ast-hfb-below-header-display":"","ast-hfb-mobile-header-display":"","site-post-title":"","ast-breadcrumbs-content":"","ast-featured-img":"","footer-sml-layout":"","theme-transparent-header-meta":"","adv-header-id-meta":"","stick-header-meta":"","header-above-stick-meta":"","header-main-stick-meta":"","header-below-stick-meta":"","astra-migrate-meta-layouts":"set","ast-page-background-enabled":"default","ast-page-background-meta":{"desktop":{"background-color":"var(--ast-global-color-4)","background-image":"","background-repeat":"repeat","background-position":"center center","background-size":"auto","background-attachment":"scroll","background-type":"","background-media":"","overlay-type":"","overlay-color":"","overlay-opacity":"","overlay-gradient":""},"tablet":{"background-color":"","background-image":"","background-repeat":"repeat","background-position":"center center","background-size":"auto","background-attachment":"scroll","background-type":"","background-media":"","overlay-type":"","overlay-color":"","overlay-opacity":"","overlay-gradient":""},"mobile":{"background-color":"","background-image":"","background-repeat":"repeat","background-position":"center center","background-size":"auto","background-attachment":"scroll","background-type":"","background-media":"","overlay-type":"","overlay-color":"","overlay-opacity":"","overlay-gradient":""}},"ast-content-background-meta":{"desktop":{"background-color":"var(--ast-global-color-5)","background-image":"","background-repeat":"repeat","background-position":"center center","background-size":"auto","background-attachment":"scroll","background-type":"","background-media":"","overlay-type":"","overlay-color":"","overlay-opacity":"","overlay-gradient":""},"tablet":{"background-color":"var(--ast-global-color-5)","background-image":"","background-repeat":"repeat","background-position":"center center","background-size":"auto","background-attachment":"scroll","background-type":"","background-media":"","overlay-type":"","overlay-color":"","overlay-opacity":"","overlay-gradient":""},"mobile":{"background-color":"var(--ast-global-color-5)","background-image":"","background-repeat":"repeat","background-position":"center center","background-size":"auto","background-attachment":"scroll","background-type":"","background-media":"","overlay-type":"","overlay-color":"","overlay-opacity":"","overlay-gradient":""}},"footnotes":""},"class_list":["post-3020","page","type-page","status-publish","hentry"],"post_mailing_queue_ids":[],"_links":{"self":[{"href":"https:\/\/agora.xtec.cat\/ceip-elsagrer\/wp-json\/wp\/v2\/pages\/3020","targetHints":{"allow":["GET"]}}],"collection":[{"href":"https:\/\/agora.xtec.cat\/ceip-elsagrer\/wp-json\/wp\/v2\/pages"}],"about":[{"href":"https:\/\/agora.xtec.cat\/ceip-elsagrer\/wp-json\/wp\/v2\/types\/page"}],"author":[{"embeddable":true,"href":"https:\/\/agora.xtec.cat\/ceip-elsagrer\/wp-json\/wp\/v2\/users\/17"}],"replies":[{"embeddable":true,"href":"https:\/\/agora.xtec.cat\/ceip-elsagrer\/wp-json\/wp\/v2\/comments?post=3020"}],"version-history":[{"count":6,"href":"https:\/\/agora.xtec.cat\/ceip-elsagrer\/wp-json\/wp\/v2\/pages\/3020\/revisions"}],"predecessor-version":[{"id":8345,"href":"https:\/\/agora.xtec.cat\/ceip-elsagrer\/wp-json\/wp\/v2\/pages\/3020\/revisions\/8345"}],"up":[{"embeddable":true,"href":"https:\/\/agora.xtec.cat\/ceip-elsagrer\/wp-json\/wp\/v2\/pages\/8252"}],"wp:attachment":[{"href":"https:\/\/agora.xtec.cat\/ceip-elsagrer\/wp-json\/wp\/v2\/media?parent=3020"}],"curies":[{"name":"wp","href":"https:\/\/api.w.org\/{rel}","templated":true}]}}