{"id":2939,"date":"2022-06-20T10:39:57","date_gmt":"2022-06-20T08:39:57","guid":{"rendered":"https:\/\/agora.xtec.cat\/ceip-elsagrer\/?page_id=2939"},"modified":"2025-06-25T09:59:20","modified_gmt":"2025-06-25T07:59:20","slug":"estrategia-digital-de-centre","status":"publish","type":"page","link":"https:\/\/agora.xtec.cat\/ceip-elsagrer\/projectes-singulars\/estrategia-digital-de-centre\/","title":{"rendered":"Estrat\u00e8gia digital de centre"},"content":{"rendered":"<p>L&#8217;estrat\u00e8gia digital de centre (EDC) defineix i concreta les l\u00ednies d&#8217;actuaci\u00f3 d&#8217;un centre que fan possible que docents, alumnat i centre assoleixin la compet\u00e8ncia digital. Per aconseguir aquesta compet\u00e8ncia digital, l&#8217;EDC compr\u00e8n tots els \u00e0mbits del centre: organitzatius, metodol\u00f2gics, curriculars i comunicatius, els quals s&#8217;han de veure necess\u00e0riament implicats i, si escau, transformats, des d\u2019una perspectiva d&#8217;innovaci\u00f3 i de millora cont\u00ednua.<\/p>\n<p>De d&#8217;aquesta premisa aqu\u00ed podeu trobar l&#8217;Estrat\u00e8gia digital de centre de la nostre escola. A part us compartim diferents recursos destinats a millorar qualitativament el nostre centre en l&#8217;apartat digital.<\/p>\n<p><a href=\"https:\/\/sites.google.com\/xtec.cat\/escola-el-sagrer\/edc-el-sagrer\"><span style=\"color: #ff00ff;\"><button>Estrat\u00e8gia<\/button><\/span><\/a><\/p>\n<p><a href=\"https:\/\/agora.xtec.cat\/ceip-elsagrer\/suport-mestres-2\/\"><button>Suport Mestres<\/button><\/a><\/p>\n<p><a href=\"https:\/\/sites.google.com\/escolaelsagrer.cat\/suport-famlies\/p%C3%A0gina-principal\"><button>Suport Fam\u00edlies<\/button><\/a><\/p>\n","protected":false},"excerpt":{"rendered":"<p>L&#8217;estrat\u00e8gia digital de centre (EDC) defineix i concreta les l\u00ednies d&#8217;actuaci\u00f3 d&#8217;un centre que fan possible que docents, alumnat i centre assoleixin la compet\u00e8ncia digital. Per aconseguir aquesta compet\u00e8ncia digital, l&#8217;EDC compr\u00e8n tots els \u00e0mbits del centre: organitzatius, metodol\u00f2gics, curriculars i comunicatius, els quals s&#8217;han de veure necess\u00e0riament implicats i, si escau, transformats, des d\u2019una [&hellip;]<\/p>\n","protected":false},"author":1,"featured_media":0,"parent":491,"menu_order":0,"comment_status":"closed","ping_status":"closed","template":"","meta":{"_bbp_topic_count":0,"_bbp_reply_count":0,"_bbp_total_topic_count":0,"_bbp_total_reply_count":0,"_bbp_voice_count":0,"_bbp_anonymous_reply_count":0,"_bbp_topic_count_hidden":0,"_bbp_reply_count_hidden":0,"_bbp_forum_subforum_count":0,"site-sidebar-layout":"default","site-content-layout":"","ast-site-content-layout":"default","site-content-style":"default","site-sidebar-style":"default","ast-global-header-display":"","ast-banner-title-visibility":"","ast-main-header-display":"","ast-hfb-above-header-display":"","ast-hfb-below-header-display":"","ast-hfb-mobile-header-display":"","site-post-title":"","ast-breadcrumbs-content":"","ast-featured-img":"","footer-sml-layout":"","theme-transparent-header-meta":"","adv-header-id-meta":"","stick-header-meta":"","header-above-stick-meta":"","header-main-stick-meta":"","header-below-stick-meta":"","astra-migrate-meta-layouts":"set","ast-page-background-enabled":"default","ast-page-background-meta":{"desktop":{"background-color":"var(--ast-global-color-4)","background-image":"","background-repeat":"repeat","background-position":"center center","background-size":"auto","background-attachment":"scroll","background-type":"","background-media":"","overlay-type":"","overlay-color":"","overlay-opacity":"","overlay-gradient":""},"tablet":{"background-color":"","background-image":"","background-repeat":"repeat","background-position":"center center","background-size":"auto","background-attachment":"scroll","background-type":"","background-media":"","overlay-type":"","overlay-color":"","overlay-opacity":"","overlay-gradient":""},"mobile":{"background-color":"","background-image":"","background-repeat":"repeat","background-position":"center center","background-size":"auto","background-attachment":"scroll","background-type":"","background-media":"","overlay-type":"","overlay-color":"","overlay-opacity":"","overlay-gradient":""}},"ast-content-background-meta":{"desktop":{"background-color":"var(--ast-global-color-5)","background-image":"","background-repeat":"repeat","background-position":"center center","background-size":"auto","background-attachment":"scroll","background-type":"","background-media":"","overlay-type":"","overlay-color":"","overlay-opacity":"","overlay-gradient":""},"tablet":{"background-color":"var(--ast-global-color-5)","background-image":"","background-repeat":"repeat","background-position":"center center","background-size":"auto","background-attachment":"scroll","background-type":"","background-media":"","overlay-type":"","overlay-color":"","overlay-opacity":"","overlay-gradient":""},"mobile":{"background-color":"var(--ast-global-color-5)","background-image":"","background-repeat":"repeat","background-position":"center center","background-size":"auto","background-attachment":"scroll","background-type":"","background-media":"","overlay-type":"","overlay-color":"","overlay-opacity":"","overlay-gradient":""}},"footnotes":""},"class_list":["post-2939","page","type-page","status-publish","hentry"],"post_mailing_queue_ids":[],"_links":{"self":[{"href":"https:\/\/agora.xtec.cat\/ceip-elsagrer\/wp-json\/wp\/v2\/pages\/2939","targetHints":{"allow":["GET"]}}],"collection":[{"href":"https:\/\/agora.xtec.cat\/ceip-elsagrer\/wp-json\/wp\/v2\/pages"}],"about":[{"href":"https:\/\/agora.xtec.cat\/ceip-elsagrer\/wp-json\/wp\/v2\/types\/page"}],"author":[{"embeddable":true,"href":"https:\/\/agora.xtec.cat\/ceip-elsagrer\/wp-json\/wp\/v2\/users\/1"}],"replies":[{"embeddable":true,"href":"https:\/\/agora.xtec.cat\/ceip-elsagrer\/wp-json\/wp\/v2\/comments?post=2939"}],"version-history":[{"count":6,"href":"https:\/\/agora.xtec.cat\/ceip-elsagrer\/wp-json\/wp\/v2\/pages\/2939\/revisions"}],"predecessor-version":[{"id":8017,"href":"https:\/\/agora.xtec.cat\/ceip-elsagrer\/wp-json\/wp\/v2\/pages\/2939\/revisions\/8017"}],"up":[{"embeddable":true,"href":"https:\/\/agora.xtec.cat\/ceip-elsagrer\/wp-json\/wp\/v2\/pages\/491"}],"wp:attachment":[{"href":"https:\/\/agora.xtec.cat\/ceip-elsagrer\/wp-json\/wp\/v2\/media?parent=2939"}],"curies":[{"name":"wp","href":"https:\/\/api.w.org\/{rel}","templated":true}]}}