{"id":26,"date":"2014-09-18T12:24:32","date_gmt":"2014-09-18T11:24:32","guid":{"rendered":"http:\/\/agora.xtec.cat\/ceip-elsagrer\/?page_id=26"},"modified":"2020-10-15T16:21:00","modified_gmt":"2020-10-15T14:21:00","slug":"historia","status":"publish","type":"page","link":"https:\/\/agora.xtec.cat\/ceip-elsagrer\/historia\/","title":{"rendered":"Hist\u00f2ria"},"content":{"rendered":"<h2>TRAJECT\u00d2RIA<\/h2>\n<p style=\"font-weight: 400;\"><strong>\u00a0<\/strong><\/p>\n<p style=\"font-weight: 400;\">L\u2019escola El Sagrer neix el curs 1983-84 al barri de la Sagrera de Barcelona, en el districte de Sant Andreu,\u00a0 despr\u00e9s de quinze anys de funcionament com a Cooperativa Escolar Ic\u00e0ria fruit d&#8217;una reivindicaci\u00f3 ve\u00efnal i lligada a la Coordinaci\u00f3 Escolar de Rosa Sensat. S\u2019incorpora al col\u00b7lectiu CEPEPC \u00a0(Col\u00b7lectiu d&#8217;Escoles per l&#8217;Escola P\u00fablica Catalana) amb un comprom\u00eds de servei p\u00fablic i amb un afany de renovaci\u00f3 pedag\u00f2gica tant per part dels mestres com per part de les fam\u00edlies.<\/p>\n<p style=\"font-weight: 400;\">L\u2019any 1983 l\u2019escola Ic\u00e0ria passa a la xarxa p\u00fablica amb el nom d\u2019El Sagrer. Inaugura una escola nova, hi incorpora una altra l\u00ednia i dobla el nombre de mestres i d\u2019alumnes.<\/p>\n<p style=\"font-weight: 400;\">El nom de la nova escola es va triar per votaci\u00f3 popular. Els termes\u00a0<strong>sagrer<\/strong>\u00a0i\u00a0<strong>sagrera<\/strong>\u00a0provenen de l&#8217;Edat Mitjana. Sagrera equival a lloc sagrat i inviolable i sagrer a l\u2019espai on es guardaven els b\u00e9ns m\u00e9s preuats per protegir-los de les agressions externes. Hem assumit el llegat que el nom ens atorga fent de l\u2019escola una entitat acollidora, oberta, plural, inclusiva i democr\u00e0tica. Som, doncs, El Sagrer del barri de La Sagrera.<\/p>\n<p style=\"font-weight: 400;\">Els seus or\u00edgens han marcat alguns dels trets caracter\u00edstics de l\u2019escola com ara la implicaci\u00f3 de les fam\u00edlies en el projecte educatiu i la vinculaci\u00f3 en totes les manifestacions culturals i socials del barri.<\/p>\n<p style=\"font-weight: 400;\">Des de sempre hem estat vinculats a l\u2019Associaci\u00f3 de mestres Rosa Sensat, a la Xarxa 0-12 i als moviments de renovaci\u00f3 pedag\u00f2gica. Actualment seguim treballant per la innovaci\u00f3 educativa i formem part de l\u2019Escola Nova 21 i a Xarxes per al canvi.<\/p>\n<p style=\"font-weight: 400;\">Hem participat en el projecte Com\u00e8nius en un parell d\u2019ocasions com a escola coordinadora. Altres projectes que hem portat a terme i alguns encara continuen: L\u2019Orator i PELE d\u2019angl\u00e8s, el PuntEdu de biblioteques, el projecte Identitats, dos plans Estrat\u00e8gics, un Pla d\u2019autonomia, acord de Coresponsabilitat, Escoles+sostenibles&#8230;<\/p>\n<p style=\"font-weight: 400;\">La traject\u00f2ria de tots aquests anys ha estat reconeguda amb premis com el Ciutat de Barcelona per la traject\u00f2ria educativa. El Baldiri Reixac en modalitat d\u2019escola\u00a0 i alumnes i la FAPAC ens va concedir el premi a la millor revista escolar.<\/p>\n","protected":false},"excerpt":{"rendered":"<p>TRAJECT\u00d2RIA \u00a0 L\u2019escola El Sagrer neix el curs 1983-84 al barri de la Sagrera de Barcelona, en el districte de Sant Andreu,\u00a0 despr\u00e9s de quinze anys de funcionament com a Cooperativa Escolar Ic\u00e0ria fruit d&#8217;una reivindicaci\u00f3 ve\u00efnal i lligada a la Coordinaci\u00f3 Escolar de Rosa Sensat. S\u2019incorpora al col\u00b7lectiu CEPEPC \u00a0(Col\u00b7lectiu d&#8217;Escoles per l&#8217;Escola P\u00fablica [&hellip;]<\/p>\n","protected":false},"author":1,"featured_media":0,"parent":0,"menu_order":20,"comment_status":"closed","ping_status":"closed","template":"","meta":{"_bbp_topic_count":0,"_bbp_reply_count":0,"_bbp_total_topic_count":0,"_bbp_total_reply_count":0,"_bbp_voice_count":0,"_bbp_anonymous_reply_count":0,"_bbp_topic_count_hidden":0,"_bbp_reply_count_hidden":0,"_bbp_forum_subforum_count":0,"site-sidebar-layout":"default","site-content-layout":"","ast-site-content-layout":"","site-content-style":"default","site-sidebar-style":"default","ast-global-header-display":"","ast-banner-title-visibility":"","ast-main-header-display":"","ast-hfb-above-header-display":"","ast-hfb-below-header-display":"","ast-hfb-mobile-header-display":"","site-post-title":"","ast-breadcrumbs-content":"","ast-featured-img":"","footer-sml-layout":"","theme-transparent-header-meta":"","adv-header-id-meta":"","stick-header-meta":"","header-above-stick-meta":"","header-main-stick-meta":"","header-below-stick-meta":"","astra-migrate-meta-layouts":"default","ast-page-background-enabled":"default","ast-page-background-meta":{"desktop":{"background-color":"var(--ast-global-color-4)","background-image":"","background-repeat":"repeat","background-position":"center center","background-size":"auto","background-attachment":"scroll","background-type":"","background-media":"","overlay-type":"","overlay-color":"","overlay-opacity":"","overlay-gradient":""},"tablet":{"background-color":"","background-image":"","background-repeat":"repeat","background-position":"center center","background-size":"auto","background-attachment":"scroll","background-type":"","background-media":"","overlay-type":"","overlay-color":"","overlay-opacity":"","overlay-gradient":""},"mobile":{"background-color":"","background-image":"","background-repeat":"repeat","background-position":"center center","background-size":"auto","background-attachment":"scroll","background-type":"","background-media":"","overlay-type":"","overlay-color":"","overlay-opacity":"","overlay-gradient":""}},"ast-content-background-meta":{"desktop":{"background-color":"var(--ast-global-color-5)","background-image":"","background-repeat":"repeat","background-position":"center center","background-size":"auto","background-attachment":"scroll","background-type":"","background-media":"","overlay-type":"","overlay-color":"","overlay-opacity":"","overlay-gradient":""},"tablet":{"background-color":"var(--ast-global-color-5)","background-image":"","background-repeat":"repeat","background-position":"center center","background-size":"auto","background-attachment":"scroll","background-type":"","background-media":"","overlay-type":"","overlay-color":"","overlay-opacity":"","overlay-gradient":""},"mobile":{"background-color":"var(--ast-global-color-5)","background-image":"","background-repeat":"repeat","background-position":"center center","background-size":"auto","background-attachment":"scroll","background-type":"","background-media":"","overlay-type":"","overlay-color":"","overlay-opacity":"","overlay-gradient":""}},"footnotes":""},"class_list":["post-26","page","type-page","status-publish","hentry"],"post_mailing_queue_ids":[],"_links":{"self":[{"href":"https:\/\/agora.xtec.cat\/ceip-elsagrer\/wp-json\/wp\/v2\/pages\/26","targetHints":{"allow":["GET"]}}],"collection":[{"href":"https:\/\/agora.xtec.cat\/ceip-elsagrer\/wp-json\/wp\/v2\/pages"}],"about":[{"href":"https:\/\/agora.xtec.cat\/ceip-elsagrer\/wp-json\/wp\/v2\/types\/page"}],"author":[{"embeddable":true,"href":"https:\/\/agora.xtec.cat\/ceip-elsagrer\/wp-json\/wp\/v2\/users\/1"}],"replies":[{"embeddable":true,"href":"https:\/\/agora.xtec.cat\/ceip-elsagrer\/wp-json\/wp\/v2\/comments?post=26"}],"version-history":[{"count":1,"href":"https:\/\/agora.xtec.cat\/ceip-elsagrer\/wp-json\/wp\/v2\/pages\/26\/revisions"}],"predecessor-version":[{"id":552,"href":"https:\/\/agora.xtec.cat\/ceip-elsagrer\/wp-json\/wp\/v2\/pages\/26\/revisions\/552"}],"wp:attachment":[{"href":"https:\/\/agora.xtec.cat\/ceip-elsagrer\/wp-json\/wp\/v2\/media?parent=26"}],"curies":[{"name":"wp","href":"https:\/\/api.w.org\/{rel}","templated":true}]}}