{"id":925,"date":"2020-03-24T20:50:27","date_gmt":"2020-03-24T19:50:27","guid":{"rendered":"https:\/\/agora.xtec.cat\/ceip-eldrac\/?page_id=925"},"modified":"2026-01-26T12:55:42","modified_gmt":"2026-01-26T11:55:42","slug":"acollida","status":"publish","type":"page","link":"https:\/\/agora.xtec.cat\/ceip-eldrac\/afa\/acollida\/","title":{"rendered":"Servei d&#8217;Acollida"},"content":{"rendered":"<p class=\"font_8\">Per tal de facilitar la conciliaci\u00f3 de la vida laboral amb els horaris escolars, l&#8217;AFA posa a disposici\u00f3 de les fam\u00edlies un servei d\u2019acollida fora de l\u2019horari escolar. La coordinadora de menjador, la Griselda, \u00e9s l&#8217;encarregada de gestionar el servei d&#8217;acollida. La podeu localitzar al +<strong>34 623 485 001.<\/strong><\/p>\n<p class=\"font_8\"><span class=\"wixGuard\">\u200b<\/span>\u200bS\u2019ofereix l\u2019opci\u00f3 de mat\u00ed i tarda i els preus dependran de si la famila \u00e9s o no \u00e9s socia de l&#8217;AFA:<\/p>\n<table style=\"width: 398px; height: 220px;\">\n<tbody>\n<tr style=\"height: 33px;\">\n<td style=\"width: 170px; height: 33px;\"><\/td>\n<td style=\"width: 97.7778px; height: 33px; text-align: center;\"><strong>Socis<\/strong><\/td>\n<td style=\"width: 123.333px; height: 33px; text-align: center;\"><strong>No Socis<\/strong><\/td>\n<\/tr>\n<tr style=\"height: 52px;\">\n<td style=\"width: 170px; height: 39px;\">\n<p dir=\"ltr\"><span style=\"font-family: arial, sans-serif;\"><strong>Mat\u00ed de 8 a 9h<\/strong><br \/>\nDilluns &#8211; Divendres<\/span><\/p>\n<\/td>\n<td style=\"width: 97.7778px; height: 39px; text-align: center;\">2,50\u20ac\/dia<\/td>\n<td style=\"width: 123.333px; height: 39px; text-align: center;\">6,00\u20ac\/dia<\/td>\n<\/tr>\n<tr style=\"height: 79px;\">\n<td style=\"width: 170px; height: 79px;\">\n<p dir=\"ltr\"><span style=\"font-family: arial, sans-serif;\"><strong>Tarda de 16 a 17h<\/strong><br \/>\nDilluns &#8211; Divendres<\/span><\/p>\n<\/td>\n<td style=\"width: 97.7778px; height: 79px; text-align: center;\">2,50\u20ac\/dia<\/td>\n<td style=\"width: 123.333px; height: 79px; text-align: center;\">6,00\u20ac\/dia<\/td>\n<\/tr>\n<tr style=\"height: 79px;\">\n<td style=\"width: 170px; height: 79px;\">\n<p dir=\"ltr\"><span style=\"font-family: arial, sans-serif;\"><strong>Tarda de 17 a 17:30h<\/strong><br \/>\nDilluns &#8211; Divendres<\/span><\/p>\n<\/td>\n<td style=\"width: 97.7778px; height: 79px; text-align: center;\">2,50\u20ac\/dia<\/td>\n<td style=\"width: 123.333px; height: 79px; text-align: center;\">6,00\u20ac\/dia<\/td>\n<\/tr>\n<\/tbody>\n<\/table>\n<p class=\"font_8\">\u200b*El servei d\u2019acollida es realitzar\u00e0 sempre que hi hagi un m\u00ednim de nens\/es apuntades, per tant s\u2019informar\u00e0 a les fam\u00edlies de qualsevol canvi.<\/p>\n<p class=\"font_8\"><span class=\"wixGuard\">\u200bLa XupXup<\/span>\u00a0girar\u00e0 els rebuts mensualment del servei d&#8217;acollida.<\/p>\n<p class=\"font_8\">\u200bEls cobraments dels rebuts es duran a terme entre l\u20191 i el 5 de cada mes (a mes ven\u00e7ut), mitjan\u00e7ant domiciliaci\u00f3 banc\u00e0ria, tant dels alumnes fixos com els espor\u00e0dics.<\/p>\n<p class=\"font_8\">\u200bEn cas de retorn del rebut, la coordinadora es posar\u00e0 en contacte amb la fam\u00edlia, amb \u00a0l\u2019enviament d\u2019una carta amb \u00a0l\u2019import de la devoluci\u00f3 i data l\u00edmit de pagament, per qu\u00e8 faci efectiu el rebut. Passat aquest temps no es podr\u00e0 fer \u00fas del menjador fins regularitzar la situaci\u00f3. Els rebuts retornats es veuran incrementats en 3,10\u20ac sobre la quota en concepte de despeses banc\u00e0ries, i s\u2019hauran de fer efectius de manera immediata en el compte corrent de l\u2019empresa La XupXup.<\/p>\n","protected":false},"excerpt":{"rendered":"<p>Per tal de facilitar la conciliaci\u00f3 de la vida laboral amb els horaris escolars, l&#8217;AFA posa a disposici\u00f3 de les fam\u00edlies un servei d\u2019acollida fora de l\u2019horari escolar. La coordinadora de menjador, la Griselda, \u00e9s l&#8217;encarregada de gestionar el servei d&#8217;acollida. La podeu localitzar al&hellip;  <a href=\"https:\/\/agora.xtec.cat\/ceip-eldrac\/afa\/acollida\/\" title=\"Read Servei d&#8217;Acollida\">Llegeix m\u00e9s\u00bb<\/a><\/p>\n","protected":false},"author":1,"featured_media":0,"parent":906,"menu_order":0,"comment_status":"closed","ping_status":"closed","template":"","meta":{"_bbp_topic_count":0,"_bbp_reply_count":0,"_bbp_total_topic_count":0,"_bbp_total_reply_count":0,"_bbp_voice_count":0,"_bbp_anonymous_reply_count":0,"_bbp_topic_count_hidden":0,"_bbp_reply_count_hidden":0,"_bbp_forum_subforum_count":0,"footnotes":""},"class_list":["post-925","page","type-page","status-publish","hentry"],"post_mailing_queue_ids":[],"_links":{"self":[{"href":"https:\/\/agora.xtec.cat\/ceip-eldrac\/wp-json\/wp\/v2\/pages\/925","targetHints":{"allow":["GET"]}}],"collection":[{"href":"https:\/\/agora.xtec.cat\/ceip-eldrac\/wp-json\/wp\/v2\/pages"}],"about":[{"href":"https:\/\/agora.xtec.cat\/ceip-eldrac\/wp-json\/wp\/v2\/types\/page"}],"author":[{"embeddable":true,"href":"https:\/\/agora.xtec.cat\/ceip-eldrac\/wp-json\/wp\/v2\/users\/1"}],"replies":[{"embeddable":true,"href":"https:\/\/agora.xtec.cat\/ceip-eldrac\/wp-json\/wp\/v2\/comments?post=925"}],"version-history":[{"count":7,"href":"https:\/\/agora.xtec.cat\/ceip-eldrac\/wp-json\/wp\/v2\/pages\/925\/revisions"}],"predecessor-version":[{"id":5929,"href":"https:\/\/agora.xtec.cat\/ceip-eldrac\/wp-json\/wp\/v2\/pages\/925\/revisions\/5929"}],"up":[{"embeddable":true,"href":"https:\/\/agora.xtec.cat\/ceip-eldrac\/wp-json\/wp\/v2\/pages\/906"}],"wp:attachment":[{"href":"https:\/\/agora.xtec.cat\/ceip-eldrac\/wp-json\/wp\/v2\/media?parent=925"}],"curies":[{"name":"wp","href":"https:\/\/api.w.org\/{rel}","templated":true}]}}