{"id":913,"date":"2020-03-24T20:43:15","date_gmt":"2020-03-24T19:43:15","guid":{"rendered":"https:\/\/agora.xtec.cat\/ceip-eldrac\/?page_id=913"},"modified":"2025-08-27T13:39:01","modified_gmt":"2025-08-27T11:39:01","slug":"extraescolars","status":"publish","type":"page","link":"https:\/\/agora.xtec.cat\/ceip-eldrac\/afa\/extraescolars\/","title":{"rendered":"Extraescolars"},"content":{"rendered":"<p>Des de l&#8217;AFA s\u2019ofereix una amplia oferta d\u2019activitats extraescolars. Aquestes activitats i tota la informaci\u00f3 s\u2019envia per correu electr\u00f2nic pel seu coneixement a totes les fam\u00edlies, i aix\u00ed puguin participar en les que m\u00e9s s\u2019adaptin a les seves necessitats. Tot i aix\u00ed, aquestes activitats seran orientatives i aniran condicionades per l\u2019inter\u00e8s que mostrin les fam\u00edlies.<\/p>\n<p class=\"font_8\">Aspectes a destacar:<\/p>\n<ul>\n<li class=\"font_8\">Per norma general, el per\u00edode d\u2019activitats extraescolars s\u2019inicia el primer dia de curs.<\/li>\n<li class=\"font_8\">El monitoratge de les extraescolars es gestiona per les diferents empreses externes que ofereixen el servei.<\/li>\n<li class=\"font_8\">L\u2019horari de les extraescolars \u00e9s de 16.00 a 17.00 h, tot i que pot variar en funci\u00f3 de les activitats. S\u2019informar\u00e0 del horaris de cada activitat al comen\u00e7ament de les mateixes.<\/li>\n<li class=\"font_8\">Totes les activitats es realitzen al recinte escolar, excepte el tennis, que es dur\u00e0 a terme al Club de Tennis Vilafranca. El transport des de l\u2019Escola fins al recinte del club el proporciona el mateix Club de Tennis pr\u00e8via signatura d\u2019una \u00a0autoritzaci\u00f3 expressa per tal efecte.<\/li>\n<li class=\"font_8\">El preu de les extraescolars pot ser fixe per alumne o quedar establert en funci\u00f3 dels alumnes inscrits a cada activitat. En aquest darrer cas, les altres i baixes d\u2019inscrits de cada trimestre afectaran el preu.<\/li>\n<li class=\"font_8\">Si algun alumne es vol donar de baixa d\u2019alguna activitat ja iniciada, ho podr\u00e0 fer, per\u00f2 no se li retornar\u00e0 la quota del trimestre en curs. Si en qualsevol moment l\u2019alumne no volgu\u00e9s continuar amb l\u2019activitat, s\u2019haur\u00e0 de comunicar per escrit, com a m\u00e0xim, 2 setmanes abans d\u2019entrar al nou trimestre, o se li cobrar\u00e0 de nou.<\/li>\n<li class=\"font_8\">Formes de pagament. Per acord de l\u2019assemblea de socis de l\u2019ampa, es prioritzar\u00e0 sempre que sigui possible el pagament amb domiciliaci\u00f3 de rebuts per les empreses prestants. En el cas d\u2019haver-hi alguna activitat que no hagi estat possible fer-ho aix\u00ed,, el pagament s\u2019haur\u00e0 de fer via transfer\u00e8ncia a l\u2019inici de trimestre.<\/li>\n<li class=\"font_8\">El no pagament de la quota a l\u2019inici de trimestre comportar\u00e0 no poder gaudir de l\u2019activitat.<\/li>\n<\/ul>\n<p>Les inscripcions pel curs 2025-2026 es poden fer en l&#8217;enlla\u00e7: <strong><a href=\"https:\/\/forms.gle\/XLAopj1Sh4TAADWSA\">https:\/\/forms.gle\/XLAopj1Sh4TAADWSA<\/a><\/strong><\/p>\n<hr \/>\n<p>&nbsp;<\/p>\n","protected":false},"excerpt":{"rendered":"<p>Des de l&#8217;AFA s\u2019ofereix una amplia oferta d\u2019activitats extraescolars. Aquestes activitats i tota la informaci\u00f3 s\u2019envia per correu electr\u00f2nic pel seu coneixement a totes les fam\u00edlies, i aix\u00ed puguin participar en les que m\u00e9s s\u2019adaptin a les seves necessitats. Tot i aix\u00ed, aquestes activitats seran&hellip;  <a href=\"https:\/\/agora.xtec.cat\/ceip-eldrac\/afa\/extraescolars\/\" title=\"Read Extraescolars\">Llegeix m\u00e9s\u00bb<\/a><\/p>\n","protected":false},"author":1,"featured_media":0,"parent":906,"menu_order":3,"comment_status":"closed","ping_status":"closed","template":"","meta":{"_bbp_topic_count":0,"_bbp_reply_count":0,"_bbp_total_topic_count":0,"_bbp_total_reply_count":0,"_bbp_voice_count":0,"_bbp_anonymous_reply_count":0,"_bbp_topic_count_hidden":0,"_bbp_reply_count_hidden":0,"_bbp_forum_subforum_count":0,"footnotes":""},"class_list":["post-913","page","type-page","status-publish","hentry"],"post_mailing_queue_ids":[],"_links":{"self":[{"href":"https:\/\/agora.xtec.cat\/ceip-eldrac\/wp-json\/wp\/v2\/pages\/913","targetHints":{"allow":["GET"]}}],"collection":[{"href":"https:\/\/agora.xtec.cat\/ceip-eldrac\/wp-json\/wp\/v2\/pages"}],"about":[{"href":"https:\/\/agora.xtec.cat\/ceip-eldrac\/wp-json\/wp\/v2\/types\/page"}],"author":[{"embeddable":true,"href":"https:\/\/agora.xtec.cat\/ceip-eldrac\/wp-json\/wp\/v2\/users\/1"}],"replies":[{"embeddable":true,"href":"https:\/\/agora.xtec.cat\/ceip-eldrac\/wp-json\/wp\/v2\/comments?post=913"}],"version-history":[{"count":7,"href":"https:\/\/agora.xtec.cat\/ceip-eldrac\/wp-json\/wp\/v2\/pages\/913\/revisions"}],"predecessor-version":[{"id":8722,"href":"https:\/\/agora.xtec.cat\/ceip-eldrac\/wp-json\/wp\/v2\/pages\/913\/revisions\/8722"}],"up":[{"embeddable":true,"href":"https:\/\/agora.xtec.cat\/ceip-eldrac\/wp-json\/wp\/v2\/pages\/906"}],"wp:attachment":[{"href":"https:\/\/agora.xtec.cat\/ceip-eldrac\/wp-json\/wp\/v2\/media?parent=913"}],"curies":[{"name":"wp","href":"https:\/\/api.w.org\/{rel}","templated":true}]}}