{"id":911,"date":"2020-03-24T20:42:52","date_gmt":"2020-03-24T19:42:52","guid":{"rendered":"https:\/\/agora.xtec.cat\/ceip-eldrac\/?page_id=911"},"modified":"2026-01-26T12:11:07","modified_gmt":"2026-01-26T11:11:07","slug":"telegram","status":"publish","type":"page","link":"https:\/\/agora.xtec.cat\/ceip-eldrac\/afa\/telegram\/","title":{"rendered":"Comunitat WhatsApp de l&#8217;AFA"},"content":{"rendered":"<div class=\"gmail_default\">\n<p>Com a novetat, tenim una\u00a0<b>nova comunitat de WhatsApp<\/b>\u00a0dedicada a l&#8217;AFA, on hi podreu trobar:<\/p>\n<ul style=\"list-style-type: disc;\">\n<li>Grup principal de comunicats (not\u00edcies i men\u00fas de menjador)<\/li>\n<li>Grup de col\u00b7laboradors de l&#8217;AFA<\/li>\n<li><span style=\"font-family: inherit; font-size: 1em;\">Grups dedicats a les extraescolars<\/span><\/li>\n<\/ul>\n<\/div>\n<div class=\"gmail_default\">De cara a festes i esdeveniments espec\u00edfics, crearem nous canals si fes falta, aix\u00ed com grups per a cada extraescolar si s&#8217;escau.<\/div>\n<div><\/div>\n<div>\n<div class=\"gmail_default\">\n<p>Podeu entrar en la comunitat a trav\u00e9s del seg\u00fcent enlla\u00e7:<\/p>\n<\/div>\n<div><\/div>\n<div class=\"gmail_default\" style=\"text-align: center;\"><a href=\"https:\/\/chat.whatsapp.com\/KiWlgIh8ZoH1UutBzD9yqA?mode=ems_copy_h_c\"><b>Comunitat WhatsApp de l&#8217;AFA Escola El Drac<\/b><\/a><\/div>\n<div class=\"gmail_default\"><\/div>\n<\/div>\n","protected":false},"excerpt":{"rendered":"<p>Com a novetat, tenim una\u00a0nova comunitat de WhatsApp\u00a0dedicada a l&#8217;AFA, on hi podreu trobar:<\/p>\n<ul style=\"list-style-type: disc;\">\n<li>Grup principal de comunicats (not\u00edcies i men\u00fas de menjador)<\/li>\n<li>Grup de col\u00b7laboradors de l&#8217;AFA<\/li>\n<li>Grups dedicats a les extraescolars<\/li>\n<\/ul>\n<p>De cara a festes i esdeveniments espec\u00edfics, crearem nous canals si fes falta, aix\u00ed&hellip;  <a href=\"https:\/\/agora.xtec.cat\/ceip-eldrac\/afa\/telegram\/\" title=\"Read Comunitat WhatsApp de l&#8217;AFA\">Llegeix m\u00e9s\u00bb<\/a><\/p>\n","protected":false},"author":1,"featured_media":0,"parent":906,"menu_order":2,"comment_status":"closed","ping_status":"closed","template":"","meta":{"_bbp_topic_count":0,"_bbp_reply_count":0,"_bbp_total_topic_count":0,"_bbp_total_reply_count":0,"_bbp_voice_count":0,"_bbp_anonymous_reply_count":0,"_bbp_topic_count_hidden":0,"_bbp_reply_count_hidden":0,"_bbp_forum_subforum_count":0,"footnotes":""},"class_list":["post-911","page","type-page","status-publish","hentry"],"post_mailing_queue_ids":[],"_links":{"self":[{"href":"https:\/\/agora.xtec.cat\/ceip-eldrac\/wp-json\/wp\/v2\/pages\/911","targetHints":{"allow":["GET"]}}],"collection":[{"href":"https:\/\/agora.xtec.cat\/ceip-eldrac\/wp-json\/wp\/v2\/pages"}],"about":[{"href":"https:\/\/agora.xtec.cat\/ceip-eldrac\/wp-json\/wp\/v2\/types\/page"}],"author":[{"embeddable":true,"href":"https:\/\/agora.xtec.cat\/ceip-eldrac\/wp-json\/wp\/v2\/users\/1"}],"replies":[{"embeddable":true,"href":"https:\/\/agora.xtec.cat\/ceip-eldrac\/wp-json\/wp\/v2\/comments?post=911"}],"version-history":[{"count":6,"href":"https:\/\/agora.xtec.cat\/ceip-eldrac\/wp-json\/wp\/v2\/pages\/911\/revisions"}],"predecessor-version":[{"id":8827,"href":"https:\/\/agora.xtec.cat\/ceip-eldrac\/wp-json\/wp\/v2\/pages\/911\/revisions\/8827"}],"up":[{"embeddable":true,"href":"https:\/\/agora.xtec.cat\/ceip-eldrac\/wp-json\/wp\/v2\/pages\/906"}],"wp:attachment":[{"href":"https:\/\/agora.xtec.cat\/ceip-eldrac\/wp-json\/wp\/v2\/media?parent=911"}],"curies":[{"name":"wp","href":"https:\/\/api.w.org\/{rel}","templated":true}]}}