{"id":909,"date":"2020-03-24T20:42:20","date_gmt":"2020-03-24T19:42:20","guid":{"rendered":"https:\/\/agora.xtec.cat\/ceip-eldrac\/?page_id=909"},"modified":"2026-01-26T12:21:14","modified_gmt":"2026-01-26T11:21:14","slug":"menjador-i-acollida","status":"publish","type":"page","link":"https:\/\/agora.xtec.cat\/ceip-eldrac\/afa\/menjador-i-acollida\/","title":{"rendered":"Menjador"},"content":{"rendered":"<p class=\"font_8\">Aquest curs 2025-2026 l\u2019empresa <a href=\"https:\/\/laxupxup.cat\">La XupXup<\/a> ser\u00e0 l&#8217;encarregada del menjador i monitoratge.<\/p>\n<p class=\"font_8\">Seguirem gaudint de la professionalitat del Guille, el cuiner, la Griselda, la coordinadora del menjador i les monitores.<\/p>\n<p><strong>Inscripcions Menjador<\/strong>: <strong><a href=\"https:\/\/docs.google.com\/forms\/d\/e\/1FAIpQLSfhr5KjB5Vg2s8HZttEuh3w130BTGC3b3-8J4ed1DwJIAor6w\/viewform\">https:\/\/docs.google.com\/forms\/d\/e\/1FAIpQLSfhr5KjB5Vg2s8HZttEuh3w130BTGC3b3-8J4ed1DwJIAor6w\/viewform<\/a><\/strong><\/p>\n<p>Podreu trobar els <strong>men\u00fas de cada mes<\/strong> en el seg\u00fcent enlla\u00e7: <strong><a href=\"https:\/\/drive.google.com\/drive\/folders\/1XTFzejl3Ti0u3Sz21B2Ggcki7qWshiEr\">https:\/\/drive.google.com\/drive\/folders\/1XTFzejl3Ti0u3Sz21B2Ggcki7qWshiEr<\/a><\/strong><\/p>\n<p>&nbsp;<\/p>\n<p><strong>Tamb\u00e9 podeu consultar la normativa de l&#8217;Espai Migdia:<\/strong><\/p>\n<p><a href=\"https:\/\/drive.google.com\/file\/d\/1bQ1KtsATOq7FCgW81K5bmx9ssNqDwRvy\/view?usp=drive_link\">Normativa de l&#8217;Espai Migdia<\/a><\/p>\n<p><a href=\"https:\/\/drive.google.com\/file\/d\/1-YJ6HD0j2VVyfIIXdQl4b5OLsLS5EGsk\/view?usp=drive_link\">Projecte pedag\u00f2gic de l&#8217;Espai Migdia<\/a><\/p>\n<p><a href=\"https:\/\/drive.google.com\/file\/d\/1g7tUw2C3EP961sZfB6_6js8sIJ5k7d_-\/view?usp=drive_link\">Guia l&#8217;alimentaci\u00f3 saludable en l&#8217;etapa escolar.<\/a><\/p>\n<p>&nbsp;<\/p>\n<p>&nbsp;<\/p>\n","protected":false},"excerpt":{"rendered":"<p>Aquest curs 2025-2026 l\u2019empresa <a href=\"https:\/\/laxupxup.cat\">La XupXup<\/a> ser\u00e0 l&#8217;encarregada del menjador i monitoratge.<br \/>\nSeguirem gaudint de la professionalitat del Guille, el cuiner, la Griselda, la coordinadora del menjador i les monitores.<br \/>\nInscripcions Menjador: <a href=\"https:\/\/docs.google.com\/forms\/d\/e\/1FAIpQLSfhr5KjB5Vg2s8HZttEuh3w130BTGC3b3-8J4ed1DwJIAor6w\/viewform\">https:\/\/docs.google.com\/forms\/d\/e\/1FAIpQLSfhr5KjB5Vg2s8HZttEuh3w130BTGC3b3-8J4ed1DwJIAor6w\/viewform<\/a><br \/>\nPodreu trobar els men\u00fas de cada mes en el seg\u00fcent enlla\u00e7: <a href=\"https:\/\/drive.google.com\/drive\/folders\/1XTFzejl3Ti0u3Sz21B2Ggcki7qWshiEr\">https:\/\/drive.google.com\/drive\/folders\/1XTFzejl3Ti0u3Sz21B2Ggcki7qWshiEr<\/a><br \/>\n&nbsp;<br \/>\nTamb\u00e9&hellip;  <a href=\"https:\/\/agora.xtec.cat\/ceip-eldrac\/afa\/menjador-i-acollida\/\" title=\"Read Menjador\">Llegeix m\u00e9s\u00bb<\/a><\/p>\n","protected":false},"author":1,"featured_media":0,"parent":906,"menu_order":1,"comment_status":"closed","ping_status":"closed","template":"","meta":{"_bbp_topic_count":0,"_bbp_reply_count":0,"_bbp_total_topic_count":0,"_bbp_total_reply_count":0,"_bbp_voice_count":0,"_bbp_anonymous_reply_count":0,"_bbp_topic_count_hidden":0,"_bbp_reply_count_hidden":0,"_bbp_forum_subforum_count":0,"footnotes":""},"class_list":["post-909","page","type-page","status-publish","hentry"],"post_mailing_queue_ids":[],"_links":{"self":[{"href":"https:\/\/agora.xtec.cat\/ceip-eldrac\/wp-json\/wp\/v2\/pages\/909","targetHints":{"allow":["GET"]}}],"collection":[{"href":"https:\/\/agora.xtec.cat\/ceip-eldrac\/wp-json\/wp\/v2\/pages"}],"about":[{"href":"https:\/\/agora.xtec.cat\/ceip-eldrac\/wp-json\/wp\/v2\/types\/page"}],"author":[{"embeddable":true,"href":"https:\/\/agora.xtec.cat\/ceip-eldrac\/wp-json\/wp\/v2\/users\/1"}],"replies":[{"embeddable":true,"href":"https:\/\/agora.xtec.cat\/ceip-eldrac\/wp-json\/wp\/v2\/comments?post=909"}],"version-history":[{"count":7,"href":"https:\/\/agora.xtec.cat\/ceip-eldrac\/wp-json\/wp\/v2\/pages\/909\/revisions"}],"predecessor-version":[{"id":8829,"href":"https:\/\/agora.xtec.cat\/ceip-eldrac\/wp-json\/wp\/v2\/pages\/909\/revisions\/8829"}],"up":[{"embeddable":true,"href":"https:\/\/agora.xtec.cat\/ceip-eldrac\/wp-json\/wp\/v2\/pages\/906"}],"wp:attachment":[{"href":"https:\/\/agora.xtec.cat\/ceip-eldrac\/wp-json\/wp\/v2\/media?parent=909"}],"curies":[{"name":"wp","href":"https:\/\/api.w.org\/{rel}","templated":true}]}}