{"id":906,"date":"2020-03-24T20:39:59","date_gmt":"2020-03-24T19:39:59","guid":{"rendered":"https:\/\/agora.xtec.cat\/ceip-eldrac\/?page_id=906"},"modified":"2026-01-26T12:35:15","modified_gmt":"2026-01-26T11:35:15","slug":"afa","status":"publish","type":"page","link":"https:\/\/agora.xtec.cat\/ceip-eldrac\/afa\/","title":{"rendered":"AFA"},"content":{"rendered":"<p class=\"font_8\"><span style=\"color: #0988a9;\"><strong>MEMBRES JUNTA AFA CURS 2025\/2026<\/strong><\/span><\/p>\n<hr \/>\n<p class=\"font_8\">La composici\u00f3 de la Junta de l&#8217;AFA (Associaci\u00f3 de Fam\u00edlies d\u2019Alumnes) \u00e9s la seg\u00fcent:<\/p>\n<ul>\n<li>Presidenta: Montse Rovira.<\/li>\n<li>Secret\u00e0ria: Anna Bruna.<\/li>\n<li>Tresoreria: Xavi M\u00e9ndez i Olga Guzm\u00e1n.<\/li>\n<li>Vocals: Lorena Rom\u00e1n, Meritxell S\u00e1nchez, Susanna Domingo i Manuel Burz\u00f3n.<\/li>\n<\/ul>\n<p class=\"font_8\">Les principals actuacions que es treballen i coordinen entre els membres de la junta s\u00f3n:<\/p>\n<ul>\n<li class=\"font_8\">Organitzaci\u00f3 de les extraescolars que s\u2019ofereixen als alumnes de l\u2019Escola, aix\u00ed com del menjador i l\u2019acollida.<\/li>\n<li class=\"font_8\">Contacte amb l\u2019Escola, amb el monitoratge d&#8217; extra-escolars, de menjador i acollida i amb l\u2019Ajuntament.<\/li>\n<li class=\"font_8\">Gesti\u00f3 de la compra de llibres i material esportiu.<\/li>\n<li class=\"font_8\">Organitzaci\u00f3 i\/o comunicaci\u00f3 d\u2019activitats, festes i \u00a0notificacions entre fam\u00edlies i mestres .<\/li>\n<li class=\"font_8\">Assist\u00e8ncia als Consells Escolars d\u2019Escola.<\/li>\n<li class=\"font_8\">Donar veu a necessitats que transmeten les fam\u00edlies.<\/li>\n<li class=\"font_8\">Recolzament a necessitats de l\u2019Escola (material, petites infraestructures, suport a noves assignatures, etc.)<\/li>\n<li class=\"font_8\">Xerrades educatives per fam\u00edlies.<\/li>\n<\/ul>\n<p class=\"font_8\">Les tasques organitzades per la Junta d\u2019AFA es fan de forma altruista, amb l\u2019\u00fanica finalitat de coordinar i organitzar activitats que afavoreixin totes les \u00e0rees de l\u2019Escola on els nostres fills\/es aprenen, s\u2019eduquen i es diverteixen, i tamb\u00e9 establir una bona comunicaci\u00f3 entre les fam\u00edlies i la comunitat educativa.<\/p>\n<p class=\"font_8\">S\u2019intenta que cada 2 o 3 cursos es vagin renovant al menys 2 membres de la Junta per donar noves idees i afavorir el reciclatge de la mateixa, aix\u00ed que si en voleu formar part, nom\u00e9s ho heu de dir.<\/p>\n<p class=\"font_8\">Qualsevol suggeriment, dubte o iniciativa estem a la vostra disposici\u00f3 a <a href=\"mailto:afaescolaeldrac@gmail.com\">afaescolaeldrac@gmail.com<\/a><\/p>\n<p class=\"font_8\"><span class=\"wixGuard\">\u200b<\/span><\/p>\n<p class=\"font_8\"><span style=\"color: #0988a9;\"><strong>FORMAR PART DE L\u2019AFA<\/strong><\/span><\/p>\n<hr \/>\n<p class=\"font_8\">A l&#8217;escola s\u2019intenta que totes les fam\u00edlies formin part de l\u2019AFA, \u00a0\u00e9s una escola petita i entre totes les fam\u00edlies podem ajudar a millorar l\u2019escola i poder gaudir dels\u00a0 seus avantatges.<\/p>\n<p>Formulari d&#8217;inscripci\u00f3 (2025-2026): <strong><a href=\"https:\/\/forms.gle\/CRg7jpU3pfExBoAe8\">https:\/\/forms.gle\/CRg7jpU3pfExBoAe8<\/a><\/strong><\/p>\n<p class=\"font_8\">Per tal de poder formar-ne part i per tant gaudir dels preus redu\u00efts en els serveis que ofereix l&#8217;AFA,\u00a0 aix\u00ed com tenir vot a les assemblees, cal fer efectiva la quota anual al n\u00famero de compte de l&#8217;AFA:<\/p>\n<p class=\"font_8\"><strong>ES62 0081 1652 4300 0101 3909<\/strong><\/p>\n<p class=\"font_8\">La quota per aquest any \u00e9s la seg\u00fcent:<\/p>\n<ul class=\"font_8\">\n<li>\n<p class=\"font_8\">Quota \u00fanica per unitat familiar &#8230;&#8230;&#8230;&#8230;&#8230;&#8230;&#8230;&#8230;&#8230;&#8230;&#8230;&#8230;&#8230;&#8230;&#8230;&#8230;&#8230;&#8230;48 \u20ac<\/p>\n<\/li>\n<li>\n<p class=\"font_8\">Quota per infant asseguran\u00e7a accidents\u2026\u2026\u2026\u2026\u2026\u2026\u2026\u2026\u2026\u2026\u2026\u2026. 4,07\u20ac*<\/p>\n<\/li>\n<\/ul>\n<p class=\"font_8\">*Asseguran\u00e7a accidents<\/p>\n<p class=\"font_8\">Aquesta p\u00f2lissa d\u2019asseguran\u00e7a \u00e9s individual i cobreix totes les diferents activitats que fa l\u2019alumne durant tot el curs (inclou activitats extra-escolars, acollida, menjador, Casals i totes les activitats que es realitzin a l\u2019escola fora d\u2019horari lectiu).<\/p>\n<p><strong>En cas de fer activitats esportives \u00e9s obligat\u00f2ria i en cas de no voler la contractaci\u00f3 de la p\u00f2lissa caldr\u00e0 emplenar <\/strong><strong>el formulari de ren\u00fancia.<\/strong><\/p>\n<div id=\"gtx-trans\" style=\"position: absolute; left: -2px; top: 790.552px;\">\n<div class=\"gtx-trans-icon\"><\/div>\n<\/div>\n","protected":false},"excerpt":{"rendered":"<p>MEMBRES JUNTA AFA CURS 2025\/2026<\/p>\n<p>La composici\u00f3 de la Junta de l&#8217;AFA (Associaci\u00f3 de Fam\u00edlies d\u2019Alumnes) \u00e9s la seg\u00fcent:<\/p>\n<ul>\n<li>Presidenta: Montse Rovira.<\/li>\n<li>Secret\u00e0ria: Anna Bruna.<\/li>\n<li>Tresoreria: Xavi M\u00e9ndez i Olga Guzm\u00e1n.<\/li>\n<li>Vocals: Lorena Rom\u00e1n, Meritxell S\u00e1nchez, Susanna Domingo i Manuel Burz\u00f3n.<\/li>\n<\/ul>\n<p>Les principals actuacions que es treballen i coordinen entre els&hellip;  <a href=\"https:\/\/agora.xtec.cat\/ceip-eldrac\/afa\/\" title=\"Read AFA\">Llegeix m\u00e9s\u00bb<\/a><\/p>\n","protected":false},"author":1,"featured_media":0,"parent":0,"menu_order":0,"comment_status":"closed","ping_status":"closed","template":"","meta":{"_bbp_topic_count":0,"_bbp_reply_count":0,"_bbp_total_topic_count":0,"_bbp_total_reply_count":0,"_bbp_voice_count":0,"_bbp_anonymous_reply_count":0,"_bbp_topic_count_hidden":0,"_bbp_reply_count_hidden":0,"_bbp_forum_subforum_count":0,"footnotes":""},"class_list":["post-906","page","type-page","status-publish","hentry"],"post_mailing_queue_ids":[],"_links":{"self":[{"href":"https:\/\/agora.xtec.cat\/ceip-eldrac\/wp-json\/wp\/v2\/pages\/906","targetHints":{"allow":["GET"]}}],"collection":[{"href":"https:\/\/agora.xtec.cat\/ceip-eldrac\/wp-json\/wp\/v2\/pages"}],"about":[{"href":"https:\/\/agora.xtec.cat\/ceip-eldrac\/wp-json\/wp\/v2\/types\/page"}],"author":[{"embeddable":true,"href":"https:\/\/agora.xtec.cat\/ceip-eldrac\/wp-json\/wp\/v2\/users\/1"}],"replies":[{"embeddable":true,"href":"https:\/\/agora.xtec.cat\/ceip-eldrac\/wp-json\/wp\/v2\/comments?post=906"}],"version-history":[{"count":7,"href":"https:\/\/agora.xtec.cat\/ceip-eldrac\/wp-json\/wp\/v2\/pages\/906\/revisions"}],"predecessor-version":[{"id":8830,"href":"https:\/\/agora.xtec.cat\/ceip-eldrac\/wp-json\/wp\/v2\/pages\/906\/revisions\/8830"}],"wp:attachment":[{"href":"https:\/\/agora.xtec.cat\/ceip-eldrac\/wp-json\/wp\/v2\/media?parent=906"}],"curies":[{"name":"wp","href":"https:\/\/api.w.org\/{rel}","templated":true}]}}