{"id":8216,"date":"2024-02-01T14:57:09","date_gmt":"2024-02-01T13:57:09","guid":{"rendered":"https:\/\/agora.xtec.cat\/ceip-eldrac\/?page_id=8216"},"modified":"2024-02-01T15:26:22","modified_gmt":"2024-02-01T14:26:22","slug":"avaluacio","status":"publish","type":"page","link":"https:\/\/agora.xtec.cat\/ceip-eldrac\/estrategia-digital-de-centre\/estrategia\/avaluacio\/","title":{"rendered":"Avaluaci\u00f3"},"content":{"rendered":"<p dir=\"ltr\">Aquesta fase s\u2019ha de concretar en indicadors d\u2019assoliments per cada objectiu i en indicadors de seguiment de cada activitat. Tamb\u00e9 \u00e9s recomanable que en el mateix document de l\u2019EDC s\u2019especifiqui quan es far\u00e0 l\u2019avaluaci\u00f3 peri\u00f2dica de la mateixa EDC dissenyada.<\/p>\n<p dir=\"ltr\">L\u2019avaluaci\u00f3 del centre ser\u00e0 continuada a trav\u00e9s dels responsables dels indicadors dels diferents objectius i actuacions de l\u2019EDC.<\/p>\n<p dir=\"ltr\">A final de curs hi haur\u00e0 un punt en la reuni\u00f3 de valoraci\u00f3 en la que s\u2019avaluar\u00e0 el treball fet durant el curs i el moment de l\u2019EDC al centre tot revisant els objectius i les actuacions establertes pel curs i determinant-ne el grau d\u2019assoliment a partir dels indicadors plantejats. A partir d\u2019aquesta avaluaci\u00f3 es revisaran els objectius pel curs seg\u00fcent o, si s\u2019escau, se n\u2019iniciaran de nous a partir de les necessitats detectades.<\/p>\n<p>&nbsp;<\/p>\n<p dir=\"ltr\">\u00a0\u00a0\u00a0\u00a0\u00a0\u00a0\u00a0\u00a0\u00a0<img loading=\"lazy\" decoding=\"async\" class=\"CToWUd a6T\" tabindex=\"0\" src=\"https:\/\/lh7-us.googleusercontent.com\/-zkFrR1TmOsVJyHEEw4FPoYpIW58VAYdy30xfB2lRcQKtSuJd4BjU7KYiVqxwDwnrdUXlryuEFPCvTcy-ejJrx5FtOx4KuhbvniLBK2tUm9GvNvOhiuPybetdQSVIkFShRs-B4pZ90HrfakztE-PEAw\" width=\"410\" height=\"175\" crossorigin=\"\" data-bit=\"iit\" \/><\/p>\n","protected":false},"excerpt":{"rendered":"<p>Aquesta fase s\u2019ha de concretar en indicadors d\u2019assoliments per cada objectiu i en indicadors de seguiment de cada activitat. Tamb\u00e9 \u00e9s recomanable que en el mateix document de l\u2019EDC s\u2019especifiqui quan es far\u00e0 l\u2019avaluaci\u00f3 peri\u00f2dica de la mateixa EDC dissenyada.<br \/>\nL\u2019avaluaci\u00f3 del centre ser\u00e0 continuada a&hellip;  <a href=\"https:\/\/agora.xtec.cat\/ceip-eldrac\/estrategia-digital-de-centre\/estrategia\/avaluacio\/\" title=\"Read Avaluaci\u00f3\">Llegeix m\u00e9s\u00bb<\/a><\/p>\n","protected":false},"author":1,"featured_media":0,"parent":8210,"menu_order":3,"comment_status":"closed","ping_status":"closed","template":"","meta":{"_bbp_topic_count":0,"_bbp_reply_count":0,"_bbp_total_topic_count":0,"_bbp_total_reply_count":0,"_bbp_voice_count":0,"_bbp_anonymous_reply_count":0,"_bbp_topic_count_hidden":0,"_bbp_reply_count_hidden":0,"_bbp_forum_subforum_count":0,"footnotes":""},"class_list":["post-8216","page","type-page","status-publish","hentry"],"post_mailing_queue_ids":[],"_links":{"self":[{"href":"https:\/\/agora.xtec.cat\/ceip-eldrac\/wp-json\/wp\/v2\/pages\/8216","targetHints":{"allow":["GET"]}}],"collection":[{"href":"https:\/\/agora.xtec.cat\/ceip-eldrac\/wp-json\/wp\/v2\/pages"}],"about":[{"href":"https:\/\/agora.xtec.cat\/ceip-eldrac\/wp-json\/wp\/v2\/types\/page"}],"author":[{"embeddable":true,"href":"https:\/\/agora.xtec.cat\/ceip-eldrac\/wp-json\/wp\/v2\/users\/1"}],"replies":[{"embeddable":true,"href":"https:\/\/agora.xtec.cat\/ceip-eldrac\/wp-json\/wp\/v2\/comments?post=8216"}],"version-history":[{"count":2,"href":"https:\/\/agora.xtec.cat\/ceip-eldrac\/wp-json\/wp\/v2\/pages\/8216\/revisions"}],"predecessor-version":[{"id":8223,"href":"https:\/\/agora.xtec.cat\/ceip-eldrac\/wp-json\/wp\/v2\/pages\/8216\/revisions\/8223"}],"up":[{"embeddable":true,"href":"https:\/\/agora.xtec.cat\/ceip-eldrac\/wp-json\/wp\/v2\/pages\/8210"}],"wp:attachment":[{"href":"https:\/\/agora.xtec.cat\/ceip-eldrac\/wp-json\/wp\/v2\/media?parent=8216"}],"curies":[{"name":"wp","href":"https:\/\/api.w.org\/{rel}","templated":true}]}}