{"id":8212,"date":"2024-02-01T14:55:59","date_gmt":"2024-02-01T13:55:59","guid":{"rendered":"https:\/\/agora.xtec.cat\/ceip-eldrac\/?page_id=8212"},"modified":"2024-02-01T15:25:58","modified_gmt":"2024-02-01T14:25:58","slug":"diagnosi","status":"publish","type":"page","link":"https:\/\/agora.xtec.cat\/ceip-eldrac\/estrategia-digital-de-centre\/estrategia\/diagnosi\/","title":{"rendered":"Diagnosi"},"content":{"rendered":"<p>La diagnosi es va dur a terme durant el curs 21-22. Les eines utilitzades per a realitzar la diagnosi<br \/>\nde centre van ser:<br \/>\n1. L\u2019aplicaci\u00f3 SELFIE \u00e9s una eina dissenyada per ajudar als centres educatius a integrar les<br \/>\ntecnologies digitals en l&#8217;educaci\u00f3, l&#8217;aprenentatge i avaluaci\u00f3. Recull, de forma an\u00f2nima,<br \/>\nles opinions de l&#8217;alumnat, el professorat i l\u2019equip directiu sobre l&#8217;\u00fas de les tecnologies al<br \/>\ncentre.<br \/>\nAquesta va ser realitzada per l\u2019equip directiu, el claustre i alumnat de cicle superior.<br \/>\n2. Els \u00edtems del Pla TAC del centre.<\/p>\n","protected":false},"excerpt":{"rendered":"<p>La diagnosi es va dur a terme durant el curs 21-22. Les eines utilitzades per a realitzar la diagnosi<br \/>\nde centre van ser:<br \/>\n1. L\u2019aplicaci\u00f3 SELFIE \u00e9s una eina dissenyada per ajudar als centres educatius a integrar les<br \/>\ntecnologies digitals en l&#8217;educaci\u00f3, l&#8217;aprenentatge i avaluaci\u00f3. Recull, de forma&hellip;  <a href=\"https:\/\/agora.xtec.cat\/ceip-eldrac\/estrategia-digital-de-centre\/estrategia\/diagnosi\/\" title=\"Read Diagnosi\">Llegeix m\u00e9s\u00bb<\/a><\/p>\n","protected":false},"author":1,"featured_media":0,"parent":8210,"menu_order":1,"comment_status":"closed","ping_status":"closed","template":"","meta":{"_bbp_topic_count":0,"_bbp_reply_count":0,"_bbp_total_topic_count":0,"_bbp_total_reply_count":0,"_bbp_voice_count":0,"_bbp_anonymous_reply_count":0,"_bbp_topic_count_hidden":0,"_bbp_reply_count_hidden":0,"_bbp_forum_subforum_count":0,"footnotes":""},"class_list":["post-8212","page","type-page","status-publish","hentry"],"post_mailing_queue_ids":[],"_links":{"self":[{"href":"https:\/\/agora.xtec.cat\/ceip-eldrac\/wp-json\/wp\/v2\/pages\/8212","targetHints":{"allow":["GET"]}}],"collection":[{"href":"https:\/\/agora.xtec.cat\/ceip-eldrac\/wp-json\/wp\/v2\/pages"}],"about":[{"href":"https:\/\/agora.xtec.cat\/ceip-eldrac\/wp-json\/wp\/v2\/types\/page"}],"author":[{"embeddable":true,"href":"https:\/\/agora.xtec.cat\/ceip-eldrac\/wp-json\/wp\/v2\/users\/1"}],"replies":[{"embeddable":true,"href":"https:\/\/agora.xtec.cat\/ceip-eldrac\/wp-json\/wp\/v2\/comments?post=8212"}],"version-history":[{"count":2,"href":"https:\/\/agora.xtec.cat\/ceip-eldrac\/wp-json\/wp\/v2\/pages\/8212\/revisions"}],"predecessor-version":[{"id":8220,"href":"https:\/\/agora.xtec.cat\/ceip-eldrac\/wp-json\/wp\/v2\/pages\/8212\/revisions\/8220"}],"up":[{"embeddable":true,"href":"https:\/\/agora.xtec.cat\/ceip-eldrac\/wp-json\/wp\/v2\/pages\/8210"}],"wp:attachment":[{"href":"https:\/\/agora.xtec.cat\/ceip-eldrac\/wp-json\/wp\/v2\/media?parent=8212"}],"curies":[{"name":"wp","href":"https:\/\/api.w.org\/{rel}","templated":true}]}}