{"id":783,"date":"2020-03-22T11:14:55","date_gmt":"2020-03-22T10:14:55","guid":{"rendered":"https:\/\/agora.xtec.cat\/ceip-eldrac\/?page_id=783"},"modified":"2026-03-12T11:52:04","modified_gmt":"2026-03-12T10:52:04","slug":"consell-escolar","status":"publish","type":"page","link":"https:\/\/agora.xtec.cat\/ceip-eldrac\/lescola\/consell-escolar\/","title":{"rendered":"Consell escolar"},"content":{"rendered":"<p>El Consell Escolar del centre \u00e9s l\u2019<strong>\u00f2rgan col\u00b7legiat de participaci\u00f3<\/strong> de la comunitat escolar en el govern del centre.<\/p>\n<p>En els centres p\u00fablics, la funci\u00f3 principal del Consell Escolar \u00e9s\u00a0<strong>participar en la presa de decisions en relaci\u00f3 amb aquells temes importants per al funcionament i l\u2019organitzaci\u00f3 del centre<\/strong>: el projecte educatiu de centre (PEC), la programaci\u00f3 general, la gesti\u00f3 econ\u00f2mica, etc.<\/p>\n<p>Els membres del consell escolar s\u00f3n elegits per un per\u00edode de quatre anys i es renoven per meitats cada dos anys.<\/p>\n<p>&nbsp;<\/p>\n<p><img loading=\"lazy\" decoding=\"async\" class=\"aligncenter size-large wp-image-8842\" src=\"https:\/\/agora.xtec.cat\/ceip-eldrac\/wp-content\/uploads\/usu2075\/2026\/01\/Black-Modern-Wedding-Invitation-2-732x1024.jpg\" alt=\"\" width=\"732\" height=\"1024\" srcset=\"https:\/\/agora.xtec.cat\/ceip-eldrac\/wp-content\/uploads\/usu2075\/2026\/01\/Black-Modern-Wedding-Invitation-2-732x1024.jpg 732w, https:\/\/agora.xtec.cat\/ceip-eldrac\/wp-content\/uploads\/usu2075\/2026\/01\/Black-Modern-Wedding-Invitation-2-214x300.jpg 214w, https:\/\/agora.xtec.cat\/ceip-eldrac\/wp-content\/uploads\/usu2075\/2026\/01\/Black-Modern-Wedding-Invitation-2-768x1075.jpg 768w, https:\/\/agora.xtec.cat\/ceip-eldrac\/wp-content\/uploads\/usu2075\/2026\/01\/Black-Modern-Wedding-Invitation-2-1097x1536.jpg 1097w, https:\/\/agora.xtec.cat\/ceip-eldrac\/wp-content\/uploads\/usu2075\/2026\/01\/Black-Modern-Wedding-Invitation-2.jpg 1429w\" sizes=\"auto, (max-width: 732px) 100vw, 732px\" \/><\/p>\n<p>&nbsp;<\/p>\n<p>Per saber m\u00e9s sobre la composici\u00f3, funcions, renovaci\u00f3&#8230; cliqueu aquest <a href=\"https:\/\/educacio.gencat.cat\/ca\/arees-actuacio\/centres-serveis-educatius\/centres\/consells-escolars-centres\/centres-publics\/\">enlla\u00e7<\/a><\/p>\n<p>&nbsp;<\/p>\n<h4>Actes consells escolars 24-25<\/h4>\n<p><a href=\"https:\/\/agora.xtec.cat\/ceip-eldrac\/wp-content\/uploads\/usu2075\/2025\/02\/0-Consell-escolar-06-11-2024.pdf\">Acords consell Escolar 06-11-2024<\/a><\/p>\n<p><a href=\"https:\/\/agora.xtec.cat\/ceip-eldrac\/wp-content\/uploads\/usu2075\/2025\/02\/0-Consell-escolar-11-12-2024.pdf\">Acords consell Escolar 11-12-2024<\/a><\/p>\n<p><a href=\"https:\/\/agora.xtec.cat\/ceip-eldrac\/wp-content\/uploads\/usu2075\/2025\/02\/02-Consell-escolar-30-01-2025.pdf\">Acords consell Escolar 30-01-2025<\/a><\/p>\n<p><a href=\"https:\/\/agora.xtec.cat\/ceip-eldrac\/wp-content\/uploads\/usu2075\/2025\/07\/Acords-Consell-escolar-06-03-2025.pdf\">Acords consell Escolar 06-03-2025<\/a><\/p>\n<p><a href=\"https:\/\/agora.xtec.cat\/ceip-eldrac\/wp-content\/uploads\/usu2075\/2025\/07\/Acords-Consell-escolar-26-03-2025.pdf\">Acords consell Escolar 26-03-2025<\/a><\/p>\n<p><a href=\"https:\/\/agora.xtec.cat\/ceip-eldrac\/wp-content\/uploads\/usu2075\/2025\/07\/Acords-Consell-escolar-22-05-2025.pdf\">Acords consell Escolar 22-05-2025<\/a><\/p>\n<p><a href=\"https:\/\/agora.xtec.cat\/ceip-eldrac\/wp-content\/uploads\/usu2075\/2025\/07\/Acords-Consell-escolar-26-06-2025.pdf\">Acords consell Escolar 26-06-2025<\/a><\/p>\n<p>Acords consell Escolar <a href=\"https:\/\/drive.google.com\/file\/d\/1DilvRI22SCL2Hwb3gDaXULWCSlC0HEPM\/view?usp=drive_link\">23-10-2025<\/a><\/p>\n<p><a href=\"https:\/\/drive.google.com\/file\/d\/1mt4nFpF7edEo_LWnitgnNRehDmrTLL5r\/view?usp=sharing\">Acords consell Escolar 12-12-2025<\/a><\/p>\n<p><a href=\"https:\/\/drive.google.com\/file\/d\/1jvAdAVCtodrVtHVF4GggdZoqUEcxlbOH\/view?usp=sharing\">Acords consell Escolar 26-01-2026<\/a><\/p>\n<p><a href=\"https:\/\/drive.google.com\/file\/d\/1qc__41dwGNphwyad-n7Tw8M76OOPaSv7\/view?usp=sharing\">Acords consell Escolar 04-03-2026<\/a><\/p>\n<p>&nbsp;<\/p>\n<p>&nbsp;<\/p>\n<p>&nbsp;<\/p>\n","protected":false},"excerpt":{"rendered":"<p>El Consell Escolar del centre \u00e9s l\u2019\u00f2rgan col\u00b7legiat de participaci\u00f3 de la comunitat escolar en el govern del centre.<br \/>\nEn els centres p\u00fablics, la funci\u00f3 principal del Consell Escolar \u00e9s\u00a0participar en la presa de decisions en relaci\u00f3 amb aquells temes importants per al funcionament i l\u2019organitzaci\u00f3&hellip;  <a href=\"https:\/\/agora.xtec.cat\/ceip-eldrac\/lescola\/consell-escolar\/\" title=\"Read Consell escolar\">Llegeix m\u00e9s\u00bb<\/a><\/p>\n","protected":false},"author":1,"featured_media":0,"parent":774,"menu_order":2,"comment_status":"closed","ping_status":"closed","template":"page-templates\/side-menu.php","meta":{"_bbp_topic_count":0,"_bbp_reply_count":0,"_bbp_total_topic_count":0,"_bbp_total_reply_count":0,"_bbp_voice_count":0,"_bbp_anonymous_reply_count":0,"_bbp_topic_count_hidden":0,"_bbp_reply_count_hidden":0,"_bbp_forum_subforum_count":0,"footnotes":""},"class_list":["post-783","page","type-page","status-publish","hentry"],"post_mailing_queue_ids":[],"_links":{"self":[{"href":"https:\/\/agora.xtec.cat\/ceip-eldrac\/wp-json\/wp\/v2\/pages\/783","targetHints":{"allow":["GET"]}}],"collection":[{"href":"https:\/\/agora.xtec.cat\/ceip-eldrac\/wp-json\/wp\/v2\/pages"}],"about":[{"href":"https:\/\/agora.xtec.cat\/ceip-eldrac\/wp-json\/wp\/v2\/types\/page"}],"author":[{"embeddable":true,"href":"https:\/\/agora.xtec.cat\/ceip-eldrac\/wp-json\/wp\/v2\/users\/1"}],"replies":[{"embeddable":true,"href":"https:\/\/agora.xtec.cat\/ceip-eldrac\/wp-json\/wp\/v2\/comments?post=783"}],"version-history":[{"count":6,"href":"https:\/\/agora.xtec.cat\/ceip-eldrac\/wp-json\/wp\/v2\/pages\/783\/revisions"}],"predecessor-version":[{"id":8861,"href":"https:\/\/agora.xtec.cat\/ceip-eldrac\/wp-json\/wp\/v2\/pages\/783\/revisions\/8861"}],"up":[{"embeddable":true,"href":"https:\/\/agora.xtec.cat\/ceip-eldrac\/wp-json\/wp\/v2\/pages\/774"}],"wp:attachment":[{"href":"https:\/\/agora.xtec.cat\/ceip-eldrac\/wp-json\/wp\/v2\/media?parent=783"}],"curies":[{"name":"wp","href":"https:\/\/api.w.org\/{rel}","templated":true}]}}