{"id":1589,"date":"2020-04-12T09:46:02","date_gmt":"2020-04-12T07:46:02","guid":{"rendered":"https:\/\/agora.xtec.cat\/ceip-eldrac\/?page_id=1589"},"modified":"2020-11-14T17:27:06","modified_gmt":"2020-11-14T16:27:06","slug":"dia-a-dia","status":"publish","type":"page","link":"https:\/\/agora.xtec.cat\/ceip-eldrac\/dia-a-dia\/","title":{"rendered":"Moments d&#8217;escola"},"content":{"rendered":"<p style=\"text-align: justify;\">Descobriu a Moments d&#8217;escola com creixem i aprenem vivint mentre passegem pel nostre entorn tot observant i escoltant la natura, mentre descobrint nous aprenentatges en els ambients de treball, els espais d&#8217;aprenentatge o en els tallers, mentre compartint lectures, mentre creem activitats pl\u00e0stiques, mentre manipulem i experimentem, mentre escoltem l&#8217;experi\u00e8ncia de gent molt diversa o de les nostres mateixes fam\u00edlies, mentre fent sortides per obrir nous mons, mentre juguem.<span style=\"font-family: inherit; font-size: 1em;\">.. i moltes m\u00e9s viv\u00e8ncies.<\/span><\/p>\n<p style=\"text-align: justify;\">Trobareu a Fem Escola algunes de les viv\u00e8ncies que compartim plegats i plegades com escola i, a la resta, les que vivim respectivament amb el nostre grup.<\/p>\n<p style=\"text-align: justify;\"><a href=\"https:\/\/agora.xtec.cat\/ceip-eldrac\/wp-content\/uploads\/usu2075\/2020\/04\/dia-a-dia.jpg\"><img loading=\"lazy\" decoding=\"async\" class=\"aligncenter wp-image-1624 size-large\" src=\"https:\/\/agora.xtec.cat\/ceip-eldrac\/wp-content\/uploads\/usu2075\/2020\/04\/dia-a-dia-1024x256.jpg\" alt=\"\" width=\"1024\" height=\"256\" srcset=\"https:\/\/agora.xtec.cat\/ceip-eldrac\/wp-content\/uploads\/usu2075\/2020\/04\/dia-a-dia-1024x256.jpg 1024w, https:\/\/agora.xtec.cat\/ceip-eldrac\/wp-content\/uploads\/usu2075\/2020\/04\/dia-a-dia-300x75.jpg 300w, https:\/\/agora.xtec.cat\/ceip-eldrac\/wp-content\/uploads\/usu2075\/2020\/04\/dia-a-dia-768x192.jpg 768w, https:\/\/agora.xtec.cat\/ceip-eldrac\/wp-content\/uploads\/usu2075\/2020\/04\/dia-a-dia.jpg 1933w\" sizes=\"auto, (max-width: 1024px) 100vw, 1024px\" \/><\/a><\/p>\n","protected":false},"excerpt":{"rendered":"<p>Descobriu a Moments d&#8217;escola com creixem i aprenem vivint mentre passegem pel nostre entorn tot observant i escoltant la natura, mentre descobrint nous aprenentatges en els ambients de treball, els espais d&#8217;aprenentatge o en els tallers, mentre compartint lectures, mentre creem activitats pl\u00e0stiques, mentre manipulem&hellip;  <a href=\"https:\/\/agora.xtec.cat\/ceip-eldrac\/dia-a-dia\/\" title=\"Read Moments d&#8217;escola\">Llegeix m\u00e9s\u00bb<\/a><\/p>\n","protected":false},"author":1,"featured_media":0,"parent":0,"menu_order":0,"comment_status":"closed","ping_status":"closed","template":"","meta":{"_bbp_topic_count":0,"_bbp_reply_count":0,"_bbp_total_topic_count":0,"_bbp_total_reply_count":0,"_bbp_voice_count":0,"_bbp_anonymous_reply_count":0,"_bbp_topic_count_hidden":0,"_bbp_reply_count_hidden":0,"_bbp_forum_subforum_count":0,"footnotes":""},"class_list":["post-1589","page","type-page","status-publish","hentry"],"post_mailing_queue_ids":[],"_links":{"self":[{"href":"https:\/\/agora.xtec.cat\/ceip-eldrac\/wp-json\/wp\/v2\/pages\/1589","targetHints":{"allow":["GET"]}}],"collection":[{"href":"https:\/\/agora.xtec.cat\/ceip-eldrac\/wp-json\/wp\/v2\/pages"}],"about":[{"href":"https:\/\/agora.xtec.cat\/ceip-eldrac\/wp-json\/wp\/v2\/types\/page"}],"author":[{"embeddable":true,"href":"https:\/\/agora.xtec.cat\/ceip-eldrac\/wp-json\/wp\/v2\/users\/1"}],"replies":[{"embeddable":true,"href":"https:\/\/agora.xtec.cat\/ceip-eldrac\/wp-json\/wp\/v2\/comments?post=1589"}],"version-history":[{"count":4,"href":"https:\/\/agora.xtec.cat\/ceip-eldrac\/wp-json\/wp\/v2\/pages\/1589\/revisions"}],"predecessor-version":[{"id":5082,"href":"https:\/\/agora.xtec.cat\/ceip-eldrac\/wp-json\/wp\/v2\/pages\/1589\/revisions\/5082"}],"wp:attachment":[{"href":"https:\/\/agora.xtec.cat\/ceip-eldrac\/wp-json\/wp\/v2\/media?parent=1589"}],"curies":[{"name":"wp","href":"https:\/\/api.w.org\/{rel}","templated":true}]}}