{"id":1057,"date":"2020-03-26T20:03:05","date_gmt":"2020-03-26T19:03:05","guid":{"rendered":"https:\/\/agora.xtec.cat\/ceip-eldrac\/?page_id=1057"},"modified":"2026-02-24T12:31:33","modified_gmt":"2026-02-24T11:31:33","slug":"nofc","status":"publish","type":"page","link":"https:\/\/agora.xtec.cat\/ceip-eldrac\/documents-de-centre\/nofc\/","title":{"rendered":"NOFC"},"content":{"rendered":"<p><a href=\"https:\/\/drive.google.com\/file\/d\/1Kzqyw8NrBrZCcWDk6Nr3aMTAEd1esSrM\/view?usp=sharing\"> \u21d2<span style=\"font-size: 12pt;\">Enlla\u00e7<\/span> :\u00a0 NOFC &#8211; El Drac 2023<\/a><\/p>\n<p>Les normes d\u2019organitzaci\u00f3 i funcionament de centre ( NOFC) de l\u2019escola El Drac \u00e9s un document que aplega un conjunt d&#8217;acords i decisions d&#8217;organitzaci\u00f3 i de funcionament de la vida escolar en tots els nivells: organitzatiu, educatiu, de relacions socials&#8230;<br \/>\nPer elaborar les NOFC, hem seguit com a refer\u00e8ncia el projecte educatiu (PEC) document en el qual es defineix la identitat del nostre centre, quins s\u00f3n els seus trets diferencials, les seves finalitats, com s\u2019organitza i en definitiva, quina \u00e9s la l\u00ednia pedag\u00f2gica que es porta a terme amb els infants i la resta de la comunitat educativa.<\/p>\n","protected":false},"excerpt":{"rendered":"<p><a href=\"https:\/\/drive.google.com\/file\/d\/1Kzqyw8NrBrZCcWDk6Nr3aMTAEd1esSrM\/view?usp=sharing\"> \u21d2Enlla\u00e7 :\u00a0 NOFC &#8211; El Drac 2023<\/a><br \/>\nLes normes d\u2019organitzaci\u00f3 i funcionament de centre ( NOFC) de l\u2019escola El Drac \u00e9s un document que aplega un conjunt d&#8217;acords i decisions d&#8217;organitzaci\u00f3 i de funcionament de la vida escolar en tots els nivells: organitzatiu, educatiu,&hellip;  <a href=\"https:\/\/agora.xtec.cat\/ceip-eldrac\/documents-de-centre\/nofc\/\" title=\"Read NOFC\">Llegeix m\u00e9s\u00bb<\/a><\/p>\n","protected":false},"author":1,"featured_media":0,"parent":1054,"menu_order":0,"comment_status":"closed","ping_status":"closed","template":"page-templates\/side-menu.php","meta":{"_bbp_topic_count":0,"_bbp_reply_count":0,"_bbp_total_topic_count":0,"_bbp_total_reply_count":0,"_bbp_voice_count":0,"_bbp_anonymous_reply_count":0,"_bbp_topic_count_hidden":0,"_bbp_reply_count_hidden":0,"_bbp_forum_subforum_count":0,"footnotes":""},"class_list":["post-1057","page","type-page","status-publish","hentry"],"post_mailing_queue_ids":[],"_links":{"self":[{"href":"https:\/\/agora.xtec.cat\/ceip-eldrac\/wp-json\/wp\/v2\/pages\/1057","targetHints":{"allow":["GET"]}}],"collection":[{"href":"https:\/\/agora.xtec.cat\/ceip-eldrac\/wp-json\/wp\/v2\/pages"}],"about":[{"href":"https:\/\/agora.xtec.cat\/ceip-eldrac\/wp-json\/wp\/v2\/types\/page"}],"author":[{"embeddable":true,"href":"https:\/\/agora.xtec.cat\/ceip-eldrac\/wp-json\/wp\/v2\/users\/1"}],"replies":[{"embeddable":true,"href":"https:\/\/agora.xtec.cat\/ceip-eldrac\/wp-json\/wp\/v2\/comments?post=1057"}],"version-history":[{"count":6,"href":"https:\/\/agora.xtec.cat\/ceip-eldrac\/wp-json\/wp\/v2\/pages\/1057\/revisions"}],"predecessor-version":[{"id":8852,"href":"https:\/\/agora.xtec.cat\/ceip-eldrac\/wp-json\/wp\/v2\/pages\/1057\/revisions\/8852"}],"up":[{"embeddable":true,"href":"https:\/\/agora.xtec.cat\/ceip-eldrac\/wp-json\/wp\/v2\/pages\/1054"}],"wp:attachment":[{"href":"https:\/\/agora.xtec.cat\/ceip-eldrac\/wp-json\/wp\/v2\/media?parent=1057"}],"curies":[{"name":"wp","href":"https:\/\/api.w.org\/{rel}","templated":true}]}}