{"id":66,"date":"2019-02-25T12:40:47","date_gmt":"2019-02-25T11:40:47","guid":{"rendered":"http:\/\/agora.xtec.cat\/ceip-eladihoms-valls\/?page_id=66"},"modified":"2025-01-21T13:19:00","modified_gmt":"2025-01-21T12:19:00","slug":"serveis","status":"publish","type":"page","link":"https:\/\/agora.xtec.cat\/ceip-eladihoms-valls\/serveis\/","title":{"rendered":"Serveis"},"content":{"rendered":"<p>L&#8217;escola Eladi Homs ofereix aquests serveis:<\/p>\n<h5><span style=\"color: #0000ff;\"><strong><span style=\"font-family: inherit; font-size: 1em;\">MENJADOR ESCOLAR\u00a0<\/span><\/strong><\/span><\/h5>\n<p style=\"font-weight: 400;\">\u25ba Aquest servei el poden utilitzar tots els alumnes de l&#8217;escola.<\/p>\n<p style=\"font-weight: 400;\">\u25ba L&#8217;horari \u00e9s de dos quarts d\u2019una a dos quarts de tres del migdia.<\/p>\n<p><strong><span style=\"font-family: inherit; font-size: 1em;\"><a href=\"http:\/\/menjadorescolaeladihoms.blogspot.com\/\"><img loading=\"lazy\" decoding=\"async\" class=\"alignnone wp-image-453 size-full\" src=\"https:\/\/agora.xtec.cat\/ceip-eladihoms-valls\/wp-content\/uploads\/usu1067\/2018\/12\/Sin-t\u00edtulo.jpg\" alt=\"\" width=\"1578\" height=\"222\" \/><\/a><\/span><\/strong><\/p>\n<h5><span style=\"color: #0000ff;\"><strong>TRANSPORT\u00a0 ESCOLAR<\/strong><\/span><\/h5>\n<p>\u25ba\u00a0\u00a0L&#8217;escola disposa de transport escolar gratu\u00eft per als alumnes amb necessitats educatives especials de Valls. Cal tramitar una sol\u00b7licitud d&#8217;ajut de despla\u00e7ament al Consell Comarcal. La parada inicial \u00e9s al Portal Nou, despr\u00e9s passa per la Font de la Manxa, la pla\u00e7a de la Creu i arriba a l&#8217;escola.<\/p>\n<p>\u25ba\u00a0\u00a0La resta d&#8217;alumnes poden utilitzar el t<strong>ransport d&#8217;autob\u00fas urb\u00e0<\/strong>. \u00c9s un transport gratu\u00eft<\/p>\n<p>\u25ba\u00a0\u00a0Pels alumnes amb\u00a0necessitats educatives especials de la resta de la comarca, cal tramitar una sol\u00b7licitud d&#8217;ajut de despla\u00e7ament al Consell Comarcal.<\/p>\n<h5><span style=\"color: #0000ff;\"><strong>ACTIVITATS EXTRAESCOLARS<\/strong><\/span><\/h5>\n<p>\u25ba\u00a0 Les activitats extraescolars estan organitzades per l&#8217;AFA.<\/p>\n","protected":false},"excerpt":{"rendered":"<p>L&#8217;escola Eladi Homs ofereix aquests serveis: MENJADOR ESCOLAR\u00a0 \u25ba Aquest servei el poden utilitzar tots els alumnes de l&#8217;escola. \u25ba L&#8217;horari \u00e9s de dos quarts d\u2019una a dos quarts de tres del migdia. TRANSPORT\u00a0 ESCOLAR \u25ba\u00a0\u00a0L&#8217;escola disposa de transport escolar gratu\u00eft per als alumnes amb necessitats educatives especials de Valls. Cal tramitar una sol\u00b7licitud d&#8217;ajut [&hellip;]<\/p>\n","protected":false},"author":1,"featured_media":0,"parent":0,"menu_order":0,"comment_status":"closed","ping_status":"closed","template":"","meta":{"_bbp_topic_count":0,"_bbp_reply_count":0,"_bbp_total_topic_count":0,"_bbp_total_reply_count":0,"_bbp_voice_count":0,"_bbp_anonymous_reply_count":0,"_bbp_topic_count_hidden":0,"_bbp_reply_count_hidden":0,"_bbp_forum_subforum_count":0,"site-sidebar-layout":"default","site-content-layout":"","ast-site-content-layout":"","site-content-style":"default","site-sidebar-style":"default","ast-global-header-display":"","ast-banner-title-visibility":"","ast-main-header-display":"","ast-hfb-above-header-display":"","ast-hfb-below-header-display":"","ast-hfb-mobile-header-display":"","site-post-title":"","ast-breadcrumbs-content":"","ast-featured-img":"","footer-sml-layout":"","theme-transparent-header-meta":"","adv-header-id-meta":"","stick-header-meta":"","header-above-stick-meta":"","header-main-stick-meta":"","header-below-stick-meta":"","astra-migrate-meta-layouts":"default","ast-page-background-enabled":"default","ast-page-background-meta":{"desktop":{"background-color":"var(--ast-global-color-4)","background-image":"","background-repeat":"repeat","background-position":"center center","background-size":"auto","background-attachment":"scroll","background-type":"","background-media":"","overlay-type":"","overlay-color":"","overlay-opacity":"","overlay-gradient":""},"tablet":{"background-color":"","background-image":"","background-repeat":"repeat","background-position":"center center","background-size":"auto","background-attachment":"scroll","background-type":"","background-media":"","overlay-type":"","overlay-color":"","overlay-opacity":"","overlay-gradient":""},"mobile":{"background-color":"","background-image":"","background-repeat":"repeat","background-position":"center center","background-size":"auto","background-attachment":"scroll","background-type":"","background-media":"","overlay-type":"","overlay-color":"","overlay-opacity":"","overlay-gradient":""}},"ast-content-background-meta":{"desktop":{"background-color":"var(--ast-global-color-5)","background-image":"","background-repeat":"repeat","background-position":"center center","background-size":"auto","background-attachment":"scroll","background-type":"","background-media":"","overlay-type":"","overlay-color":"","overlay-opacity":"","overlay-gradient":""},"tablet":{"background-color":"var(--ast-global-color-5)","background-image":"","background-repeat":"repeat","background-position":"center center","background-size":"auto","background-attachment":"scroll","background-type":"","background-media":"","overlay-type":"","overlay-color":"","overlay-opacity":"","overlay-gradient":""},"mobile":{"background-color":"var(--ast-global-color-5)","background-image":"","background-repeat":"repeat","background-position":"center center","background-size":"auto","background-attachment":"scroll","background-type":"","background-media":"","overlay-type":"","overlay-color":"","overlay-opacity":"","overlay-gradient":""}},"footnotes":""},"class_list":["post-66","page","type-page","status-publish","hentry"],"post_mailing_queue_ids":[],"_links":{"self":[{"href":"https:\/\/agora.xtec.cat\/ceip-eladihoms-valls\/wp-json\/wp\/v2\/pages\/66","targetHints":{"allow":["GET"]}}],"collection":[{"href":"https:\/\/agora.xtec.cat\/ceip-eladihoms-valls\/wp-json\/wp\/v2\/pages"}],"about":[{"href":"https:\/\/agora.xtec.cat\/ceip-eladihoms-valls\/wp-json\/wp\/v2\/types\/page"}],"author":[{"embeddable":true,"href":"https:\/\/agora.xtec.cat\/ceip-eladihoms-valls\/wp-json\/wp\/v2\/users\/1"}],"replies":[{"embeddable":true,"href":"https:\/\/agora.xtec.cat\/ceip-eladihoms-valls\/wp-json\/wp\/v2\/comments?post=66"}],"version-history":[{"count":4,"href":"https:\/\/agora.xtec.cat\/ceip-eladihoms-valls\/wp-json\/wp\/v2\/pages\/66\/revisions"}],"predecessor-version":[{"id":7823,"href":"https:\/\/agora.xtec.cat\/ceip-eladihoms-valls\/wp-json\/wp\/v2\/pages\/66\/revisions\/7823"}],"wp:attachment":[{"href":"https:\/\/agora.xtec.cat\/ceip-eladihoms-valls\/wp-json\/wp\/v2\/media?parent=66"}],"curies":[{"name":"wp","href":"https:\/\/api.w.org\/{rel}","templated":true}]}}