{"id":6320,"date":"2022-04-25T11:33:05","date_gmt":"2022-04-25T09:33:05","guid":{"rendered":"https:\/\/agora.xtec.cat\/ceip-eladihoms-valls\/?page_id=6320"},"modified":"2024-03-13T10:30:55","modified_gmt":"2024-03-13T09:30:55","slug":"edg-diagnosi","status":"publish","type":"page","link":"https:\/\/agora.xtec.cat\/ceip-eladihoms-valls\/projecte-educatiu-de-lescola\/estrategia-digital-de-centre\/estrategia-digital\/edg-diagnosi\/","title":{"rendered":"EDC Diagnosi"},"content":{"rendered":"<p><audio class=\"audio-for-speech\"><\/audio><\/p>\n<div class=\"translate-tooltip-mtz blue sm-root translate hidden_translate\">\n<div class=\"header-wrapper\">\n<div class=\"header-controls\"><\/div>\n<\/div>\n<\/div>\n<p style=\"text-align: right;\"><a href=\"https:\/\/agora.xtec.cat\/ceip-eladihoms-valls\/projecte-educatiu-de-lescola\/estrategia-digital-de-centre\/estrategia-digital\/objectius\/\">Objectius\u27a1<\/a><\/p>\n<table style=\"border-collapse: collapse; border-color: #f5f5f7; background-color: #f1f2c2; width: 100%;\">\n<tbody>\n<tr>\n<td style=\"width: 20.6697%;\"><a href=\"https:\/\/agora.xtec.cat\/ceip-eladihoms-valls\/wp-content\/uploads\/usu1067\/2022\/04\/Selfie.jpg\"><img loading=\"lazy\" decoding=\"async\" class=\"alignleft wp-image-6321 size-full\" src=\"https:\/\/agora.xtec.cat\/ceip-eladihoms-valls\/wp-content\/uploads\/usu1067\/2022\/04\/Selfie.jpg\" alt=\"\" width=\"453\" height=\"525\" srcset=\"https:\/\/agora.xtec.cat\/ceip-eladihoms-valls\/wp-content\/uploads\/usu1067\/2022\/04\/Selfie.jpg 453w, https:\/\/agora.xtec.cat\/ceip-eladihoms-valls\/wp-content\/uploads\/usu1067\/2022\/04\/Selfie-259x300.jpg 259w\" sizes=\"auto, (max-width: 453px) 100vw, 453px\" \/><\/a><\/td>\n<td style=\"width: 12.2017%;\">&nbsp;<\/p>\n<p>Ens cal fer una <strong>bona diagnosi <\/strong>per tal de detectar els punts forts del centre a mantenir i potenciar i els punts febles a millorar<\/p>\n<p><strong>La diagnosi ens ha de permetre determinar el grau d\u2019assoliment de les compet\u00e8ncies digital<\/strong>s en refer\u00e8ncia als tres eixos del\u00a0Pla d&#8217;educaci\u00f3 digital de Catalunya (PEDC): <strong>alumnat, professorat i centre<\/strong>.<\/p>\n<p class=\"CDt4Ke zfr3Q\" dir=\"ltr\">El mes de mar\u00e7 de 2022 hem iniciat la diagnosi digital del centre fent \u00fas de les eines seg\u00fcents:<\/p>\n<ul class=\"n8H08c UVNKR\">\n<li class=\"TYR86d wXCUfe zfr3Q\" dir=\"ltr\">\n<p class=\"CDt4Ke zfr3Q\" dir=\"ltr\">Selfie, eina d&#8217;autodiagnosi<\/p>\n<\/li>\n<li class=\"TYR86d wXCUfe zfr3Q\" dir=\"ltr\">\n<p class=\"CDt4Ke zfr3Q\" dir=\"ltr\">Revisi\u00f3 pla TAC<\/p>\n<\/li>\n<\/ul>\n<\/td>\n<td style=\"width: 11.5065%;\">&nbsp;<\/p>\n<p style=\"text-align: center;\"><a href=\"https:\/\/agora.xtec.cat\/ceip-eladihoms-valls\/wp-content\/uploads\/usu1067\/2023\/03\/Escola-Eladi-Homs-Documentacio-estrategia-digital-EDC-Diagnosi.pdf\"><img loading=\"lazy\" decoding=\"async\" class=\"aligncenter size-full wp-image-7000\" src=\"https:\/\/agora.xtec.cat\/ceip-eladihoms-valls\/wp-content\/uploads\/usu1067\/2023\/03\/Diagnosi.jpg\" alt=\"\" width=\"531\" height=\"777\" srcset=\"https:\/\/agora.xtec.cat\/ceip-eladihoms-valls\/wp-content\/uploads\/usu1067\/2023\/03\/Diagnosi.jpg 531w, https:\/\/agora.xtec.cat\/ceip-eladihoms-valls\/wp-content\/uploads\/usu1067\/2023\/03\/Diagnosi-205x300.jpg 205w\" sizes=\"auto, (max-width: 531px) 100vw, 531px\" \/><\/a>diagnosi EDC<\/p>\n<\/td>\n<\/tr>\n<\/tbody>\n<\/table>\n<p>&nbsp;<\/p>\n","protected":false},"excerpt":{"rendered":"<p>Objectius\u27a1 &nbsp; Ens cal fer una bona diagnosi per tal de detectar els punts forts del centre a mantenir i potenciar i els punts febles a millorar La diagnosi ens ha de permetre determinar el grau d\u2019assoliment de les compet\u00e8ncies digitals en refer\u00e8ncia als tres eixos del\u00a0Pla d&#8217;educaci\u00f3 digital de Catalunya (PEDC): alumnat, professorat i [&hellip;]<\/p>\n","protected":false},"author":1,"featured_media":0,"parent":7418,"menu_order":1,"comment_status":"closed","ping_status":"closed","template":"page-templates\/side-menu.php","meta":{"_bbp_topic_count":0,"_bbp_reply_count":0,"_bbp_total_topic_count":0,"_bbp_total_reply_count":0,"_bbp_voice_count":0,"_bbp_anonymous_reply_count":0,"_bbp_topic_count_hidden":0,"_bbp_reply_count_hidden":0,"_bbp_forum_subforum_count":0,"site-sidebar-layout":"default","site-content-layout":"","ast-site-content-layout":"","site-content-style":"default","site-sidebar-style":"default","ast-global-header-display":"","ast-banner-title-visibility":"","ast-main-header-display":"","ast-hfb-above-header-display":"","ast-hfb-below-header-display":"","ast-hfb-mobile-header-display":"","site-post-title":"","ast-breadcrumbs-content":"","ast-featured-img":"","footer-sml-layout":"","theme-transparent-header-meta":"","adv-header-id-meta":"","stick-header-meta":"","header-above-stick-meta":"","header-main-stick-meta":"","header-below-stick-meta":"","astra-migrate-meta-layouts":"default","ast-page-background-enabled":"default","ast-page-background-meta":{"desktop":{"background-color":"var(--ast-global-color-4)","background-image":"","background-repeat":"repeat","background-position":"center center","background-size":"auto","background-attachment":"scroll","background-type":"","background-media":"","overlay-type":"","overlay-color":"","overlay-opacity":"","overlay-gradient":""},"tablet":{"background-color":"","background-image":"","background-repeat":"repeat","background-position":"center center","background-size":"auto","background-attachment":"scroll","background-type":"","background-media":"","overlay-type":"","overlay-color":"","overlay-opacity":"","overlay-gradient":""},"mobile":{"background-color":"","background-image":"","background-repeat":"repeat","background-position":"center center","background-size":"auto","background-attachment":"scroll","background-type":"","background-media":"","overlay-type":"","overlay-color":"","overlay-opacity":"","overlay-gradient":""}},"ast-content-background-meta":{"desktop":{"background-color":"var(--ast-global-color-5)","background-image":"","background-repeat":"repeat","background-position":"center center","background-size":"auto","background-attachment":"scroll","background-type":"","background-media":"","overlay-type":"","overlay-color":"","overlay-opacity":"","overlay-gradient":""},"tablet":{"background-color":"var(--ast-global-color-5)","background-image":"","background-repeat":"repeat","background-position":"center center","background-size":"auto","background-attachment":"scroll","background-type":"","background-media":"","overlay-type":"","overlay-color":"","overlay-opacity":"","overlay-gradient":""},"mobile":{"background-color":"var(--ast-global-color-5)","background-image":"","background-repeat":"repeat","background-position":"center center","background-size":"auto","background-attachment":"scroll","background-type":"","background-media":"","overlay-type":"","overlay-color":"","overlay-opacity":"","overlay-gradient":""}},"footnotes":""},"class_list":["post-6320","page","type-page","status-publish","hentry"],"post_mailing_queue_ids":[],"_links":{"self":[{"href":"https:\/\/agora.xtec.cat\/ceip-eladihoms-valls\/wp-json\/wp\/v2\/pages\/6320","targetHints":{"allow":["GET"]}}],"collection":[{"href":"https:\/\/agora.xtec.cat\/ceip-eladihoms-valls\/wp-json\/wp\/v2\/pages"}],"about":[{"href":"https:\/\/agora.xtec.cat\/ceip-eladihoms-valls\/wp-json\/wp\/v2\/types\/page"}],"author":[{"embeddable":true,"href":"https:\/\/agora.xtec.cat\/ceip-eladihoms-valls\/wp-json\/wp\/v2\/users\/1"}],"replies":[{"embeddable":true,"href":"https:\/\/agora.xtec.cat\/ceip-eladihoms-valls\/wp-json\/wp\/v2\/comments?post=6320"}],"version-history":[{"count":4,"href":"https:\/\/agora.xtec.cat\/ceip-eladihoms-valls\/wp-json\/wp\/v2\/pages\/6320\/revisions"}],"predecessor-version":[{"id":7652,"href":"https:\/\/agora.xtec.cat\/ceip-eladihoms-valls\/wp-json\/wp\/v2\/pages\/6320\/revisions\/7652"}],"up":[{"embeddable":true,"href":"https:\/\/agora.xtec.cat\/ceip-eladihoms-valls\/wp-json\/wp\/v2\/pages\/7418"}],"wp:attachment":[{"href":"https:\/\/agora.xtec.cat\/ceip-eladihoms-valls\/wp-json\/wp\/v2\/media?parent=6320"}],"curies":[{"name":"wp","href":"https:\/\/api.w.org\/{rel}","templated":true}]}}