{"id":6254,"date":"2022-04-19T15:21:20","date_gmt":"2022-04-19T13:21:20","guid":{"rendered":"https:\/\/agora.xtec.cat\/ceip-eladihoms-valls\/?page_id=6254"},"modified":"2024-03-13T09:59:33","modified_gmt":"2024-03-13T08:59:33","slug":"estrategia-digital-de-centre","status":"publish","type":"page","link":"https:\/\/agora.xtec.cat\/ceip-eladihoms-valls\/projecte-educatiu-de-lescola\/estrategia-digital-de-centre\/","title":{"rendered":"Estrat\u00e8gia Digital de Centre (EDC)"},"content":{"rendered":"<table style=\"width: 100%; border-collapse: collapse; background-color: #2a71d4;\" border=\"1\">\n<tbody>\n<tr>\n<td style=\"width: 50%; text-align: center;\">\n<h3><a href=\"https:\/\/agora.xtec.cat\/ceip-eladihoms-valls\/projecte-educatiu-de-lescola\/estrategia-digital-de-centre\/estrategia-digital\/\"><span style=\"color: #ffff00;\">Estrat\u00e8gia Digital<\/span><\/a><\/h3>\n<\/td>\n<td style=\"width: 50%;\">\n<h3 style=\"text-align: center;\"><a href=\"https:\/\/agora.xtec.cat\/ceip-eladihoms-valls\/projecte-educatiu-de-lescola\/estrategia-digital-de-centre\/cultura-digital-de-centre\/\"><span style=\"color: #ffff00;\">Cultura Digital de Centre<\/span><\/a><\/h3>\n<\/td>\n<\/tr>\n<\/tbody>\n<\/table>\n<table style=\"border-collapse: collapse; width: 100%;\" border=\"1\">\n<tbody>\n<tr>\n<td style=\"width: 50%; text-align: center;\">\n<h5><a href=\"https:\/\/agora.xtec.cat\/ceip-eladihoms-valls\/projecte-educatiu-de-lescola\/estrategia-digital-de-centre\/estrategia-digital\/\"><img loading=\"lazy\" decoding=\"async\" class=\"alignleft wp-image-6257\" src=\"https:\/\/agora.xtec.cat\/ceip-eladihoms-valls\/wp-content\/uploads\/usu1067\/2022\/04\/2002.i203.022.online-education-distant-learning-cartoon-1024x778.jpg\" alt=\"\" width=\"1024\" height=\"778\" srcset=\"https:\/\/agora.xtec.cat\/ceip-eladihoms-valls\/wp-content\/uploads\/usu1067\/2022\/04\/2002.i203.022.online-education-distant-learning-cartoon-1024x778.jpg 1024w, https:\/\/agora.xtec.cat\/ceip-eladihoms-valls\/wp-content\/uploads\/usu1067\/2022\/04\/2002.i203.022.online-education-distant-learning-cartoon-300x228.jpg 300w, https:\/\/agora.xtec.cat\/ceip-eladihoms-valls\/wp-content\/uploads\/usu1067\/2022\/04\/2002.i203.022.online-education-distant-learning-cartoon-768x583.jpg 768w, https:\/\/agora.xtec.cat\/ceip-eladihoms-valls\/wp-content\/uploads\/usu1067\/2022\/04\/2002.i203.022.online-education-distant-learning-cartoon.jpg 1280w\" sizes=\"auto, (max-width: 1024px) 100vw, 1024px\" \/><br \/>\n<\/a><\/h5>\n<h4><span style=\"color: #000000;\"><a href=\"https:\/\/agora.xtec.cat\/ceip-eladihoms-valls\/projecte-educatiu-de-lescola\/estrategia-digital-de-centre\/estrategia-digital\/edg-diagnosi\/\">Diagnosi<\/a><\/span><\/h4>\n<h4><span style=\"color: #000000;\"><a href=\"https:\/\/agora.xtec.cat\/ceip-eladihoms-valls\/projecte-educatiu-de-lescola\/estrategia-digital-de-centre\/estrategia-digital\/objectius\/\">Objectius<\/a><\/span><\/h4>\n<h4><span style=\"color: #000000;\"><a href=\"https:\/\/agora.xtec.cat\/ceip-eladihoms-valls\/projecte-educatiu-de-lescola\/estrategia-digital-de-centre\/estrategia-digital\/actuacions\/\">Actuacions<\/a><\/span><\/h4>\n<h4><span style=\"color: #000000;\"><a href=\"https:\/\/agora.xtec.cat\/ceip-eladihoms-valls\/projecte-educatiu-de-lescola\/estrategia-digital-de-centre\/estrategia-digital\/seguiment-i-avaluacio\/\">Seguiment i avaluaci\u00f3<\/a><\/span><\/h4>\n<\/td>\n<td style=\"width: 50%; text-align: center;\">\n<h4><a href=\"https:\/\/agora.xtec.cat\/ceip-eladihoms-valls\/projecte-educatiu-de-lescola\/estrategia-digital-de-centre\/cultura-digital-de-centre\/\"><img loading=\"lazy\" decoding=\"async\" class=\"alignleft wp-image-6258 size-large\" src=\"https:\/\/agora.xtec.cat\/ceip-eladihoms-valls\/wp-content\/uploads\/usu1067\/2022\/04\/5836-1024x758.jpg\" alt=\"\" width=\"1024\" height=\"758\" srcset=\"https:\/\/agora.xtec.cat\/ceip-eladihoms-valls\/wp-content\/uploads\/usu1067\/2022\/04\/5836-1024x758.jpg 1024w, https:\/\/agora.xtec.cat\/ceip-eladihoms-valls\/wp-content\/uploads\/usu1067\/2022\/04\/5836-300x222.jpg 300w, https:\/\/agora.xtec.cat\/ceip-eladihoms-valls\/wp-content\/uploads\/usu1067\/2022\/04\/5836-768x569.jpg 768w, https:\/\/agora.xtec.cat\/ceip-eladihoms-valls\/wp-content\/uploads\/usu1067\/2022\/04\/5836.jpg 1280w\" sizes=\"auto, (max-width: 1024px) 100vw, 1024px\" \/><\/a><br \/>\n<span style=\"color: #000000;\"><br \/>\n<\/span><span style=\"color: #000000;\"><br \/>\n<a href=\"https:\/\/agora.xtec.cat\/ceip-eladihoms-valls\/projecte-educatiu-de-lescola\/estrategia-digital-de-centre\/cultura-digital-de-centre\/espai-digital-dels-mestres\/\">Mestres<\/a><br \/>\n<a href=\"https:\/\/agora.xtec.cat\/ceip-eladihoms-valls\/projecte-educatiu-de-lescola\/estrategia-digital-de-centre\/cultura-digital-de-centre\/espai-digital-de-les-families\/\">Fam\u00edlies<\/a><\/span><\/h4>\n<\/td>\n<\/tr>\n<\/tbody>\n<\/table>\n<p>&nbsp;<\/p>\n","protected":false},"excerpt":{"rendered":"<p>Estrat\u00e8gia Digital Cultura Digital de Centre Diagnosi Objectius Actuacions Seguiment i avaluaci\u00f3 Mestres Fam\u00edlies &nbsp;<\/p>\n","protected":false},"author":1,"featured_media":0,"parent":569,"menu_order":3,"comment_status":"closed","ping_status":"closed","template":"page-templates\/side-menu.php","meta":{"_bbp_topic_count":0,"_bbp_reply_count":0,"_bbp_total_topic_count":0,"_bbp_total_reply_count":0,"_bbp_voice_count":0,"_bbp_anonymous_reply_count":0,"_bbp_topic_count_hidden":0,"_bbp_reply_count_hidden":0,"_bbp_forum_subforum_count":0,"site-sidebar-layout":"default","site-content-layout":"","ast-site-content-layout":"","site-content-style":"default","site-sidebar-style":"default","ast-global-header-display":"","ast-banner-title-visibility":"","ast-main-header-display":"","ast-hfb-above-header-display":"","ast-hfb-below-header-display":"","ast-hfb-mobile-header-display":"","site-post-title":"","ast-breadcrumbs-content":"","ast-featured-img":"","footer-sml-layout":"","theme-transparent-header-meta":"","adv-header-id-meta":"","stick-header-meta":"","header-above-stick-meta":"","header-main-stick-meta":"","header-below-stick-meta":"","astra-migrate-meta-layouts":"default","ast-page-background-enabled":"default","ast-page-background-meta":{"desktop":{"background-color":"var(--ast-global-color-4)","background-image":"","background-repeat":"repeat","background-position":"center center","background-size":"auto","background-attachment":"scroll","background-type":"","background-media":"","overlay-type":"","overlay-color":"","overlay-opacity":"","overlay-gradient":""},"tablet":{"background-color":"","background-image":"","background-repeat":"repeat","background-position":"center center","background-size":"auto","background-attachment":"scroll","background-type":"","background-media":"","overlay-type":"","overlay-color":"","overlay-opacity":"","overlay-gradient":""},"mobile":{"background-color":"","background-image":"","background-repeat":"repeat","background-position":"center center","background-size":"auto","background-attachment":"scroll","background-type":"","background-media":"","overlay-type":"","overlay-color":"","overlay-opacity":"","overlay-gradient":""}},"ast-content-background-meta":{"desktop":{"background-color":"var(--ast-global-color-5)","background-image":"","background-repeat":"repeat","background-position":"center center","background-size":"auto","background-attachment":"scroll","background-type":"","background-media":"","overlay-type":"","overlay-color":"","overlay-opacity":"","overlay-gradient":""},"tablet":{"background-color":"var(--ast-global-color-5)","background-image":"","background-repeat":"repeat","background-position":"center center","background-size":"auto","background-attachment":"scroll","background-type":"","background-media":"","overlay-type":"","overlay-color":"","overlay-opacity":"","overlay-gradient":""},"mobile":{"background-color":"var(--ast-global-color-5)","background-image":"","background-repeat":"repeat","background-position":"center center","background-size":"auto","background-attachment":"scroll","background-type":"","background-media":"","overlay-type":"","overlay-color":"","overlay-opacity":"","overlay-gradient":""}},"footnotes":""},"class_list":["post-6254","page","type-page","status-publish","hentry"],"post_mailing_queue_ids":[],"_links":{"self":[{"href":"https:\/\/agora.xtec.cat\/ceip-eladihoms-valls\/wp-json\/wp\/v2\/pages\/6254","targetHints":{"allow":["GET"]}}],"collection":[{"href":"https:\/\/agora.xtec.cat\/ceip-eladihoms-valls\/wp-json\/wp\/v2\/pages"}],"about":[{"href":"https:\/\/agora.xtec.cat\/ceip-eladihoms-valls\/wp-json\/wp\/v2\/types\/page"}],"author":[{"embeddable":true,"href":"https:\/\/agora.xtec.cat\/ceip-eladihoms-valls\/wp-json\/wp\/v2\/users\/1"}],"replies":[{"embeddable":true,"href":"https:\/\/agora.xtec.cat\/ceip-eladihoms-valls\/wp-json\/wp\/v2\/comments?post=6254"}],"version-history":[{"count":5,"href":"https:\/\/agora.xtec.cat\/ceip-eladihoms-valls\/wp-json\/wp\/v2\/pages\/6254\/revisions"}],"predecessor-version":[{"id":7642,"href":"https:\/\/agora.xtec.cat\/ceip-eladihoms-valls\/wp-json\/wp\/v2\/pages\/6254\/revisions\/7642"}],"up":[{"embeddable":true,"href":"https:\/\/agora.xtec.cat\/ceip-eladihoms-valls\/wp-json\/wp\/v2\/pages\/569"}],"wp:attachment":[{"href":"https:\/\/agora.xtec.cat\/ceip-eladihoms-valls\/wp-json\/wp\/v2\/media?parent=6254"}],"curies":[{"name":"wp","href":"https:\/\/api.w.org\/{rel}","templated":true}]}}