{"id":569,"date":"2019-02-27T01:06:03","date_gmt":"2019-02-27T00:06:03","guid":{"rendered":"http:\/\/agora.xtec.cat\/ceip-eladihoms-valls\/?page_id=569"},"modified":"2019-03-02T01:55:32","modified_gmt":"2019-03-02T00:55:32","slug":"projecte-educatiu-de-lescola","status":"publish","type":"page","link":"https:\/\/agora.xtec.cat\/ceip-eladihoms-valls\/projecte-educatiu-de-lescola\/","title":{"rendered":"Projecte Educatiu de l&#8217;escola"},"content":{"rendered":"<p>Partint dels trets caracter\u00edstics de l\u2019escola Eladi Homs, sintetitzats en l\u2019afirmaci\u00f3 que cantem en l\u2019himne de l\u2019escola \u00ab<em>aix\u00f2 \u00e9s l\u2019escola de tots<\/em>\u00bb, el nostre Projecte Educatiu de Centre t\u00e9 per objectiu aconseguir que l\u2019escola sigui un entorn d\u2019aprenentatge significatiu, funcional i inclusiu.<\/p>\n<p>Seguir construint \u00ab<strong>l\u2019escola de tots<\/strong>\u00bb, aquest \u00e9s el repte que ens plantegem com a comunitat educativa: atendre la diversitat ajudant a tots i cadascun dels alumnes a progressar, a desenvolupar les seves capacitats en un entorn flexible, respectu\u00f3s i inclusiu. Per aconseguir el repte, ens caldr\u00e0 seguir dissenyant propostes educatives i projectes que siguin accessibles a tots els alumnes, motivar l\u2019alumnat i ajudar-los a aprendre a aprendre, oferir-los la possibilitat de treballar cooperativament per desenvolupar les seves compet\u00e8ncies i encoratjar-los a compartir les pr\u00f2pies experi\u00e8ncies per enriquir-se m\u00fatuament.<\/p>\n<p>Estem conven\u00e7uts que ens cal estar atents i oberts als nous plantejaments metodol\u00f2gics i did\u00e0ctics per fer una escola activa, oberta, din\u00e0mica i amb visi\u00f3 de futur que vetlli sempre per millorar els resultats en l\u2019adquisici\u00f3 de les compet\u00e8ncies b\u00e0siques de tots i cadascun dels alumnes. Per aix\u00f2 ens cal tenir un equip docent il\u00b7lusionat i ben cohesionat i comptar amb la complicitat dels pares.<\/p>\n<p>L\u2019escola \u00e9s viva, per tant, el PEC \u00e9s un document obert que requereix la revisi\u00f3 constant i l\u2019actualitzaci\u00f3 peri\u00f2dica.<\/p>\n","protected":false},"excerpt":{"rendered":"<p>Partint dels trets caracter\u00edstics de l\u2019escola Eladi Homs, sintetitzats en l\u2019afirmaci\u00f3 que cantem en l\u2019himne de l\u2019escola \u00abaix\u00f2 \u00e9s l\u2019escola de tots\u00bb, el nostre Projecte Educatiu de Centre t\u00e9 per objectiu aconseguir que l\u2019escola sigui un entorn d\u2019aprenentatge significatiu, funcional i inclusiu. Seguir construint \u00abl\u2019escola de tots\u00bb, aquest \u00e9s el repte que ens plantegem com [&hellip;]<\/p>\n","protected":false},"author":1,"featured_media":0,"parent":0,"menu_order":0,"comment_status":"closed","ping_status":"closed","template":"page-templates\/side-menu.php","meta":{"_bbp_topic_count":0,"_bbp_reply_count":0,"_bbp_total_topic_count":0,"_bbp_total_reply_count":0,"_bbp_voice_count":0,"_bbp_anonymous_reply_count":0,"_bbp_topic_count_hidden":0,"_bbp_reply_count_hidden":0,"_bbp_forum_subforum_count":0,"site-sidebar-layout":"default","site-content-layout":"","ast-site-content-layout":"","site-content-style":"default","site-sidebar-style":"default","ast-global-header-display":"","ast-banner-title-visibility":"","ast-main-header-display":"","ast-hfb-above-header-display":"","ast-hfb-below-header-display":"","ast-hfb-mobile-header-display":"","site-post-title":"","ast-breadcrumbs-content":"","ast-featured-img":"","footer-sml-layout":"","theme-transparent-header-meta":"","adv-header-id-meta":"","stick-header-meta":"","header-above-stick-meta":"","header-main-stick-meta":"","header-below-stick-meta":"","astra-migrate-meta-layouts":"default","ast-page-background-enabled":"default","ast-page-background-meta":{"desktop":{"background-color":"var(--ast-global-color-4)","background-image":"","background-repeat":"repeat","background-position":"center center","background-size":"auto","background-attachment":"scroll","background-type":"","background-media":"","overlay-type":"","overlay-color":"","overlay-opacity":"","overlay-gradient":""},"tablet":{"background-color":"","background-image":"","background-repeat":"repeat","background-position":"center center","background-size":"auto","background-attachment":"scroll","background-type":"","background-media":"","overlay-type":"","overlay-color":"","overlay-opacity":"","overlay-gradient":""},"mobile":{"background-color":"","background-image":"","background-repeat":"repeat","background-position":"center center","background-size":"auto","background-attachment":"scroll","background-type":"","background-media":"","overlay-type":"","overlay-color":"","overlay-opacity":"","overlay-gradient":""}},"ast-content-background-meta":{"desktop":{"background-color":"var(--ast-global-color-5)","background-image":"","background-repeat":"repeat","background-position":"center center","background-size":"auto","background-attachment":"scroll","background-type":"","background-media":"","overlay-type":"","overlay-color":"","overlay-opacity":"","overlay-gradient":""},"tablet":{"background-color":"var(--ast-global-color-5)","background-image":"","background-repeat":"repeat","background-position":"center center","background-size":"auto","background-attachment":"scroll","background-type":"","background-media":"","overlay-type":"","overlay-color":"","overlay-opacity":"","overlay-gradient":""},"mobile":{"background-color":"var(--ast-global-color-5)","background-image":"","background-repeat":"repeat","background-position":"center center","background-size":"auto","background-attachment":"scroll","background-type":"","background-media":"","overlay-type":"","overlay-color":"","overlay-opacity":"","overlay-gradient":""}},"footnotes":""},"class_list":["post-569","page","type-page","status-publish","hentry"],"post_mailing_queue_ids":[],"_links":{"self":[{"href":"https:\/\/agora.xtec.cat\/ceip-eladihoms-valls\/wp-json\/wp\/v2\/pages\/569","targetHints":{"allow":["GET"]}}],"collection":[{"href":"https:\/\/agora.xtec.cat\/ceip-eladihoms-valls\/wp-json\/wp\/v2\/pages"}],"about":[{"href":"https:\/\/agora.xtec.cat\/ceip-eladihoms-valls\/wp-json\/wp\/v2\/types\/page"}],"author":[{"embeddable":true,"href":"https:\/\/agora.xtec.cat\/ceip-eladihoms-valls\/wp-json\/wp\/v2\/users\/1"}],"replies":[{"embeddable":true,"href":"https:\/\/agora.xtec.cat\/ceip-eladihoms-valls\/wp-json\/wp\/v2\/comments?post=569"}],"version-history":[{"count":1,"href":"https:\/\/agora.xtec.cat\/ceip-eladihoms-valls\/wp-json\/wp\/v2\/pages\/569\/revisions"}],"predecessor-version":[{"id":570,"href":"https:\/\/agora.xtec.cat\/ceip-eladihoms-valls\/wp-json\/wp\/v2\/pages\/569\/revisions\/570"}],"wp:attachment":[{"href":"https:\/\/agora.xtec.cat\/ceip-eladihoms-valls\/wp-json\/wp\/v2\/media?parent=569"}],"curies":[{"name":"wp","href":"https:\/\/api.w.org\/{rel}","templated":true}]}}