{"id":34,"date":"2019-03-01T12:32:18","date_gmt":"2019-03-01T11:32:18","guid":{"rendered":"http:\/\/agora.xtec.cat\/ceip-eladihoms-valls\/?page_id=34"},"modified":"2023-10-03T18:32:57","modified_gmt":"2023-10-03T16:32:57","slug":"oferta-educativa","status":"publish","type":"page","link":"https:\/\/agora.xtec.cat\/ceip-eladihoms-valls\/lescola\/oferta-educativa\/","title":{"rendered":"Oferta educativa"},"content":{"rendered":"<p>L&#8217;escola Eladi Homs est\u00e0 organitzada en dues etapes educatives, l&#8217;etapa d&#8217;educaci\u00f3 infantil \u2014dels 3 als 6 anys\u2014 i l&#8217;etapa d&#8217;educaci\u00f3 prim\u00e0ria \u2014entre els 6 i els 12 anys\u2014.<\/p>\n<p>\u00c9s una escola p\u00fablica d&#8217;una l\u00ednia. L&#8217;etapa de prim\u00e0ria es distribueix en tres cicles de dos cursos cada un: el cicle inicial, el cicle mitj\u00e0 i el cicle superior: 6 grups. L&#8217;etapa d&#8217;infantil es considera un cicle en tres nivells, I3, I4 i I5: 3 grups. A m\u00e9s, hi ha en funcionament 4 SIEIs, unitats de suport intensiu a l&#8217;escolaritzaci\u00f3 inclusiva.<\/p>\n<p>Els agrupaments s\u00f3n oberts, flexibles i din\u00e0mics i potenciem les activitats internivells: padrins de lectura, dinamitzadors de jocs, projecte de r\u00e0dio escolar, festes escolars&#8230;<\/p>\n","protected":false},"excerpt":{"rendered":"<p>L&#8217;escola Eladi Homs est\u00e0 organitzada en dues etapes educatives, l&#8217;etapa d&#8217;educaci\u00f3 infantil \u2014dels 3 als 6 anys\u2014 i l&#8217;etapa d&#8217;educaci\u00f3 prim\u00e0ria \u2014entre els 6 i els 12 anys\u2014. \u00c9s una escola p\u00fablica d&#8217;una l\u00ednia. L&#8217;etapa de prim\u00e0ria es distribueix en tres cicles de dos cursos cada un: el cicle inicial, el cicle mitj\u00e0 i el [&hellip;]<\/p>\n","protected":false},"author":1,"featured_media":0,"parent":22,"menu_order":60,"comment_status":"closed","ping_status":"closed","template":"page-templates\/side-menu.php","meta":{"_bbp_topic_count":0,"_bbp_reply_count":0,"_bbp_total_topic_count":0,"_bbp_total_reply_count":0,"_bbp_voice_count":0,"_bbp_anonymous_reply_count":0,"_bbp_topic_count_hidden":0,"_bbp_reply_count_hidden":0,"_bbp_forum_subforum_count":0,"site-sidebar-layout":"default","site-content-layout":"","ast-site-content-layout":"","site-content-style":"default","site-sidebar-style":"default","ast-global-header-display":"","ast-banner-title-visibility":"","ast-main-header-display":"","ast-hfb-above-header-display":"","ast-hfb-below-header-display":"","ast-hfb-mobile-header-display":"","site-post-title":"","ast-breadcrumbs-content":"","ast-featured-img":"","footer-sml-layout":"","theme-transparent-header-meta":"","adv-header-id-meta":"","stick-header-meta":"","header-above-stick-meta":"","header-main-stick-meta":"","header-below-stick-meta":"","astra-migrate-meta-layouts":"default","ast-page-background-enabled":"default","ast-page-background-meta":{"desktop":{"background-color":"var(--ast-global-color-4)","background-image":"","background-repeat":"repeat","background-position":"center center","background-size":"auto","background-attachment":"scroll","background-type":"","background-media":"","overlay-type":"","overlay-color":"","overlay-opacity":"","overlay-gradient":""},"tablet":{"background-color":"","background-image":"","background-repeat":"repeat","background-position":"center center","background-size":"auto","background-attachment":"scroll","background-type":"","background-media":"","overlay-type":"","overlay-color":"","overlay-opacity":"","overlay-gradient":""},"mobile":{"background-color":"","background-image":"","background-repeat":"repeat","background-position":"center center","background-size":"auto","background-attachment":"scroll","background-type":"","background-media":"","overlay-type":"","overlay-color":"","overlay-opacity":"","overlay-gradient":""}},"ast-content-background-meta":{"desktop":{"background-color":"var(--ast-global-color-5)","background-image":"","background-repeat":"repeat","background-position":"center center","background-size":"auto","background-attachment":"scroll","background-type":"","background-media":"","overlay-type":"","overlay-color":"","overlay-opacity":"","overlay-gradient":""},"tablet":{"background-color":"var(--ast-global-color-5)","background-image":"","background-repeat":"repeat","background-position":"center center","background-size":"auto","background-attachment":"scroll","background-type":"","background-media":"","overlay-type":"","overlay-color":"","overlay-opacity":"","overlay-gradient":""},"mobile":{"background-color":"var(--ast-global-color-5)","background-image":"","background-repeat":"repeat","background-position":"center center","background-size":"auto","background-attachment":"scroll","background-type":"","background-media":"","overlay-type":"","overlay-color":"","overlay-opacity":"","overlay-gradient":""}},"footnotes":""},"class_list":["post-34","page","type-page","status-publish","hentry"],"post_mailing_queue_ids":[],"_links":{"self":[{"href":"https:\/\/agora.xtec.cat\/ceip-eladihoms-valls\/wp-json\/wp\/v2\/pages\/34","targetHints":{"allow":["GET"]}}],"collection":[{"href":"https:\/\/agora.xtec.cat\/ceip-eladihoms-valls\/wp-json\/wp\/v2\/pages"}],"about":[{"href":"https:\/\/agora.xtec.cat\/ceip-eladihoms-valls\/wp-json\/wp\/v2\/types\/page"}],"author":[{"embeddable":true,"href":"https:\/\/agora.xtec.cat\/ceip-eladihoms-valls\/wp-json\/wp\/v2\/users\/1"}],"replies":[{"embeddable":true,"href":"https:\/\/agora.xtec.cat\/ceip-eladihoms-valls\/wp-json\/wp\/v2\/comments?post=34"}],"version-history":[{"count":3,"href":"https:\/\/agora.xtec.cat\/ceip-eladihoms-valls\/wp-json\/wp\/v2\/pages\/34\/revisions"}],"predecessor-version":[{"id":7444,"href":"https:\/\/agora.xtec.cat\/ceip-eladihoms-valls\/wp-json\/wp\/v2\/pages\/34\/revisions\/7444"}],"up":[{"embeddable":true,"href":"https:\/\/agora.xtec.cat\/ceip-eladihoms-valls\/wp-json\/wp\/v2\/pages\/22"}],"wp:attachment":[{"href":"https:\/\/agora.xtec.cat\/ceip-eladihoms-valls\/wp-json\/wp\/v2\/media?parent=34"}],"curies":[{"name":"wp","href":"https:\/\/api.w.org\/{rel}","templated":true}]}}