{"id":26,"date":"2019-03-01T12:24:32","date_gmt":"2019-03-01T11:24:32","guid":{"rendered":"http:\/\/agora.xtec.cat\/ceip-eladihoms-valls\/?page_id=26"},"modified":"2019-03-01T17:02:25","modified_gmt":"2019-03-01T16:02:25","slug":"historia","status":"publish","type":"page","link":"https:\/\/agora.xtec.cat\/ceip-eladihoms-valls\/lescola\/historia\/","title":{"rendered":"Un apunt d&#8217;hist\u00f2ria"},"content":{"rendered":"<p>L&#8217;escola Eladi Homs fou inaugurada el curs 1985-1986 com a escola d&#8217;integraci\u00f3, amb la funci\u00f3 d&#8217;atendre la poblaci\u00f3 escolar d&#8217;educaci\u00f3 infantil i prim\u00e0ria del barri on s&#8217;ubica i, alhora, nens i nenes amb necessitats educatives especials de Valls i de la comarca de l&#8217;Alt Camp.<\/p>\n<p>El Decret 205\/1988 de 19 de juliol, possibilit\u00e0 que l&#8217;escola p\u00fablica Eladi Homs es transform\u00e9s en <em>Centre Experimental de R\u00e8gim Especial en Integraci\u00f3 Escolar <\/em>(CERE) i esdevingu\u00e9s una escola referent en l&#8217;atenci\u00f3 a la diversitat a Catalunya.\u00a0El curs 2000-2001, el Departament d&#8217;Educaci\u00f3 suprim\u00ed el r\u00e8gim especial en integraci\u00f3 escolar (CERE), per\u00f2 l&#8217;Eladi Homs va seguir desenvolupant el seu projecte pedag\u00f2gic en favor de la inclusi\u00f3 escolar.<\/p>\n<p>A l&#8217;inici del seu funcionament, l&#8217;escola comptava amb dues unitats de Preescolar (P4 i P5), dues de cicle inicial d&#8217;EGB (1r i 2n) i dues unitats d&#8217;educaci\u00f3 especial. De manera progressiva, cada curs escolar va anar augmentant el nombre d&#8217;aules, fins a completar el nombre d&#8217;unitats d&#8217;EGB i obrir l&#8217;aula de P3.<\/p>\n<p>Amb el desplegament de la LOGSE i des de l&#8217;entrada en vigor de l&#8217;Educaci\u00f3 Prim\u00e0ria, l&#8217;escola acull alumnat des dels 3 fins als 12 (14) anys.<\/p>\n<p>Durant el curs 2003-04 comen\u00e7\u00e0 el proc\u00e9s de canvi organitzatiu i metodol\u00f2gic de convertir les UEE (unitats d&#8217;educaci\u00f3 especial) en USEE (unitats de suport a l&#8217;educaci\u00f3 especial). Amb el decret DECRET 150\/2017, les USEE es transformen en SIEI (suports intensius a l&#8217;escolaritzaci\u00f3 inclusiva).<\/p>\n","protected":false},"excerpt":{"rendered":"<p>L&#8217;escola Eladi Homs fou inaugurada el curs 1985-1986 com a escola d&#8217;integraci\u00f3, amb la funci\u00f3 d&#8217;atendre la poblaci\u00f3 escolar d&#8217;educaci\u00f3 infantil i prim\u00e0ria del barri on s&#8217;ubica i, alhora, nens i nenes amb necessitats educatives especials de Valls i de la comarca de l&#8217;Alt Camp. El Decret 205\/1988 de 19 de juliol, possibilit\u00e0 que l&#8217;escola [&hellip;]<\/p>\n","protected":false},"author":1,"featured_media":0,"parent":22,"menu_order":3,"comment_status":"closed","ping_status":"closed","template":"page-templates\/side-menu.php","meta":{"_bbp_topic_count":0,"_bbp_reply_count":0,"_bbp_total_topic_count":0,"_bbp_total_reply_count":0,"_bbp_voice_count":0,"_bbp_anonymous_reply_count":0,"_bbp_topic_count_hidden":0,"_bbp_reply_count_hidden":0,"_bbp_forum_subforum_count":0,"site-sidebar-layout":"default","site-content-layout":"","ast-site-content-layout":"","site-content-style":"default","site-sidebar-style":"default","ast-global-header-display":"","ast-banner-title-visibility":"","ast-main-header-display":"","ast-hfb-above-header-display":"","ast-hfb-below-header-display":"","ast-hfb-mobile-header-display":"","site-post-title":"","ast-breadcrumbs-content":"","ast-featured-img":"","footer-sml-layout":"","theme-transparent-header-meta":"","adv-header-id-meta":"","stick-header-meta":"","header-above-stick-meta":"","header-main-stick-meta":"","header-below-stick-meta":"","astra-migrate-meta-layouts":"default","ast-page-background-enabled":"default","ast-page-background-meta":{"desktop":{"background-color":"var(--ast-global-color-4)","background-image":"","background-repeat":"repeat","background-position":"center center","background-size":"auto","background-attachment":"scroll","background-type":"","background-media":"","overlay-type":"","overlay-color":"","overlay-opacity":"","overlay-gradient":""},"tablet":{"background-color":"","background-image":"","background-repeat":"repeat","background-position":"center center","background-size":"auto","background-attachment":"scroll","background-type":"","background-media":"","overlay-type":"","overlay-color":"","overlay-opacity":"","overlay-gradient":""},"mobile":{"background-color":"","background-image":"","background-repeat":"repeat","background-position":"center center","background-size":"auto","background-attachment":"scroll","background-type":"","background-media":"","overlay-type":"","overlay-color":"","overlay-opacity":"","overlay-gradient":""}},"ast-content-background-meta":{"desktop":{"background-color":"var(--ast-global-color-5)","background-image":"","background-repeat":"repeat","background-position":"center center","background-size":"auto","background-attachment":"scroll","background-type":"","background-media":"","overlay-type":"","overlay-color":"","overlay-opacity":"","overlay-gradient":""},"tablet":{"background-color":"var(--ast-global-color-5)","background-image":"","background-repeat":"repeat","background-position":"center center","background-size":"auto","background-attachment":"scroll","background-type":"","background-media":"","overlay-type":"","overlay-color":"","overlay-opacity":"","overlay-gradient":""},"mobile":{"background-color":"var(--ast-global-color-5)","background-image":"","background-repeat":"repeat","background-position":"center center","background-size":"auto","background-attachment":"scroll","background-type":"","background-media":"","overlay-type":"","overlay-color":"","overlay-opacity":"","overlay-gradient":""}},"footnotes":""},"class_list":["post-26","page","type-page","status-publish","hentry"],"post_mailing_queue_ids":[],"_links":{"self":[{"href":"https:\/\/agora.xtec.cat\/ceip-eladihoms-valls\/wp-json\/wp\/v2\/pages\/26","targetHints":{"allow":["GET"]}}],"collection":[{"href":"https:\/\/agora.xtec.cat\/ceip-eladihoms-valls\/wp-json\/wp\/v2\/pages"}],"about":[{"href":"https:\/\/agora.xtec.cat\/ceip-eladihoms-valls\/wp-json\/wp\/v2\/types\/page"}],"author":[{"embeddable":true,"href":"https:\/\/agora.xtec.cat\/ceip-eladihoms-valls\/wp-json\/wp\/v2\/users\/1"}],"replies":[{"embeddable":true,"href":"https:\/\/agora.xtec.cat\/ceip-eladihoms-valls\/wp-json\/wp\/v2\/comments?post=26"}],"version-history":[{"count":3,"href":"https:\/\/agora.xtec.cat\/ceip-eladihoms-valls\/wp-json\/wp\/v2\/pages\/26\/revisions"}],"predecessor-version":[{"id":605,"href":"https:\/\/agora.xtec.cat\/ceip-eladihoms-valls\/wp-json\/wp\/v2\/pages\/26\/revisions\/605"}],"up":[{"embeddable":true,"href":"https:\/\/agora.xtec.cat\/ceip-eladihoms-valls\/wp-json\/wp\/v2\/pages\/22"}],"wp:attachment":[{"href":"https:\/\/agora.xtec.cat\/ceip-eladihoms-valls\/wp-json\/wp\/v2\/media?parent=26"}],"curies":[{"name":"wp","href":"https:\/\/api.w.org\/{rel}","templated":true}]}}