{"id":22,"date":"2019-03-01T12:19:57","date_gmt":"2019-03-01T11:19:57","guid":{"rendered":"http:\/\/agora.xtec.cat\/ceip-eladihoms-valls\/?page_id=22"},"modified":"2023-10-03T18:34:02","modified_gmt":"2023-10-03T16:34:02","slug":"lescola","status":"publish","type":"page","link":"https:\/\/agora.xtec.cat\/ceip-eladihoms-valls\/lescola\/","title":{"rendered":"L&#8217;escola"},"content":{"rendered":"<p>L\u2019escola Eladi Homs \u00e9s una escola d&#8217;una l\u00ednia, formada per 3 grups d&#8217;educaci\u00f3 infantil i 6 de prim\u00e0ria. Per poder atendre la diversitat de necessitat educatives de tots i cadascun dels alumnes, l&#8217;Eladi Homs compta amb 4 SIEIs, unitats de suport intensiu a l&#8217;escolaritzaci\u00f3 inclusiva.<\/p>\n<p><span style=\"color: #000080;\"><strong>TRETS CARACTER\u00cdSTICS DE LA NOSTRA\u00a0<\/strong><strong style=\"font-family: inherit; font-size: 1em;\">IDENTITAT I DEL CAR\u00c0CTER PROPI DE L&#8217;ESCOLA<\/strong><\/span><\/p>\n<p><strong>Plantejament<\/strong><strong> institucional: escola inclusiva<\/strong><\/p>\n<p>L&#8217;escola Eladi Homs de Valls, escola p\u00fablica d&#8217;educaci\u00f3 infantil i prim\u00e0ria amb un percentatge elevat d&#8217;alumnes amb necessitats educatives especials, es defineix com a \u201c<em>escola inclusiva<\/em>\u201d i ofereix un entorn d&#8217;aprenentatge significatiu, funcional i inclusiu, \u00abl\u2019escola de tots\u00bb.<\/p>\n<p><strong>Un entorn d&#8217;aprenentatge inclusiu<\/strong>. Qu\u00e8 volem dir amb aix\u00f2? Entenem la inclusi\u00f3 com un proc\u00e9s obert i din\u00e0mic mitjan\u00e7ant el qual l&#8217;escola busca sempre noves maneres per atendre les necessitats educatives dels alumnes. \u00c9s a dir, concebem la inclusi\u00f3 com una recerca constant per descobrir els millors enfocaments i estrat\u00e8gies innovadores per <strong>atendre la diversitat<\/strong>. La inclusi\u00f3 fa refer\u00e8ncia a <strong>aprendre com viure amb la difer\u00e8ncia<\/strong> i aprendre com <strong>aprendre de la difer\u00e8ncia<\/strong>. L&#8217;educaci\u00f3 inclusiva ens esperona a millorar els entorns d&#8217;aprenentatge i, alhora, a crear oportunitats perqu\u00e8 tots els alumnes puguin experimentar l&#8217;\u00e8xit i esdevenir subjectes del seu propi proc\u00e9s d&#8217;aprenentatge.<\/p>\n<p>\u00abL&#8217;escola de tots\u00bb significa <strong>accessibilitat<\/strong>, pres\u00e8ncia, participaci\u00f3, <strong>igualtat d&#8217;oportunitats<\/strong> de tots els alumnes en les diferents experi\u00e8ncies que es desenvolupen a l&#8217;escola.<\/p>\n<p>\u00abL&#8217;escola de tots\u00bb inclou exercitar la <strong>flexibilitat<\/strong> \u2014programes flexibles, organitzaci\u00f3, disseny d&#8217;activitats en diferents graus de dificultat, agrupaments\u2014 tenint en compte les capacitats, interessos, motivacions, estils d&#8217;aprenentatge, personalitat, llengua i cultura d&#8217;origen, religi\u00f3 i creences, coneixements previs i ritmes d&#8217;aprenentatge dels alumnes. L&#8217;educaci\u00f3 inclusiva implica necess\u00e0riament ajustar les actituds, individualment i col\u00b7lectiva (mestres, educadores, vetlladores, alumnes, pares, personal no docent&#8230;). Flexibilitat que promou l&#8217;<strong>ensenyament adaptatiu<\/strong>, \u00e9s a dir, foment de metodologies, estrat\u00e8gies d&#8217;ensenyament i aprenentatge i activitats de classe diversificades, adre\u00e7ades a tots els alumnes, que tinguin en compte el\/la nen\/nena amb necessitats educatives especials i que garanteixin que cada alumne pugui seguir el seu proc\u00e9s individual fent cam\u00ed conjunt amb els companys. Desenvolupament de plans educatius individualitzats, si cal, en un entorn ordinari normalitzat i normalitzador.<\/p>\n<p>Aix\u00ed doncs, per a nosaltres, parlar d&#8217;inclusi\u00f3 \u00e9s parlar de <strong>normalitzaci\u00f3<\/strong>. Tal com volem deixar definit en el Projecte Educatiu de Centre, la nostra escola parteix del principi que el proc\u00e9s inclusiu ha de portar a la normalitzaci\u00f3 educativa, \u00e9s a dir, que donar resposta a la diversitat no crea un tractament diferenciat entre alumnes (no hi ha alumnes i alumnes diferents), sin\u00f3 que ajuda a prendre consci\u00e8ncia de qu\u00e8 totes i cadascuna de les persones som diferents i, per tant, tots necessitem d&#8217;un tractament educatiu adequat a les nostres caracter\u00edstiques individuals<\/p>\n<p>Perqu\u00e8 tots els alumnes puguin desenvolupar al m\u00e0xim les seves capacitats, <strong>atendrem la diversitat<\/strong> de tarann\u00e0s, capacitats, or\u00edgens, interessos i motivacions que configuren les necessitats educatives \u2013ordin\u00e0ries i especials\u2013 de tots i cadascun dels nens i nenes escolaritzats al centre. Per fer-ho, el projecte educatiu de la nostra escola parteix del convenciment que tots els individus som diferents, que cadasc\u00fa \u00e9s com \u00e9s i que en la diversitat hi ha la riquesa que ens ajuda a desenvolupar-nos com a individus particulars <strong>en un entorn socialitzador<\/strong>; per tant, a l&#8217;escola, tothom hi \u00e9s benvingut i tothom hi t\u00e9 un lloc propi. \u00abAqu\u00ed tothom hi t\u00e9 el seu lloc, aix\u00f2 \u00e9s l&#8217;escola de tots\u00bb, diem quan cantem l&#8217;himne de l&#8217;escola.<\/p>\n","protected":false},"excerpt":{"rendered":"<p>L\u2019escola Eladi Homs \u00e9s una escola d&#8217;una l\u00ednia, formada per 3 grups d&#8217;educaci\u00f3 infantil i 6 de prim\u00e0ria. Per poder atendre la diversitat de necessitat educatives de tots i cadascun dels alumnes, l&#8217;Eladi Homs compta amb 4 SIEIs, unitats de suport intensiu a l&#8217;escolaritzaci\u00f3 inclusiva. TRETS CARACTER\u00cdSTICS DE LA NOSTRA\u00a0IDENTITAT I DEL CAR\u00c0CTER PROPI DE [&hellip;]<\/p>\n","protected":false},"author":1,"featured_media":0,"parent":0,"menu_order":0,"comment_status":"closed","ping_status":"closed","template":"page-templates\/side-menu.php","meta":{"_bbp_topic_count":0,"_bbp_reply_count":0,"_bbp_total_topic_count":0,"_bbp_total_reply_count":0,"_bbp_voice_count":0,"_bbp_anonymous_reply_count":0,"_bbp_topic_count_hidden":0,"_bbp_reply_count_hidden":0,"_bbp_forum_subforum_count":0,"site-sidebar-layout":"default","site-content-layout":"","ast-site-content-layout":"","site-content-style":"default","site-sidebar-style":"default","ast-global-header-display":"","ast-banner-title-visibility":"","ast-main-header-display":"","ast-hfb-above-header-display":"","ast-hfb-below-header-display":"","ast-hfb-mobile-header-display":"","site-post-title":"","ast-breadcrumbs-content":"","ast-featured-img":"","footer-sml-layout":"","theme-transparent-header-meta":"","adv-header-id-meta":"","stick-header-meta":"","header-above-stick-meta":"","header-main-stick-meta":"","header-below-stick-meta":"","astra-migrate-meta-layouts":"default","ast-page-background-enabled":"default","ast-page-background-meta":{"desktop":{"background-color":"var(--ast-global-color-4)","background-image":"","background-repeat":"repeat","background-position":"center center","background-size":"auto","background-attachment":"scroll","background-type":"","background-media":"","overlay-type":"","overlay-color":"","overlay-opacity":"","overlay-gradient":""},"tablet":{"background-color":"","background-image":"","background-repeat":"repeat","background-position":"center center","background-size":"auto","background-attachment":"scroll","background-type":"","background-media":"","overlay-type":"","overlay-color":"","overlay-opacity":"","overlay-gradient":""},"mobile":{"background-color":"","background-image":"","background-repeat":"repeat","background-position":"center center","background-size":"auto","background-attachment":"scroll","background-type":"","background-media":"","overlay-type":"","overlay-color":"","overlay-opacity":"","overlay-gradient":""}},"ast-content-background-meta":{"desktop":{"background-color":"var(--ast-global-color-5)","background-image":"","background-repeat":"repeat","background-position":"center center","background-size":"auto","background-attachment":"scroll","background-type":"","background-media":"","overlay-type":"","overlay-color":"","overlay-opacity":"","overlay-gradient":""},"tablet":{"background-color":"var(--ast-global-color-5)","background-image":"","background-repeat":"repeat","background-position":"center center","background-size":"auto","background-attachment":"scroll","background-type":"","background-media":"","overlay-type":"","overlay-color":"","overlay-opacity":"","overlay-gradient":""},"mobile":{"background-color":"var(--ast-global-color-5)","background-image":"","background-repeat":"repeat","background-position":"center center","background-size":"auto","background-attachment":"scroll","background-type":"","background-media":"","overlay-type":"","overlay-color":"","overlay-opacity":"","overlay-gradient":""}},"footnotes":""},"class_list":["post-22","page","type-page","status-publish","hentry"],"post_mailing_queue_ids":[],"_links":{"self":[{"href":"https:\/\/agora.xtec.cat\/ceip-eladihoms-valls\/wp-json\/wp\/v2\/pages\/22","targetHints":{"allow":["GET"]}}],"collection":[{"href":"https:\/\/agora.xtec.cat\/ceip-eladihoms-valls\/wp-json\/wp\/v2\/pages"}],"about":[{"href":"https:\/\/agora.xtec.cat\/ceip-eladihoms-valls\/wp-json\/wp\/v2\/types\/page"}],"author":[{"embeddable":true,"href":"https:\/\/agora.xtec.cat\/ceip-eladihoms-valls\/wp-json\/wp\/v2\/users\/1"}],"replies":[{"embeddable":true,"href":"https:\/\/agora.xtec.cat\/ceip-eladihoms-valls\/wp-json\/wp\/v2\/comments?post=22"}],"version-history":[{"count":4,"href":"https:\/\/agora.xtec.cat\/ceip-eladihoms-valls\/wp-json\/wp\/v2\/pages\/22\/revisions"}],"predecessor-version":[{"id":7445,"href":"https:\/\/agora.xtec.cat\/ceip-eladihoms-valls\/wp-json\/wp\/v2\/pages\/22\/revisions\/7445"}],"wp:attachment":[{"href":"https:\/\/agora.xtec.cat\/ceip-eladihoms-valls\/wp-json\/wp\/v2\/media?parent=22"}],"curies":[{"name":"wp","href":"https:\/\/api.w.org\/{rel}","templated":true}]}}