{"id":9169,"date":"2023-04-21T13:11:51","date_gmt":"2023-04-21T11:11:51","guid":{"rendered":"https:\/\/agora.xtec.cat\/ceip-eduard-marquina\/?page_id=9169"},"modified":"2025-04-10T13:16:58","modified_gmt":"2025-04-10T11:16:58","slug":"acolliment-digital","status":"publish","type":"page","link":"https:\/\/agora.xtec.cat\/ceip-eduard-marquina\/acolliment-digital\/","title":{"rendered":"Acolliment digital"},"content":{"rendered":"<p>En el seg\u00fcent document podeu veure el document d\u00b4acollida digital que tenim a l\u00b4escola i com ens comuniquem amb els alumnes, docents i fam\u00edlies.<\/p>\n<p><a href=\"https:\/\/agora.xtec.cat\/ceip-eduard-marquina\/wp-content\/uploads\/usu1232\/2025\/04\/CULTURA-DIGITAL-Acollida-digital-a-lescola.docx.pdf\">CULTURA DIGITAL Acollida digital a l&#8217;escola<\/a><\/p>\n<p><strong>Comunicaci\u00f3 amb els docents<\/strong><\/p>\n<ul>\n<li aria-level=\"1\"><span style=\"font-weight: 400;\">En primer lloc quan\u00a0arriba una persona nova a l\u2019escola se li subministren el seu usuari i contrasenya pel compte de correu electr\u00f2nic corporatiu. (<\/span><a href=\"mailto:xxxxxxxxx@emarquina.cat\"><span style=\"font-weight: 400;\">xxxxxxxxx@emarquina.cat<\/span><\/a><span style=\"font-weight: 400;\">) juntament amb el seu port\u00e0til docent.<\/span><\/li>\n<li style=\"font-weight: 400;\" aria-level=\"1\"><span style=\"font-weight: 400;\">Amb l\u2019usuari del centre es t\u00e9 acc\u00e9s directe al NODES del centre per poder penjar activitats i tasques del dia a dia que es van fent a l\u2019aula.<\/span><\/li>\n<\/ul>\n<p><img loading=\"lazy\" decoding=\"async\" class=\"wp-image-8933 aligncenter\" src=\"https:\/\/agora.xtec.cat\/ceip-eduard-marquina\/wp-content\/uploads\/usu1232\/2022\/10\/Web-escola-imatge-300x168.png\" alt=\"\" width=\"371\" height=\"208\" srcset=\"https:\/\/agora.xtec.cat\/ceip-eduard-marquina\/wp-content\/uploads\/usu1232\/2022\/10\/Web-escola-imatge-300x168.png 300w, https:\/\/agora.xtec.cat\/ceip-eduard-marquina\/wp-content\/uploads\/usu1232\/2022\/10\/Web-escola-imatge.png 568w\" sizes=\"auto, (max-width: 371px) 100vw, 371px\" \/><\/p>\n<ul>\n<li style=\"font-weight: 400;\" aria-level=\"1\"><span style=\"font-weight: 400;\">A cada mestre se li assigna un port\u00e0til amb un codi dotats del Departament d\u2019Educaci\u00f3 per a que pugui realitzar tasques i programar les seves classes i preparar material.<\/span><\/li>\n<\/ul>\n<p><strong>Comunicaci\u00f3 amb l\u00b4alumnat<\/strong><\/p>\n<p>Amb els alumnes ens comuniquem a trav\u00e9s del Google Classroom i si \u00e9s necessari via email amb el domini emarquina.cat.<\/p>\n<p><strong>Comunicaci\u00f3 amb les fam\u00edlies\u00a0<\/strong><\/p>\n<p><strong>INTRANET ( COMUNICACIONS AMB L\u2019ESCOLA, FAM\u00cdLIES I ALUMNES)<\/strong><\/p>\n<p>Amb les fam\u00edlies ens comuniquem a trav\u00e9s de secretaria o email corporatiu.<\/p>\n<p>Tel\u00e8fon fixe o m\u00f2bil.<\/p>\n<p>Canal de Twiter i Telegram de l\u00b4escola.<\/p>\n<p>Web centre i bloc del cicle o nivell.<\/p>\n<p><strong>WEB\/BLOC DE L\u2019ESCOLA<\/strong><\/p>\n<p>Qui ho gestiona?<\/p>\n<p>Administrador bloc (escola Eduard marquina) gestiona p\u00e0gina principal bloc \u00e0gora-nodes i dona permisos a diferents usuaris (cicle infantil, inicial, mitj\u00e0, superior, m\u00fasica, angl\u00e8s, educaci\u00f3 f\u00edsica) per fer les seves publicacions i articles.<\/p>\n<p>Qui participa?<\/p>\n<p>Tots els mestres del claustre. Cada mestre disposa d&#8217;un usuari i contrasenya per poder accedir als diferents blocs (bloggers) de cicles. I usuari i contrasenya per poder accedir al bloc principal de l\u00b4escola. Cada mestre s\u2019ha d\u2019encarregar de posar articles al bloc .Usuaris &#8211; contrasenyes<\/p>\n<p>Tenim full amb usuaris i contrasenyes de la web del centre i blocs de cicles.<\/p>\n<p><strong>ALTRES COMUNICACIONS DINS DEL CENTRE<\/strong><\/p>\n<p>Qualificacions de notes Mitjan\u00e7ant l\u00b4aplicatiu ESFER@ i reunions personals entregant l\u00b4informa<br \/>\nimpr\u00e8s de cada alumne.<\/p>\n","protected":false},"excerpt":{"rendered":"<p>En el seg\u00fcent document podeu veure el document d\u00b4acollida digital que tenim a l\u00b4escola i com ens comuniquem amb els alumnes, docents i fam\u00edlies. CULTURA DIGITAL Acollida digital a l&#8217;escola Comunicaci\u00f3 amb els docents En primer lloc quan\u00a0arriba una persona nova a l\u2019escola se li subministren el seu usuari i contrasenya pel compte de correu [&hellip;]<\/p>\n","protected":false},"author":45,"featured_media":0,"parent":0,"menu_order":0,"comment_status":"closed","ping_status":"closed","template":"","meta":{"_bbp_topic_count":0,"_bbp_reply_count":0,"_bbp_total_topic_count":0,"_bbp_total_reply_count":0,"_bbp_voice_count":0,"_bbp_anonymous_reply_count":0,"_bbp_topic_count_hidden":0,"_bbp_reply_count_hidden":0,"_bbp_forum_subforum_count":0,"site-sidebar-layout":"default","site-content-layout":"","ast-site-content-layout":"","site-content-style":"default","site-sidebar-style":"default","ast-global-header-display":"","ast-banner-title-visibility":"","ast-main-header-display":"","ast-hfb-above-header-display":"","ast-hfb-below-header-display":"","ast-hfb-mobile-header-display":"","site-post-title":"","ast-breadcrumbs-content":"","ast-featured-img":"","footer-sml-layout":"","theme-transparent-header-meta":"","adv-header-id-meta":"","stick-header-meta":"","header-above-stick-meta":"","header-main-stick-meta":"","header-below-stick-meta":"","astra-migrate-meta-layouts":"default","ast-page-background-enabled":"default","ast-page-background-meta":{"desktop":{"background-color":"var(--ast-global-color-4)","background-image":"","background-repeat":"repeat","background-position":"center center","background-size":"auto","background-attachment":"scroll","background-type":"","background-media":"","overlay-type":"","overlay-color":"","overlay-opacity":"","overlay-gradient":""},"tablet":{"background-color":"","background-image":"","background-repeat":"repeat","background-position":"center center","background-size":"auto","background-attachment":"scroll","background-type":"","background-media":"","overlay-type":"","overlay-color":"","overlay-opacity":"","overlay-gradient":""},"mobile":{"background-color":"","background-image":"","background-repeat":"repeat","background-position":"center center","background-size":"auto","background-attachment":"scroll","background-type":"","background-media":"","overlay-type":"","overlay-color":"","overlay-opacity":"","overlay-gradient":""}},"ast-content-background-meta":{"desktop":{"background-color":"var(--ast-global-color-5)","background-image":"","background-repeat":"repeat","background-position":"center center","background-size":"auto","background-attachment":"scroll","background-type":"","background-media":"","overlay-type":"","overlay-color":"","overlay-opacity":"","overlay-gradient":""},"tablet":{"background-color":"var(--ast-global-color-5)","background-image":"","background-repeat":"repeat","background-position":"center center","background-size":"auto","background-attachment":"scroll","background-type":"","background-media":"","overlay-type":"","overlay-color":"","overlay-opacity":"","overlay-gradient":""},"mobile":{"background-color":"var(--ast-global-color-5)","background-image":"","background-repeat":"repeat","background-position":"center center","background-size":"auto","background-attachment":"scroll","background-type":"","background-media":"","overlay-type":"","overlay-color":"","overlay-opacity":"","overlay-gradient":""}},"footnotes":""},"class_list":["post-9169","page","type-page","status-publish","hentry"],"post_mailing_queue_ids":[],"_links":{"self":[{"href":"https:\/\/agora.xtec.cat\/ceip-eduard-marquina\/wp-json\/wp\/v2\/pages\/9169","targetHints":{"allow":["GET"]}}],"collection":[{"href":"https:\/\/agora.xtec.cat\/ceip-eduard-marquina\/wp-json\/wp\/v2\/pages"}],"about":[{"href":"https:\/\/agora.xtec.cat\/ceip-eduard-marquina\/wp-json\/wp\/v2\/types\/page"}],"author":[{"embeddable":true,"href":"https:\/\/agora.xtec.cat\/ceip-eduard-marquina\/wp-json\/wp\/v2\/users\/45"}],"replies":[{"embeddable":true,"href":"https:\/\/agora.xtec.cat\/ceip-eduard-marquina\/wp-json\/wp\/v2\/comments?post=9169"}],"version-history":[{"count":5,"href":"https:\/\/agora.xtec.cat\/ceip-eduard-marquina\/wp-json\/wp\/v2\/pages\/9169\/revisions"}],"predecessor-version":[{"id":10255,"href":"https:\/\/agora.xtec.cat\/ceip-eduard-marquina\/wp-json\/wp\/v2\/pages\/9169\/revisions\/10255"}],"wp:attachment":[{"href":"https:\/\/agora.xtec.cat\/ceip-eduard-marquina\/wp-json\/wp\/v2\/media?parent=9169"}],"curies":[{"name":"wp","href":"https:\/\/api.w.org\/{rel}","templated":true}]}}