{"id":9168,"date":"2023-04-21T13:11:51","date_gmt":"2023-04-21T11:11:51","guid":{"rendered":"https:\/\/agora.xtec.cat\/ceip-eduard-marquina\/?page_id=9168"},"modified":"2025-06-13T11:00:57","modified_gmt":"2025-06-13T09:00:57","slug":"competencia-digital-de-lalumnat-cda","status":"publish","type":"page","link":"https:\/\/agora.xtec.cat\/ceip-eduard-marquina\/competencia-digital-de-lalumnat-cda\/","title":{"rendered":"Compet\u00e8ncia digital de l&#8217;alumnat (CDA)"},"content":{"rendered":"<p style=\"background: white; margin: 0cm 0cm 15.0pt 0cm;\"><span style=\"font-family: 'Open Sans',sans-serif; color: #444444;\">Els alumnes a partir de 1r poden fer servir chromebooks. Actualment disposem de 40 chromebooks per 1r, 2n , 3r i 4t gr\u00e0cies als fons propis i de l\u2019aportaci\u00f3 feta del PMOE.<\/span><\/p>\n<p style=\"background: white; box-sizing: border-box; text-rendering: optimizelegibility; font-variant-ligatures: normal; font-variant-caps: normal; orphans: 2; text-align: start; widows: 2; -webkit-text-stroke-width: 0px; text-decoration-thickness: initial; text-decoration-style: initial; text-decoration-color: initial; word-spacing: 0px; margin: 0cm 0cm 15.0pt 0cm;\"><span style=\"box-sizing: border-box;\"><span style=\"font-family: 'Open Sans',sans-serif; color: #444444;\">La resta de dispositius de l\u2019escola s\u00f3n els 42 chromebooks que fan servir els alumnes de 5\u00e8 i 6\u00e8 que han estat dotats per part del departament d\u2019educaci\u00f3.<\/span><\/span><\/p>\n<p style=\"background: white; box-sizing: border-box; text-rendering: optimizelegibility; font-variant-ligatures: normal; font-variant-caps: normal; orphans: 2; text-align: start; widows: 2; -webkit-text-stroke-width: 0px; text-decoration-thickness: initial; text-decoration-style: initial; text-decoration-color: initial; word-spacing: 0px; margin: 0cm 0cm 15.0pt 0cm;\"><span style=\"box-sizing: border-box;\"><span style=\"font-family: 'Open Sans',sans-serif; color: #444444;\">Cada alumne\/a de prim\u00e0ria t\u00e9 un correu corporatiu del centre amb un usuari i contrasenya per poder treballar amb el classroom.<\/span><\/span><\/p>\n<p style=\"background: white; box-sizing: border-box; text-rendering: optimizelegibility; font-variant-ligatures: normal; font-variant-caps: normal; orphans: 2; widows: 2; -webkit-text-stroke-width: 0px; text-decoration-thickness: initial; text-decoration-style: initial; text-decoration-color: initial; word-spacing: 0px; margin: 0cm 0cm 15.0pt 0cm;\"><span style=\"box-sizing: border-box;\"><span style=\"font-family: 'Open Sans',sans-serif; color: #444444;\">El centre ha creat un document concretant les compet\u00e8ncies digitals que es treballen a cada un dels cursos i mat\u00e8ries adaptada al model del centre. A m\u00e9s, s\u2019han recollit totes les activitats digitals que apareixen a les programacions de les mat\u00e8ries i s\u2019han unificat en un document a nivell de seminari per facilitar el seu seguiment.<\/span><\/span><\/p>\n<p style=\"background: white; box-sizing: border-box; text-rendering: optimizelegibility; font-variant-ligatures: normal; font-variant-caps: normal; orphans: 2; widows: 2; -webkit-text-stroke-width: 0px; text-decoration-thickness: initial; text-decoration-style: initial; text-decoration-color: initial; word-spacing: 0px; margin: 0cm 0cm 15.0pt 0cm;\"><span style=\"box-sizing: border-box;\"><span style=\"font-family: 'Open Sans',sans-serif; color: #444444;\">En els cursos vinents s\u2019anir\u00e0 completant la r\u00fabrica i actualitzant les activitats, afegint-ne en aquelles compet\u00e8ncies quan ho requereixen i reorientant-ne en aquelles que es treballen massa sovint.<\/span><\/span><\/p>\n<p><a href=\"https:\/\/docs.google.com\/spreadsheets\/d\/1drWMchuSINqrYuRkYNRkHZngpVLg-n795_w5y1FX6jI\/edit?usp=sharing\">Avaluaci\u00f3 CDA Escola Eduard Marquina<\/a><\/p>\n<p><a href=\"https:\/\/docs.google.com\/document\/d\/1ZS6HL1Da2eRSotyI21yAECvilnJsLn9A\/edit?usp=sharing&amp;ouid=105191661902085234347&amp;rtpof=true&amp;sd=true\">R\u00fabrica compet\u00e8ncia digital gen\u00e8rica<\/a><\/p>\n<p><a href=\"https:\/\/docs.google.com\/spreadsheets\/d\/1MyeVs2uYJ1pl8niweW2mzVCOeSElw-fRUuRwekGWTbI\/edit?usp=sharing\">R\u00fabriques competencials<\/a><\/p>\n<p class=\"cdt4ke\" style=\"text-align: justify; margin: 11.25pt 0cm 0cm 0cm;\"><span style=\"font-family: 'Open Sans',sans-serif; color: #444444;\">En els seg\u00fcents enlla\u00e7os podeu trobar les graelles, que ha elaborat cada seminari, amb les corresponents activitats que es treballen en les diferents mat\u00e8ries perqu\u00e8 l&#8217;alumnat assoleixi la compet\u00e8ncia digital.\u00a0<\/span><\/p>\n<p>&nbsp;<\/p>\n<p><a href=\"https:\/\/docs.google.com\/spreadsheets\/d\/19hWLLAqz7qfsnSRScyvOAOKeL-QZPyjlWU3PA7zZ2O8\/edit?usp=sharing\">Cicle inicial<\/a><\/p>\n<p><a href=\"https:\/\/docs.google.com\/spreadsheets\/d\/1p3bduRABnfSpZXCx3p2smq9Q8NrYIEgfP6YTrLh60HU\/edit?usp=sharing\">Cicle mitj\u00e0<\/a><\/p>\n<p><a href=\"https:\/\/docs.google.com\/spreadsheets\/d\/1Oi0lH4Na6W0tc0Vl-YpQYHsu8LLKHt-TdHCd66ygwro\/edit?usp=sharing\">Cicle superior<\/a><\/p>\n<p><a href=\"https:\/\/docs.google.com\/spreadsheets\/d\/14deB8lDptULYk-jpOUOGudU8tKgh3N6q\/edit?usp=sharing&amp;ouid=105191661902085234347&amp;rtpof=true&amp;sd=true\">Enlla\u00e7 graella degradaci\u00f3 per nivells de prim\u00e0ria<\/a><\/p>\n<p><iframe loading=\"lazy\" src=\"https:\/\/docs.google.com\/spreadsheets\/d\/e\/2PACX-1vQ-mU6Q4wlD_jbdm4O8TIVtNjQgFip-UmFVmW2nwsTaPP6NE_o5HAYc1PAzvsF1fg\/pubhtml?widget=true&amp;headers=false\" width=\"100%\" height=\"400\"><\/iframe><\/p>\n<p>Tal com figura en la nostra planificaci\u00f3 del pla d&#8217;estrat\u00e8gia digital de centre, aquests apartats es continuaran desenvolupant durant el curs vinent 23-24.<\/p>\n<p><a href=\"https:\/\/docs.google.com\/document\/d\/1y_afdBvcv10CxZH7R4eprdAfg2rx87HGC_FjxoWBlM8\/edit?usp=sharing\">Programaci\u00f3 infantil \u00e0mbit digital\u00a0<\/a><\/p>\n","protected":false},"excerpt":{"rendered":"<p>Els alumnes a partir de 1r poden fer servir chromebooks. Actualment disposem de 40 chromebooks per 1r, 2n , 3r i 4t gr\u00e0cies als fons propis i de l\u2019aportaci\u00f3 feta del PMOE. La resta de dispositius de l\u2019escola s\u00f3n els 42 chromebooks que fan servir els alumnes de 5\u00e8 i 6\u00e8 que han estat dotats [&hellip;]<\/p>\n","protected":false},"author":45,"featured_media":0,"parent":0,"menu_order":0,"comment_status":"closed","ping_status":"closed","template":"","meta":{"_bbp_topic_count":0,"_bbp_reply_count":0,"_bbp_total_topic_count":0,"_bbp_total_reply_count":0,"_bbp_voice_count":0,"_bbp_anonymous_reply_count":0,"_bbp_topic_count_hidden":0,"_bbp_reply_count_hidden":0,"_bbp_forum_subforum_count":0,"site-sidebar-layout":"default","site-content-layout":"","ast-site-content-layout":"","site-content-style":"default","site-sidebar-style":"default","ast-global-header-display":"","ast-banner-title-visibility":"","ast-main-header-display":"","ast-hfb-above-header-display":"","ast-hfb-below-header-display":"","ast-hfb-mobile-header-display":"","site-post-title":"","ast-breadcrumbs-content":"","ast-featured-img":"","footer-sml-layout":"","theme-transparent-header-meta":"","adv-header-id-meta":"","stick-header-meta":"","header-above-stick-meta":"","header-main-stick-meta":"","header-below-stick-meta":"","astra-migrate-meta-layouts":"default","ast-page-background-enabled":"default","ast-page-background-meta":{"desktop":{"background-color":"var(--ast-global-color-4)","background-image":"","background-repeat":"repeat","background-position":"center center","background-size":"auto","background-attachment":"scroll","background-type":"","background-media":"","overlay-type":"","overlay-color":"","overlay-opacity":"","overlay-gradient":""},"tablet":{"background-color":"","background-image":"","background-repeat":"repeat","background-position":"center center","background-size":"auto","background-attachment":"scroll","background-type":"","background-media":"","overlay-type":"","overlay-color":"","overlay-opacity":"","overlay-gradient":""},"mobile":{"background-color":"","background-image":"","background-repeat":"repeat","background-position":"center center","background-size":"auto","background-attachment":"scroll","background-type":"","background-media":"","overlay-type":"","overlay-color":"","overlay-opacity":"","overlay-gradient":""}},"ast-content-background-meta":{"desktop":{"background-color":"var(--ast-global-color-5)","background-image":"","background-repeat":"repeat","background-position":"center center","background-size":"auto","background-attachment":"scroll","background-type":"","background-media":"","overlay-type":"","overlay-color":"","overlay-opacity":"","overlay-gradient":""},"tablet":{"background-color":"var(--ast-global-color-5)","background-image":"","background-repeat":"repeat","background-position":"center center","background-size":"auto","background-attachment":"scroll","background-type":"","background-media":"","overlay-type":"","overlay-color":"","overlay-opacity":"","overlay-gradient":""},"mobile":{"background-color":"var(--ast-global-color-5)","background-image":"","background-repeat":"repeat","background-position":"center center","background-size":"auto","background-attachment":"scroll","background-type":"","background-media":"","overlay-type":"","overlay-color":"","overlay-opacity":"","overlay-gradient":""}},"footnotes":""},"class_list":["post-9168","page","type-page","status-publish","hentry"],"post_mailing_queue_ids":[],"_links":{"self":[{"href":"https:\/\/agora.xtec.cat\/ceip-eduard-marquina\/wp-json\/wp\/v2\/pages\/9168","targetHints":{"allow":["GET"]}}],"collection":[{"href":"https:\/\/agora.xtec.cat\/ceip-eduard-marquina\/wp-json\/wp\/v2\/pages"}],"about":[{"href":"https:\/\/agora.xtec.cat\/ceip-eduard-marquina\/wp-json\/wp\/v2\/types\/page"}],"author":[{"embeddable":true,"href":"https:\/\/agora.xtec.cat\/ceip-eduard-marquina\/wp-json\/wp\/v2\/users\/45"}],"replies":[{"embeddable":true,"href":"https:\/\/agora.xtec.cat\/ceip-eduard-marquina\/wp-json\/wp\/v2\/comments?post=9168"}],"version-history":[{"count":6,"href":"https:\/\/agora.xtec.cat\/ceip-eduard-marquina\/wp-json\/wp\/v2\/pages\/9168\/revisions"}],"predecessor-version":[{"id":10374,"href":"https:\/\/agora.xtec.cat\/ceip-eduard-marquina\/wp-json\/wp\/v2\/pages\/9168\/revisions\/10374"}],"wp:attachment":[{"href":"https:\/\/agora.xtec.cat\/ceip-eduard-marquina\/wp-json\/wp\/v2\/media?parent=9168"}],"curies":[{"name":"wp","href":"https:\/\/api.w.org\/{rel}","templated":true}]}}