{"id":9,"date":"2014-09-17T15:08:18","date_gmt":"2014-09-17T14:08:18","guid":{"rendered":"http:\/\/agora.xtec.cat\/ceip-eduard-marquina\/?page_id=9"},"modified":"2026-04-29T10:23:43","modified_gmt":"2026-04-29T08:23:43","slug":"pagina-dinici-buida","status":"publish","type":"page","link":"https:\/\/agora.xtec.cat\/ceip-eduard-marquina\/","title":{"rendered":""},"content":{"rendered":"<h3><\/h3>\n<h6 style=\"text-align: center;\"><a href=\"https:\/\/agora.xtec.cat\/ceip-eduard-marquina\/wp-content\/uploads\/usu1232\/2022\/07\/capcalera.jpg\"><img loading=\"lazy\" decoding=\"async\" class=\"alignnone size-large wp-image-8803\" src=\"https:\/\/agora.xtec.cat\/ceip-eduard-marquina\/wp-content\/uploads\/usu1232\/2022\/07\/capcalera-1024x331.jpg\" alt=\"\" width=\"1024\" height=\"331\" srcset=\"https:\/\/agora.xtec.cat\/ceip-eduard-marquina\/wp-content\/uploads\/usu1232\/2022\/07\/capcalera-1024x331.jpg 1024w, https:\/\/agora.xtec.cat\/ceip-eduard-marquina\/wp-content\/uploads\/usu1232\/2022\/07\/capcalera-300x97.jpg 300w, https:\/\/agora.xtec.cat\/ceip-eduard-marquina\/wp-content\/uploads\/usu1232\/2022\/07\/capcalera-768x248.jpg 768w, https:\/\/agora.xtec.cat\/ceip-eduard-marquina\/wp-content\/uploads\/usu1232\/2022\/07\/capcalera.jpg 1503w\" sizes=\"auto, (max-width: 1024px) 100vw, 1024px\" \/><\/a><\/h6>\n<h2 style=\"text-align: center;\"><a href=\"https:\/\/agora.xtec.cat\/ceip-eduard-marquina\/wp-content\/uploads\/usu1232\/2023\/11\/IMG20231025103625-scaled.jpg\"><img loading=\"lazy\" decoding=\"async\" class=\"alignnone size-large wp-image-9491\" src=\"https:\/\/agora.xtec.cat\/ceip-eduard-marquina\/wp-content\/uploads\/usu1232\/2023\/11\/IMG20231025103625-1024x461.jpg\" alt=\"\" width=\"1024\" height=\"461\" srcset=\"https:\/\/agora.xtec.cat\/ceip-eduard-marquina\/wp-content\/uploads\/usu1232\/2023\/11\/IMG20231025103625-1024x461.jpg 1024w, https:\/\/agora.xtec.cat\/ceip-eduard-marquina\/wp-content\/uploads\/usu1232\/2023\/11\/IMG20231025103625-300x135.jpg 300w, https:\/\/agora.xtec.cat\/ceip-eduard-marquina\/wp-content\/uploads\/usu1232\/2023\/11\/IMG20231025103625-768x346.jpg 768w, https:\/\/agora.xtec.cat\/ceip-eduard-marquina\/wp-content\/uploads\/usu1232\/2023\/11\/IMG20231025103625-1536x691.jpg 1536w, https:\/\/agora.xtec.cat\/ceip-eduard-marquina\/wp-content\/uploads\/usu1232\/2023\/11\/IMG20231025103625-2048x922.jpg 2048w\" sizes=\"auto, (max-width: 1024px) 100vw, 1024px\" \/><\/a><\/h2>\n<h4><span style=\"color: #ff0000;\">PREINSCRIPCI\u00d3 CURS 2026-2027<\/span><\/h4>\n<p>3 de mar\u00e7 <a href=\"https:\/\/agora.xtec.cat\/ceip-eduard-marquina\/wp-content\/uploads\/usu1232\/2026\/03\/PUBLICACIO-DE-LOFERTA-INICIAL.pdf\">PUBLICACI\u00d3 DE L&#8217;OFERTA INICIAL<\/a><\/p>\n<p>15 d&#8217;abril <a href=\"https:\/\/agora.xtec.cat\/ceip-eduard-marquina\/wp-content\/uploads\/usu1232\/2026\/04\/PUBLICACIO-LLISTA-BAREMADA-PROVISIONAL.pdf\">PUBLICACI\u00d3 LLISTA BAREMADA PROVISIONAL<\/a><\/p>\n<p>23 d&#8217;abril <a href=\"https:\/\/agora.xtec.cat\/ceip-eduard-marquina\/wp-content\/uploads\/usu1232\/2026\/04\/PUBLICACIO-LLISTA-BAREMADA-DEFINITIVA.pdf\">PUBLICACI\u00d3 LLISTA BAREMADA DEFINITIVA<\/a><\/p>\n<p>28 d&#8217;abril N\u00daMERO DE DESEMPAT\u00a0<span style=\"color: #00ccff;\">42.129 \u00a0<\/span><\/p>\n<p>29 d&#8217;abril <a href=\"https:\/\/agora.xtec.cat\/ceip-eduard-marquina\/wp-content\/uploads\/usu1232\/2026\/04\/PUBLICACIO-LLISTA-BAREMADA-DEFINITIVA-ORDENADA.pdf\">PUBLICACI\u00d3 LLISTA BAREMADA DEFINITIVA ORDENADA<\/a><\/p>\n<p style=\"text-align: center;\">Aqu\u00ed teniu tota la <a href=\"https:\/\/www.edubcn.cat\/ca\/alumnat_i_familia\/informacio_general_matriculacio\/preinscripcio_info\">informaci\u00f3<\/a><\/p>\n<p style=\"text-align: center;\"><a href=\"https:\/\/www.edubcn.cat\/ca\/alumnat_i_familia\/informacio_general_matriculacio\/preinscripcio_info\"><img loading=\"lazy\" decoding=\"async\" class=\"alignnone size-full wp-image-10642\" src=\"https:\/\/agora.xtec.cat\/ceip-eduard-marquina\/wp-content\/uploads\/usu1232\/2026\/02\/preinscripcio-baner-home-primaria-2026-27-1.png\" alt=\"\" width=\"746\" height=\"376\" srcset=\"https:\/\/agora.xtec.cat\/ceip-eduard-marquina\/wp-content\/uploads\/usu1232\/2026\/02\/preinscripcio-baner-home-primaria-2026-27-1.png 746w, https:\/\/agora.xtec.cat\/ceip-eduard-marquina\/wp-content\/uploads\/usu1232\/2026\/02\/preinscripcio-baner-home-primaria-2026-27-1-300x151.png 300w\" sizes=\"auto, (max-width: 746px) 100vw, 746px\" \/><\/a><\/p>\n<h3 style=\"text-align: center;\">Podeu consultar el calendari escolar en aquest enlla\u00e7.<\/h3>\n<h2 style=\"text-align: center;\"><a href=\"https:\/\/agora.xtec.cat\/ceip-eduard-marquina\/wp-content\/uploads\/usu1232\/2025\/07\/CALENDARI-CURS-2025-2026.pdf\">CALENDARI CURS 2025-2026<\/a><\/h2>\n<h3 style=\"text-align: center;\">Si teniu qualsevol dubte us podeu posar en contacte amb l\u2019escola.<\/h3>\n<h3 style=\"text-align: center;\">933053001<\/h3>\n<h3 style=\"text-align: center;\">a8002599<span class=\"atwho-query\">@xtec.cat<\/span><code><\/code><noscript><iframe rc=\"https:\/\/www.decidim.barcelona\/processes\/PressupostosParticipatius\/f\/3768\/proposals\/17997\/embed.html\" frameborder=\"10\" scrolling=\"vertical\"><\/iframe><\/noscript><\/h3>\n","protected":false},"excerpt":{"rendered":"<p>PREINSCRIPCI\u00d3 CURS 2026-2027 3 de mar\u00e7 PUBLICACI\u00d3 DE L&#8217;OFERTA INICIAL 15 d&#8217;abril PUBLICACI\u00d3 LLISTA BAREMADA PROVISIONAL 23 d&#8217;abril PUBLICACI\u00d3 LLISTA BAREMADA DEFINITIVA 28 d&#8217;abril N\u00daMERO DE DESEMPAT\u00a042.129 \u00a0 29 d&#8217;abril PUBLICACI\u00d3 LLISTA BAREMADA DEFINITIVA ORDENADA Aqu\u00ed teniu tota la informaci\u00f3 Podeu consultar el calendari escolar en aquest enlla\u00e7. CALENDARI CURS 2025-2026 Si teniu qualsevol dubte [&hellip;]<\/p>\n","protected":false},"author":1,"featured_media":0,"parent":7,"menu_order":0,"comment_status":"closed","ping_status":"closed","template":"","meta":{"_bbp_topic_count":0,"_bbp_reply_count":0,"_bbp_total_topic_count":0,"_bbp_total_reply_count":0,"_bbp_voice_count":0,"_bbp_anonymous_reply_count":0,"_bbp_topic_count_hidden":0,"_bbp_reply_count_hidden":0,"_bbp_forum_subforum_count":0,"site-sidebar-layout":"default","site-content-layout":"","ast-site-content-layout":"default","site-content-style":"default","site-sidebar-style":"default","ast-global-header-display":"","ast-banner-title-visibility":"","ast-main-header-display":"","ast-hfb-above-header-display":"","ast-hfb-below-header-display":"","ast-hfb-mobile-header-display":"","site-post-title":"","ast-breadcrumbs-content":"","ast-featured-img":"","footer-sml-layout":"","theme-transparent-header-meta":"default","adv-header-id-meta":"","stick-header-meta":"","header-above-stick-meta":"","header-main-stick-meta":"","header-below-stick-meta":"","astra-migrate-meta-layouts":"set","ast-page-background-enabled":"default","ast-page-background-meta":{"desktop":{"background-color":"var(--ast-global-color-4)","background-image":"","background-repeat":"repeat","background-position":"center center","background-size":"auto","background-attachment":"scroll","background-type":"","background-media":"","overlay-type":"","overlay-color":"","overlay-opacity":"","overlay-gradient":""},"tablet":{"background-color":"","background-image":"","background-repeat":"repeat","background-position":"center center","background-size":"auto","background-attachment":"scroll","background-type":"","background-media":"","overlay-type":"","overlay-color":"","overlay-opacity":"","overlay-gradient":""},"mobile":{"background-color":"","background-image":"","background-repeat":"repeat","background-position":"center center","background-size":"auto","background-attachment":"scroll","background-type":"","background-media":"","overlay-type":"","overlay-color":"","overlay-opacity":"","overlay-gradient":""}},"ast-content-background-meta":{"desktop":{"background-color":"var(--ast-global-color-5)","background-image":"","background-repeat":"repeat","background-position":"center center","background-size":"auto","background-attachment":"scroll","background-type":"","background-media":"","overlay-type":"","overlay-color":"","overlay-opacity":"","overlay-gradient":""},"tablet":{"background-color":"var(--ast-global-color-5)","background-image":"","background-repeat":"repeat","background-position":"center center","background-size":"auto","background-attachment":"scroll","background-type":"","background-media":"","overlay-type":"","overlay-color":"","overlay-opacity":"","overlay-gradient":""},"mobile":{"background-color":"var(--ast-global-color-5)","background-image":"","background-repeat":"repeat","background-position":"center center","background-size":"auto","background-attachment":"scroll","background-type":"","background-media":"","overlay-type":"","overlay-color":"","overlay-opacity":"","overlay-gradient":""}},"footnotes":""},"class_list":["post-9","page","type-page","status-publish","hentry"],"post_mailing_queue_ids":[],"_links":{"self":[{"href":"https:\/\/agora.xtec.cat\/ceip-eduard-marquina\/wp-json\/wp\/v2\/pages\/9","targetHints":{"allow":["GET"]}}],"collection":[{"href":"https:\/\/agora.xtec.cat\/ceip-eduard-marquina\/wp-json\/wp\/v2\/pages"}],"about":[{"href":"https:\/\/agora.xtec.cat\/ceip-eduard-marquina\/wp-json\/wp\/v2\/types\/page"}],"author":[{"embeddable":true,"href":"https:\/\/agora.xtec.cat\/ceip-eduard-marquina\/wp-json\/wp\/v2\/users\/1"}],"replies":[{"embeddable":true,"href":"https:\/\/agora.xtec.cat\/ceip-eduard-marquina\/wp-json\/wp\/v2\/comments?post=9"}],"version-history":[{"count":5,"href":"https:\/\/agora.xtec.cat\/ceip-eduard-marquina\/wp-json\/wp\/v2\/pages\/9\/revisions"}],"predecessor-version":[{"id":10800,"href":"https:\/\/agora.xtec.cat\/ceip-eduard-marquina\/wp-json\/wp\/v2\/pages\/9\/revisions\/10800"}],"up":[{"embeddable":true,"href":"https:\/\/agora.xtec.cat\/ceip-eduard-marquina\/wp-json\/wp\/v2\/pages\/7"}],"wp:attachment":[{"href":"https:\/\/agora.xtec.cat\/ceip-eduard-marquina\/wp-json\/wp\/v2\/media?parent=9"}],"curies":[{"name":"wp","href":"https:\/\/api.w.org\/{rel}","templated":true}]}}