{"id":8937,"date":"2022-10-14T09:28:26","date_gmt":"2022-10-14T07:28:26","guid":{"rendered":"https:\/\/agora.xtec.cat\/ceip-eduard-marquina\/?page_id=8937"},"modified":"2023-04-27T13:41:10","modified_gmt":"2023-04-27T11:41:10","slug":"objectius-edc","status":"publish","type":"page","link":"https:\/\/agora.xtec.cat\/ceip-eduard-marquina\/objectius-edc\/","title":{"rendered":"OBJECTIUS (EDC)"},"content":{"rendered":"<p>Objectius (ECD)<\/p>\n<p>En la visi\u00f3 del centre, tal com es defineix en el projecte educatiu de centre (PEC), queda molt clar que l\u2019\u00fas habitual de les tecnologies ha de ser un dels pilars del centre:<\/p>\n<p><em>\u201c\u00c9s un centre actiu, emprenedor, amb visi\u00f3 de futur, que pret\u00e9n la millora constant del rendiment acad\u00e8mic de l\u2019alumnat mitjan\u00e7ant\u00a0<strong>l\u2019\u00fas habitual de les TAC<\/strong>, l\u2019impuls de les lleng\u00fces estrangeres, de la compet\u00e8ncia art\u00edstica i la promoci\u00f3 de les habilitats socials i emocionals i el treball cooperatiu per arribar a ser un referent de qualitat educativa, tenint present en tot moment en el benestar emocional de les persones.\u201d<\/em><\/p>\n<p>A partir d\u2019aquesta visi\u00f3, dels objectius del PEC i de la diagnosi que s\u2019ha realitzat, s\u2019han establert diferents objectius:<\/p>\n<p><strong>OBJECTIUS A PARTIR DE LA DIAGNOSI<\/strong><\/p>\n<ol>\n<li style=\"font-weight: 400;\" aria-level=\"1\"><span style=\"font-weight: 400;\">Definir el desplegament complet de la compet\u00e8ncia digital de l\u2019alumnat:<\/span><\/li>\n<\/ol>\n<p><span style=\"font-weight: 400;\">1.1 Recollir les activitats relacionades amb la compet\u00e8ncia digital que es realitzen a cada equip docent.<\/span><\/p>\n<p><span style=\"font-weight: 400;\">1.2 Definir la r\u00fabrica d\u2019avaluaci\u00f3 de la compet\u00e8ncia digital per cada nivell.<\/span><\/p>\n<p><span style=\"font-weight: 400;\">1.3 Adaptar les programacions d\u2019\u00e0mbit o de projectes per incloure activitats per valorar les compet\u00e8ncies acordades.<\/span><\/p>\n<p>1.4 Fer el desplegament curricular de la compet\u00e8ncia digital (graelles de compet\u00e8ncies i graus d&#8217;assoliment).<\/p>\n<p><span style=\"font-weight: 400;\">2.Crear un sistema unificat i de f\u00e0cil acc\u00e9s per a l\u2019emmagatzematge de les activitats d\u2019ensenyament aprenentatge.<\/span><\/p>\n<p><span style=\"font-weight: 400;\">2.1 Crear un repositori o biblioteca en l\u00ednia d\u2019activitats d\u2019ensenyament-aprenentatge.<\/span><\/p>\n<p><span style=\"font-weight: 400;\">3.Fomentar la realitzaci\u00f3 d\u2019activitats d\u2019aprenentatge digital qu\u00e8 impliquin el desenvolupament de la creativitat de l\u2019alumnat.<\/span><\/p>\n<p><span style=\"font-weight: 400;\">3.1 Detectar les activitats d\u2019aprenentatge digital que estem fent actualment i que promoguin la creativitat per part de l\u2019alumnat.<\/span><\/p>\n<p><span style=\"font-weight: 400;\">3.2 Realitzaci\u00f3 de trobades trimestrals per compartir experi\u00e8ncies d\u2019activitats d\u2019aprenentatge digital que fomentin la creativitat.<\/span><\/p>\n<p><span style=\"font-weight: 400;\">4.Millorar la utilitzaci\u00f3 de tecnologies digitals en relaci\u00f3 a les pr\u00e0ctiques avaluatives.<\/span><\/p>\n<p><span style=\"font-weight: 400;\">4.1 Dissenyar activitats d\u2019avaluaci\u00f3 amb tecnologies digitals que incorporin retroalimentaci\u00f3 pels alumnes.<\/span><\/p>\n<p><span style=\"font-weight: 400;\">4.2 Crear activitats d\u2019avaluaci\u00f3 amb tecnologies digitals que permetin que l\u2019alumnat pugui fer observacions constructives sobre el treball dels seus companys o companyes.<\/span><\/p>\n<p><span style=\"font-weight: 400;\">4.3 Generar un dossier virtual d\u2019aprenentatge que promogui la reflexi\u00f3 de l\u2019alumne sobre el seu aprenentatge. ( Bloc, Google Sites, WordPress, etc\u2026 )<\/span><\/p>\n<p><span style=\"font-weight: 400;\">5. Millorar l\u2019acolliment digital de les fam\u00edlies<\/span><\/p>\n<p><span style=\"font-weight: 400;\">5.1 Realitzar sessions\u00a0 de formaci\u00f3 per a fam\u00edlies noves o de reciclatge per a fam\u00edlies usu\u00e0ries actuals del centre. Pla de barris.<\/span><\/p>\n<p><strong>TEMPORITZACI\u00d3 I INDICADORS<\/strong><\/p>\n<p>Desenvolupar una taula amb cada objectiu definit pel 1r , 2n i 3r trimestre.<\/p>\n<p><a href=\"https:\/\/docs.google.com\/spreadsheets\/d\/1Uz1u7w2TNgWpjjP6D7X_aPNkuWEwwlq8\/edit?usp=sharing&amp;ouid=105191661902085234347&amp;rtpof=true&amp;sd=true\">Recull d&#8217;activitats compet\u00e8ncia digital i degradaci\u00f3 compet\u00e8ncial<\/a><\/p>\n","protected":false},"excerpt":{"rendered":"<p>Objectius (ECD) En la visi\u00f3 del centre, tal com es defineix en el projecte educatiu de centre (PEC), queda molt clar que l\u2019\u00fas habitual de les tecnologies ha de ser un dels pilars del centre: \u201c\u00c9s un centre actiu, emprenedor, amb visi\u00f3 de futur, que pret\u00e9n la millora constant del rendiment acad\u00e8mic de l\u2019alumnat mitjan\u00e7ant\u00a0l\u2019\u00fas [&hellip;]<\/p>\n","protected":false},"author":45,"featured_media":0,"parent":0,"menu_order":0,"comment_status":"closed","ping_status":"closed","template":"","meta":{"_bbp_topic_count":0,"_bbp_reply_count":0,"_bbp_total_topic_count":0,"_bbp_total_reply_count":0,"_bbp_voice_count":0,"_bbp_anonymous_reply_count":0,"_bbp_topic_count_hidden":0,"_bbp_reply_count_hidden":0,"_bbp_forum_subforum_count":0,"site-sidebar-layout":"default","site-content-layout":"","ast-site-content-layout":"","site-content-style":"default","site-sidebar-style":"default","ast-global-header-display":"","ast-banner-title-visibility":"","ast-main-header-display":"","ast-hfb-above-header-display":"","ast-hfb-below-header-display":"","ast-hfb-mobile-header-display":"","site-post-title":"","ast-breadcrumbs-content":"","ast-featured-img":"","footer-sml-layout":"","theme-transparent-header-meta":"","adv-header-id-meta":"","stick-header-meta":"","header-above-stick-meta":"","header-main-stick-meta":"","header-below-stick-meta":"","astra-migrate-meta-layouts":"default","ast-page-background-enabled":"default","ast-page-background-meta":{"desktop":{"background-color":"var(--ast-global-color-4)","background-image":"","background-repeat":"repeat","background-position":"center center","background-size":"auto","background-attachment":"scroll","background-type":"","background-media":"","overlay-type":"","overlay-color":"","overlay-opacity":"","overlay-gradient":""},"tablet":{"background-color":"","background-image":"","background-repeat":"repeat","background-position":"center center","background-size":"auto","background-attachment":"scroll","background-type":"","background-media":"","overlay-type":"","overlay-color":"","overlay-opacity":"","overlay-gradient":""},"mobile":{"background-color":"","background-image":"","background-repeat":"repeat","background-position":"center center","background-size":"auto","background-attachment":"scroll","background-type":"","background-media":"","overlay-type":"","overlay-color":"","overlay-opacity":"","overlay-gradient":""}},"ast-content-background-meta":{"desktop":{"background-color":"var(--ast-global-color-5)","background-image":"","background-repeat":"repeat","background-position":"center center","background-size":"auto","background-attachment":"scroll","background-type":"","background-media":"","overlay-type":"","overlay-color":"","overlay-opacity":"","overlay-gradient":""},"tablet":{"background-color":"var(--ast-global-color-5)","background-image":"","background-repeat":"repeat","background-position":"center center","background-size":"auto","background-attachment":"scroll","background-type":"","background-media":"","overlay-type":"","overlay-color":"","overlay-opacity":"","overlay-gradient":""},"mobile":{"background-color":"var(--ast-global-color-5)","background-image":"","background-repeat":"repeat","background-position":"center center","background-size":"auto","background-attachment":"scroll","background-type":"","background-media":"","overlay-type":"","overlay-color":"","overlay-opacity":"","overlay-gradient":""}},"footnotes":""},"class_list":["post-8937","page","type-page","status-publish","hentry"],"post_mailing_queue_ids":[],"_links":{"self":[{"href":"https:\/\/agora.xtec.cat\/ceip-eduard-marquina\/wp-json\/wp\/v2\/pages\/8937","targetHints":{"allow":["GET"]}}],"collection":[{"href":"https:\/\/agora.xtec.cat\/ceip-eduard-marquina\/wp-json\/wp\/v2\/pages"}],"about":[{"href":"https:\/\/agora.xtec.cat\/ceip-eduard-marquina\/wp-json\/wp\/v2\/types\/page"}],"author":[{"embeddable":true,"href":"https:\/\/agora.xtec.cat\/ceip-eduard-marquina\/wp-json\/wp\/v2\/users\/45"}],"replies":[{"embeddable":true,"href":"https:\/\/agora.xtec.cat\/ceip-eduard-marquina\/wp-json\/wp\/v2\/comments?post=8937"}],"version-history":[{"count":4,"href":"https:\/\/agora.xtec.cat\/ceip-eduard-marquina\/wp-json\/wp\/v2\/pages\/8937\/revisions"}],"predecessor-version":[{"id":9202,"href":"https:\/\/agora.xtec.cat\/ceip-eduard-marquina\/wp-json\/wp\/v2\/pages\/8937\/revisions\/9202"}],"wp:attachment":[{"href":"https:\/\/agora.xtec.cat\/ceip-eduard-marquina\/wp-json\/wp\/v2\/media?parent=8937"}],"curies":[{"name":"wp","href":"https:\/\/api.w.org\/{rel}","templated":true}]}}