{"id":8935,"date":"2022-10-14T09:25:56","date_gmt":"2022-10-14T07:25:56","guid":{"rendered":"https:\/\/agora.xtec.cat\/ceip-eduard-marquina\/?page_id=8935"},"modified":"2023-05-29T09:18:10","modified_gmt":"2023-05-29T07:18:10","slug":"diagnosi","status":"publish","type":"page","link":"https:\/\/agora.xtec.cat\/ceip-eduard-marquina\/diagnosi\/","title":{"rendered":"DIAGNOSI"},"content":{"rendered":"<p><strong>Diagnosi<\/strong><\/p>\n<p>Per fer la diagnosi, la comissi\u00f3 digital del centre ha utilitzat dos recursos:<\/p>\n<ul>\n<li>Q\u00fcestionari SELFIE: Enquesta a l\u2019alumnat: la participaci\u00f3 de l\u2019alumnat ha estat del 100% tant en un cas com en l\u2019altre tenint en compte els participants previstos ( alumnat de 5\u00e8 fins a 6\u00e8 ). S\u2019han establert les preguntes que cont\u00e8 el programa SELFIE, eina dissenyada per ajudar als centres educatius a integrar les tecnologies digitals en la doc\u00e8ncia, l\u2019aprenentatge i l\u2019avaluaci\u00f3 de l\u2019alumnat.<\/li>\n<li>Q\u00fcestionari SELFIE For Teachers: En aquest cas la participaci\u00f3 entre els mestres ha estat del 98%, i les preguntes tamb\u00e9 s\u2019han establert fent servir la pr\u00f2pia eina SELFIE For Teachers.<\/li>\n<\/ul>\n<p>Aqu\u00ed podeu veure les graelles dels resultats obtinguts i l\u00b4informe que hem elaborat.<\/p>\n<p><a href=\"https:\/\/docs.google.com\/spreadsheets\/d\/1KAhJcYpBRneTlnd-_Edqx_TXJVs7lmpS15bFa5OmHpM\/edit?usp=sharing\">Diagnosi Selfie for Teachers ESCOLA EDUARD MARQUINA<\/a><\/p>\n<p><a href=\"https:\/\/docs.google.com\/document\/d\/188srQgXwfhnJfIKv1k9q_8MZaq_Sfj6ZK5VcavM2V6E\/edit?usp=share_link\">Informe diagnosi<\/a><\/p>\n<p>&nbsp;<\/p>\n","protected":false},"excerpt":{"rendered":"<p>Diagnosi Per fer la diagnosi, la comissi\u00f3 digital del centre ha utilitzat dos recursos: Q\u00fcestionari SELFIE: Enquesta a l\u2019alumnat: la participaci\u00f3 de l\u2019alumnat ha estat del 100% tant en un cas com en l\u2019altre tenint en compte els participants previstos ( alumnat de 5\u00e8 fins a 6\u00e8 ). S\u2019han establert les preguntes que cont\u00e8 el [&hellip;]<\/p>\n","protected":false},"author":45,"featured_media":0,"parent":0,"menu_order":0,"comment_status":"closed","ping_status":"closed","template":"","meta":{"_bbp_topic_count":0,"_bbp_reply_count":0,"_bbp_total_topic_count":0,"_bbp_total_reply_count":0,"_bbp_voice_count":0,"_bbp_anonymous_reply_count":0,"_bbp_topic_count_hidden":0,"_bbp_reply_count_hidden":0,"_bbp_forum_subforum_count":0,"site-sidebar-layout":"default","site-content-layout":"","ast-site-content-layout":"","site-content-style":"default","site-sidebar-style":"default","ast-global-header-display":"","ast-banner-title-visibility":"","ast-main-header-display":"","ast-hfb-above-header-display":"","ast-hfb-below-header-display":"","ast-hfb-mobile-header-display":"","site-post-title":"","ast-breadcrumbs-content":"","ast-featured-img":"","footer-sml-layout":"","theme-transparent-header-meta":"","adv-header-id-meta":"","stick-header-meta":"","header-above-stick-meta":"","header-main-stick-meta":"","header-below-stick-meta":"","astra-migrate-meta-layouts":"default","ast-page-background-enabled":"default","ast-page-background-meta":{"desktop":{"background-color":"var(--ast-global-color-4)","background-image":"","background-repeat":"repeat","background-position":"center center","background-size":"auto","background-attachment":"scroll","background-type":"","background-media":"","overlay-type":"","overlay-color":"","overlay-opacity":"","overlay-gradient":""},"tablet":{"background-color":"","background-image":"","background-repeat":"repeat","background-position":"center center","background-size":"auto","background-attachment":"scroll","background-type":"","background-media":"","overlay-type":"","overlay-color":"","overlay-opacity":"","overlay-gradient":""},"mobile":{"background-color":"","background-image":"","background-repeat":"repeat","background-position":"center center","background-size":"auto","background-attachment":"scroll","background-type":"","background-media":"","overlay-type":"","overlay-color":"","overlay-opacity":"","overlay-gradient":""}},"ast-content-background-meta":{"desktop":{"background-color":"var(--ast-global-color-5)","background-image":"","background-repeat":"repeat","background-position":"center center","background-size":"auto","background-attachment":"scroll","background-type":"","background-media":"","overlay-type":"","overlay-color":"","overlay-opacity":"","overlay-gradient":""},"tablet":{"background-color":"var(--ast-global-color-5)","background-image":"","background-repeat":"repeat","background-position":"center center","background-size":"auto","background-attachment":"scroll","background-type":"","background-media":"","overlay-type":"","overlay-color":"","overlay-opacity":"","overlay-gradient":""},"mobile":{"background-color":"var(--ast-global-color-5)","background-image":"","background-repeat":"repeat","background-position":"center center","background-size":"auto","background-attachment":"scroll","background-type":"","background-media":"","overlay-type":"","overlay-color":"","overlay-opacity":"","overlay-gradient":""}},"footnotes":""},"class_list":["post-8935","page","type-page","status-publish","hentry"],"post_mailing_queue_ids":[],"_links":{"self":[{"href":"https:\/\/agora.xtec.cat\/ceip-eduard-marquina\/wp-json\/wp\/v2\/pages\/8935","targetHints":{"allow":["GET"]}}],"collection":[{"href":"https:\/\/agora.xtec.cat\/ceip-eduard-marquina\/wp-json\/wp\/v2\/pages"}],"about":[{"href":"https:\/\/agora.xtec.cat\/ceip-eduard-marquina\/wp-json\/wp\/v2\/types\/page"}],"author":[{"embeddable":true,"href":"https:\/\/agora.xtec.cat\/ceip-eduard-marquina\/wp-json\/wp\/v2\/users\/45"}],"replies":[{"embeddable":true,"href":"https:\/\/agora.xtec.cat\/ceip-eduard-marquina\/wp-json\/wp\/v2\/comments?post=8935"}],"version-history":[{"count":3,"href":"https:\/\/agora.xtec.cat\/ceip-eduard-marquina\/wp-json\/wp\/v2\/pages\/8935\/revisions"}],"predecessor-version":[{"id":9270,"href":"https:\/\/agora.xtec.cat\/ceip-eduard-marquina\/wp-json\/wp\/v2\/pages\/8935\/revisions\/9270"}],"wp:attachment":[{"href":"https:\/\/agora.xtec.cat\/ceip-eduard-marquina\/wp-json\/wp\/v2\/media?parent=8935"}],"curies":[{"name":"wp","href":"https:\/\/api.w.org\/{rel}","templated":true}]}}