{"id":8929,"date":"2022-10-14T08:21:46","date_gmt":"2022-10-14T06:21:46","guid":{"rendered":"https:\/\/agora.xtec.cat\/ceip-eduard-marquina\/?page_id=8929"},"modified":"2025-10-24T10:58:17","modified_gmt":"2025-10-24T08:58:17","slug":"cultura-digital","status":"publish","type":"page","link":"https:\/\/agora.xtec.cat\/ceip-eduard-marquina\/cultura-digital\/","title":{"rendered":"CULTURA DIGITAL"},"content":{"rendered":"<h1><span style=\"font-weight: 400;\">Cultura Digital<\/span><\/h1>\n<p><span style=\"font-weight: 400;\">En aquest apartat es recullen tots els documents del centre que fan refer\u00e8ncia a aspectes de la cultura digital. D\u2019aquesta manera, es pot tenir una visi\u00f3 completa de l\u2019assoliment d\u2019aquesta cultura pel que fa a centre.<\/span><\/p>\n<p><span style=\"font-weight: 400;\">\u00a0<strong>PLATAFORMA DIGITAL<\/strong><\/span><\/p>\n<p><span style=\"font-weight: 400;\">El centre disposa d\u2019un domini G Suite for Education propi. D\u2019aquesta manera, alumnat, professorat, i personal d\u2019administraci\u00f3 i fam\u00edlies disposen d\u2019un usuari\u00a0@emarquina.cat<\/span><\/p>\n<p><strong>DOCUMENTACI\u00d3<\/strong><\/p>\n<p><span style=\"font-weight: 400;\">\u00a0<\/span><span style=\"font-weight: 400;\">El centre organitza tota la documentaci\u00f3 en unitats compartides. Aquestes unitats es comparteixen exclusivament amb\u00a0grups, de tal manera que en tot moment es controla qui t\u00e9 acc\u00e9s a la informaci\u00f3.<\/span><\/p>\n<p><span style=\"font-weight: 400;\">A m\u00e9s dels fulls anteriors, en aquestes carpetes hi ha tota la resta d\u2019informaci\u00f3 que necessita el centre. Des de la documentaci\u00f3 oficial (PEC, NOFC, projecte de direcci\u00f3, etc), passant per llistes d\u2019alumnes, o relativa a les programacions<\/span><\/p>\n<h1><span style=\"font-weight: 400;\">Calendari<\/span><\/h1>\n<p><span style=\"font-weight: 400;\">El centre t\u00e9 diversos calendaris per organitzar els esdeveniments i les tasques:\u00a0<\/span><\/p>\n<ul>\n<li style=\"font-weight: 400;\" aria-level=\"1\"><span style=\"font-weight: 400;\">General \u201cEduard Marquina 22-23\u201d: hi tenen acc\u00e9s el professorat, les fam\u00edlies i l\u2019alumnat, i s\u2019hi indiquen les dates fonamentals del centre: inici de classes, vacances, festius, sortides\u2026<\/span><\/li>\n<li style=\"font-weight: 400;\" aria-level=\"1\"><a href=\"https:\/\/agora.xtec.cat\/ceip-eduard-marquina\/\"><span style=\"font-weight: 400;\">L\u2019enlla\u00e7 al calendari general es troba a la p\u00e0gina web del centre, a la columna de l\u2019esquerra.<\/span><\/a><\/li>\n<li style=\"font-weight: 400;\" aria-level=\"1\"><span style=\"font-weight: 400;\">Professorat \u201cEduard Marquina\u201d: nom\u00e9s hi tenen acc\u00e9s el professorat i s\u2019hi indiquen les activitats del claustre (reunions, formacions, juntes d\u2019avaluaci\u00f3\u2026)<\/span><\/li>\n<\/ul>\n<div><\/div>\n<h1><span style=\"font-weight: 400;\">Comunicaci\u00f3:<\/span><\/h1>\n<p><strong>Portal web:<\/strong><\/p>\n<p><span style=\"font-weight: 400;\">El centre disposa d\u2019un web amb la informaci\u00f3 p\u00fablica. S\u2019hi poden trobar informacions est\u00e0tiques que es revisen peri\u00f2dicament (documentaci\u00f3, actes, calendari escolar,\u2026) i articles din\u00e0mics sobre el que va succe\u00efnt al centre dia a dia.<\/span><\/p>\n<p><span style=\"font-weight: 400;\">Aquest web est\u00e0 basada en la plantilla de la plataforma Nodes que ofereix el Departament d\u2019Educaci\u00f3.<\/span><\/p>\n<p><strong>Comunicaci\u00f3 amb les fam\u00edlies:<\/strong><\/p>\n<p><span style=\"font-weight: 400;\">Totes les informacions amb les fam\u00edlies es poden fer per un dels seg\u00fcents canals:<\/span><\/p>\n<ul>\n<li style=\"font-weight: 400;\" aria-level=\"1\"><span style=\"font-weight: 400;\">Per correu electr\u00f2nic.<\/span><\/li>\n<li style=\"font-weight: 400;\" aria-level=\"1\"><span style=\"font-weight: 400;\">Per tel\u00e8fon.<\/span><\/li>\n<li style=\"font-weight: 400;\" aria-level=\"1\"><span style=\"font-weight: 400;\">En persona, amb cita pr\u00e8via.<\/span><\/li>\n<\/ul>\n<p><strong>Telegram:<\/strong><\/p>\n<p><span style=\"font-weight: 400;\">\u00c9s una eina de comunicaci\u00f3 unidireccional ( Escola \u2013&gt; fam\u00edlies ) que es fa servir per enviar les comunicacions m\u00e9s importants a les fam\u00edlies.\u00a0<\/span><\/p>\n<header class=\"entry-header\">\n<h1><span style=\"font-weight: 400;\">Aplicacions<\/span><\/h1>\n<\/header>\n<div class=\"entry-content\">\n<p>Per unificar les aplicacions que els alumnes utilitzen i per assessorar el professorat en la seva utilitzaci\u00f3, el centre est\u00e0 creant un repositori d\u2019aplicacions, programari o extensions que es fan servir a l\u2019escola. Aquest respositori no \u00e9s definitiu, est\u00e0 en construcci\u00f3 i en proc\u00e9s de canvi permanent i obert.<\/p>\n<\/div>\n<p>Llistat d&#8217;aplicacions que utilitza l&#8217;escola:<\/p>\n<p>Per acabar de completar&#8230;.<\/p>\n<ul>\n<li>Live works sheet<\/li>\n<li>Canva<\/li>\n<li>Padlet<\/li>\n<li>Geneally<\/li>\n<li>&#8230;<\/li>\n<\/ul>\n<header class=\"entry-header\">\n<h1><span style=\"font-weight: 400;\">Maquinari<\/span><\/h1>\n<\/header>\n<div class=\"entry-content\">\n<div>\n<p>CHROMEBOOKS<\/p>\n<\/div>\n<p>A l\u2019Escola els alumnes disposen d\u2019ordinadors Chromebook des de 1r fins a 6\u00e8. Tenim un carro amb 22 Chromebooks per a compartir de 1r a 3r. Podem trobar un horari per apuntar-nos en una franja horaria i poder fer \u00fas del carro de Chromebooks. Aqu\u00ed est\u00e0 el link de l&#8217;horari per sol.licitar hora del carro de Chromebooks: <a href=\"https:\/\/docs.google.com\/document\/d\/1eDI-MriftAV_uFxjGQeAEVOutNBfPp-V\/edit?usp=share_link&amp;ouid=105191661902085234347&amp;rtpof=true&amp;sd=true\">Horari Chromebooks.<\/a><\/p>\n<p>En el cas de 4rt actualment disposem d\u2019aproximadament\u00a0 1 Chromebook per alumne.\u00a0 En el cas de 5\u00e8 hi ha un dispositiu per cada alumne per\u00f2 encara restem a l&#8217;espera que el departament ens faci l&#8217;entrega abans de finals d\u00b4aquest desembre., un total de 22.\u00a0 I per \u00faltim els alumnes de 6\u00e8 tamb\u00e9 tenen un chomebook per cadasc\u00fa. Pel que es refereix a la dotaci\u00f3 d\u2019aquests dispositus,els dels alumnes de 6\u00e8 han estat subministrats pel departament d\u2019educaci\u00f3. <strong>La resta de Chromebooks els tenim gr\u00e0cies a la dotaci\u00f3 econ\u00f2mica de l\u2019escola.<\/strong><\/p>\n<p><a href=\"https:\/\/agora.xtec.cat\/ceiplapalmera\/wp-content\/uploads\/usu1503\/2022\/05\/baixa.png\"><img loading=\"lazy\" decoding=\"async\" class=\"wp-image-1488 size-medium aligncenter\" src=\"https:\/\/agora.xtec.cat\/ceiplapalmera\/wp-content\/uploads\/usu1503\/2022\/05\/baixa-300x57.png\" sizes=\"auto, (max-width: 300px) 100vw, 300px\" srcset=\"https:\/\/agora.xtec.cat\/escolalapalmera\/wp-content\/uploads\/usu1503\/2022\/05\/baixa-300x57.png 300w, https:\/\/agora.xtec.cat\/escolalapalmera\/wp-content\/uploads\/usu1503\/2022\/05\/baixa.png 515w\" alt=\"\" width=\"300\" height=\"57\" \/><\/a><\/p>\n<p>Els ordinadors del professorat han estat subministrats pel departament d\u2019educaci\u00f3.<\/p>\n<p>A continuaci\u00f3 hi ha enlla\u00e7at alguns documents per fer la gesti\u00f3 d\u2019aquests Chromebooks:<\/p>\n<ul>\n<li><a href=\"https:\/\/docs.google.com\/presentation\/d\/1W1orEHvBHfLi6cJ0Thr7VQmsKSKE39WQ0qZm4PAOkoU\/edit?usp=sharing\" target=\"_blank\" rel=\"noopener\"><strong>Desenrolar dispositius Chromebook.<\/strong><\/a><\/li>\n<\/ul>\n<\/div>\n<header class=\"entry-header\">\n<h1><span style=\"font-weight: 400;\">Tractament imatges<\/span><\/h1>\n<\/header>\n<div class=\"entry-content\">\n<p>A l\u2019escola la pol\u00edtica de tractament i emmagatzematge de les imatges segueix les seg\u00fcents directrius:<\/p>\n<p>Declaraci\u00f3 dels drets d&#8217;imatge firmada a principi de curs i carta de comprom\u00eds.<\/p>\n<p>Articles al nodes amb contrasenya.<\/p>\n<p>&nbsp;<\/p>\n<\/div>\n<p>&nbsp;<\/p>\n<p>&nbsp;<\/p>\n","protected":false},"excerpt":{"rendered":"<p>Cultura Digital En aquest apartat es recullen tots els documents del centre que fan refer\u00e8ncia a aspectes de la cultura digital. D\u2019aquesta manera, es pot tenir una visi\u00f3 completa de l\u2019assoliment d\u2019aquesta cultura pel que fa a centre. \u00a0PLATAFORMA DIGITAL El centre disposa d\u2019un domini G Suite for Education propi. D\u2019aquesta manera, alumnat, professorat, i [&hellip;]<\/p>\n","protected":false},"author":45,"featured_media":0,"parent":0,"menu_order":0,"comment_status":"closed","ping_status":"closed","template":"","meta":{"_bbp_topic_count":0,"_bbp_reply_count":0,"_bbp_total_topic_count":0,"_bbp_total_reply_count":0,"_bbp_voice_count":0,"_bbp_anonymous_reply_count":0,"_bbp_topic_count_hidden":0,"_bbp_reply_count_hidden":0,"_bbp_forum_subforum_count":0,"site-sidebar-layout":"default","site-content-layout":"","ast-site-content-layout":"","site-content-style":"default","site-sidebar-style":"default","ast-global-header-display":"","ast-banner-title-visibility":"","ast-main-header-display":"","ast-hfb-above-header-display":"","ast-hfb-below-header-display":"","ast-hfb-mobile-header-display":"","site-post-title":"","ast-breadcrumbs-content":"","ast-featured-img":"","footer-sml-layout":"","theme-transparent-header-meta":"","adv-header-id-meta":"","stick-header-meta":"","header-above-stick-meta":"","header-main-stick-meta":"","header-below-stick-meta":"","astra-migrate-meta-layouts":"default","ast-page-background-enabled":"default","ast-page-background-meta":{"desktop":{"background-color":"var(--ast-global-color-4)","background-image":"","background-repeat":"repeat","background-position":"center center","background-size":"auto","background-attachment":"scroll","background-type":"","background-media":"","overlay-type":"","overlay-color":"","overlay-opacity":"","overlay-gradient":""},"tablet":{"background-color":"","background-image":"","background-repeat":"repeat","background-position":"center center","background-size":"auto","background-attachment":"scroll","background-type":"","background-media":"","overlay-type":"","overlay-color":"","overlay-opacity":"","overlay-gradient":""},"mobile":{"background-color":"","background-image":"","background-repeat":"repeat","background-position":"center center","background-size":"auto","background-attachment":"scroll","background-type":"","background-media":"","overlay-type":"","overlay-color":"","overlay-opacity":"","overlay-gradient":""}},"ast-content-background-meta":{"desktop":{"background-color":"var(--ast-global-color-5)","background-image":"","background-repeat":"repeat","background-position":"center center","background-size":"auto","background-attachment":"scroll","background-type":"","background-media":"","overlay-type":"","overlay-color":"","overlay-opacity":"","overlay-gradient":""},"tablet":{"background-color":"var(--ast-global-color-5)","background-image":"","background-repeat":"repeat","background-position":"center center","background-size":"auto","background-attachment":"scroll","background-type":"","background-media":"","overlay-type":"","overlay-color":"","overlay-opacity":"","overlay-gradient":""},"mobile":{"background-color":"var(--ast-global-color-5)","background-image":"","background-repeat":"repeat","background-position":"center center","background-size":"auto","background-attachment":"scroll","background-type":"","background-media":"","overlay-type":"","overlay-color":"","overlay-opacity":"","overlay-gradient":""}},"footnotes":""},"class_list":["post-8929","page","type-page","status-publish","hentry"],"post_mailing_queue_ids":[],"_links":{"self":[{"href":"https:\/\/agora.xtec.cat\/ceip-eduard-marquina\/wp-json\/wp\/v2\/pages\/8929","targetHints":{"allow":["GET"]}}],"collection":[{"href":"https:\/\/agora.xtec.cat\/ceip-eduard-marquina\/wp-json\/wp\/v2\/pages"}],"about":[{"href":"https:\/\/agora.xtec.cat\/ceip-eduard-marquina\/wp-json\/wp\/v2\/types\/page"}],"author":[{"embeddable":true,"href":"https:\/\/agora.xtec.cat\/ceip-eduard-marquina\/wp-json\/wp\/v2\/users\/45"}],"replies":[{"embeddable":true,"href":"https:\/\/agora.xtec.cat\/ceip-eduard-marquina\/wp-json\/wp\/v2\/comments?post=8929"}],"version-history":[{"count":5,"href":"https:\/\/agora.xtec.cat\/ceip-eduard-marquina\/wp-json\/wp\/v2\/pages\/8929\/revisions"}],"predecessor-version":[{"id":10451,"href":"https:\/\/agora.xtec.cat\/ceip-eduard-marquina\/wp-json\/wp\/v2\/pages\/8929\/revisions\/10451"}],"wp:attachment":[{"href":"https:\/\/agora.xtec.cat\/ceip-eduard-marquina\/wp-json\/wp\/v2\/media?parent=8929"}],"curies":[{"name":"wp","href":"https:\/\/api.w.org\/{rel}","templated":true}]}}