{"id":84,"date":"2014-09-18T14:11:31","date_gmt":"2014-09-18T13:11:31","guid":{"rendered":"http:\/\/agora.xtec.cat\/ceip-eduard-marquina\/?page_id=84"},"modified":"2021-01-28T11:34:31","modified_gmt":"2021-01-28T10:34:31","slug":"activitats-extraescolars","status":"publish","type":"page","link":"https:\/\/agora.xtec.cat\/ceip-eduard-marquina\/serveis\/activitats-extraescolars\/","title":{"rendered":"Activitats de tarda"},"content":{"rendered":"<p style=\"text-align: center;\">Les activitats extralectives de l&#8217;escola s\u00f3n de dilluns a dijous de 14:30 h. a 16 h. <a href=\"https:\/\/agora.xtec.cat\/ceip-eduard-marquina\/wp-content\/uploads\/usu1232\/2020\/07\/CARTELL-POEFA.png\"><img loading=\"lazy\" decoding=\"async\" class=\"wp-image-7349 alignright\" src=\"https:\/\/agora.xtec.cat\/ceip-eduard-marquina\/wp-content\/uploads\/usu1232\/2020\/07\/CARTELL-POEFA-1024x722.png\" alt=\"\" width=\"438\" height=\"309\" srcset=\"https:\/\/agora.xtec.cat\/ceip-eduard-marquina\/wp-content\/uploads\/usu1232\/2020\/07\/CARTELL-POEFA-1024x722.png 1024w, https:\/\/agora.xtec.cat\/ceip-eduard-marquina\/wp-content\/uploads\/usu1232\/2020\/07\/CARTELL-POEFA-300x211.png 300w, https:\/\/agora.xtec.cat\/ceip-eduard-marquina\/wp-content\/uploads\/usu1232\/2020\/07\/CARTELL-POEFA-768x541.png 768w, https:\/\/agora.xtec.cat\/ceip-eduard-marquina\/wp-content\/uploads\/usu1232\/2020\/07\/CARTELL-POEFA.png 1244w\" sizes=\"auto, (max-width: 438px) 100vw, 438px\" \/><\/a><\/p>\n<p>Estan gestionades per l&#8217;entitat:<\/p>\n<ul>\n<li><strong><a href=\"https:\/\/cet10.com\/es\/\" target=\"_blank\" rel=\"noopener noreferrer\">CET 10:\u00a0<\/a><\/strong><\/li>\n<\/ul>\n<p>A l&#8217;escola tamb\u00e9 fem:<\/p>\n<ul>\n<li><strong>CORAL: 2n i 3r<\/strong><\/li>\n<li><strong>MUS-E: 1r<\/strong><\/li>\n<li><strong>Esports.<br \/>\n<\/strong><\/li>\n<li><strong>R\u00e0dio<\/strong><\/li>\n<li><strong>PISCINA: <\/strong>1r. durant tot el curs i 5\u00e8 i 6\u00e8 un trimestre\u00a0al CEM Mareme<\/li>\n<\/ul>\n<p>&nbsp;<\/p>\n","protected":false},"excerpt":{"rendered":"<p>Les activitats extralectives de l&#8217;escola s\u00f3n de dilluns a dijous de 14:30 h. a 16 h. Estan gestionades per l&#8217;entitat: CET 10:\u00a0 A l&#8217;escola tamb\u00e9 fem: CORAL: 2n i 3r MUS-E: 1r Esports. R\u00e0dio PISCINA: 1r. durant tot el curs i 5\u00e8 i 6\u00e8 un trimestre\u00a0al CEM Mareme &nbsp;<\/p>\n","protected":false},"author":1,"featured_media":0,"parent":66,"menu_order":60,"comment_status":"closed","ping_status":"closed","template":"page-templates\/side-menu.php","meta":{"_bbp_topic_count":0,"_bbp_reply_count":0,"_bbp_total_topic_count":0,"_bbp_total_reply_count":0,"_bbp_voice_count":0,"_bbp_anonymous_reply_count":0,"_bbp_topic_count_hidden":0,"_bbp_reply_count_hidden":0,"_bbp_forum_subforum_count":0,"site-sidebar-layout":"default","site-content-layout":"","ast-site-content-layout":"","site-content-style":"default","site-sidebar-style":"default","ast-global-header-display":"","ast-banner-title-visibility":"","ast-main-header-display":"","ast-hfb-above-header-display":"","ast-hfb-below-header-display":"","ast-hfb-mobile-header-display":"","site-post-title":"","ast-breadcrumbs-content":"","ast-featured-img":"","footer-sml-layout":"","theme-transparent-header-meta":"","adv-header-id-meta":"","stick-header-meta":"","header-above-stick-meta":"","header-main-stick-meta":"","header-below-stick-meta":"","astra-migrate-meta-layouts":"default","ast-page-background-enabled":"default","ast-page-background-meta":{"desktop":{"background-color":"var(--ast-global-color-4)","background-image":"","background-repeat":"repeat","background-position":"center center","background-size":"auto","background-attachment":"scroll","background-type":"","background-media":"","overlay-type":"","overlay-color":"","overlay-opacity":"","overlay-gradient":""},"tablet":{"background-color":"","background-image":"","background-repeat":"repeat","background-position":"center center","background-size":"auto","background-attachment":"scroll","background-type":"","background-media":"","overlay-type":"","overlay-color":"","overlay-opacity":"","overlay-gradient":""},"mobile":{"background-color":"","background-image":"","background-repeat":"repeat","background-position":"center center","background-size":"auto","background-attachment":"scroll","background-type":"","background-media":"","overlay-type":"","overlay-color":"","overlay-opacity":"","overlay-gradient":""}},"ast-content-background-meta":{"desktop":{"background-color":"var(--ast-global-color-5)","background-image":"","background-repeat":"repeat","background-position":"center center","background-size":"auto","background-attachment":"scroll","background-type":"","background-media":"","overlay-type":"","overlay-color":"","overlay-opacity":"","overlay-gradient":""},"tablet":{"background-color":"var(--ast-global-color-5)","background-image":"","background-repeat":"repeat","background-position":"center center","background-size":"auto","background-attachment":"scroll","background-type":"","background-media":"","overlay-type":"","overlay-color":"","overlay-opacity":"","overlay-gradient":""},"mobile":{"background-color":"var(--ast-global-color-5)","background-image":"","background-repeat":"repeat","background-position":"center center","background-size":"auto","background-attachment":"scroll","background-type":"","background-media":"","overlay-type":"","overlay-color":"","overlay-opacity":"","overlay-gradient":""}},"footnotes":""},"class_list":["post-84","page","type-page","status-publish","hentry"],"post_mailing_queue_ids":[],"_links":{"self":[{"href":"https:\/\/agora.xtec.cat\/ceip-eduard-marquina\/wp-json\/wp\/v2\/pages\/84","targetHints":{"allow":["GET"]}}],"collection":[{"href":"https:\/\/agora.xtec.cat\/ceip-eduard-marquina\/wp-json\/wp\/v2\/pages"}],"about":[{"href":"https:\/\/agora.xtec.cat\/ceip-eduard-marquina\/wp-json\/wp\/v2\/types\/page"}],"author":[{"embeddable":true,"href":"https:\/\/agora.xtec.cat\/ceip-eduard-marquina\/wp-json\/wp\/v2\/users\/1"}],"replies":[{"embeddable":true,"href":"https:\/\/agora.xtec.cat\/ceip-eduard-marquina\/wp-json\/wp\/v2\/comments?post=84"}],"version-history":[{"count":5,"href":"https:\/\/agora.xtec.cat\/ceip-eduard-marquina\/wp-json\/wp\/v2\/pages\/84\/revisions"}],"predecessor-version":[{"id":7578,"href":"https:\/\/agora.xtec.cat\/ceip-eduard-marquina\/wp-json\/wp\/v2\/pages\/84\/revisions\/7578"}],"up":[{"embeddable":true,"href":"https:\/\/agora.xtec.cat\/ceip-eduard-marquina\/wp-json\/wp\/v2\/pages\/66"}],"wp:attachment":[{"href":"https:\/\/agora.xtec.cat\/ceip-eduard-marquina\/wp-json\/wp\/v2\/media?parent=84"}],"curies":[{"name":"wp","href":"https:\/\/api.w.org\/{rel}","templated":true}]}}