{"id":7966,"date":"2021-10-18T21:56:43","date_gmt":"2021-10-18T19:56:43","guid":{"rendered":"https:\/\/agora.xtec.cat\/ceip-eduard-marquina\/?page_id=7966"},"modified":"2026-01-08T14:28:04","modified_gmt":"2026-01-08T13:28:04","slug":"collaboradors","status":"publish","type":"page","link":"https:\/\/agora.xtec.cat\/ceip-eduard-marquina\/collaboradors\/","title":{"rendered":"COL\u00b7LABORADORS"},"content":{"rendered":"\n<p>Programa finan\u00e7at pel Ministeri d&#8217;Educaci\u00f3, Formaci\u00f3 Professional i Esports, amb el suport de la Generalitat de Catalunya:<\/p>\n\n\n\n<figure class=\"wp-block-image size-full\"><a href=\"https:\/\/agora.xtec.cat\/ceip-eduard-marquina\/wp-content\/uploads\/usu1232\/2026\/01\/codigo-escola-4.0.png\"><img loading=\"lazy\" decoding=\"async\" width=\"795\" height=\"62\" src=\"https:\/\/agora.xtec.cat\/ceip-eduard-marquina\/wp-content\/uploads\/usu1232\/2026\/01\/codigo-escola-4.0.png\" alt=\"\" class=\"wp-image-10551\" srcset=\"https:\/\/agora.xtec.cat\/ceip-eduard-marquina\/wp-content\/uploads\/usu1232\/2026\/01\/codigo-escola-4.0.png 795w, https:\/\/agora.xtec.cat\/ceip-eduard-marquina\/wp-content\/uploads\/usu1232\/2026\/01\/codigo-escola-4.0-300x23.png 300w, https:\/\/agora.xtec.cat\/ceip-eduard-marquina\/wp-content\/uploads\/usu1232\/2026\/01\/codigo-escola-4.0-768x60.png 768w\" sizes=\"auto, (max-width: 795px) 100vw, 795px\" \/><\/a><\/figure>\n\n\n\n<p>En compliment del que es disposa al Reglament&nbsp;(UE) 2021\/1057 del Parlament Europeu i del Consell&nbsp;de 24 de juny de 2021 pel qual s&#8217;estableix el Fons Social Europeu Plus (FSE+) l&#8217;emblema europeu figurar\u00e0 de manera destacada en tots els materials de comunicaci\u00f3, com ara productes impresos o digitals, llocs web i les seves versions m\u00f2bils, relatives a l&#8217;aplicaci\u00f3 d&#8217;una operaci\u00f3 i destinats al p\u00fablic o els participants.&nbsp;<\/p>\n\n\n\n<figure class=\"wp-block-image size-full\"><a href=\"https:\/\/agora.xtec.cat\/ceip-eduard-marquina\/wp-content\/uploads\/usu1232\/2026\/01\/Escola-4.0.png\"><img loading=\"lazy\" decoding=\"async\" width=\"905\" height=\"81\" src=\"https:\/\/agora.xtec.cat\/ceip-eduard-marquina\/wp-content\/uploads\/usu1232\/2026\/01\/Escola-4.0.png\" alt=\"\" class=\"wp-image-10549\" srcset=\"https:\/\/agora.xtec.cat\/ceip-eduard-marquina\/wp-content\/uploads\/usu1232\/2026\/01\/Escola-4.0.png 905w, https:\/\/agora.xtec.cat\/ceip-eduard-marquina\/wp-content\/uploads\/usu1232\/2026\/01\/Escola-4.0-300x27.png 300w, https:\/\/agora.xtec.cat\/ceip-eduard-marquina\/wp-content\/uploads\/usu1232\/2026\/01\/Escola-4.0-768x69.png 768w\" sizes=\"auto, (max-width: 905px) 100vw, 905px\" \/><\/a><\/figure>\n\n\n\n<p><\/p>\n\n\n<p><a href=\"https:\/\/concilia.incoop.cat\/besos-login-solicitar-cita\/\"><img loading=\"lazy\" decoding=\"async\" class=\"alignnone wp-image-10417\" src=\"https:\/\/agora.xtec.cat\/ceip-eduard-marquina\/wp-content\/uploads\/usu1232\/2025\/09\/Concilia.png\" alt=\"\" width=\"258\" height=\"105\" srcset=\"https:\/\/agora.xtec.cat\/ceip-eduard-marquina\/wp-content\/uploads\/usu1232\/2025\/09\/Concilia.png 352w, https:\/\/agora.xtec.cat\/ceip-eduard-marquina\/wp-content\/uploads\/usu1232\/2025\/09\/Concilia-300x122.png 300w\" sizes=\"auto, (max-width: 258px) 100vw, 258px\" \/><\/a><a href=\"https:\/\/agora.xtec.cat\/ceip-eduard-marquina\/wp-content\/uploads\/usu1232\/2021\/11\/Logo-DLEC.png\">\u00a0 \u00a0 \u00a0 \u00a0 \u00a0 \u00a0 \u00a0 \u00a0 <\/a><a href=\"https:\/\/somdlec.org\/\"><img loading=\"lazy\" decoding=\"async\" class=\"alignnone wp-image-9485\" src=\"https:\/\/agora.xtec.cat\/ceip-eduard-marquina\/wp-content\/uploads\/usu1232\/2023\/11\/DLec_COLOR-300x156.png\" alt=\"\" width=\"229\" height=\"119\" srcset=\"https:\/\/agora.xtec.cat\/ceip-eduard-marquina\/wp-content\/uploads\/usu1232\/2023\/11\/DLec_COLOR-300x156.png 300w, https:\/\/agora.xtec.cat\/ceip-eduard-marquina\/wp-content\/uploads\/usu1232\/2023\/11\/DLec_COLOR-1024x534.png 1024w, https:\/\/agora.xtec.cat\/ceip-eduard-marquina\/wp-content\/uploads\/usu1232\/2023\/11\/DLec_COLOR-768x400.png 768w, https:\/\/agora.xtec.cat\/ceip-eduard-marquina\/wp-content\/uploads\/usu1232\/2023\/11\/DLec_COLOR-1536x801.png 1536w, https:\/\/agora.xtec.cat\/ceip-eduard-marquina\/wp-content\/uploads\/usu1232\/2023\/11\/DLec_COLOR.png 1655w\" sizes=\"auto, (max-width: 229px) 100vw, 229px\" \/><\/a><a href=\"https:\/\/tallerdemusics.com\/escuela-de-musica\/\">\u00a0 \u00a0 \u00a0 \u00a0 \u00a0 \u00a0 \u00a0 \u00a0 \u00a0 \u00a0 \u00a0 \u00a0 \u00a0 \u00a0<\/a><a href=\"https:\/\/fundacionyehudimenuhin.org\/programas\/mus-e\/\"><img loading=\"lazy\" decoding=\"async\" class=\"alignnone size-full wp-image-8036\" src=\"https:\/\/agora.xtec.cat\/ceip-eduard-marquina\/wp-content\/uploads\/usu1232\/2021\/11\/Logo-muse.jpg\" alt=\"\" width=\"175\" height=\"175\" srcset=\"https:\/\/agora.xtec.cat\/ceip-eduard-marquina\/wp-content\/uploads\/usu1232\/2021\/11\/Logo-muse.jpg 175w, https:\/\/agora.xtec.cat\/ceip-eduard-marquina\/wp-content\/uploads\/usu1232\/2021\/11\/Logo-muse-150x150.jpg 150w\" sizes=\"auto, (max-width: 175px) 100vw, 175px\" \/>\u00a0 \u00a0 \u00a0 \u00a0 \u00a0 \u00a0 \u00a0 \u00a0 \u00a0 \u00a0 <\/a><a href=\"https:\/\/lacentraldelcirc.cat\/?lang=es\"><img loading=\"lazy\" decoding=\"async\" class=\"alignnone wp-image-8042\" src=\"https:\/\/agora.xtec.cat\/ceip-eduard-marquina\/wp-content\/uploads\/usu1232\/2021\/11\/logo-central-del-circ.jpg\" alt=\"\" width=\"202\" height=\"202\" srcset=\"https:\/\/agora.xtec.cat\/ceip-eduard-marquina\/wp-content\/uploads\/usu1232\/2021\/11\/logo-central-del-circ.jpg 225w, https:\/\/agora.xtec.cat\/ceip-eduard-marquina\/wp-content\/uploads\/usu1232\/2021\/11\/logo-central-del-circ-150x150.jpg 150w\" sizes=\"auto, (max-width: 202px) 100vw, 202px\" \/> \u00a0 \u00a0 \u00a0 \u00a0 \u00a0 \u00a0 \u00a0 \u00a0 <\/a><a href=\"https:\/\/cet10.com\/fundacio-cet10\/\"><img loading=\"lazy\" decoding=\"async\" class=\"alignnone wp-image-8046\" src=\"https:\/\/agora.xtec.cat\/ceip-eduard-marquina\/wp-content\/uploads\/usu1232\/2021\/11\/logo-cet10.png\" alt=\"\" width=\"157\" height=\"157\" srcset=\"https:\/\/agora.xtec.cat\/ceip-eduard-marquina\/wp-content\/uploads\/usu1232\/2021\/11\/logo-cet10.png 225w, https:\/\/agora.xtec.cat\/ceip-eduard-marquina\/wp-content\/uploads\/usu1232\/2021\/11\/logo-cet10-150x150.png 150w\" sizes=\"auto, (max-width: 157px) 100vw, 157px\" \/><\/a><a href=\"https:\/\/agora.xtec.cat\/ceip-eduard-marquina\/wp-content\/uploads\/usu1232\/2021\/11\/logo-central-del-circ.jpg\">\u00a0 \u00a0 \u00a0<\/a><a href=\"https:\/\/esport.gencat.cat\/ca\/arees_dactuacio\/escolar\/placatala_esportescola\"><img loading=\"lazy\" decoding=\"async\" class=\"alignnone wp-image-8050\" src=\"https:\/\/agora.xtec.cat\/ceip-eduard-marquina\/wp-content\/uploads\/usu1232\/2021\/11\/PCEE.jpg\" alt=\"\" width=\"318\" height=\"88\" srcset=\"https:\/\/agora.xtec.cat\/ceip-eduard-marquina\/wp-content\/uploads\/usu1232\/2021\/11\/PCEE.jpg 427w, https:\/\/agora.xtec.cat\/ceip-eduard-marquina\/wp-content\/uploads\/usu1232\/2021\/11\/PCEE-300x83.jpg 300w\" sizes=\"auto, (max-width: 318px) 100vw, 318px\" \/>\u00a0 \u00a0 \u00a0 \u00a0 \u00a0 \u00a0 \u00a0 \u00a0 \u00a0 \u00a0 \u00a0 \u00a0 \u00a0 \u00a0 \u00a0 \u00a0 \u00a0 \u00a0 \u00a0 \u00a0 \u00a0 \u00a0 \u00a0 \u00a0 \u00a0 \u00a0 \u00a0 \u00a0 \u00a0 \u00a0 \u00a0 \u00a0 \u00a0 \u00a0 \u00a0 \u00a0 \u00a0 \u00a0 \u00a0 \u00a0 \u00a0 \u00a0 \u00a0 \u00a0 \u00a0 \u00a0 \u00a0 \u00a0 \u00a0 \u00a0 \u00a0 \u00a0 \u00a0 \u00a0 \u00a0 \u00a0 \u00a0 \u00a0 \u00a0 \u00a0 \u00a0 \u00a0 \u00a0 \u00a0 \u00a0 \u00a0 \u00a0 \u00a0 \u00a0 \u00a0 \u00a0 \u00a0 \u00a0 \u00a0 \u00a0 \u00a0 \u00a0 \u00a0 \u00a0 \u00a0 \u00a0 <\/a><a href=\"https:\/\/feeb.cat\/\"><img loading=\"lazy\" decoding=\"async\" class=\"wp-image-8049 alignnone\" src=\"https:\/\/agora.xtec.cat\/ceip-eduard-marquina\/wp-content\/uploads\/usu1232\/2021\/11\/FEEB-logo-oficial-color-1-1024x346.png\" alt=\"\" width=\"293\" height=\"99\" srcset=\"https:\/\/agora.xtec.cat\/ceip-eduard-marquina\/wp-content\/uploads\/usu1232\/2021\/11\/FEEB-logo-oficial-color-1-1024x346.png 1024w, https:\/\/agora.xtec.cat\/ceip-eduard-marquina\/wp-content\/uploads\/usu1232\/2021\/11\/FEEB-logo-oficial-color-1-300x101.png 300w, https:\/\/agora.xtec.cat\/ceip-eduard-marquina\/wp-content\/uploads\/usu1232\/2021\/11\/FEEB-logo-oficial-color-1-768x260.png 768w, https:\/\/agora.xtec.cat\/ceip-eduard-marquina\/wp-content\/uploads\/usu1232\/2021\/11\/FEEB-logo-oficial-color-1-1536x519.png 1536w, https:\/\/agora.xtec.cat\/ceip-eduard-marquina\/wp-content\/uploads\/usu1232\/2021\/11\/FEEB-logo-oficial-color-1-2048x692.png 2048w\" sizes=\"auto, (max-width: 293px) 100vw, 293px\" \/><\/a><\/p>\n\n\n<p><\/p>\n","protected":false},"excerpt":{"rendered":"<p>Programa finan\u00e7at pel Ministeri d&#8217;Educaci\u00f3, Formaci\u00f3 Professional i Esports, amb el suport de la Generalitat de Catalunya: En compliment del que es disposa al Reglament&nbsp;(UE) 2021\/1057 del Parlament Europeu i del Consell&nbsp;de 24 de juny de 2021 pel qual s&#8217;estableix el Fons Social Europeu Plus (FSE+) l&#8217;emblema europeu figurar\u00e0 de manera destacada en tots els [&hellip;]<\/p>\n","protected":false},"author":23,"featured_media":0,"parent":0,"menu_order":0,"comment_status":"closed","ping_status":"closed","template":"","meta":{"_bbp_topic_count":0,"_bbp_reply_count":0,"_bbp_total_topic_count":0,"_bbp_total_reply_count":0,"_bbp_voice_count":0,"_bbp_anonymous_reply_count":0,"_bbp_topic_count_hidden":0,"_bbp_reply_count_hidden":0,"_bbp_forum_subforum_count":0,"site-sidebar-layout":"default","site-content-layout":"","ast-site-content-layout":"default","site-content-style":"default","site-sidebar-style":"default","ast-global-header-display":"","ast-banner-title-visibility":"","ast-main-header-display":"","ast-hfb-above-header-display":"","ast-hfb-below-header-display":"","ast-hfb-mobile-header-display":"","site-post-title":"","ast-breadcrumbs-content":"","ast-featured-img":"","footer-sml-layout":"","theme-transparent-header-meta":"","adv-header-id-meta":"","stick-header-meta":"","header-above-stick-meta":"","header-main-stick-meta":"","header-below-stick-meta":"","astra-migrate-meta-layouts":"set","ast-page-background-enabled":"default","ast-page-background-meta":{"desktop":{"background-color":"var(--ast-global-color-4)","background-image":"","background-repeat":"repeat","background-position":"center center","background-size":"auto","background-attachment":"scroll","background-type":"","background-media":"","overlay-type":"","overlay-color":"","overlay-opacity":"","overlay-gradient":""},"tablet":{"background-color":"","background-image":"","background-repeat":"repeat","background-position":"center center","background-size":"auto","background-attachment":"scroll","background-type":"","background-media":"","overlay-type":"","overlay-color":"","overlay-opacity":"","overlay-gradient":""},"mobile":{"background-color":"","background-image":"","background-repeat":"repeat","background-position":"center center","background-size":"auto","background-attachment":"scroll","background-type":"","background-media":"","overlay-type":"","overlay-color":"","overlay-opacity":"","overlay-gradient":""}},"ast-content-background-meta":{"desktop":{"background-color":"var(--ast-global-color-5)","background-image":"","background-repeat":"repeat","background-position":"center center","background-size":"auto","background-attachment":"scroll","background-type":"","background-media":"","overlay-type":"","overlay-color":"","overlay-opacity":"","overlay-gradient":""},"tablet":{"background-color":"var(--ast-global-color-5)","background-image":"","background-repeat":"repeat","background-position":"center center","background-size":"auto","background-attachment":"scroll","background-type":"","background-media":"","overlay-type":"","overlay-color":"","overlay-opacity":"","overlay-gradient":""},"mobile":{"background-color":"var(--ast-global-color-5)","background-image":"","background-repeat":"repeat","background-position":"center center","background-size":"auto","background-attachment":"scroll","background-type":"","background-media":"","overlay-type":"","overlay-color":"","overlay-opacity":"","overlay-gradient":""}},"footnotes":""},"class_list":["post-7966","page","type-page","status-publish","hentry"],"post_mailing_queue_ids":[],"_links":{"self":[{"href":"https:\/\/agora.xtec.cat\/ceip-eduard-marquina\/wp-json\/wp\/v2\/pages\/7966","targetHints":{"allow":["GET"]}}],"collection":[{"href":"https:\/\/agora.xtec.cat\/ceip-eduard-marquina\/wp-json\/wp\/v2\/pages"}],"about":[{"href":"https:\/\/agora.xtec.cat\/ceip-eduard-marquina\/wp-json\/wp\/v2\/types\/page"}],"author":[{"embeddable":true,"href":"https:\/\/agora.xtec.cat\/ceip-eduard-marquina\/wp-json\/wp\/v2\/users\/23"}],"replies":[{"embeddable":true,"href":"https:\/\/agora.xtec.cat\/ceip-eduard-marquina\/wp-json\/wp\/v2\/comments?post=7966"}],"version-history":[{"count":6,"href":"https:\/\/agora.xtec.cat\/ceip-eduard-marquina\/wp-json\/wp\/v2\/pages\/7966\/revisions"}],"predecessor-version":[{"id":10556,"href":"https:\/\/agora.xtec.cat\/ceip-eduard-marquina\/wp-json\/wp\/v2\/pages\/7966\/revisions\/10556"}],"wp:attachment":[{"href":"https:\/\/agora.xtec.cat\/ceip-eduard-marquina\/wp-json\/wp\/v2\/media?parent=7966"}],"curies":[{"name":"wp","href":"https:\/\/api.w.org\/{rel}","templated":true}]}}