{"id":4519,"date":"2020-03-25T12:32:15","date_gmt":"2020-03-25T11:32:15","guid":{"rendered":"http:\/\/agora.xtec.cat\/ceip-eduard-marquina\/?page_id=4519"},"modified":"2026-01-09T11:43:30","modified_gmt":"2026-01-09T10:43:30","slug":"contacte","status":"publish","type":"page","link":"https:\/\/agora.xtec.cat\/ceip-eduard-marquina\/lescola\/contacte\/","title":{"rendered":"Contacte"},"content":{"rendered":"<p><strong>Equip directiu:<\/strong><\/p>\n<p>Escola: a8002599@xtec.cat<\/p>\n<ul>\n<li>Director: David Martin &#8211; davidmartin@emarquina.cat<\/li>\n<li>Cap d&#8217;estudis: Eva Momp\u00f3 &#8211; evamompo@emarquina.cat<\/li>\n<li>Secretari: Ricard Larrosa &#8211; ricardlarrosa@emarquina.cat<\/li>\n<\/ul>\n<p><strong>Infantil:<\/strong><\/p>\n<ul>\n<li>I3: Laura Campillo &#8211; lauracampillo@emarquina.cat<\/li>\n<li>I4: Marta Catal\u00e0 &#8211; martacatala@emarquina.cat<\/li>\n<li>I5: Mar Ruiz &#8211; marruiz@emarquina.cat<\/li>\n<li>Suport: Pilar Abella &#8211; pilarabella@emarquina.cat<\/li>\n<li>TEEI: Cecilia Lombardo &#8211; cecilialombard@emarquina.cat<\/li>\n<\/ul>\n<p><strong>Prim\u00e0ria:<\/strong><\/p>\n<ul>\n<li>1r: Laura P\u00e9rez &#8211; lauraperez@emarquin.cat<\/li>\n<li>2n: Ariadna Gonz\u00e1lez &#8211; ariadnagonzalez@emarquina.cat<\/li>\n<li>3r: Raquel Manzanares &#8211; raquelmanzanares@emarquina.cat<\/li>\n<li>4t:\u00a0\u00a0Elisabet Garcia -elisabetgc@emarquina.cat<\/li>\n<li>5\u00e8:\u00a0Iv\u00e1n Mar\u00edn &#8211; ivan@emarquina.cat<\/li>\n<li>6\u00e8:\u00a0Cristian Pujada &#8211; cristianpujada<span class=\"\">@<\/span>emarquina.cat<\/li>\n<\/ul>\n<p><strong>Especialistes:\u00a0\u00a0<\/strong><\/p>\n<ul>\n<li>Educaci\u00f3 F\u00edsica: Laura Santos &#8211; laurasantos@emarquina.cat<\/li>\n<\/ul>\n<ul>\n<li>M\u00fasica: Laura Madri\u00e0 &#8211; lauramadria@emarquina.cat<\/li>\n<\/ul>\n<ul>\n<li>Angl\u00e8s: Isaac Mart\u00ednez &#8211; isaac@emarquina.cat<\/li>\n<\/ul>\n<ul>\n<li>Educaci\u00f3 Especial:<br \/>\nAroa Mateo &#8211; aroamateo@emarquina.cat<br \/>\nSara Godoy &#8211; saragodoy@emarquina.cat<\/li>\n<\/ul>\n<ul>\n<li>Religi\u00f3: Ver\u00f3nica Jurado &#8211; veronicajurado@emarquina.cat<\/li>\n<\/ul>\n<ul>\n<li>Aula d&#8217;acollida: Iris Villuendas &#8211; iris@emarquina.cat<\/li>\n<\/ul>\n<p><strong>SIEI:<\/strong><\/p>\n<ul>\n<li>Albert Miranda &#8211; albertmiranda@emarquina.cat<\/li>\n<\/ul>\n","protected":false},"excerpt":{"rendered":"<p>Equip directiu: Escola: a8002599@xtec.cat Director: David Martin &#8211; davidmartin@emarquina.cat Cap d&#8217;estudis: Eva Momp\u00f3 &#8211; evamompo@emarquina.cat Secretari: Ricard Larrosa &#8211; ricardlarrosa@emarquina.cat Infantil: I3: Laura Campillo &#8211; lauracampillo@emarquina.cat I4: Marta Catal\u00e0 &#8211; martacatala@emarquina.cat I5: Mar Ruiz &#8211; marruiz@emarquina.cat Suport: Pilar Abella &#8211; pilarabella@emarquina.cat TEEI: Cecilia Lombardo &#8211; cecilialombard@emarquina.cat Prim\u00e0ria: 1r: Laura P\u00e9rez &#8211; lauraperez@emarquin.cat 2n: Ariadna Gonz\u00e1lez [&hellip;]<\/p>\n","protected":false},"author":23,"featured_media":0,"parent":22,"menu_order":0,"comment_status":"closed","ping_status":"closed","template":"","meta":{"_bbp_topic_count":0,"_bbp_reply_count":0,"_bbp_total_topic_count":0,"_bbp_total_reply_count":0,"_bbp_voice_count":0,"_bbp_anonymous_reply_count":0,"_bbp_topic_count_hidden":0,"_bbp_reply_count_hidden":0,"_bbp_forum_subforum_count":0,"site-sidebar-layout":"default","site-content-layout":"","ast-site-content-layout":"default","site-content-style":"default","site-sidebar-style":"default","ast-global-header-display":"","ast-banner-title-visibility":"","ast-main-header-display":"","ast-hfb-above-header-display":"","ast-hfb-below-header-display":"","ast-hfb-mobile-header-display":"","site-post-title":"","ast-breadcrumbs-content":"","ast-featured-img":"","footer-sml-layout":"","theme-transparent-header-meta":"default","adv-header-id-meta":"","stick-header-meta":"","header-above-stick-meta":"","header-main-stick-meta":"","header-below-stick-meta":"","astra-migrate-meta-layouts":"set","ast-page-background-enabled":"default","ast-page-background-meta":{"desktop":{"background-color":"var(--ast-global-color-4)","background-image":"","background-repeat":"repeat","background-position":"center center","background-size":"auto","background-attachment":"scroll","background-type":"","background-media":"","overlay-type":"","overlay-color":"","overlay-opacity":"","overlay-gradient":""},"tablet":{"background-color":"","background-image":"","background-repeat":"repeat","background-position":"center center","background-size":"auto","background-attachment":"scroll","background-type":"","background-media":"","overlay-type":"","overlay-color":"","overlay-opacity":"","overlay-gradient":""},"mobile":{"background-color":"","background-image":"","background-repeat":"repeat","background-position":"center center","background-size":"auto","background-attachment":"scroll","background-type":"","background-media":"","overlay-type":"","overlay-color":"","overlay-opacity":"","overlay-gradient":""}},"ast-content-background-meta":{"desktop":{"background-color":"var(--ast-global-color-5)","background-image":"","background-repeat":"repeat","background-position":"center center","background-size":"auto","background-attachment":"scroll","background-type":"","background-media":"","overlay-type":"","overlay-color":"","overlay-opacity":"","overlay-gradient":""},"tablet":{"background-color":"var(--ast-global-color-5)","background-image":"","background-repeat":"repeat","background-position":"center center","background-size":"auto","background-attachment":"scroll","background-type":"","background-media":"","overlay-type":"","overlay-color":"","overlay-opacity":"","overlay-gradient":""},"mobile":{"background-color":"var(--ast-global-color-5)","background-image":"","background-repeat":"repeat","background-position":"center center","background-size":"auto","background-attachment":"scroll","background-type":"","background-media":"","overlay-type":"","overlay-color":"","overlay-opacity":"","overlay-gradient":""}},"footnotes":""},"class_list":["post-4519","page","type-page","status-publish","hentry"],"post_mailing_queue_ids":[],"_links":{"self":[{"href":"https:\/\/agora.xtec.cat\/ceip-eduard-marquina\/wp-json\/wp\/v2\/pages\/4519","targetHints":{"allow":["GET"]}}],"collection":[{"href":"https:\/\/agora.xtec.cat\/ceip-eduard-marquina\/wp-json\/wp\/v2\/pages"}],"about":[{"href":"https:\/\/agora.xtec.cat\/ceip-eduard-marquina\/wp-json\/wp\/v2\/types\/page"}],"author":[{"embeddable":true,"href":"https:\/\/agora.xtec.cat\/ceip-eduard-marquina\/wp-json\/wp\/v2\/users\/23"}],"replies":[{"embeddable":true,"href":"https:\/\/agora.xtec.cat\/ceip-eduard-marquina\/wp-json\/wp\/v2\/comments?post=4519"}],"version-history":[{"count":7,"href":"https:\/\/agora.xtec.cat\/ceip-eduard-marquina\/wp-json\/wp\/v2\/pages\/4519\/revisions"}],"predecessor-version":[{"id":10558,"href":"https:\/\/agora.xtec.cat\/ceip-eduard-marquina\/wp-json\/wp\/v2\/pages\/4519\/revisions\/10558"}],"up":[{"embeddable":true,"href":"https:\/\/agora.xtec.cat\/ceip-eduard-marquina\/wp-json\/wp\/v2\/pages\/22"}],"wp:attachment":[{"href":"https:\/\/agora.xtec.cat\/ceip-eduard-marquina\/wp-json\/wp\/v2\/media?parent=4519"}],"curies":[{"name":"wp","href":"https:\/\/api.w.org\/{rel}","templated":true}]}}