{"id":38,"date":"2014-09-18T12:34:08","date_gmt":"2014-09-18T11:34:08","guid":{"rendered":"http:\/\/agora.xtec.cat\/ceip-eduard-marquina\/?page_id=38"},"modified":"2025-02-14T11:17:25","modified_gmt":"2025-02-14T10:17:25","slug":"salut","status":"publish","type":"page","link":"https:\/\/agora.xtec.cat\/ceip-eduard-marquina\/lescola\/salut\/","title":{"rendered":"Salut"},"content":{"rendered":"<p>&nbsp;<\/p>\n<p><strong>RECOMANACIONS PER A LES FAM\u00cdLIES<\/strong><\/p>\n<p>La inf\u00e0ncia \u00e9s l\u2019etapa de la vida en qu\u00e8 la prevenci\u00f3 en l\u2019\u00e0mbit de la salut \u00e9s m\u00e9s important. L\u2019adquisici\u00f3 d\u2019uns h\u00e0bits saludables des de l\u2019inici, aix\u00ed com la detecci\u00f3 preco\u00e7 i el tractament dels problemes de salut, millorar\u00e0 el benestar i la qualitat de vida dels infants i adolescents durant l\u2019edat adulta. Aprendre a identificar les necessitats dels infants \u00e9s fonamental per poder proporcionar-los l\u2019atenci\u00f3 necess\u00e0ria i ajudar-los a cr\u00e9ixer en un entorn afectiu, saludable i segur.<\/p>\n<p>La fam\u00edlia exerceix una gran influ\u00e8ncia en el desenvolupament dels infants, no nom\u00e9s per la cura, la vigil\u00e0ncia, la protecci\u00f3 i el control de la seva salut, sin\u00f3 tamb\u00e9 per l\u2019aprenentatge del dia a dia, que forma i enriqueix les seves experi\u00e8ncies.<\/p>\n<p>Els professionals de l\u2019atenci\u00f3 prim\u00e0ria de salut porten a terme tot un conjunt d\u2019intervencions preventives i de promoci\u00f3 de la salut a l\u2019edat pedi\u00e0trica, amb la implicaci\u00f3 i participaci\u00f3 de l\u2019infant i els seus pares, mares o tutors. L\u2019objectiu \u00e9s facilitar uns h\u00e0bits i unes actituds de salut positives en els infants, detectar preco\u00e7ment problemes de salut i facilitar el seguiment i derivaci\u00f3, si \u00e9s necessari.\u00a0<strong>Per aquest motiu, \u00e9s molt important que porteu el vostre fill\/a a les visites recomanades en funci\u00f3 de l\u2019edat i a totes les que proposi l\u2019equip assistencial.<\/strong><\/p>\n<p>&nbsp;<\/p>\n<p><a href=\"https:\/\/canalsalut.gencat.cat\/ca\/vida-saludable\/etapes-de-la-vida\/infants-adolescencia\/\">RECOMANACIONS VIDA SALUDABLE<\/a><\/p>\n<p>&nbsp;<\/p>\n<p><strong>POLLS<\/strong><\/p>\n<div>\n<div class=\"entradeta__wrapper\">\n<div class=\"row\">\n<div class=\"col-xs-12 col-sm-8 basic_text_peq\">\n<div class=\"pd-15x link-dotted\" data-crawling=\"principal-body\">\n<p>Els polls s\u00f3n insectes parasitaris que viuen entre els cabells de les persones i s&#8217;alimenten de la seva sang. S\u00f3n de color grisenc, sense ales, fan uns dos mil\u00b7l\u00edmetres de longitud i sobreviuen fins a trenta dies en una persona. Els ous, o ll\u00e9menes, s\u00f3n blancs i encara m\u00e9s petits, gaireb\u00e9 com una escama de caspa, i romanen m\u00e9s de dues setmanes. S\u00f3n m\u00e9s f\u00e0cils de detectar en la l\u00ednia del coll i darrere de les orelles.<\/p>\n<p>Els polls s\u00f3n molt contagiosos i es reprodueixen r\u00e0pidament: cada femella posa entre cent i tres-cents ous que estan fortament adherits a la base del cabell. L&#8217;ou s&#8217;incuba entre set i deu dies i despr\u00e9s es desenvolupa la larva. De la infestaci\u00f3 produ\u00efda per polls se&#8217;n diu pediculosi.<\/p>\n<p>El contacte proper o l&#8217;\u00fas compartit d&#8217;efectes personals, com ara barrets o raspalls per al cabell, implica un risc de contagi. Els nens d&#8217;onze a tretze anys\u00a0i les seves fam\u00edlies adquireixen polls amb m\u00e9s freq\u00fc\u00e8ncia (sense que aix\u00f2 indiqui una manca d\u2019higiene personal).<\/p>\n<\/div>\n<\/div>\n<div class=\"col-xs-12 col-sm-4 center-block right-column\">\n<div class=\"basic_color xar-socials mt_20 groc2 text_negre\" data-crawling=\"banner\"><\/div>\n<\/div>\n<\/div>\n<\/div>\n<\/div>\n<div class=\"llista-blocs-contingut\">\n<div class=\"llista-blocs-enllacos\">\n<div class=\"llista-blocs-enllacos__wrapper\">\n<div class=\"row\">\n<div class=\"tri_combo_destacat_llistat pag-final ancores2\">\n<div class=\"llistat_enllacos_filet especial col-md-12 col-xs-12 column\">\n<p>&nbsp;<\/p>\n<\/div>\n<\/div>\n<\/div>\n<\/div>\n<\/div>\n<\/div>\n<p>&nbsp;<\/p>\n<p style=\"text-align: center;\"><a href=\"https:\/\/medicaments.gencat.cat\/ca\/ciutadania\/tractaments\/polls-consells-per-detectar-los-i-eliminar-los\/\">CONSELLS PER DETECTAR-LOS I ELIMINAR-LOS<\/a><\/p>\n<p>&nbsp;<\/p>\n<p>&nbsp;<\/p>\n<p>&nbsp;<\/p>\n<p>&nbsp;<\/p>\n<p>&nbsp;<\/p>\n<p>&nbsp;<\/p>\n<p>&nbsp;<\/p>\n","protected":false},"excerpt":{"rendered":"<p>&nbsp; RECOMANACIONS PER A LES FAM\u00cdLIES La inf\u00e0ncia \u00e9s l\u2019etapa de la vida en qu\u00e8 la prevenci\u00f3 en l\u2019\u00e0mbit de la salut \u00e9s m\u00e9s important. L\u2019adquisici\u00f3 d\u2019uns h\u00e0bits saludables des de l\u2019inici, aix\u00ed com la detecci\u00f3 preco\u00e7 i el tractament dels problemes de salut, millorar\u00e0 el benestar i la qualitat de vida dels infants i [&hellip;]<\/p>\n","protected":false},"author":1,"featured_media":0,"parent":22,"menu_order":80,"comment_status":"closed","ping_status":"closed","template":"page-templates\/side-menu.php","meta":{"_bbp_topic_count":0,"_bbp_reply_count":0,"_bbp_total_topic_count":0,"_bbp_total_reply_count":0,"_bbp_voice_count":0,"_bbp_anonymous_reply_count":0,"_bbp_topic_count_hidden":0,"_bbp_reply_count_hidden":0,"_bbp_forum_subforum_count":0,"site-sidebar-layout":"default","site-content-layout":"","ast-site-content-layout":"","site-content-style":"default","site-sidebar-style":"default","ast-global-header-display":"","ast-banner-title-visibility":"","ast-main-header-display":"","ast-hfb-above-header-display":"","ast-hfb-below-header-display":"","ast-hfb-mobile-header-display":"","site-post-title":"","ast-breadcrumbs-content":"","ast-featured-img":"","footer-sml-layout":"","theme-transparent-header-meta":"","adv-header-id-meta":"","stick-header-meta":"","header-above-stick-meta":"","header-main-stick-meta":"","header-below-stick-meta":"","astra-migrate-meta-layouts":"default","ast-page-background-enabled":"default","ast-page-background-meta":{"desktop":{"background-color":"var(--ast-global-color-4)","background-image":"","background-repeat":"repeat","background-position":"center center","background-size":"auto","background-attachment":"scroll","background-type":"","background-media":"","overlay-type":"","overlay-color":"","overlay-opacity":"","overlay-gradient":""},"tablet":{"background-color":"","background-image":"","background-repeat":"repeat","background-position":"center center","background-size":"auto","background-attachment":"scroll","background-type":"","background-media":"","overlay-type":"","overlay-color":"","overlay-opacity":"","overlay-gradient":""},"mobile":{"background-color":"","background-image":"","background-repeat":"repeat","background-position":"center center","background-size":"auto","background-attachment":"scroll","background-type":"","background-media":"","overlay-type":"","overlay-color":"","overlay-opacity":"","overlay-gradient":""}},"ast-content-background-meta":{"desktop":{"background-color":"var(--ast-global-color-5)","background-image":"","background-repeat":"repeat","background-position":"center center","background-size":"auto","background-attachment":"scroll","background-type":"","background-media":"","overlay-type":"","overlay-color":"","overlay-opacity":"","overlay-gradient":""},"tablet":{"background-color":"var(--ast-global-color-5)","background-image":"","background-repeat":"repeat","background-position":"center center","background-size":"auto","background-attachment":"scroll","background-type":"","background-media":"","overlay-type":"","overlay-color":"","overlay-opacity":"","overlay-gradient":""},"mobile":{"background-color":"var(--ast-global-color-5)","background-image":"","background-repeat":"repeat","background-position":"center center","background-size":"auto","background-attachment":"scroll","background-type":"","background-media":"","overlay-type":"","overlay-color":"","overlay-opacity":"","overlay-gradient":""}},"footnotes":""},"class_list":["post-38","page","type-page","status-publish","hentry"],"post_mailing_queue_ids":[],"_links":{"self":[{"href":"https:\/\/agora.xtec.cat\/ceip-eduard-marquina\/wp-json\/wp\/v2\/pages\/38","targetHints":{"allow":["GET"]}}],"collection":[{"href":"https:\/\/agora.xtec.cat\/ceip-eduard-marquina\/wp-json\/wp\/v2\/pages"}],"about":[{"href":"https:\/\/agora.xtec.cat\/ceip-eduard-marquina\/wp-json\/wp\/v2\/types\/page"}],"author":[{"embeddable":true,"href":"https:\/\/agora.xtec.cat\/ceip-eduard-marquina\/wp-json\/wp\/v2\/users\/1"}],"replies":[{"embeddable":true,"href":"https:\/\/agora.xtec.cat\/ceip-eduard-marquina\/wp-json\/wp\/v2\/comments?post=38"}],"version-history":[{"count":7,"href":"https:\/\/agora.xtec.cat\/ceip-eduard-marquina\/wp-json\/wp\/v2\/pages\/38\/revisions"}],"predecessor-version":[{"id":10117,"href":"https:\/\/agora.xtec.cat\/ceip-eduard-marquina\/wp-json\/wp\/v2\/pages\/38\/revisions\/10117"}],"up":[{"embeddable":true,"href":"https:\/\/agora.xtec.cat\/ceip-eduard-marquina\/wp-json\/wp\/v2\/pages\/22"}],"wp:attachment":[{"href":"https:\/\/agora.xtec.cat\/ceip-eduard-marquina\/wp-json\/wp\/v2\/media?parent=38"}],"curies":[{"name":"wp","href":"https:\/\/api.w.org\/{rel}","templated":true}]}}