{"id":2600,"date":"2017-02-10T12:06:58","date_gmt":"2017-02-10T11:06:58","guid":{"rendered":"http:\/\/agora.xtec.cat\/ceip-eduard-marquina\/?page_id=2600"},"modified":"2024-11-07T14:02:46","modified_gmt":"2024-11-07T13:02:46","slug":"projecte-muse","status":"publish","type":"page","link":"https:\/\/agora.xtec.cat\/ceip-eduard-marquina\/projecte-muse\/","title":{"rendered":"PROJECTE MUS-E"},"content":{"rendered":"<p>L\u2019escola, des de fa m\u00e9s de quinze anys, participa en un programa per treballar les emocions mitjan\u00e7ant l\u2019art: El Mus-e.<\/p>\n<p>Amb artistes professionals i en horari lectiu, la dansa, la m\u00fasica, el circ, el teatre i molts m\u00e9s s\u00f3n l\u2019excusa perfecta per treballar els sentiments, la toler\u00e0ncia, el respecte, la diversitat i tot un seguit de coses que fan dels alumnes unes millors persones.<\/p>\n<p>Programa em\u00e8s el 17 de juny de 2021 a RTVE sobre el programa MUS-E\u00a0 <em>La aventura del saber <\/em>(a partir del minut 33:40)<\/p>\n<p><a href=\"https:\/\/fundacionyehudimenuhin.org\/la-fyme-programa-mus-e-presentes-la-aventura-del-saber-espacio-divulgacion-la2-rtve\/\">https:\/\/fundacionyehudimenuhin.org\/la-fyme-programa-mus-e-presentes-la-aventura-del-saber-espacio-divulgacion-la2-rtve\/<\/a><\/p>\n","protected":false},"excerpt":{"rendered":"<p>L\u2019escola, des de fa m\u00e9s de quinze anys, participa en un programa per treballar les emocions mitjan\u00e7ant l\u2019art: El Mus-e. Amb artistes professionals i en horari lectiu, la dansa, la m\u00fasica, el circ, el teatre i molts m\u00e9s s\u00f3n l\u2019excusa perfecta per treballar els sentiments, la toler\u00e0ncia, el respecte, la diversitat i tot un seguit [&hellip;]<\/p>\n","protected":false},"author":25,"featured_media":0,"parent":0,"menu_order":0,"comment_status":"closed","ping_status":"closed","template":"","meta":{"_bbp_topic_count":0,"_bbp_reply_count":0,"_bbp_total_topic_count":0,"_bbp_total_reply_count":0,"_bbp_voice_count":0,"_bbp_anonymous_reply_count":0,"_bbp_topic_count_hidden":0,"_bbp_reply_count_hidden":0,"_bbp_forum_subforum_count":0,"site-sidebar-layout":"default","site-content-layout":"","ast-site-content-layout":"","site-content-style":"default","site-sidebar-style":"default","ast-global-header-display":"","ast-banner-title-visibility":"","ast-main-header-display":"","ast-hfb-above-header-display":"","ast-hfb-below-header-display":"","ast-hfb-mobile-header-display":"","site-post-title":"","ast-breadcrumbs-content":"","ast-featured-img":"","footer-sml-layout":"","theme-transparent-header-meta":"","adv-header-id-meta":"","stick-header-meta":"","header-above-stick-meta":"","header-main-stick-meta":"","header-below-stick-meta":"","astra-migrate-meta-layouts":"default","ast-page-background-enabled":"default","ast-page-background-meta":{"desktop":{"background-color":"var(--ast-global-color-4)","background-image":"","background-repeat":"repeat","background-position":"center center","background-size":"auto","background-attachment":"scroll","background-type":"","background-media":"","overlay-type":"","overlay-color":"","overlay-opacity":"","overlay-gradient":""},"tablet":{"background-color":"","background-image":"","background-repeat":"repeat","background-position":"center center","background-size":"auto","background-attachment":"scroll","background-type":"","background-media":"","overlay-type":"","overlay-color":"","overlay-opacity":"","overlay-gradient":""},"mobile":{"background-color":"","background-image":"","background-repeat":"repeat","background-position":"center center","background-size":"auto","background-attachment":"scroll","background-type":"","background-media":"","overlay-type":"","overlay-color":"","overlay-opacity":"","overlay-gradient":""}},"ast-content-background-meta":{"desktop":{"background-color":"var(--ast-global-color-5)","background-image":"","background-repeat":"repeat","background-position":"center center","background-size":"auto","background-attachment":"scroll","background-type":"","background-media":"","overlay-type":"","overlay-color":"","overlay-opacity":"","overlay-gradient":""},"tablet":{"background-color":"var(--ast-global-color-5)","background-image":"","background-repeat":"repeat","background-position":"center center","background-size":"auto","background-attachment":"scroll","background-type":"","background-media":"","overlay-type":"","overlay-color":"","overlay-opacity":"","overlay-gradient":""},"mobile":{"background-color":"var(--ast-global-color-5)","background-image":"","background-repeat":"repeat","background-position":"center center","background-size":"auto","background-attachment":"scroll","background-type":"","background-media":"","overlay-type":"","overlay-color":"","overlay-opacity":"","overlay-gradient":""}},"footnotes":""},"class_list":["post-2600","page","type-page","status-publish","hentry"],"post_mailing_queue_ids":[],"_links":{"self":[{"href":"https:\/\/agora.xtec.cat\/ceip-eduard-marquina\/wp-json\/wp\/v2\/pages\/2600","targetHints":{"allow":["GET"]}}],"collection":[{"href":"https:\/\/agora.xtec.cat\/ceip-eduard-marquina\/wp-json\/wp\/v2\/pages"}],"about":[{"href":"https:\/\/agora.xtec.cat\/ceip-eduard-marquina\/wp-json\/wp\/v2\/types\/page"}],"author":[{"embeddable":true,"href":"https:\/\/agora.xtec.cat\/ceip-eduard-marquina\/wp-json\/wp\/v2\/users\/25"}],"replies":[{"embeddable":true,"href":"https:\/\/agora.xtec.cat\/ceip-eduard-marquina\/wp-json\/wp\/v2\/comments?post=2600"}],"version-history":[{"count":5,"href":"https:\/\/agora.xtec.cat\/ceip-eduard-marquina\/wp-json\/wp\/v2\/pages\/2600\/revisions"}],"predecessor-version":[{"id":9970,"href":"https:\/\/agora.xtec.cat\/ceip-eduard-marquina\/wp-json\/wp\/v2\/pages\/2600\/revisions\/9970"}],"wp:attachment":[{"href":"https:\/\/agora.xtec.cat\/ceip-eduard-marquina\/wp-json\/wp\/v2\/media?parent=2600"}],"curies":[{"name":"wp","href":"https:\/\/api.w.org\/{rel}","templated":true}]}}