{"id":26,"date":"2014-09-18T12:24:32","date_gmt":"2014-09-18T11:24:32","guid":{"rendered":"http:\/\/agora.xtec.cat\/ceip-eduard-marquina\/?page_id=26"},"modified":"2020-03-26T19:39:20","modified_gmt":"2020-03-26T18:39:20","slug":"historia","status":"publish","type":"page","link":"https:\/\/agora.xtec.cat\/ceip-eduard-marquina\/lescola\/historia\/","title":{"rendered":"Hist\u00f2ria"},"content":{"rendered":"<p>L&#8217;escola Eduard Marquina va ser inaugurada el 23 de desembre de 1968. Els primers alumnes van fer classe al mes de gener de 1969. Durant el curs 2018-2019 vam celebrar el 50\u00e8 aniversari. Aqu\u00ed teniu uns v\u00eddeos i not\u00edcies de la seva inauguraci\u00f3.<\/p>\n<div style=\"width: 480px;\" class=\"wp-video\"><!--[if lt IE 9]><script>document.createElement('video');<\/script><![endif]-->\n<video class=\"wp-video-shortcode\" id=\"video-26-1\" width=\"480\" height=\"360\" preload=\"metadata\" controls=\"controls\"><source type=\"video\/mp4\" src=\"https:\/\/agora.xtec.cat\/ceip-eduard-marquina\/wp-content\/uploads\/usu1232\/2020\/03\/V\u00eddeo-Inauguraci\u00f3-escola.mp4?_=1\" \/><a href=\"https:\/\/agora.xtec.cat\/ceip-eduard-marquina\/wp-content\/uploads\/usu1232\/2020\/03\/V\u00eddeo-Inauguraci\u00f3-escola.mp4\">https:\/\/agora.xtec.cat\/ceip-eduard-marquina\/wp-content\/uploads\/usu1232\/2020\/03\/V\u00eddeo-Inauguraci\u00f3-escola.mp4<\/a><\/video><\/div>\n<p><a href=\"https:\/\/agora.xtec.cat\/ceip-eduard-marquina\/wp-content\/uploads\/usu1232\/2020\/03\/Not\u00edcia-La-Vanguardia-26-10-1968-Inauguraci\u00f3-Eduard-Marquina-1.pdf\" target=\"_blank\" rel=\"noopener noreferrer\">Not\u00edcia La Vanguardia 26-10-1968 &#8211; Inauguraci\u00f3 Eduard Marquina (1)<\/a><\/p>\n<p><a href=\"https:\/\/agora.xtec.cat\/ceip-eduard-marquina\/wp-content\/uploads\/usu1232\/2020\/03\/Not\u00edcia-La-Vanguardia-24-12-1968-Inauguraci\u00f3-Eduard-Marquina-2.pdf\" target=\"_blank\" rel=\"noopener noreferrer\">Not\u00edcia La Vanguardia 24-12-1968 &#8211; Inauguraci\u00f3 Eduard Marquina (2)<\/a><\/p>\n<p><a href=\"https:\/\/agora.xtec.cat\/ceip-eduard-marquina\/wp-content\/uploads\/usu1232\/2020\/03\/Not\u00edcia-La-Vanguardia-24-12-1968-Inauguraci\u00f3-Eduard-Marquina-3.pdf\" target=\"_blank\" rel=\"noopener noreferrer\">Not\u00edcia La Vanguardia 24-12-1968 &#8211; Inauguraci\u00f3 Eduard Marquina (3)<\/a><\/p>\n<p><a href=\"https:\/\/prezi.com\/qjvpspu0-jwt\/escola-eduard-marquina\/\" target=\"_blank\" rel=\"noopener noreferrer\">Escola Eduard Marquina<\/a><\/p>\n","protected":false},"excerpt":{"rendered":"<p>L&#8217;escola Eduard Marquina va ser inaugurada el 23 de desembre de 1968. Els primers alumnes van fer classe al mes de gener de 1969. Durant el curs 2018-2019 vam celebrar el 50\u00e8 aniversari. Aqu\u00ed teniu uns v\u00eddeos i not\u00edcies de la seva inauguraci\u00f3. Not\u00edcia La Vanguardia 26-10-1968 &#8211; Inauguraci\u00f3 Eduard Marquina (1) Not\u00edcia La Vanguardia [&hellip;]<\/p>\n","protected":false},"author":1,"featured_media":0,"parent":22,"menu_order":20,"comment_status":"closed","ping_status":"closed","template":"page-templates\/side-menu.php","meta":{"_bbp_topic_count":0,"_bbp_reply_count":0,"_bbp_total_topic_count":0,"_bbp_total_reply_count":0,"_bbp_voice_count":0,"_bbp_anonymous_reply_count":0,"_bbp_topic_count_hidden":0,"_bbp_reply_count_hidden":0,"_bbp_forum_subforum_count":0,"site-sidebar-layout":"default","site-content-layout":"","ast-site-content-layout":"","site-content-style":"default","site-sidebar-style":"default","ast-global-header-display":"","ast-banner-title-visibility":"","ast-main-header-display":"","ast-hfb-above-header-display":"","ast-hfb-below-header-display":"","ast-hfb-mobile-header-display":"","site-post-title":"","ast-breadcrumbs-content":"","ast-featured-img":"","footer-sml-layout":"","theme-transparent-header-meta":"","adv-header-id-meta":"","stick-header-meta":"","header-above-stick-meta":"","header-main-stick-meta":"","header-below-stick-meta":"","astra-migrate-meta-layouts":"default","ast-page-background-enabled":"default","ast-page-background-meta":{"desktop":{"background-color":"var(--ast-global-color-4)","background-image":"","background-repeat":"repeat","background-position":"center center","background-size":"auto","background-attachment":"scroll","background-type":"","background-media":"","overlay-type":"","overlay-color":"","overlay-opacity":"","overlay-gradient":""},"tablet":{"background-color":"","background-image":"","background-repeat":"repeat","background-position":"center center","background-size":"auto","background-attachment":"scroll","background-type":"","background-media":"","overlay-type":"","overlay-color":"","overlay-opacity":"","overlay-gradient":""},"mobile":{"background-color":"","background-image":"","background-repeat":"repeat","background-position":"center center","background-size":"auto","background-attachment":"scroll","background-type":"","background-media":"","overlay-type":"","overlay-color":"","overlay-opacity":"","overlay-gradient":""}},"ast-content-background-meta":{"desktop":{"background-color":"var(--ast-global-color-5)","background-image":"","background-repeat":"repeat","background-position":"center center","background-size":"auto","background-attachment":"scroll","background-type":"","background-media":"","overlay-type":"","overlay-color":"","overlay-opacity":"","overlay-gradient":""},"tablet":{"background-color":"var(--ast-global-color-5)","background-image":"","background-repeat":"repeat","background-position":"center center","background-size":"auto","background-attachment":"scroll","background-type":"","background-media":"","overlay-type":"","overlay-color":"","overlay-opacity":"","overlay-gradient":""},"mobile":{"background-color":"var(--ast-global-color-5)","background-image":"","background-repeat":"repeat","background-position":"center center","background-size":"auto","background-attachment":"scroll","background-type":"","background-media":"","overlay-type":"","overlay-color":"","overlay-opacity":"","overlay-gradient":""}},"footnotes":""},"class_list":["post-26","page","type-page","status-publish","hentry"],"post_mailing_queue_ids":[],"_links":{"self":[{"href":"https:\/\/agora.xtec.cat\/ceip-eduard-marquina\/wp-json\/wp\/v2\/pages\/26","targetHints":{"allow":["GET"]}}],"collection":[{"href":"https:\/\/agora.xtec.cat\/ceip-eduard-marquina\/wp-json\/wp\/v2\/pages"}],"about":[{"href":"https:\/\/agora.xtec.cat\/ceip-eduard-marquina\/wp-json\/wp\/v2\/types\/page"}],"author":[{"embeddable":true,"href":"https:\/\/agora.xtec.cat\/ceip-eduard-marquina\/wp-json\/wp\/v2\/users\/1"}],"replies":[{"embeddable":true,"href":"https:\/\/agora.xtec.cat\/ceip-eduard-marquina\/wp-json\/wp\/v2\/comments?post=26"}],"version-history":[{"count":4,"href":"https:\/\/agora.xtec.cat\/ceip-eduard-marquina\/wp-json\/wp\/v2\/pages\/26\/revisions"}],"predecessor-version":[{"id":4612,"href":"https:\/\/agora.xtec.cat\/ceip-eduard-marquina\/wp-json\/wp\/v2\/pages\/26\/revisions\/4612"}],"up":[{"embeddable":true,"href":"https:\/\/agora.xtec.cat\/ceip-eduard-marquina\/wp-json\/wp\/v2\/pages\/22"}],"wp:attachment":[{"href":"https:\/\/agora.xtec.cat\/ceip-eduard-marquina\/wp-json\/wp\/v2\/media?parent=26"}],"curies":[{"name":"wp","href":"https:\/\/api.w.org\/{rel}","templated":true}]}}