{"id":38,"date":"2014-09-18T12:34:08","date_gmt":"2014-09-18T12:34:08","guid":{"rendered":"http:\/\/agora.xtec.cat\/ceip-drsobreques\/?page_id=38"},"modified":"2025-10-03T16:11:49","modified_gmt":"2025-10-03T14:11:49","slug":"salut","status":"publish","type":"page","link":"https:\/\/agora.xtec.cat\/ceip-drsobreques\/lescola\/salut\/","title":{"rendered":"Autoritzacions i formularis"},"content":{"rendered":"<p><span style=\"color: #800000;\"><strong><em>Atenci\u00f3! Recordeu que per poder omplir digitalment aquestes autoritzacions cal que us en feu una c\u00f2pia.<\/em><\/strong><\/span><\/p>\n<ul>\n<li style=\"list-style-type: none;\">\n<ul>\n<li><span style=\"color: #000000;\"><a style=\"color: #000000;\" href=\"https:\/\/docs.google.com\/document\/d\/1AUsqeeFFQdJi_Tdjsttwc9vufFvAN01EtcnQgJEdYrY\/edit?usp=drive_link\" target=\"_blank\" rel=\"noopener noreferrer\">AUTORITZACI\u00d3 DRETS IMATGE ALUMNES MENORS 14 <\/a><span style=\"color: #993300;\">(abans del 20 de setembre)<\/span><\/span><\/li>\n<li><span style=\"color: #000000;\"><a style=\"color: #000000;\" href=\"https:\/\/docs.google.com\/document\/d\/15PmYmLwJgyMLLeBNvmXsZge9VImRGMqpmIlIdsF_tDo\/edit?usp=drive_link\" target=\"_blank\" rel=\"noopener noreferrer\">AUTORITZACI\u00d3 DE SORTIDES PEDAG\u00d2GIQUES ENTORN <\/a><span style=\"color: #993300;\">(abans del 20 de setembre)<\/span><\/span><\/li>\n<li><span style=\"color: #000000;\"><a style=\"color: #000000;\" href=\"https:\/\/docs.google.com\/document\/d\/1gM4ESqut9yzSbNmM42TohxYBOW9GrqxFhe7IH537Ucs\/edit?usp=drive_link\" target=\"_blank\" rel=\"noopener\">AUTORITZACI\u00d3 DE RECOLLIDA DE L&#8217;ESCOLA<\/a><\/span><\/li>\n<li><span style=\"color: #000000;\"><a style=\"color: #000000;\" href=\"https:\/\/docs.google.com\/document\/d\/1yp67qHlC35qLls-nIsCgP7MHwQM5-HB3cAd6ElgPJsc\/edit?usp=drive_link\" target=\"_blank\" rel=\"noopener\">AUTORITZACI\u00d3 PER SORTIR SOLS DEL CENTRE<\/a><\/span><\/li>\n<li><span style=\"color: #000000;\"><a style=\"color: #000000;\" href=\"https:\/\/docs.google.com\/document\/d\/1fMmBm6fJ77TeKY1agjFj8VciNdN84AhGL5-8RtsiHjc\/edit?usp=drive_link\" target=\"_blank\" rel=\"noopener noreferrer\">AUTORITZACI\u00d3 D&#8217;ADMINISTRACI\u00d2 DE MEDICAMENTS<\/a><\/span><\/li>\n<li><span style=\"color: #000000;\"><a style=\"color: #000000;\" href=\"https:\/\/drive.google.com\/open?id=1rgoKIgiXv6AYvc3qwym4y1QNd_eYsOb3\" target=\"_blank\" rel=\"noopener noreferrer\">AUTORITZACI\u00d3 PARACETAMOL<\/a><span style=\"color: #993300;\"> (nom\u00e9s en casos puntuals)<\/span><\/span><\/li>\n<li><span style=\"color: #000000;\"><a style=\"color: #000000;\" href=\"https:\/\/drive.google.com\/file\/d\/19VnjBy_B1EBWhrd57L2M9A4EoaZKb9X5\/view?usp=sharing\" target=\"_blank\" rel=\"noopener\">COMUNICACI\u00d3 AL\u00b7L\u00c8RGIES <\/a><span style=\"color: #993300;\">(cal renovar-lo cada any)<\/span><\/span><\/li>\n<li><span style=\"color: #000000;\"><a style=\"color: #000000;\" href=\"https:\/\/docs.google.com\/document\/d\/1n_f-dlmeWO_Pjw6I9uwHgwOmyhPVKlB41HSLaH6e8xM\/edit?usp=sharing\" target=\"_blank\" rel=\"noopener\">AUTORITZACI\u00d3 PER COMPARTIR DADES RELATIVES A AL\u00b7L\u00c8RGIES I\/O INTOLER\u00c0NCIES (ESCOLA-MENJADOR)<\/a><\/span><\/li>\n<li><span style=\"color: #000000;\"><a style=\"color: #000000;\" href=\"https:\/\/docs.google.com\/document\/d\/1eLp87_FK2kQ4h6Qw6IofTyn8Sg1ir0r94XzEgIM3UF8\/edit?usp=sharing\" target=\"_blank\" rel=\"noopener noreferrer\">RECOMANACIONS ACOMPANYANTS SORTIDES<\/a><\/span><\/li>\n<li><span style=\"color: #000000;\"><a style=\"color: #000000;\" href=\"https:\/\/drive.google.com\/open?id=1M_BaJbw97p4s6nwaDEKGANCBmwQCGrkU\" target=\"_blank\" rel=\"noopener noreferrer\">DECLARACI\u00d3 RESPONSABLE DE NO HAVER ESTAT CONDEMNAT PER SENT\u00c8NCIA FERMA PER DELICTES CONTRA LA LLIBERTAT I LA INDEMNITAT SEXUAL NI PER DELICTES DE TR\u00c0FIC D&#8217;ESSERS HUMANS.<\/a> <span style=\"color: #993300;\">(Necessari en cas de ser acompanyants en excursions)<\/span><\/span><\/li>\n<\/ul>\n<\/li>\n<\/ul>\n\n\n<p><\/p>\n","protected":false},"excerpt":{"rendered":"<p>Atenci\u00f3! Recordeu que per poder omplir digitalment aquestes autoritzacions cal que us en feu una c\u00f2pia. AUTORITZACI\u00d3 DRETS IMATGE ALUMNES MENORS 14 (abans del 20 de setembre) AUTORITZACI\u00d3 DE SORTIDES PEDAG\u00d2GIQUES ENTORN (abans del 20 de setembre) AUTORITZACI\u00d3 DE RECOLLIDA DE L&#8217;ESCOLA AUTORITZACI\u00d3 PER SORTIR SOLS DEL CENTRE AUTORITZACI\u00d3 D&#8217;ADMINISTRACI\u00d2 DE MEDICAMENTS AUTORITZACI\u00d3 PARACETAMOL (nom\u00e9s [&hellip;]<\/p>\n","protected":false},"author":2,"featured_media":0,"parent":22,"menu_order":7,"comment_status":"closed","ping_status":"closed","template":"","meta":{"_bbp_topic_count":0,"_bbp_reply_count":0,"_bbp_total_topic_count":0,"_bbp_total_reply_count":0,"_bbp_voice_count":0,"_bbp_anonymous_reply_count":0,"_bbp_topic_count_hidden":0,"_bbp_reply_count_hidden":0,"_bbp_forum_subforum_count":0,"site-sidebar-layout":"default","site-content-layout":"","ast-site-content-layout":"default","site-content-style":"default","site-sidebar-style":"default","ast-global-header-display":"","ast-banner-title-visibility":"","ast-main-header-display":"","ast-hfb-above-header-display":"","ast-hfb-below-header-display":"","ast-hfb-mobile-header-display":"","site-post-title":"","ast-breadcrumbs-content":"","ast-featured-img":"","footer-sml-layout":"","theme-transparent-header-meta":"","adv-header-id-meta":"","stick-header-meta":"","header-above-stick-meta":"","header-main-stick-meta":"","header-below-stick-meta":"","astra-migrate-meta-layouts":"set","ast-page-background-enabled":"default","ast-page-background-meta":{"desktop":{"background-color":"var(--ast-global-color-4)","background-image":"","background-repeat":"repeat","background-position":"center center","background-size":"auto","background-attachment":"scroll","background-type":"","background-media":"","overlay-type":"","overlay-color":"","overlay-opacity":"","overlay-gradient":""},"tablet":{"background-color":"","background-image":"","background-repeat":"repeat","background-position":"center center","background-size":"auto","background-attachment":"scroll","background-type":"","background-media":"","overlay-type":"","overlay-color":"","overlay-opacity":"","overlay-gradient":""},"mobile":{"background-color":"","background-image":"","background-repeat":"repeat","background-position":"center center","background-size":"auto","background-attachment":"scroll","background-type":"","background-media":"","overlay-type":"","overlay-color":"","overlay-opacity":"","overlay-gradient":""}},"ast-content-background-meta":{"desktop":{"background-color":"var(--ast-global-color-5)","background-image":"","background-repeat":"repeat","background-position":"center center","background-size":"auto","background-attachment":"scroll","background-type":"","background-media":"","overlay-type":"","overlay-color":"","overlay-opacity":"","overlay-gradient":""},"tablet":{"background-color":"var(--ast-global-color-5)","background-image":"","background-repeat":"repeat","background-position":"center center","background-size":"auto","background-attachment":"scroll","background-type":"","background-media":"","overlay-type":"","overlay-color":"","overlay-opacity":"","overlay-gradient":""},"mobile":{"background-color":"var(--ast-global-color-5)","background-image":"","background-repeat":"repeat","background-position":"center center","background-size":"auto","background-attachment":"scroll","background-type":"","background-media":"","overlay-type":"","overlay-color":"","overlay-opacity":"","overlay-gradient":""}},"footnotes":""},"class_list":["post-38","page","type-page","status-publish","hentry"],"post_mailing_queue_ids":[],"_links":{"self":[{"href":"https:\/\/agora.xtec.cat\/ceip-drsobreques\/wp-json\/wp\/v2\/pages\/38","targetHints":{"allow":["GET"]}}],"collection":[{"href":"https:\/\/agora.xtec.cat\/ceip-drsobreques\/wp-json\/wp\/v2\/pages"}],"about":[{"href":"https:\/\/agora.xtec.cat\/ceip-drsobreques\/wp-json\/wp\/v2\/types\/page"}],"author":[{"embeddable":true,"href":"https:\/\/agora.xtec.cat\/ceip-drsobreques\/wp-json\/wp\/v2\/users\/2"}],"replies":[{"embeddable":true,"href":"https:\/\/agora.xtec.cat\/ceip-drsobreques\/wp-json\/wp\/v2\/comments?post=38"}],"version-history":[{"count":5,"href":"https:\/\/agora.xtec.cat\/ceip-drsobreques\/wp-json\/wp\/v2\/pages\/38\/revisions"}],"predecessor-version":[{"id":4269,"href":"https:\/\/agora.xtec.cat\/ceip-drsobreques\/wp-json\/wp\/v2\/pages\/38\/revisions\/4269"}],"up":[{"embeddable":true,"href":"https:\/\/agora.xtec.cat\/ceip-drsobreques\/wp-json\/wp\/v2\/pages\/22"}],"wp:attachment":[{"href":"https:\/\/agora.xtec.cat\/ceip-drsobreques\/wp-json\/wp\/v2\/media?parent=38"}],"curies":[{"name":"wp","href":"https:\/\/api.w.org\/{rel}","templated":true}]}}