{"id":26,"date":"2019-09-02T12:24:32","date_gmt":"2019-09-02T10:24:32","guid":{"rendered":"http:\/\/agora.xtec.cat\/ceip-drsobreques\/?page_id=26"},"modified":"2025-08-28T20:03:16","modified_gmt":"2025-08-28T18:03:16","slug":"historia","status":"publish","type":"page","link":"https:\/\/agora.xtec.cat\/ceip-drsobreques\/lescola\/historia\/","title":{"rendered":"Hist\u00f2ria"},"content":{"rendered":"<p style=\"text-align: justify;\"><span style=\"color: #000000;\">Podr\u00edem dir que la hist\u00f2ria de l&#8217;escola comen\u00e7a a Bescan\u00f3 l&#8217;any 1860, quan es van crear a Bescan\u00f3 les primeres escoles del municipi, juntament amb la d&#8217;Estanyol que es va crear el 1861. Despr\u00e9s de molts anys d&#8217;estar en un edifici vell, l&#8217;any 1926 l&#8217;Ajuntament va decidir adquirir la Casa Sambola amb la finalitat de traslladar-hi la Casa Consistorial amb les seves depend\u00e8ncies i les escoles. Aix\u00f2 es va fer aquell mateix any i durant m\u00e9s de 50 anys es va compartir edifici amb l&#8217;Ajuntament. Durant molts anys l&#8217;escola tenia uns espais petits, amb unes aules velles i sovint fosques. El poble no era gaire gran i hi havia pocs mestres. Eren els temps del Sr. Josep Ruh\u00ed, la Sra Anna Caban\u00e9\u00a0 i el Sr. Llu\u00eds Vigu\u00e9, persones que han deixat un gran record al poble i que hi van estar durant molts anys, fins a la seva jubilaci\u00f3. Amb el nom de Josep Ruh\u00ed hi ha una coral al poble i el parc del costat de l&#8217;Ajuntament porta el nom del Sr Llu\u00eds Vigu\u00e9. Anys m\u00e9s tard van arribar a l&#8217;escola la Srta Carme Cuadrado, la Srta Carme Busquets i qui fou directora de l&#8217;escola durant molts anys, la Srta. M\u00aa Rosa R\u00edos, la Srta Francesca Rios, el Sr Ramon Ministral, la Srta Maria Saub\u00ed, la Srta C\u00e8lia Barnadas, la Srta M\u00aa Rosa Santiago&#8230;(molts d&#8217;ells s&#8217;han jubilat en els \u00faltims cursos) entre altres mestres de bon record pel poble com el Sr. Sebasti\u00e0 Oliveras.<\/span><br \/>\n<span style=\"color: #000000;\"> Als anys 70 es va comen\u00e7ar a veure que el poble creixia i que les escoles es comen\u00e7aven a quedar obsoletes en tots els sentits i fou quan l&#8217;Alcalde d&#8217;aquells moments el Sr. Jaume Casademont va adquirir els terrenys actuals on est\u00e0 situada l&#8217;escola, val a dir que amb una gran visi\u00f3 de futur, doncs va comprar el doble de l&#8217;espai que es demanava en aquells temps per una escola d&#8217;una l\u00ednia. Gr\u00e0cies a aix\u00f2 tenim suficient espai per a tots i s&#8217;hi va poder construir l&#8217;Escola Bressol Municipal Bescan\u00f3 Nins i m\u00e9s tard es va poder ampliar l&#8217;escola. Anys m\u00e9s tard l&#8217;Ajuntament va crear la 2a Llar d&#8217;Infants El Carrilet a l&#8217;edifici del Polivalent a l&#8217;altre costat del poble.<\/span><br \/>\n<span style=\"color: #000000;\"> Fou amb el Sr. LLoren\u00e7 Tarrenchs com a alcalde, quan es va comen\u00e7ar a aixecar l&#8217;actual edifici de Prim\u00e0ria i tamb\u00e9 amb gran visi\u00f3 de futur l&#8217;edifici d&#8217;Educaci\u00f3 Infantil, que des del primer moment va comptar amb quatre aules, quan nom\u00e9s hi havia alumnes de P-4 i de P-5, cosa que va permetre comptar amb una aula de Psicomotricitat i una de M\u00fasica durant for\u00e7a temps, fins que va anar augmentant el nombre d&#8217;alumnes i es va instaurar l&#8217;ensenyament a partir de 3 anys i es van haver d&#8217;habilitar com a aules ordin\u00e0ries. <\/span><br \/>\n<span style=\"color: #000000;\"> L&#8217;actual edifici de l&#8217;escola va comen\u00e7ar a funcionar el curs 1979-80 i el 27 d&#8217;abril de l&#8217;any 1980 es va inaugurar, siguent alcalde el Sr. Lloren\u00e7 Carreras i directora la Sra Carme Cuadrado. Es va decidir posar-li el nom de Dr. Sobrequ\u00e9s en honor a l&#8217;insigne historiador i pedagog <a style=\"color: #000000;\" href=\"http:\/\/agora.xtec.cat\/ceip-drsobreques\/wp-content\/uploads\/usu198\/2014\/09\/Biografia-Dr-Sobrequ\u00e9s.pdf\" target=\"mainFrame\" rel=\"noopener noreferrer\">Santiago Sobrequ\u00e9s i Vidal.<\/a> <\/span><br \/>\n<span style=\"color: #000000;\">A poc a poc l&#8217;escola va anar augmentant el nombre d&#8217;alumnes, vam arribar a ser gaireb\u00e9 340 alumnes, aix\u00f2 eren els temps dels 7\u00e8s i 8\u00e8s. Tot i que aquest curs 2017-2018 som 564 de P-3 a 6\u00e8.<\/span><br \/>\n<span style=\"color: #000000;\"> Amb la implantaci\u00f3 de la Reforma es va produir un gran trasbals amb la marxa dels nois i noies de 12 i 13 anys, cap a Salt. Tothom volia que es quedessin al poble, per\u00f2 sovint l&#8217;administraci\u00f3 no ent\u00e9n de causes i interessos de poble i els nois i noies van acabar havent d&#8217;anar a altres pobles de la rodalia a fer l&#8217;E.S.O. (Alguns anaven a Salt, altres a Amer, i alguns a escoles concertades i privades de Girona ) <\/span><br \/>\n<span style=\"color: #000000;\"> De mica en mica ens vam anar trobant amb una escola que se&#8217;ns anava quedant petita. Ha augmentat el cens de Bescan\u00f3, hi havia m\u00e9s naixements i tamb\u00e9 venia gent de fora, cosa que va fer que l&#8217;edifici d&#8217;Educaci\u00f3 Infantil s&#8217;hagu\u00e9s hagut d&#8217;engrandir amb 2 aules m\u00e9s, que es van estrenar el curs 2002-2003. Durant anys vam haver d&#8217;habilitar l&#8217;entrada de l&#8217;edifici d&#8217;Educaci\u00f3 Infantil com a aula. Actualment encara ho est\u00e0. Aquesta ampliaci\u00f3 de l&#8217;edifici va ser possible gr\u00e0cies a l&#8217;acci\u00f3 de l&#8217;Ajuntament, despr\u00e9s del comprom\u00eds pres per la Sra. Carme Laura Gil, Consellera d&#8217;Ensenyament de la\u00a0 Generalitat, davant de l&#8217;Alcalde Sr. Xavier Soy i la directora del centre, en aquells moments, Sra M\u00aa Rosa Rios.<\/span><br \/>\n<span style=\"color: #000000;\"> A partir d&#8217;aqu\u00ed l&#8217;Ajuntament es va posar a treballar en l&#8217;ampliaci\u00f3 de l&#8217;Edifici d&#8217;Educaci\u00f3 Prim\u00e0ria i en la cobertura del passad\u00eds que uneix els dos edificis. Despr\u00e9s d&#8217;esfor\u00e7os i d&#8217;estretors i amb la col\u00b7laboraci\u00f3 de tothom, el 20 de setembre del 2008 el Sr. Ernest Maragall, Conseller d&#8217;Educaci\u00f3 va inaugurar l&#8217;ampliaci\u00f3 de l&#8217;edifici.<\/span><br \/>\n<span style=\"color: #000000;\"> Altra vegada l&#8217;escola se&#8217;ns ha tornat a quedar petita. Hem hagut de suprimir aules de refor\u00e7 (l&#8217;aula de M\u00fasica \u00e9s aula ordin\u00e0ria, aix\u00ed com ho s\u00f3n la d&#8217;Angl\u00e8s i la de Pl\u00e0stica (val a dir que aquesta mai es va poder utilitzar&#8230;) Hi ha 2 aularis al pati d&#8217;Educaci\u00f3 Infantil&#8230;El curs 2013-2014 ja vam haver d&#8217;habilitar la sala de professors com a aula eventual&#8230; El curs escolar 2014-2015 vam demanar\u00a0 a l&#8217;Ajuntament que elimin\u00e9s una pared que separava 2 tutories a fi de tenir una aula m\u00e9s gran per poder fer m\u00e9s desdoblaments&#8230; Actualment som una escola de 3 l\u00ednies a tots els nivells.\u00a0<\/span><br \/>\n<span style=\"color: #000000;\"> Fa uns anys l &#8216;Ajuntament es va tornar a posar a treballar en aconseguir la 2\u00aa escola pel poble, per\u00f2 la situaci\u00f3 de crisis dels darrers anys ha fet que, de moment, estigui estancada, tot i que la davallada de la natalitat fan preveure que &#8230; la cosa va per llarg. <\/span><br \/>\n<span style=\"color: #000000;\"> A partir del curs escolar 2010-2011, amb l&#8217;esfor\u00e7 de l&#8217;Ajuntament i del Departament d&#8217;Ensenyament, es va posar en marxa el SES Miquela\u00a0 de Bescan\u00f3 (actual IES la Miquela) per la qual cosa els alumnes de l&#8217;escola ja no han de marxar del poble. I el curs 2013-14 va sortir la 1a promoci\u00f3 d&#8217;alumnes graduats en l&#8217;ESO de Bescan\u00f3. El curs\u00a0 curs 2014-2015 es va implantar el Batxillerat que ens va portar a tenir tots els nivells d&#8217;ensenyament des de la Llar d&#8217;Infants fins al Batxillerat en el nostre poble.<\/span><br \/>\n<span style=\"color: #000000;\"> Ens sentim orgullosos de la nostra comunitat educativa, doncs amb l&#8217;esfor\u00e7 de tots: escola, fam\u00edlies i Ajuntament hem aconseguit tenir un ensenyament de qualitat al nostre poble. Com diem sempre a les noves fam\u00edlies que arriben al poble: atenem els nens i nenes des de P-1 fins a &#8220;P-17&#8221;. Els de P-17 s\u00f3n aquells que fan el batxillerat al nostre poble.<br \/>\n<\/span><\/p>\n","protected":false},"excerpt":{"rendered":"<p>Podr\u00edem dir que la hist\u00f2ria de l&#8217;escola comen\u00e7a a Bescan\u00f3 l&#8217;any 1860, quan es van crear a Bescan\u00f3 les primeres escoles del municipi, juntament amb la d&#8217;Estanyol que es va crear el 1861. Despr\u00e9s de molts anys d&#8217;estar en un edifici vell, l&#8217;any 1926 l&#8217;Ajuntament va decidir adquirir la Casa Sambola amb la finalitat de [&hellip;]<\/p>\n","protected":false},"author":2,"featured_media":0,"parent":22,"menu_order":2,"comment_status":"closed","ping_status":"closed","template":"","meta":{"_bbp_topic_count":0,"_bbp_reply_count":0,"_bbp_total_topic_count":0,"_bbp_total_reply_count":0,"_bbp_voice_count":0,"_bbp_anonymous_reply_count":0,"_bbp_topic_count_hidden":0,"_bbp_reply_count_hidden":0,"_bbp_forum_subforum_count":0,"site-sidebar-layout":"default","site-content-layout":"","ast-site-content-layout":"default","site-content-style":"default","site-sidebar-style":"default","ast-global-header-display":"","ast-banner-title-visibility":"","ast-main-header-display":"","ast-hfb-above-header-display":"","ast-hfb-below-header-display":"","ast-hfb-mobile-header-display":"","site-post-title":"","ast-breadcrumbs-content":"","ast-featured-img":"","footer-sml-layout":"","theme-transparent-header-meta":"","adv-header-id-meta":"","stick-header-meta":"","header-above-stick-meta":"","header-main-stick-meta":"","header-below-stick-meta":"","astra-migrate-meta-layouts":"set","ast-page-background-enabled":"default","ast-page-background-meta":{"desktop":{"background-color":"var(--ast-global-color-4)","background-image":"","background-repeat":"repeat","background-position":"center center","background-size":"auto","background-attachment":"scroll","background-type":"","background-media":"","overlay-type":"","overlay-color":"","overlay-opacity":"","overlay-gradient":""},"tablet":{"background-color":"","background-image":"","background-repeat":"repeat","background-position":"center center","background-size":"auto","background-attachment":"scroll","background-type":"","background-media":"","overlay-type":"","overlay-color":"","overlay-opacity":"","overlay-gradient":""},"mobile":{"background-color":"","background-image":"","background-repeat":"repeat","background-position":"center center","background-size":"auto","background-attachment":"scroll","background-type":"","background-media":"","overlay-type":"","overlay-color":"","overlay-opacity":"","overlay-gradient":""}},"ast-content-background-meta":{"desktop":{"background-color":"var(--ast-global-color-5)","background-image":"","background-repeat":"repeat","background-position":"center center","background-size":"auto","background-attachment":"scroll","background-type":"","background-media":"","overlay-type":"","overlay-color":"","overlay-opacity":"","overlay-gradient":""},"tablet":{"background-color":"var(--ast-global-color-5)","background-image":"","background-repeat":"repeat","background-position":"center center","background-size":"auto","background-attachment":"scroll","background-type":"","background-media":"","overlay-type":"","overlay-color":"","overlay-opacity":"","overlay-gradient":""},"mobile":{"background-color":"var(--ast-global-color-5)","background-image":"","background-repeat":"repeat","background-position":"center center","background-size":"auto","background-attachment":"scroll","background-type":"","background-media":"","overlay-type":"","overlay-color":"","overlay-opacity":"","overlay-gradient":""}},"footnotes":""},"class_list":["post-26","page","type-page","status-publish","hentry"],"post_mailing_queue_ids":[],"_links":{"self":[{"href":"https:\/\/agora.xtec.cat\/ceip-drsobreques\/wp-json\/wp\/v2\/pages\/26","targetHints":{"allow":["GET"]}}],"collection":[{"href":"https:\/\/agora.xtec.cat\/ceip-drsobreques\/wp-json\/wp\/v2\/pages"}],"about":[{"href":"https:\/\/agora.xtec.cat\/ceip-drsobreques\/wp-json\/wp\/v2\/types\/page"}],"author":[{"embeddable":true,"href":"https:\/\/agora.xtec.cat\/ceip-drsobreques\/wp-json\/wp\/v2\/users\/2"}],"replies":[{"embeddable":true,"href":"https:\/\/agora.xtec.cat\/ceip-drsobreques\/wp-json\/wp\/v2\/comments?post=26"}],"version-history":[{"count":4,"href":"https:\/\/agora.xtec.cat\/ceip-drsobreques\/wp-json\/wp\/v2\/pages\/26\/revisions"}],"predecessor-version":[{"id":4195,"href":"https:\/\/agora.xtec.cat\/ceip-drsobreques\/wp-json\/wp\/v2\/pages\/26\/revisions\/4195"}],"up":[{"embeddable":true,"href":"https:\/\/agora.xtec.cat\/ceip-drsobreques\/wp-json\/wp\/v2\/pages\/22"}],"wp:attachment":[{"href":"https:\/\/agora.xtec.cat\/ceip-drsobreques\/wp-json\/wp\/v2\/media?parent=26"}],"curies":[{"name":"wp","href":"https:\/\/api.w.org\/{rel}","templated":true}]}}