{"id":239,"date":"2015-02-10T18:47:32","date_gmt":"2015-02-10T17:47:32","guid":{"rendered":"http:\/\/agora.xtec.cat\/ceip-drsobreques\/?page_id=239"},"modified":"2026-05-07T09:49:32","modified_gmt":"2026-05-07T07:49:32","slug":"sortides","status":"publish","type":"page","link":"https:\/\/agora.xtec.cat\/ceip-drsobreques\/projecte-educatiu\/sortides\/","title":{"rendered":"Documentaci\u00f3 escola"},"content":{"rendered":"\n<p><a href=\"http:\/\/agora.xtec.cat\/ceip-drsobreques\/wp-content\/uploads\/usu198\/2014\/09\/Projecte-educatiu-DEFINITIU-corregit-SETEMBRE-2017.pdf\" target=\"_blank\" rel=\"noopener noreferrer\">PROJECTE EDUCATIU (PEC) (Setembre 2017)<\/a><\/p>\n\n\n\n<p><a href=\"http:\/\/agora.xtec.cat\/ceip-drsobreques\/wp-content\/uploads\/usu198\/2014\/09\/Normes-Organitzaci\u00f3-i-Funcionament-Escola-Dr-Sobrequ\u00e9s-SETEMBRE-2017.pdf\" target=\"_blank\" rel=\"noopener noreferrer\">NORMES D&#8217;ORGANITZACI\u00d3 I FUNCIONAMENT (NOFC)<\/a> (En proc\u00e9s d&#8217;actualitzaci\u00f3)<\/p>\n\n\n\n<p><a href=\"http:\/\/agora.xtec.cat\/ceip-drsobreques\/wp-content\/uploads\/usu198\/2014\/09\/Projecte-Ling\u00fc\u00edstic-Escola-Dr-Sobrequ\u00e9s-2017.pdf\" target=\"_blank\" rel=\"noopener noreferrer\">PROJECTE LING\u00dc\u00cdSTIC (PL)&nbsp; (Setembre 2017)<\/a> (En proc\u00e9s d&#8217;actualitzaci\u00f3)<\/p>\n\n\n\n<p><a href=\"https:\/\/drive.google.com\/file\/d\/1WS0y1faMGjXsht2cKX8LjE8k0tQmvw0Z\/view?usp=drive_link\" target=\"_blank\" rel=\"noopener\">\u00daS DEL WORKSPACE AL NOSTRE CENTRE (juny 2023)<\/a><\/p>\n\n\n\n<p><a href=\"https:\/\/drive.google.com\/file\/d\/1IVTzHdVRoSbKaRX0EK7Vvkz4R98hAvN7\/view?usp=drive_link\" target=\"_blank\" rel=\"noopener\">PLA DE COMUNICACI\u00d3 (juny 2023)<\/a><\/p>\n\n\n\n<p><a href=\"https:\/\/sites.google.com\/xtec.cat\/edc-drsobreques\/inici\" target=\"_blank\" rel=\"noopener\">ESTRAT\u00c8GIA DIGITAL<\/a><\/p>\n\n\n\n<p><a href=\"https:\/\/drive.google.com\/file\/d\/19ajORSWqTw3vO65J1jEtud80mFZNG4mD\/view?usp=drive_link\" target=\"_blank\" rel=\"noreferrer noopener\">PRESSUPOST 2026<\/a><\/p>\n\n\n\n<p><a href=\"https:\/\/drive.google.com\/file\/d\/17VdHXvnsaDEwRv3Mt03uNQqwj3zhoPDg\/view?usp=sharing\" target=\"_blank\" rel=\"noreferrer noopener\">CARTA COMPROM\u00cdS EDUCATIU<\/a> (nom\u00e9s cal signar-la una vegada a l&#8217;inici de l&#8217;escolaritat)<\/p>\n\n\n\n<p class=\"has-text-align-center\"><strong>PRESENTACI\u00d3 REUNIONS AMB FAM\u00cdLIES<\/strong><\/p>\n\n\n\n<figure class=\"wp-block-table alignwide\"><table class=\"has-fixed-layout\"><tbody><tr><td class=\"has-text-align-center\" data-align=\"center\"><a href=\"https:\/\/drive.google.com\/file\/d\/1ZWDMmk3g0uIf2Rko-qKSO01yLSDPxrQd\/view?usp=drive_link\" target=\"_blank\" rel=\"noreferrer noopener\">REUNI\u00d3 FAM\u00cdLIES I3<\/a><\/td><td class=\"has-text-align-center\" data-align=\"center\"><a href=\"https:\/\/drive.google.com\/file\/d\/11Iv82Bsp4ijtRnE9yDSJqBhDLs_0Ve4u\/view?usp=drive_link\" data-type=\"link\" data-id=\"https:\/\/drive.google.com\/file\/d\/11Iv82Bsp4ijtRnE9yDSJqBhDLs_0Ve4u\/view?usp=drive_link\" target=\"_blank\" rel=\"noreferrer noopener\">REUNI\u00d3 FAM\u00cdLIES I4<\/a><\/td><td class=\"has-text-align-center\" data-align=\"center\"><a href=\"https:\/\/drive.google.com\/file\/d\/1ODvOMoSa5UCWzLQQNDMH02WZ-dWGcCsk\/view?usp=drive_link\" target=\"_blank\" rel=\"noreferrer noopener\">REUNI\u00d3 FAM\u00cdLIES I5<\/a><\/td><\/tr><tr><td class=\"has-text-align-center\" data-align=\"center\"><a href=\"https:\/\/drive.google.com\/file\/d\/16w5o9a4pgt6s7jKu7B1ENTCEoj2UifgF\/view?usp=drive_link\" target=\"_blank\" rel=\"noreferrer noopener\">REUNI\u00d3 FAM\u00cdLIES 1r<\/a><\/td><td class=\"has-text-align-center\" data-align=\"center\"><a href=\"https:\/\/drive.google.com\/file\/d\/1woA3yIk7IjET9tkcPRrQNvVu6Wc9Yysc\/view?usp=drive_link\" target=\"_blank\" rel=\"noreferrer noopener\">REUNI\u00d3 FAM\u00cdLIES 2n<\/a><\/td><td class=\"has-text-align-center\" data-align=\"center\"><a href=\"https:\/\/drive.google.com\/file\/d\/13FmdqfbK1MgCPlr0qI9oRZ7cySHHaWhK\/view?usp=drive_link\" target=\"_blank\" rel=\"noreferrer noopener\">REUNI\u00d3 FAM\u00cdLIES 3r<\/a><\/td><\/tr><tr><td class=\"has-text-align-center\" data-align=\"center\"><a href=\"https:\/\/drive.google.com\/file\/d\/1-ODGAkWshVmKXFuIMok5r9XzOttGdYFT\/view?usp=drive_link\" target=\"_blank\" rel=\"noreferrer noopener\">REUNI\u00d3 FAM\u00cdLIES 4t<\/a><\/td><td class=\"has-text-align-center\" data-align=\"center\"><a href=\"https:\/\/drive.google.com\/file\/d\/1mn4-Uoe9cFL5KAu9Ru6p61m8VPfyj0DU\/view?usp=drive_link\" target=\"_blank\" rel=\"noreferrer noopener\">REUNI\u00d3 FAM\u00cdLIES 5\u00e8<\/a><\/td><td class=\"has-text-align-center\" data-align=\"center\"><a href=\"https:\/\/drive.google.com\/file\/d\/1zJoFCi2tNZ2rVHSmva-mPb_ya4MPw_zv\/view?usp=drive_link\" target=\"_blank\" rel=\"noreferrer noopener\">REUNI\u00d3 FAM\u00cdLIES 6\u00e8<\/a><\/td><\/tr><\/tbody><\/table><\/figure>\n\n\n\n<p><\/p>\n","protected":false},"excerpt":{"rendered":"<p>PROJECTE EDUCATIU (PEC) (Setembre 2017) NORMES D&#8217;ORGANITZACI\u00d3 I FUNCIONAMENT (NOFC) (En proc\u00e9s d&#8217;actualitzaci\u00f3) PROJECTE LING\u00dc\u00cdSTIC (PL)&nbsp; (Setembre 2017) (En proc\u00e9s d&#8217;actualitzaci\u00f3) \u00daS DEL WORKSPACE AL NOSTRE CENTRE (juny 2023) PLA DE COMUNICACI\u00d3 (juny 2023) ESTRAT\u00c8GIA DIGITAL PRESSUPOST 2026 CARTA COMPROM\u00cdS EDUCATIU (nom\u00e9s cal signar-la una vegada a l&#8217;inici de l&#8217;escolaritat) PRESENTACI\u00d3 REUNIONS AMB FAM\u00cdLIES REUNI\u00d3 [&hellip;]<\/p>\n","protected":false},"author":1,"featured_media":0,"parent":64,"menu_order":0,"comment_status":"closed","ping_status":"closed","template":"","meta":{"_bbp_topic_count":0,"_bbp_reply_count":0,"_bbp_total_topic_count":0,"_bbp_total_reply_count":0,"_bbp_voice_count":0,"_bbp_anonymous_reply_count":0,"_bbp_topic_count_hidden":0,"_bbp_reply_count_hidden":0,"_bbp_forum_subforum_count":0,"site-sidebar-layout":"default","site-content-layout":"","ast-site-content-layout":"default","site-content-style":"default","site-sidebar-style":"default","ast-global-header-display":"","ast-banner-title-visibility":"","ast-main-header-display":"","ast-hfb-above-header-display":"","ast-hfb-below-header-display":"","ast-hfb-mobile-header-display":"","site-post-title":"","ast-breadcrumbs-content":"","ast-featured-img":"","footer-sml-layout":"","theme-transparent-header-meta":"","adv-header-id-meta":"","stick-header-meta":"","header-above-stick-meta":"","header-main-stick-meta":"","header-below-stick-meta":"","astra-migrate-meta-layouts":"set","ast-page-background-enabled":"default","ast-page-background-meta":{"desktop":{"background-color":"var(--ast-global-color-4)","background-image":"","background-repeat":"repeat","background-position":"center center","background-size":"auto","background-attachment":"scroll","background-type":"","background-media":"","overlay-type":"","overlay-color":"","overlay-opacity":"","overlay-gradient":""},"tablet":{"background-color":"","background-image":"","background-repeat":"repeat","background-position":"center center","background-size":"auto","background-attachment":"scroll","background-type":"","background-media":"","overlay-type":"","overlay-color":"","overlay-opacity":"","overlay-gradient":""},"mobile":{"background-color":"","background-image":"","background-repeat":"repeat","background-position":"center center","background-size":"auto","background-attachment":"scroll","background-type":"","background-media":"","overlay-type":"","overlay-color":"","overlay-opacity":"","overlay-gradient":""}},"ast-content-background-meta":{"desktop":{"background-color":"var(--ast-global-color-5)","background-image":"","background-repeat":"repeat","background-position":"center center","background-size":"auto","background-attachment":"scroll","background-type":"","background-media":"","overlay-type":"","overlay-color":"","overlay-opacity":"","overlay-gradient":""},"tablet":{"background-color":"var(--ast-global-color-5)","background-image":"","background-repeat":"repeat","background-position":"center center","background-size":"auto","background-attachment":"scroll","background-type":"","background-media":"","overlay-type":"","overlay-color":"","overlay-opacity":"","overlay-gradient":""},"mobile":{"background-color":"var(--ast-global-color-5)","background-image":"","background-repeat":"repeat","background-position":"center center","background-size":"auto","background-attachment":"scroll","background-type":"","background-media":"","overlay-type":"","overlay-color":"","overlay-opacity":"","overlay-gradient":""}},"footnotes":""},"class_list":["post-239","page","type-page","status-publish","hentry"],"post_mailing_queue_ids":[],"_links":{"self":[{"href":"https:\/\/agora.xtec.cat\/ceip-drsobreques\/wp-json\/wp\/v2\/pages\/239","targetHints":{"allow":["GET"]}}],"collection":[{"href":"https:\/\/agora.xtec.cat\/ceip-drsobreques\/wp-json\/wp\/v2\/pages"}],"about":[{"href":"https:\/\/agora.xtec.cat\/ceip-drsobreques\/wp-json\/wp\/v2\/types\/page"}],"author":[{"embeddable":true,"href":"https:\/\/agora.xtec.cat\/ceip-drsobreques\/wp-json\/wp\/v2\/users\/1"}],"replies":[{"embeddable":true,"href":"https:\/\/agora.xtec.cat\/ceip-drsobreques\/wp-json\/wp\/v2\/comments?post=239"}],"version-history":[{"count":6,"href":"https:\/\/agora.xtec.cat\/ceip-drsobreques\/wp-json\/wp\/v2\/pages\/239\/revisions"}],"predecessor-version":[{"id":4980,"href":"https:\/\/agora.xtec.cat\/ceip-drsobreques\/wp-json\/wp\/v2\/pages\/239\/revisions\/4980"}],"up":[{"embeddable":true,"href":"https:\/\/agora.xtec.cat\/ceip-drsobreques\/wp-json\/wp\/v2\/pages\/64"}],"wp:attachment":[{"href":"https:\/\/agora.xtec.cat\/ceip-drsobreques\/wp-json\/wp\/v2\/media?parent=239"}],"curies":[{"name":"wp","href":"https:\/\/api.w.org\/{rel}","templated":true}]}}