{"id":77,"date":"2014-09-18T14:05:08","date_gmt":"2014-09-18T13:05:08","guid":{"rendered":"http:\/\/agora.xtec.cat\/ceip-drseres-alpicat\/?page_id=77"},"modified":"2023-06-12T09:59:21","modified_gmt":"2023-06-12T07:59:21","slug":"acollida","status":"publish","type":"page","link":"https:\/\/agora.xtec.cat\/ceip-drseres-alpicat\/serveis\/acollida\/","title":{"rendered":"Acollida"},"content":{"rendered":"<p>El servei d&#8217;acollida escolar \u00e9s a c\u00e0rrec de l&#8217;empresa OLDIMAR.<\/p>\n<h6><span style=\"text-decoration: underline;\"><strong>Dades de contacte:<\/strong><\/span><\/h6>\n<ul>\n<li>\u00a0Horari d&#8217;acollida: de 7.45 a 9 h<\/li>\n<li>\u00a0Tel\u00e8fon: 686 94 42 49 (durant l&#8217;horari de l&#8217;acollida) \/ 696320310 Encarna Mecias<\/li>\n<li>\u00a0Correu electr\u00f2nic: <a href=\"mailto:menjador@oldimar.com\" target=\"_blank\" rel=\"noopener noreferrer\">menjador@oldimar.com<\/a><\/li>\n<li><a href=\"https:\/\/oldimar.com\/\" target=\"_blank\" rel=\"noopener noreferrer\">\u00a0https:\/\/oldimar.com\/<\/a><\/li>\n<\/ul>\n<p>&nbsp;<\/p>\n<h6><span style=\"text-decoration: underline;\"><strong>Informaci\u00f3 d&#8217;inter\u00e8s per a les fam\u00edlies:<\/strong><\/span><\/h6>\n<ul>\n<li><a href=\"https:\/\/agora.xtec.cat\/ceip-drseres-alpicat\/wp-content\/uploads\/usu1665\/2023\/06\/Inscripcio_al_menjador_i_acollida_autoemplenable-3.pdf\" target=\"_blank\" rel=\"noopener noreferrer\">Inscripci\u00f3 2023-2024<\/a><\/li>\n<li><a href=\"https:\/\/agora.xtec.cat\/ceip-drseres-alpicat\/wp-content\/uploads\/usu1665\/2023\/06\/Preus_menjador.pdf\" target=\"_blank\" rel=\"noopener\">Preus i condicions 2023-2024<\/a><\/li>\n<\/ul>\n","protected":false},"excerpt":{"rendered":"<p>El servei d&#8217;acollida escolar \u00e9s a c\u00e0rrec de l&#8217;empresa OLDIMAR.<br \/>\nDades de contacte:<\/p>\n<ul>\n<li>\u00a0Horari d&#8217;acollida: de 7.45 a 9 h<\/li>\n<li>\u00a0Tel\u00e8fon: 686 94 42 49 (durant l&#8217;horari de l&#8217;acollida) \/ 696320310 Encarna Mecias<\/li>\n<li>\u00a0Correu electr\u00f2nic: <a href=\"mailto:menjador@oldimar.com\" target=\"_blank\" rel=\"noopener noreferrer\">menjador@oldimar.com<\/a><\/li>\n<li><a href=\"https:\/\/oldimar.com\/\" target=\"_blank\" rel=\"noopener noreferrer\">\u00a0https:\/\/oldimar.com\/<\/a><\/li>\n<\/ul>\n<p>&nbsp;<br \/>\nInformaci\u00f3 d&#8217;inter\u00e8s per a les fam\u00edlies:<\/p>\n<ul>\n<li><a&hellip;  <a href=\"https:\/\/agora.xtec.cat\/ceip-drseres-alpicat\/serveis\/acollida\/\" title=\"Read Acollida\">Llegeix m\u00e9s\u00bb<\/a><br \/>\n","protected":false},"author":1,"featured_media":0,"parent":66,"menu_order":20,"comment_status":"closed","ping_status":"closed","template":"page-templates\/side-menu.php","meta":{"_bbp_topic_count":0,"_bbp_reply_count":0,"_bbp_total_topic_count":0,"_bbp_total_reply_count":0,"_bbp_voice_count":0,"_bbp_anonymous_reply_count":0,"_bbp_topic_count_hidden":0,"_bbp_reply_count_hidden":0,"_bbp_forum_subforum_count":0,"footnotes":""},"class_list":["post-77","page","type-page","status-publish","hentry"],"post_mailing_queue_ids":[],"_links":{"self":[{"href":"https:\/\/agora.xtec.cat\/ceip-drseres-alpicat\/wp-json\/wp\/v2\/pages\/77","targetHints":{"allow":["GET"]}}],"collection":[{"href":"https:\/\/agora.xtec.cat\/ceip-drseres-alpicat\/wp-json\/wp\/v2\/pages"}],"about":[{"href":"https:\/\/agora.xtec.cat\/ceip-drseres-alpicat\/wp-json\/wp\/v2\/types\/page"}],"author":[{"embeddable":true,"href":"https:\/\/agora.xtec.cat\/ceip-drseres-alpicat\/wp-json\/wp\/v2\/users\/1"}],"replies":[{"embeddable":true,"href":"https:\/\/agora.xtec.cat\/ceip-drseres-alpicat\/wp-json\/wp\/v2\/comments?post=77"}],"version-history":[{"count":4,"href":"https:\/\/agora.xtec.cat\/ceip-drseres-alpicat\/wp-json\/wp\/v2\/pages\/77\/revisions"}],"predecessor-version":[{"id":2800,"href":"https:\/\/agora.xtec.cat\/ceip-drseres-alpicat\/wp-json\/wp\/v2\/pages\/77\/revisions\/2800"}],"up":[{"embeddable":true,"href":"https:\/\/agora.xtec.cat\/ceip-drseres-alpicat\/wp-json\/wp\/v2\/pages\/66"}],"wp:attachment":[{"href":"https:\/\/agora.xtec.cat\/ceip-drseres-alpicat\/wp-json\/wp\/v2\/media?parent=77"}],"curies":[{"name":"wp","href":"https:\/\/api.w.org\/{rel}","templated":true}]}}