{"id":71,"date":"2014-09-18T12:44:56","date_gmt":"2014-09-18T11:44:56","guid":{"rendered":"http:\/\/agora.xtec.cat\/ceip-drseres-alpicat\/?page_id=71"},"modified":"2023-06-02T10:18:33","modified_gmt":"2023-06-02T08:18:33","slug":"serveis-digitals","status":"publish","type":"page","link":"https:\/\/agora.xtec.cat\/ceip-drseres-alpicat\/serveis\/serveis-digitals\/","title":{"rendered":"Serveis digitals"},"content":{"rendered":"<p>La nostra escola es troba immersa en un proc\u00e9s de transformaci\u00f3 digital, el qual implica un seguit de canvis i millores en els equipaments tecnol\u00f2gics.<\/p>\n<p>Actualment, l\u2019equip de mestres ja utilitza com a entorn de treball el domini <strong>@escoladoctorseres.cat<\/strong>, \u00e9s per aix\u00f2 que ara tamb\u00e9 volem fer-ne part\u00edcip a l\u2019alumnat.<\/p>\n<p>Els alumnes de l\u2019escola, tamb\u00e9 disposen d&#8217;un compte <strong>Google Workspace (abans GSuite for Education)<\/strong> vinculat al domini <strong>@escoladoctorseres.cat<\/strong>.<\/p>\n<p>Aquest els permet treballar de manera col\u00b7laborativa i cooperativa amb altres companys\/es i millorar les seves compet\u00e8ncies en l&#8217;\u00e0mbit digital.<\/p>\n<ul>\n<li><a href=\"https:\/\/agora.xtec.cat\/ceip-drseres-alpicat\/wp-content\/uploads\/usu1665\/2023\/06\/Autoritzacio_recursos_digitals_autoemplenable.pdf\" target=\"_blank\" rel=\"noopener noreferrer\">Carta explicativa Google Workspace i autoritzaci\u00f3 de recursos digitals<\/a><\/li>\n<li><a style=\"font-family: inherit; font-size: 1em;\" href=\"https:\/\/sites.google.com\/d\/1mEp8QqV4esUC_U0ZrwrtKNB5ABOrQ5zF\/p\/13kC3jpwcbS5pkt17xZZ9qIC6N4gbH5GU\/edit\">Sites estrat\u00e8gia digital<\/a><\/li>\n<\/ul>\n","protected":false},"excerpt":{"rendered":"<p>La nostra escola es troba immersa en un proc\u00e9s de transformaci\u00f3 digital, el qual implica un seguit de canvis i millores en els equipaments tecnol\u00f2gics.<br \/>\nActualment, l\u2019equip de mestres ja utilitza com a entorn de treball el domini @escoladoctorseres.cat, \u00e9s per aix\u00f2 que ara tamb\u00e9 volem&hellip;  <a href=\"https:\/\/agora.xtec.cat\/ceip-drseres-alpicat\/serveis\/serveis-digitals\/\" title=\"Read Serveis digitals\">Llegeix m\u00e9s\u00bb<\/a><\/p>\n","protected":false},"author":1,"featured_media":0,"parent":66,"menu_order":10,"comment_status":"closed","ping_status":"closed","template":"page-templates\/side-menu.php","meta":{"_bbp_topic_count":0,"_bbp_reply_count":0,"_bbp_total_topic_count":0,"_bbp_total_reply_count":0,"_bbp_voice_count":0,"_bbp_anonymous_reply_count":0,"_bbp_topic_count_hidden":0,"_bbp_reply_count_hidden":0,"_bbp_forum_subforum_count":0,"footnotes":""},"class_list":["post-71","page","type-page","status-publish","hentry"],"post_mailing_queue_ids":[],"_links":{"self":[{"href":"https:\/\/agora.xtec.cat\/ceip-drseres-alpicat\/wp-json\/wp\/v2\/pages\/71","targetHints":{"allow":["GET"]}}],"collection":[{"href":"https:\/\/agora.xtec.cat\/ceip-drseres-alpicat\/wp-json\/wp\/v2\/pages"}],"about":[{"href":"https:\/\/agora.xtec.cat\/ceip-drseres-alpicat\/wp-json\/wp\/v2\/types\/page"}],"author":[{"embeddable":true,"href":"https:\/\/agora.xtec.cat\/ceip-drseres-alpicat\/wp-json\/wp\/v2\/users\/1"}],"replies":[{"embeddable":true,"href":"https:\/\/agora.xtec.cat\/ceip-drseres-alpicat\/wp-json\/wp\/v2\/comments?post=71"}],"version-history":[{"count":4,"href":"https:\/\/agora.xtec.cat\/ceip-drseres-alpicat\/wp-json\/wp\/v2\/pages\/71\/revisions"}],"predecessor-version":[{"id":2777,"href":"https:\/\/agora.xtec.cat\/ceip-drseres-alpicat\/wp-json\/wp\/v2\/pages\/71\/revisions\/2777"}],"up":[{"embeddable":true,"href":"https:\/\/agora.xtec.cat\/ceip-drseres-alpicat\/wp-json\/wp\/v2\/pages\/66"}],"wp:attachment":[{"href":"https:\/\/agora.xtec.cat\/ceip-drseres-alpicat\/wp-json\/wp\/v2\/media?parent=71"}],"curies":[{"name":"wp","href":"https:\/\/api.w.org\/{rel}","templated":true}]}}