{"id":4592,"date":"2026-03-02T15:50:45","date_gmt":"2026-03-02T14:50:45","guid":{"rendered":"https:\/\/agora.xtec.cat\/ceip-drseres-alpicat\/?page_id=4592"},"modified":"2026-04-29T09:41:36","modified_gmt":"2026-04-29T07:41:36","slug":"preinscripcio-per-al-curs-2026-27","status":"publish","type":"page","link":"https:\/\/agora.xtec.cat\/ceip-drseres-alpicat\/preinscripcio-per-al-curs-2026-27\/","title":{"rendered":"Preinscripci\u00f3 per al curs 2026\/27"},"content":{"rendered":"<h4>Dates a tenir en compte:<\/h4>\n<p><strong><em><span style=\"color: #ff6600;\">Novetat! (29\/04\/2026) <\/span><\/em><\/strong><a href=\"https:\/\/drive.google.com\/file\/d\/1p26H-KSWsLZttIoNMxcycj1DhQUgRLzl\/view?usp=sharing\"><span style=\"color: #808000;\">Publicaci\u00f3 de la llista de sol\u00b7licituds que han demanat el centre i l&#8217;ensenyament en primera petici\u00f3 ordenada a\u00a0<\/span><\/a><\/p>\n<p><a href=\"https:\/\/drive.google.com\/file\/d\/1vhk8Hu0fIYBuASOvBjuzwCZqQ20f39jv\/view?usp=sharing\"><span style=\"color: #808000;\"> Publicaci\u00f3 de la llista de sol\u00b7licituds que han demanat el centre i l&#8217;ensenyament en primera petici\u00f3 amb la puntuaci\u00f3 resoltes les reclamacions<\/span><\/a><\/p>\n<p><span style=\"color: #808000;\"><a style=\"color: #808000;\" href=\"https:\/\/drive.google.com\/file\/d\/1ikXNt4AO9j0V7T2wFPLQg-UbztoiR0Ei\/view?usp=sharing\">Publicaci\u00f3 de la llista de sol\u00b7licituds que han demanat el centre i l&#8217;ensenyament en primera petici\u00f3 amb la puntuaci\u00f3 provisional\u00a0<\/a><\/span><\/p>\n<p><strong>\u2663 El 3 de mar\u00e7 de 2026 publicarem l&#8217;oferta inicial de places escolars.\u00a0<\/strong><\/p>\n<p><a href=\"https:\/\/drive.google.com\/file\/d\/1IDUZuo_02ObFb-fvTlEpA172ZAgc4RQq\/view?usp=sharing\">OFERTA INICIAL Publicaci\u00f3 del nombre de places escolars per centre i curs.<\/a><\/p>\n<p><a href=\"https:\/\/mapaescolar.gencat.cat\/\">Mapa escolar de Catalunya<\/a><\/p>\n<h6><strong>\u2663 Del 4 al 18 de mar\u00e7 de 2026 (a partir de les 9h): presentaci\u00f3 de sol\u00b7licituds de preinscripci\u00f3<\/strong><\/h6>\n<p><a href=\"https:\/\/preinscripcio.gencat.cat\/ca\/inici\">Web de la preinscripci\u00f3\u00a0<\/a><\/p>\n<p><a href=\"https:\/\/tramits.gencat.cat\/ca\/tramits\/tramits-temes\/perinscripcio-obligatoris?moda=1\">Acc\u00e9s al tr\u00e0mit de preinscripci\u00f3 d&#8217;Educaci\u00f3 Infantil (3-6 anys)<\/a><\/p>\n<p><a href=\"https:\/\/tramits.gencat.cat\/ca\/tramits\/tramits-temes\/preinscripcio-obligatoris?category=74447ed8-a82c-11e3-a972-000c29052e2c&amp;moda=2\">Acc\u00e9s al tr\u00e0mit de preinscripci\u00f3 d&#8217;Educaci\u00f3 Prim\u00e0ria (6-12 anys)<\/a><\/p>\n<p>\u00c9s molt important respectar les dates, perqu\u00e8 les sol\u00b7licituds que es presentin fora d\u2019aquest termini perdran totes les prioritats que haurien pogut tenir a l\u2019hora d\u2019obtenir la pla\u00e7a. Els <a href=\"https:\/\/preinscripcio.gencat.cat\/ca\/estudis\/infantil-3-6\/informat\/criteris-assignacio\/\">criteris d\u2019assignaci\u00f3 de places<\/a> serveixen per donar una puntuaci\u00f3 a cada sol\u00b7licitud. D\u2019aquesta manera s\u2019estableix l\u2019ordre d\u2019acc\u00e9s a les places de cada centre. Cal presentar la sol\u00b7licitud i adjuntar-hi la documentaci\u00f3 d\u2019identificaci\u00f3 o de criteris que correspongui.<\/p>\n<p><strong>\u2663 Fins al 19 de mar\u00e7 de 2026 es pot presentar la documentaci\u00f3.<\/strong><\/p>\n<p>Aquests dies pots presentar documentaci\u00f3 acreditativa que no hagis pogut adjuntar durant el per\u00edode de presentaci\u00f3 de sol\u00b7licituds.<\/p>\n<p><a href=\"https:\/\/preinscripcio.gencat.cat\/ca\/estudis\/infantil-3-6\/informat\/prepara-documentacio\/\">Enlla\u00e7 a la documentaci\u00f3 necess\u00e0ria per fer la preinscripci\u00f3 a Educaci\u00f3 Infantil<\/a><\/p>\n<p><a href=\"https:\/\/preinscripcio.gencat.cat\/ca\/estudis\/primaria\/informat\/prepara-documentacio\/\">Enlla\u00e7 a la documentaci\u00f3 necess\u00e0ria per fer la preinscripci\u00f3 a Educaci\u00f3 Prim\u00e0ria\u00a0<\/a><\/p>\n<p><a href=\"https:\/\/agora.xtec.cat\/ceip-drseres-alpicat\/wp-content\/uploads\/usu1665\/2026\/03\/Preinscripcio_baners_Web_educacio__Preinscripcio_web_educacio_832x468_SECUNDARIA1.jpg\"><img loading=\"lazy\" decoding=\"async\" class=\"aligncenter size-full wp-image-4598\" src=\"https:\/\/agora.xtec.cat\/ceip-drseres-alpicat\/wp-content\/uploads\/usu1665\/2026\/03\/Preinscripcio_baners_Web_educacio__Preinscripcio_web_educacio_832x468_SECUNDARIA1.jpg\" alt=\"\" width=\"800\" height=\"450\" srcset=\"https:\/\/agora.xtec.cat\/ceip-drseres-alpicat\/wp-content\/uploads\/usu1665\/2026\/03\/Preinscripcio_baners_Web_educacio__Preinscripcio_web_educacio_832x468_SECUNDARIA1.jpg 800w, https:\/\/agora.xtec.cat\/ceip-drseres-alpicat\/wp-content\/uploads\/usu1665\/2026\/03\/Preinscripcio_baners_Web_educacio__Preinscripcio_web_educacio_832x468_SECUNDARIA1-300x169.jpg 300w, https:\/\/agora.xtec.cat\/ceip-drseres-alpicat\/wp-content\/uploads\/usu1665\/2026\/03\/Preinscripcio_baners_Web_educacio__Preinscripcio_web_educacio_832x468_SECUNDARIA1-768x432.jpg 768w\" sizes=\"auto, (max-width: 800px) 100vw, 800px\" \/><\/a><\/p>\n<p><a href=\"https:\/\/agora.xtec.cat\/ceip-drseres-alpicat\/wp-content\/uploads\/usu1665\/2026\/03\/Preinscripcio_baners_Web_educacio__Preinscripcio_web_educacio_1900x372_3imatges.jpg\"><img loading=\"lazy\" decoding=\"async\" class=\"aligncenter size-large wp-image-4596\" src=\"https:\/\/agora.xtec.cat\/ceip-drseres-alpicat\/wp-content\/uploads\/usu1665\/2026\/03\/Preinscripcio_baners_Web_educacio__Preinscripcio_web_educacio_1900x372_3imatges-1024x200.jpg\" alt=\"\" width=\"1024\" height=\"200\" srcset=\"https:\/\/agora.xtec.cat\/ceip-drseres-alpicat\/wp-content\/uploads\/usu1665\/2026\/03\/Preinscripcio_baners_Web_educacio__Preinscripcio_web_educacio_1900x372_3imatges-1024x200.jpg 1024w, https:\/\/agora.xtec.cat\/ceip-drseres-alpicat\/wp-content\/uploads\/usu1665\/2026\/03\/Preinscripcio_baners_Web_educacio__Preinscripcio_web_educacio_1900x372_3imatges-300x59.jpg 300w, https:\/\/agora.xtec.cat\/ceip-drseres-alpicat\/wp-content\/uploads\/usu1665\/2026\/03\/Preinscripcio_baners_Web_educacio__Preinscripcio_web_educacio_1900x372_3imatges-768x150.jpg 768w, https:\/\/agora.xtec.cat\/ceip-drseres-alpicat\/wp-content\/uploads\/usu1665\/2026\/03\/Preinscripcio_baners_Web_educacio__Preinscripcio_web_educacio_1900x372_3imatges-1536x301.jpg 1536w, https:\/\/agora.xtec.cat\/ceip-drseres-alpicat\/wp-content\/uploads\/usu1665\/2026\/03\/Preinscripcio_baners_Web_educacio__Preinscripcio_web_educacio_1900x372_3imatges.jpg 1900w\" sizes=\"auto, (max-width: 1024px) 100vw, 1024px\" \/><\/a><\/p>\n<p>&nbsp;<\/p>\n<figure class=\"figure wp-caption aligncenter\"><a href=\"https:\/\/agora.xtec.cat\/ceip-drseres-alpicat\/wp-content\/uploads\/usu1665\/2026\/03\/IMG_4037.jpg\"><img loading=\"lazy\" decoding=\"async\" class=\"size-large wp-image-4605\" src=\"https:\/\/agora.xtec.cat\/ceip-drseres-alpicat\/wp-content\/uploads\/usu1665\/2026\/03\/IMG_4037-843x1024.jpg\" alt=\"\" width=\"843\" height=\"1024\" srcset=\"https:\/\/agora.xtec.cat\/ceip-drseres-alpicat\/wp-content\/uploads\/usu1665\/2026\/03\/IMG_4037-843x1024.jpg 843w, https:\/\/agora.xtec.cat\/ceip-drseres-alpicat\/wp-content\/uploads\/usu1665\/2026\/03\/IMG_4037-247x300.jpg 247w, https:\/\/agora.xtec.cat\/ceip-drseres-alpicat\/wp-content\/uploads\/usu1665\/2026\/03\/IMG_4037-768x932.jpg 768w, https:\/\/agora.xtec.cat\/ceip-drseres-alpicat\/wp-content\/uploads\/usu1665\/2026\/03\/IMG_4037-1265x1536.jpg 1265w, https:\/\/agora.xtec.cat\/ceip-drseres-alpicat\/wp-content\/uploads\/usu1665\/2026\/03\/IMG_4037.jpg 1284w\" sizes=\"auto, (max-width: 843px) 100vw, 843px\" \/><\/a><figcaption class=\"wp-caption-text\">Screenshot<\/figcaption><\/figure>\n<figure class=\"figure wp-caption aligncenter\"><a href=\"https:\/\/agora.xtec.cat\/ceip-drseres-alpicat\/wp-content\/uploads\/usu1665\/2026\/03\/IMG_4038.jpg\"><img loading=\"lazy\" decoding=\"async\" class=\"size-large wp-image-4606\" src=\"https:\/\/agora.xtec.cat\/ceip-drseres-alpicat\/wp-content\/uploads\/usu1665\/2026\/03\/IMG_4038-839x1024.jpg\" alt=\"\" width=\"839\" height=\"1024\" srcset=\"https:\/\/agora.xtec.cat\/ceip-drseres-alpicat\/wp-content\/uploads\/usu1665\/2026\/03\/IMG_4038-839x1024.jpg 839w, https:\/\/agora.xtec.cat\/ceip-drseres-alpicat\/wp-content\/uploads\/usu1665\/2026\/03\/IMG_4038-246x300.jpg 246w, https:\/\/agora.xtec.cat\/ceip-drseres-alpicat\/wp-content\/uploads\/usu1665\/2026\/03\/IMG_4038-768x937.jpg 768w, https:\/\/agora.xtec.cat\/ceip-drseres-alpicat\/wp-content\/uploads\/usu1665\/2026\/03\/IMG_4038-1259x1536.jpg 1259w, https:\/\/agora.xtec.cat\/ceip-drseres-alpicat\/wp-content\/uploads\/usu1665\/2026\/03\/IMG_4038.jpg 1284w\" sizes=\"auto, (max-width: 839px) 100vw, 839px\" \/><\/a><figcaption class=\"wp-caption-text\">Screenshot<\/figcaption><\/figure>\n<figure class=\"figure wp-caption aligncenter\"><a href=\"https:\/\/agora.xtec.cat\/ceip-drseres-alpicat\/wp-content\/uploads\/usu1665\/2026\/03\/IMG_4039.jpg\"><img loading=\"lazy\" decoding=\"async\" class=\"size-large wp-image-4607\" src=\"https:\/\/agora.xtec.cat\/ceip-drseres-alpicat\/wp-content\/uploads\/usu1665\/2026\/03\/IMG_4039-841x1024.jpg\" alt=\"\" width=\"841\" height=\"1024\" srcset=\"https:\/\/agora.xtec.cat\/ceip-drseres-alpicat\/wp-content\/uploads\/usu1665\/2026\/03\/IMG_4039-841x1024.jpg 841w, https:\/\/agora.xtec.cat\/ceip-drseres-alpicat\/wp-content\/uploads\/usu1665\/2026\/03\/IMG_4039-246x300.jpg 246w, https:\/\/agora.xtec.cat\/ceip-drseres-alpicat\/wp-content\/uploads\/usu1665\/2026\/03\/IMG_4039-768x935.jpg 768w, https:\/\/agora.xtec.cat\/ceip-drseres-alpicat\/wp-content\/uploads\/usu1665\/2026\/03\/IMG_4039-1262x1536.jpg 1262w, https:\/\/agora.xtec.cat\/ceip-drseres-alpicat\/wp-content\/uploads\/usu1665\/2026\/03\/IMG_4039.jpg 1284w\" sizes=\"auto, (max-width: 841px) 100vw, 841px\" \/><\/a><figcaption class=\"wp-caption-text\">Screenshot<\/figcaption><\/figure>\n<figure class=\"figure wp-caption aligncenter\"><a href=\"https:\/\/agora.xtec.cat\/ceip-drseres-alpicat\/wp-content\/uploads\/usu1665\/2026\/03\/IMG_4040.jpg\"><img loading=\"lazy\" decoding=\"async\" class=\"size-large wp-image-4608\" src=\"https:\/\/agora.xtec.cat\/ceip-drseres-alpicat\/wp-content\/uploads\/usu1665\/2026\/03\/IMG_4040-837x1024.jpg\" alt=\"\" width=\"837\" height=\"1024\" srcset=\"https:\/\/agora.xtec.cat\/ceip-drseres-alpicat\/wp-content\/uploads\/usu1665\/2026\/03\/IMG_4040-837x1024.jpg 837w, https:\/\/agora.xtec.cat\/ceip-drseres-alpicat\/wp-content\/uploads\/usu1665\/2026\/03\/IMG_4040-245x300.jpg 245w, https:\/\/agora.xtec.cat\/ceip-drseres-alpicat\/wp-content\/uploads\/usu1665\/2026\/03\/IMG_4040-768x939.jpg 768w, https:\/\/agora.xtec.cat\/ceip-drseres-alpicat\/wp-content\/uploads\/usu1665\/2026\/03\/IMG_4040-1256x1536.jpg 1256w, https:\/\/agora.xtec.cat\/ceip-drseres-alpicat\/wp-content\/uploads\/usu1665\/2026\/03\/IMG_4040.jpg 1284w\" sizes=\"auto, (max-width: 837px) 100vw, 837px\" \/><\/a><figcaption class=\"wp-caption-text\">Screenshot<\/figcaption><\/figure>\n<figure class=\"figure wp-caption aligncenter\"><a href=\"https:\/\/agora.xtec.cat\/ceip-drseres-alpicat\/wp-content\/uploads\/usu1665\/2026\/03\/IMG_4041.jpg\"><img loading=\"lazy\" decoding=\"async\" class=\"size-large wp-image-4609\" src=\"https:\/\/agora.xtec.cat\/ceip-drseres-alpicat\/wp-content\/uploads\/usu1665\/2026\/03\/IMG_4041-835x1024.jpg\" alt=\"\" width=\"835\" height=\"1024\" srcset=\"https:\/\/agora.xtec.cat\/ceip-drseres-alpicat\/wp-content\/uploads\/usu1665\/2026\/03\/IMG_4041-835x1024.jpg 835w, https:\/\/agora.xtec.cat\/ceip-drseres-alpicat\/wp-content\/uploads\/usu1665\/2026\/03\/IMG_4041-245x300.jpg 245w, https:\/\/agora.xtec.cat\/ceip-drseres-alpicat\/wp-content\/uploads\/usu1665\/2026\/03\/IMG_4041-768x942.jpg 768w, https:\/\/agora.xtec.cat\/ceip-drseres-alpicat\/wp-content\/uploads\/usu1665\/2026\/03\/IMG_4041-1252x1536.jpg 1252w, https:\/\/agora.xtec.cat\/ceip-drseres-alpicat\/wp-content\/uploads\/usu1665\/2026\/03\/IMG_4041.jpg 1284w\" sizes=\"auto, (max-width: 835px) 100vw, 835px\" \/><\/a><figcaption class=\"wp-caption-text\">Screenshot<\/figcaption><\/figure>\n<figure class=\"figure wp-caption aligncenter\"><a href=\"https:\/\/agora.xtec.cat\/ceip-drseres-alpicat\/wp-content\/uploads\/usu1665\/2026\/03\/IMG_4042.jpg\"><img loading=\"lazy\" decoding=\"async\" class=\"size-large wp-image-4610\" src=\"https:\/\/agora.xtec.cat\/ceip-drseres-alpicat\/wp-content\/uploads\/usu1665\/2026\/03\/IMG_4042-835x1024.jpg\" alt=\"\" width=\"835\" height=\"1024\" srcset=\"https:\/\/agora.xtec.cat\/ceip-drseres-alpicat\/wp-content\/uploads\/usu1665\/2026\/03\/IMG_4042-835x1024.jpg 835w, https:\/\/agora.xtec.cat\/ceip-drseres-alpicat\/wp-content\/uploads\/usu1665\/2026\/03\/IMG_4042-245x300.jpg 245w, https:\/\/agora.xtec.cat\/ceip-drseres-alpicat\/wp-content\/uploads\/usu1665\/2026\/03\/IMG_4042-768x942.jpg 768w, https:\/\/agora.xtec.cat\/ceip-drseres-alpicat\/wp-content\/uploads\/usu1665\/2026\/03\/IMG_4042-1252x1536.jpg 1252w, https:\/\/agora.xtec.cat\/ceip-drseres-alpicat\/wp-content\/uploads\/usu1665\/2026\/03\/IMG_4042.jpg 1284w\" sizes=\"auto, (max-width: 835px) 100vw, 835px\" \/><\/a><figcaption class=\"wp-caption-text\">Screenshot<\/figcaption><\/figure>\n","protected":false},"excerpt":{"rendered":"<p>Dates a tenir en compte:<br \/>\nNovetat! (29\/04\/2026) <a href=\"https:\/\/drive.google.com\/file\/d\/1p26H-KSWsLZttIoNMxcycj1DhQUgRLzl\/view?usp=sharing\">Publicaci\u00f3 de la llista de sol\u00b7licituds que han demanat el centre i l&#8217;ensenyament en primera petici\u00f3 ordenada a\u00a0<\/a><br \/>\n<a href=\"https:\/\/drive.google.com\/file\/d\/1vhk8Hu0fIYBuASOvBjuzwCZqQ20f39jv\/view?usp=sharing\"> Publicaci\u00f3 de la llista de sol\u00b7licituds que han demanat el centre i l&#8217;ensenyament en primera petici\u00f3 amb la puntuaci\u00f3&hellip;  <a href=\"https:\/\/agora.xtec.cat\/ceip-drseres-alpicat\/preinscripcio-per-al-curs-2026-27\/\" title=\"Read Preinscripci\u00f3 per al curs 2026\/27\">Llegeix m\u00e9s\u00bb<\/a><\/p>\n","protected":false},"author":1,"featured_media":0,"parent":0,"menu_order":0,"comment_status":"closed","ping_status":"closed","template":"","meta":{"_bbp_topic_count":0,"_bbp_reply_count":0,"_bbp_total_topic_count":0,"_bbp_total_reply_count":0,"_bbp_voice_count":0,"_bbp_anonymous_reply_count":0,"_bbp_topic_count_hidden":0,"_bbp_reply_count_hidden":0,"_bbp_forum_subforum_count":0,"footnotes":""},"class_list":["post-4592","page","type-page","status-publish","hentry"],"post_mailing_queue_ids":[],"_links":{"self":[{"href":"https:\/\/agora.xtec.cat\/ceip-drseres-alpicat\/wp-json\/wp\/v2\/pages\/4592","targetHints":{"allow":["GET"]}}],"collection":[{"href":"https:\/\/agora.xtec.cat\/ceip-drseres-alpicat\/wp-json\/wp\/v2\/pages"}],"about":[{"href":"https:\/\/agora.xtec.cat\/ceip-drseres-alpicat\/wp-json\/wp\/v2\/types\/page"}],"author":[{"embeddable":true,"href":"https:\/\/agora.xtec.cat\/ceip-drseres-alpicat\/wp-json\/wp\/v2\/users\/1"}],"replies":[{"embeddable":true,"href":"https:\/\/agora.xtec.cat\/ceip-drseres-alpicat\/wp-json\/wp\/v2\/comments?post=4592"}],"version-history":[{"count":7,"href":"https:\/\/agora.xtec.cat\/ceip-drseres-alpicat\/wp-json\/wp\/v2\/pages\/4592\/revisions"}],"predecessor-version":[{"id":4763,"href":"https:\/\/agora.xtec.cat\/ceip-drseres-alpicat\/wp-json\/wp\/v2\/pages\/4592\/revisions\/4763"}],"wp:attachment":[{"href":"https:\/\/agora.xtec.cat\/ceip-drseres-alpicat\/wp-json\/wp\/v2\/media?parent=4592"}],"curies":[{"name":"wp","href":"https:\/\/api.w.org\/{rel}","templated":true}]}}