{"id":4138,"date":"2025-09-30T12:34:15","date_gmt":"2025-09-30T10:34:15","guid":{"rendered":"https:\/\/agora.xtec.cat\/ceip-drseres-alpicat\/?page_id=4138"},"modified":"2026-04-28T14:11:39","modified_gmt":"2026-04-28T12:11:39","slug":"timbre-musical","status":"publish","type":"page","link":"https:\/\/agora.xtec.cat\/ceip-drseres-alpicat\/timbre-musical\/","title":{"rendered":"Timbre musical preparat per l&#8217;alumnat"},"content":{"rendered":"<h5>. L&#8217;alumnat de 4t han preparat el timbre musical d&#8217;abril.<\/h5>\n<h5>. L&#8217;alumnat de 3r han preparat el timbre musical de mar\u00e7.<\/h5>\n<h5>. L&#8217;alumnat de 2n han preparat el timbre musical de febrer.<\/h5>\n<h5>. L&#8217;alumnat de 1r han preparat el timbre musical de gener.<\/h5>\n<h5>. L&#8217;alumnat d&#8217;I3 han preparat el timbre musical de desembre.<\/h5>\n<h5>. L&#8217;alumnat d&#8217;I4 han preparat el timbre musical de novembre.<\/h5>\n<h5>. L&#8217;alumnat d&#8217;I5 han preparat el timbre musical d&#8217;octubre.<\/h5>\n<table style=\"height: 905px; width: 100%; border-collapse: collapse; background-color: #edf3f5;\">\n<tbody>\n<tr style=\"height: 46px;\">\n<td style=\"width: 33.333333%; height: 46px; background-color: #53edd9; text-align: center;\">\n<h4><span style=\"color: #ffff00;\"><strong>EL MES PER SETMANES<\/strong><\/span><\/h4>\n<\/td>\n<td style=\"width: 33.333333%; height: 46px; background-color: #11edcc; text-align: center;\">\n<h4><span style=\"color: #ffff00;\"><strong>M\u00daSICA PER A LES ENTRADES<\/strong><\/span><\/h4>\n<\/td>\n<td style=\"width: 33.333333%; height: 46px; background-color: #1cedce; text-align: center;\">\n<h4><span style=\"color: #ffff00;\"><strong>M\u00daSICA PER A LES SORTIDES<\/strong><\/span><\/h4>\n<\/td>\n<\/tr>\n<tr>\n<td style=\"width: 33.333333%;\">\n<h4><span style=\"color: #993366;\"><strong>1a setmana del 7 al 10 d&#8217;abril<\/strong><\/span><\/h4>\n<\/td>\n<td style=\"width: 33.333333%;\">\n<h4><span style=\"color: #993366;\">Running up that hill<\/span><\/h4>\n<\/td>\n<td style=\"width: 33.333333%;\">\n<h4><span style=\"color: #993366;\">Si me voy<\/span><\/h4>\n<\/td>\n<\/tr>\n<tr>\n<td style=\"width: 33.333333%;\">\n<h4><span style=\"color: #993366;\"><strong>2a setmana del 13 al 17 d&#8217;abril<\/strong><\/span><\/h4>\n<\/td>\n<td style=\"width: 33.333333%;\">\n<h4><span style=\"color: #993366;\">De ellos aprend\u00ed<\/span><\/h4>\n<\/td>\n<td style=\"width: 33.333333%;\">\n<h4><span style=\"color: #993366;\">Thunderstruck<\/span><\/h4>\n<\/td>\n<\/tr>\n<tr>\n<td style=\"width: 33.333333%;\">\n<h4><span style=\"color: #993366;\"><strong>3a setmana del 20 al 24 d&#8217;abril<\/strong><\/span><\/h4>\n<\/td>\n<td style=\"width: 33.333333%;\">\n<h4><span style=\"color: #993366;\">Boombastic<\/span><\/h4>\n<\/td>\n<td style=\"width: 33.333333%;\">\n<h4><span style=\"color: #993366;\">Do it<\/span><\/h4>\n<\/td>\n<\/tr>\n<tr>\n<td style=\"width: 33.333333%;\">\n<h4><span style=\"color: #993366;\"><strong>4a setmana del 27 al 30 d&#8217;abril<\/strong><\/span><\/h4>\n<\/td>\n<td style=\"width: 33.333333%;\">\n<h4><span style=\"color: #993366;\">Superestrella<\/span><\/h4>\n<\/td>\n<td style=\"width: 33.333333%;\">\n<h4><span style=\"color: #993366;\">Acr\u00f3stico<\/span><\/h4>\n<\/td>\n<\/tr>\n<tr>\n<td style=\"width: 33.333333%;\" colspan=\"3\">\n<h4><span style=\"color: #993366;\"><strong>Durant tot el mes d&#8217;abril a l&#8217;hora d&#8217;esmorzar sonar\u00e0: Acr\u00f3stico<\/strong><\/span><\/h4>\n<\/td>\n<\/tr>\n<tr>\n<td style=\"width: 33.333333%;\">\n<h4><span style=\"color: #008000;\"><strong>1a setmana del 2 al 6 de mar\u00e7<\/strong><\/span><\/h4>\n<\/td>\n<td style=\"width: 33.333333%;\">\n<h4><span style=\"color: #008000;\">Jennifer &#8211; Cartarres<\/span><\/h4>\n<\/td>\n<td style=\"width: 33.333333%;\">\n<h4><span style=\"color: #008000;\">Never ending story<\/span><\/h4>\n<\/td>\n<\/tr>\n<tr>\n<td style=\"width: 33.333333%;\">\n<h4><span style=\"color: #008000;\"><strong>2a setmana del 9 al 13 de mar\u00e7<\/strong><\/span><\/h4>\n<\/td>\n<td style=\"width: 33.333333%;\">\n<h4><span style=\"color: #008000;\">Tandem &#8211; The Tyets<\/span><\/h4>\n<\/td>\n<td style=\"width: 33.333333%;\">\n<h4><span style=\"color: #008000;\">Live is life<\/span><\/h4>\n<\/td>\n<\/tr>\n<tr>\n<td style=\"width: 33.333333%;\">\n<h4><span style=\"color: #008000;\"><strong>3a setmana del 16 al 20 de mar\u00e7<\/strong><\/span><\/h4>\n<\/td>\n<td style=\"width: 33.333333%;\">\n<h4><span style=\"color: #008000;\">6 de febrero &#8211; Aitana<\/span><\/h4>\n<\/td>\n<td style=\"width: 33.333333%;\">\n<h4><span style=\"color: #008000;\">Amigos a distancia<\/span><\/h4>\n<\/td>\n<\/tr>\n<tr>\n<td style=\"width: 33.333333%;\">\n<h4><span style=\"color: #008000;\"><strong>4a setmana del 23 al 27 de mar\u00e7<\/strong><\/span><\/h4>\n<\/td>\n<td style=\"width: 33.333333%;\">\n<h4><span style=\"color: #008000;\">Sort de tu &#8211; Oques grasses<\/span><\/h4>\n<\/td>\n<td style=\"width: 33.333333%;\">\n<h4><span style=\"color: #008000;\">La morocha\u00a0<\/span><\/h4>\n<\/td>\n<\/tr>\n<tr>\n<td style=\"width: 33.333333%;\" colspan=\"3\">\n<h4><span style=\"color: #008000;\">Durant tot el mes de mar\u00e7 a l&#8217;hora d&#8217;esmorzar donar\u00e0: Equilibrista &#8211; Tui Higgins<\/span><\/h4>\n<\/td>\n<\/tr>\n<tr>\n<td style=\"width: 33.333333%;\">\n<h4><strong><span style=\"color: #993300;\">1a setmana del 2 al 6 de febrer<\/span><\/strong><\/h4>\n<\/td>\n<td style=\"width: 33.333333%;\">\n<h4><span lang=\"CA\" style=\"color: #993300;\">Up town funk (Bruno Mars)<\/span><\/h4>\n<\/td>\n<td style=\"width: 33.333333%;\">\n<h4><span style=\"color: #993300;\">La Perla (Rosalia)<\/span><\/h4>\n<\/td>\n<\/tr>\n<tr>\n<td style=\"width: 33.333333%;\">\n<h4><strong><span style=\"color: #993300;\">2a setmana del 9 al 13 de febrer<\/span><\/strong><\/h4>\n<\/td>\n<td style=\"width: 33.333333%;\">\n<h4><span lang=\"CA\" style=\"color: #993300;\">Zoo (Shakira &#8211; BSO Zootropia 2)<\/span><\/h4>\n<\/td>\n<td style=\"width: 33.333333%;\">\n<h4><span style=\"color: #993300;\">How it&#8217;s done (Guerreras KPOP)<\/span><\/h4>\n<\/td>\n<\/tr>\n<tr>\n<td style=\"width: 33.333333%;\">\n<h4><strong><span style=\"color: #993300;\">3a setmana del 16 al 20 de febrer<\/span><\/strong><\/h4>\n<\/td>\n<td style=\"width: 33.333333%;\">\n<h4><span style=\"color: #993300;\">Cazafantasmas<\/span><\/h4>\n<\/td>\n<td style=\"width: 33.333333%;\">\n<h4><span style=\"color: #993300;\">Pocoyo carrera<\/span><\/h4>\n<\/td>\n<\/tr>\n<tr>\n<td style=\"width: 33.333333%;\">\n<h4><strong><span style=\"color: #993300;\">4a setmana del 23 al 27 de febrer<\/span><\/strong><\/h4>\n<\/td>\n<td style=\"width: 33.333333%;\">\n<h4><span style=\"color: #993300;\">Passo bem solto<\/span><\/h4>\n<\/td>\n<td style=\"width: 33.333333%;\">\n<h4><span style=\"color: #993300;\">Jo vull ser pallassa (La vaca florinda)<\/span><\/h4>\n<\/td>\n<\/tr>\n<tr>\n<td style=\"width: 33.333333%;\" colspan=\"3\">\n<h4><strong><span style=\"color: #993300;\">Durant tot el mes de febrer a l&#8217;hora d&#8217;esmorzar sonar\u00e0: Somni (La Clika)<\/span><\/strong><\/h4>\n<\/td>\n<\/tr>\n<tr style=\"height: 58px;\">\n<td style=\"width: 33.333333%; height: 58px;\">\n<h4><span style=\"color: #ff00ff;\"><strong>1a setmana del 8 al 9 de gener<\/strong><\/span><\/h4>\n<\/td>\n<td style=\"width: 33.333333%; height: 58px;\">\n<h4><span lang=\"CA\" style=\"color: #ff00ff;\">Title Theme &#8211; Mario Kart World\u00a0<\/span><\/h4>\n<\/td>\n<td style=\"width: 33.333333%; height: 58px;\">\n<h4><span style=\"color: #ff00ff;\">Beautiful (Benson Boone)<\/span><\/h4>\n<\/td>\n<\/tr>\n<tr style=\"height: 58px;\">\n<td style=\"width: 33.333333%; height: 58px;\">\n<h4><span style=\"color: #ff00ff;\"><strong>2a i 3a setmana del 12 al 23 de gener\u00a0<\/strong><\/span><\/h4>\n<\/td>\n<td style=\"width: 33.333333%; height: 58px;\">\n<h4><span lang=\"CA\" style=\"color: #ff00ff;\">Dj G\u00fc\u00ed (El pot petit)<\/span><\/h4>\n<\/td>\n<td style=\"width: 33.333333%; height: 58px;\">\n<h4><span lang=\"CA\" style=\"color: #ff00ff;\">What it sounds like (Guerreras KPOP)<\/span><\/h4>\n<h4><span style=\"color: #ff00ff;\">\u00a0<\/span><\/h4>\n<\/td>\n<\/tr>\n<tr style=\"height: 58px;\">\n<td style=\"width: 33.333333%; height: 58px;\">\n<h4><span style=\"color: #ff00ff;\"><strong>3a setmana del 26 al 30 de gener<\/strong><\/span><\/h4>\n<\/td>\n<td style=\"width: 33.333333%; height: 58px;\">\n<h4><span style=\"color: #ff00ff;\">Soda Pop (Guerreras KPOP)<\/span><\/h4>\n<\/td>\n<td style=\"width: 33.333333%; height: 58px;\">\n<h4><span style=\"color: #ff00ff;\">Super Ultra Mega (Picus)<\/span><\/h4>\n<\/td>\n<\/tr>\n<tr style=\"height: 58px;\">\n<td style=\"width: 33.333333%; height: 58px;\">\n<h4><span style=\"color: #ff00ff;\"><strong>1a setmana, de l&#8217;1 al 4 de desembre<\/strong><\/span><\/h4>\n<\/td>\n<td style=\"width: 33.333333%; height: 58px;\">\n<h4><span lang=\"CA\" style=\"color: #ff00ff;\">Espresso Macchiato<\/span><\/h4>\n<\/td>\n<td style=\"width: 33.333333%; height: 58px;\">\n<h4><span style=\"color: #ff00ff;\">La cucaracha<\/span><\/h4>\n<\/td>\n<\/tr>\n<tr>\n<td style=\"width: 33.333333%;\" colspan=\"3\">\n<h4><span style=\"color: #ff00ff;\"><strong>Durant tot el mes de gener a l&#8217;hora d&#8217;esmorzar sonar\u00e0: El circ de les Puces (Reggae per xics)<\/strong><\/span><\/h4>\n<\/td>\n<\/tr>\n<tr style=\"height: 58px;\">\n<td style=\"width: 33.333333%; height: 58px;\">\n<h4><span style=\"color: #ff6600;\"><strong>2a setmana, del 9 al 12 de desembre<\/strong><\/span><\/h4>\n<\/td>\n<td style=\"width: 33.333333%; height: 58px;\">\n<h4><span lang=\"CA\" style=\"color: #ff6600;\">Golden, KPop<\/span><\/h4>\n<\/td>\n<td style=\"width: 33.333333%; height: 58px;\">\n<h4><span style=\"color: #ff6600;\">Susanita tiene un rat\u00f3n<\/span><\/h4>\n<\/td>\n<\/tr>\n<tr style=\"height: 58px;\">\n<td style=\"width: 33.333333%; height: 58px;\">\n<h4><span style=\"color: #ff6600;\"><strong>3a setmana, del 15 al 19 de desembre<\/strong><\/span><\/h4>\n<\/td>\n<td style=\"width: 33.333333%; height: 58px;\">\n<h4><span lang=\"CA\" style=\"color: #ff6600;\">The Night Before Christmas Song<\/span><\/h4>\n<\/td>\n<td style=\"width: 33.333333%; height: 58px;\">\n<h4><span style=\"color: #ff6600;\">El Taller de los Elfos<\/span><\/h4>\n<\/td>\n<\/tr>\n<tr style=\"height: 58px;\">\n<td style=\"width: 99.999999%; height: 58px;\" colspan=\"3\">\n<h4><strong><span style=\"color: #ff6600;\">Durant tot el mes de desembre a l&#8217;hora d&#8217;esmorzar sonar\u00e0: Benvinguts, de Txarango<\/span><\/strong><\/h4>\n<\/td>\n<\/tr>\n<tr style=\"height: 58px;\">\n<td style=\"width: 33.333333%; height: 58px;\">\n<h4><span style=\"color: #800080;\"><strong>1a setmana, del 3 al 7 de novembre<\/strong><\/span><\/h4>\n<\/td>\n<td style=\"width: 33.333333%; height: 58px;\">\n<h4><span lang=\"CA\" style=\"color: #800080;\"><span style=\"color: #993366;\">Som e<\/span>ls pallassos, Trencaclosques<\/span><\/h4>\n<\/td>\n<td style=\"width: 33.333333%; height: 58px;\">\n<h4><span style=\"color: #800080;\">A la tardor, El pot petit<\/span><\/h4>\n<\/td>\n<\/tr>\n<tr style=\"height: 58px;\">\n<td style=\"width: 33.333333%; height: 58px;\">\n<h4><span style=\"color: #800080;\"><strong>2a setmana, del 10 al 14 de novembre<\/strong><\/span><\/h4>\n<\/td>\n<td style=\"width: 33.333333%; height: 58px;\">\n<h4><span lang=\"CA\" style=\"color: #800080;\">Pallasso, Joan Miquel Oliver<\/span><\/h4>\n<\/td>\n<td style=\"width: 33.333333%; height: 58px;\">\n<h4><span style=\"color: #800080;\">M&#8217;agrada la tardor<\/span><\/h4>\n<\/td>\n<\/tr>\n<tr style=\"height: 58px;\">\n<td style=\"width: 33.333333%; height: 58px;\">\n<h4><span style=\"color: #800080;\"><strong>3a setmana, del 17 al 21 de novembre<\/strong><\/span><\/h4>\n<\/td>\n<td style=\"width: 33.333333%; height: 58px;\">\n<h4><span lang=\"CA\" style=\"color: #800080;\">Floppi el pallaso, Jordi Tonietti<\/span><\/h4>\n<\/td>\n<td style=\"width: 33.333333%; height: 58px;\">\n<h4><span style=\"color: #800080;\">Can\u00e7\u00f3 de tardor, Pa\u00eds de Xauxa<\/span><\/h4>\n<\/td>\n<\/tr>\n<tr style=\"height: 86px;\">\n<td style=\"width: 33.333333%; height: 86px;\">\n<h4><span style=\"color: #800080;\"><strong>4a setmana, del 24 al 28 de novembre<\/strong><\/span><\/h4>\n<\/td>\n<td style=\"width: 33.333333%; height: 86px;\">\n<h4><span lang=\"CA\" style=\"color: #800080;\">Circus Music, The hit crew<\/span><\/h4>\n<\/td>\n<td style=\"width: 33.333333%; height: 86px;\">\n<h4><span style=\"color: #800080;\">La tardor que jo conec, D\u00e0maris Gelabert<\/span><\/h4>\n<\/td>\n<\/tr>\n<tr style=\"height: 58px;\">\n<td style=\"width: 99.999999%; height: 58px;\" colspan=\"3\">\n<h4><span style=\"color: #800080;\"><strong>Durant tot el mes de novembre a l&#8217;hora d&#8217;esmorzar sonar\u00e0: Elefants, d&#8217;Oques Grasses<\/strong><\/span><\/h4>\n<\/td>\n<\/tr>\n<tr style=\"height: 10px;\">\n<td style=\"width: 33.333333%; height: 10px;\">\n<h4><strong><span style=\"color: #0000ff;\">1a setmana, del 6 al 10 d&#8217;octubre<\/span><\/strong><\/h4>\n<\/td>\n<td style=\"width: 33.333333%; height: 10px;\">\n<h4><span lang=\"CA\" style=\"color: #0000ff;\">Hab\u00eda una vez un circo, Rondas y canciones Infantiles<\/span><\/h4>\n<\/td>\n<td style=\"width: 33.333333%; height: 10px;\">\n<h4><span style=\"color: #0000ff;\">Alegr\u00eda, Cirque du soleil<\/span><\/h4>\n<\/td>\n<\/tr>\n<tr style=\"height: 31px;\">\n<td style=\"width: 33.333333%; height: 31px;\">\n<h4><strong><span style=\"color: #0000ff;\">2a setmana, del 13 al 17 d&#8217;octubre<\/span><\/strong><\/h4>\n<\/td>\n<td style=\"width: 33.333333%; height: 31px;\">\n<h4><span lang=\"CA\" style=\"color: #0000ff;\">El circ, Grimpallunes<\/span><\/h4>\n<\/td>\n<td style=\"width: 33.333333%; height: 31px;\">\n<h4><span lang=\"CA\" style=\"color: #0000ff;\">The Art of Two\u00a0 Duo Trapeze and Acrobatics, Cirque du soleil<\/span><\/h4>\n<\/td>\n<\/tr>\n<tr style=\"height: 31px;\">\n<td style=\"width: 33.333333%; height: 31px;\">\n<h4><strong><span style=\"color: #0000ff;\">3a setmana, del 20 al 24 d&#8217;octubre<\/span><\/strong><\/h4>\n<\/td>\n<td style=\"width: 33.333333%; height: 31px;\">\n<h4><span lang=\"CA\" style=\"color: #0000ff;\">M\u00fasica de circ<\/span><\/h4>\n<\/td>\n<td style=\"width: 33.333333%; height: 31px;\">\n<h4><span lang=\"CA\" style=\"color: #0000ff;\">Kurios, Cirque du soleil<\/span><\/h4>\n<\/td>\n<\/tr>\n<tr style=\"height: 31px;\">\n<td style=\"width: 33.333333%; height: 31px;\">\n<h4><strong><span style=\"color: #0000ff;\">4a setmana, del 27 al 31 d&#8217;octubre<\/span><\/strong><\/h4>\n<\/td>\n<td style=\"width: 33.333333%; height: 31px;\">\n<h4><span lang=\"CA\" style=\"color: #0000ff;\">El circo, peque\u00f1o pez<\/span><\/h4>\n<\/td>\n<td style=\"width: 33.333333%; height: 31px;\">\n<h4><span lang=\"CA\" style=\"color: #0000ff;\">El circ ha arribat<\/span><\/h4>\n<\/td>\n<\/tr>\n<tr style=\"height: 32px;\">\n<td style=\"height: 32px; width: 99.999999%;\" colspan=\"3\">\n<h4><strong><strong><span style=\"color: #0000ff;\">Durant tot el mes d&#8217;octubre a l&#8217;hora d&#8217;esmorzar sonar\u00e0: <\/span><\/strong><\/strong><span style=\"font-family: inherit; font-size: 1em; color: #0000ff;\">Jo vull jugar, cantata La clika<\/span><\/h4>\n<\/td>\n<\/tr>\n<\/tbody>\n<\/table>\n","protected":false},"excerpt":{"rendered":"<p>. L&#8217;alumnat de 4t han preparat el timbre musical d&#8217;abril.<br \/>\n. L&#8217;alumnat de 3r han preparat el timbre musical de mar\u00e7.<br \/>\n. L&#8217;alumnat de 2n han preparat el timbre musical de febrer.<br \/>\n. L&#8217;alumnat de 1r han preparat el timbre musical de gener.<br \/>\n. L&#8217;alumnat d&#8217;I3 han preparat el&hellip;  <a href=\"https:\/\/agora.xtec.cat\/ceip-drseres-alpicat\/timbre-musical\/\" title=\"Read Timbre musical preparat per l&#8217;alumnat\">Llegeix m\u00e9s\u00bb<\/a><\/p>\n","protected":false},"author":1,"featured_media":0,"parent":0,"menu_order":0,"comment_status":"closed","ping_status":"closed","template":"","meta":{"_bbp_topic_count":0,"_bbp_reply_count":0,"_bbp_total_topic_count":0,"_bbp_total_reply_count":0,"_bbp_voice_count":0,"_bbp_anonymous_reply_count":0,"_bbp_topic_count_hidden":0,"_bbp_reply_count_hidden":0,"_bbp_forum_subforum_count":0,"footnotes":""},"class_list":["post-4138","page","type-page","status-publish","hentry"],"post_mailing_queue_ids":[],"_links":{"self":[{"href":"https:\/\/agora.xtec.cat\/ceip-drseres-alpicat\/wp-json\/wp\/v2\/pages\/4138","targetHints":{"allow":["GET"]}}],"collection":[{"href":"https:\/\/agora.xtec.cat\/ceip-drseres-alpicat\/wp-json\/wp\/v2\/pages"}],"about":[{"href":"https:\/\/agora.xtec.cat\/ceip-drseres-alpicat\/wp-json\/wp\/v2\/types\/page"}],"author":[{"embeddable":true,"href":"https:\/\/agora.xtec.cat\/ceip-drseres-alpicat\/wp-json\/wp\/v2\/users\/1"}],"replies":[{"embeddable":true,"href":"https:\/\/agora.xtec.cat\/ceip-drseres-alpicat\/wp-json\/wp\/v2\/comments?post=4138"}],"version-history":[{"count":6,"href":"https:\/\/agora.xtec.cat\/ceip-drseres-alpicat\/wp-json\/wp\/v2\/pages\/4138\/revisions"}],"predecessor-version":[{"id":4762,"href":"https:\/\/agora.xtec.cat\/ceip-drseres-alpicat\/wp-json\/wp\/v2\/pages\/4138\/revisions\/4762"}],"wp:attachment":[{"href":"https:\/\/agora.xtec.cat\/ceip-drseres-alpicat\/wp-json\/wp\/v2\/media?parent=4138"}],"curies":[{"name":"wp","href":"https:\/\/api.w.org\/{rel}","templated":true}]}}