{"id":3677,"date":"2025-02-24T16:15:30","date_gmt":"2025-02-24T15:15:30","guid":{"rendered":"https:\/\/agora.xtec.cat\/ceip-drseres-alpicat\/?page_id=3677"},"modified":"2025-09-30T14:12:17","modified_gmt":"2025-09-30T12:12:17","slug":"convivencies-a-2n-4t-i-6e","status":"publish","type":"page","link":"https:\/\/agora.xtec.cat\/ceip-drseres-alpicat\/convivencies-a-2n-4t-i-6e\/","title":{"rendered":"Sortides de conviv\u00e8ncia a I5, 2n, 4t i 6\u00e8 curs 2025-26"},"content":{"rendered":"<p>L&#8217;escola treballa per millorar la conviv\u00e8ncia entre l&#8217;alumnat fent diferents activitats i propostes, una d&#8217;aquestes s\u00f3n les conviv\u00e8ncies al final de cada cicle d&#8217;Educaci\u00f3 Infatil i Prim\u00e0ria.<\/p>\n<p>Les col\u00f2nies escolars s\u00f3n una experi\u00e8ncia \u00fanica i transformadora per als alumnes, que ofereixen molt m\u00e9s que una simple sortida educativa. S\u00f3n una oportunitat per a la descoberta, el creixement personal i la consolidaci\u00f3 de valors essencials per al desenvolupament dels infants i joves. A la nostra escola, considerem que les col\u00f2nies no nom\u00e9s contribueixen a l&#8217;aprenentatge acad\u00e8mic, sin\u00f3 tamb\u00e9 a la formaci\u00f3 integral dels alumnes, fomentant la seva autonomia, responsabilitat, i cooperaci\u00f3 amb els altres.<\/p>\n<p>Aquestes conviv\u00e8ncies ofereixen un espai ideal per a l&#8217;aprenentatge vivencial. A trav\u00e9s d\u2019activitats l\u00fadiques, esportives i creatives, els nens i nenes tenen l&#8217;oportunitat de posar en pr\u00e0ctica els coneixements adquirits a l\u2019aula en un entorn diferent. A m\u00e9s, aquest tipus d&#8217;activitats permeten que els nens i nenes desenvolupin habilitats socials com la comunicaci\u00f3, el treball en equip i la resoluci\u00f3 de conflictes de manera natural i divertida.<\/p>\n<p>Un dels principals beneficis de les col\u00f2nies escolars \u00e9s la creaci\u00f3 de vincles emocionals entre els infants. En sortir de la rutina di\u00e0ria i viure conjuntament, els i les alumnes aprenen a con\u00e8ixer-se millor i a respectar-se m\u00fatuament, la qual cosa afavoreix una conviv\u00e8ncia harm\u00f2nica i una millor integraci\u00f3 al grup. Aquest ambient afavoreix la confian\u00e7a i el suport entre companys, factors clau per al seu benestar emocional i social. A m\u00e9s, durant les col\u00f2nies, els alumnes tenen l\u2019oportunitat de prendre decisions, gestionar el seu temps i responsabilitzar-se de les seves accions en un entorn nou i diferent. Aquestes experi\u00e8ncies els ajuden a cr\u00e9ixer com a persones aut\u00f2nomes, capaces de prendre responsabilitat sobre els seus actes i de gestionar les seves emocions i les seves accions en\u00a0 situacions noves.<\/p>\n<p>Aquest curs 2025-26 les col\u00f2nies conviv\u00e8ncies es realitzen a les seg\u00fcents cases de col\u00f2nies:<\/p>\n<p>\u2660 Les conviv\u00e8ncies d&#8217;I5 es realitzen a la casa de col\u00f2nies de <a href=\"https:\/\/lamanreana.com\/\">La Manreana<\/a> (Juneda).<\/p>\n<p>\u2660 Les conviv\u00e8ncies de 2n de Prim\u00e0ria es realitzen a la casa de col\u00f2nies de <a href=\"https:\/\/www.edulonia.com\/cases-de-colonies\/prades\/\">Finca Prades<\/a>\u00a0(Prades).<\/p>\n<p>\u2660 Les de 4t de Prim\u00e0ria es realitzen a la casa de col\u00f2nies de<a href=\"https:\/\/www.canjoval.com\/\"> Can Joval<\/a> (Clariana de Cardener).<\/p>\n<p>\u2660 Les de 6\u00e8 de Prim\u00e0ria es realitzen a la casa de col\u00f2nies de <a href=\"https:\/\/ridolaina.com\">La Ridolaina<\/a> (Bellver de Cerdanya).<\/p>\n<p><a href=\"https:\/\/agora.xtec.cat\/ceip-drseres-alpicat\/wp-content\/uploads\/usu1665\/2025\/03\/icona_colonies.jpg\"><img loading=\"lazy\" decoding=\"async\" class=\"size-full wp-image-3746 aligncenter\" src=\"https:\/\/agora.xtec.cat\/ceip-drseres-alpicat\/wp-content\/uploads\/usu1665\/2025\/03\/icona_colonies.jpg\" alt=\"\" width=\"682\" height=\"396\" srcset=\"https:\/\/agora.xtec.cat\/ceip-drseres-alpicat\/wp-content\/uploads\/usu1665\/2025\/03\/icona_colonies.jpg 682w, https:\/\/agora.xtec.cat\/ceip-drseres-alpicat\/wp-content\/uploads\/usu1665\/2025\/03\/icona_colonies-300x174.jpg 300w\" sizes=\"auto, (max-width: 682px) 100vw, 682px\" \/><\/a><\/p>\n<p>&nbsp;<\/p>\n","protected":false},"excerpt":{"rendered":"<p>L&#8217;escola treballa per millorar la conviv\u00e8ncia entre l&#8217;alumnat fent diferents activitats i propostes, una d&#8217;aquestes s\u00f3n les conviv\u00e8ncies al final de cada cicle d&#8217;Educaci\u00f3 Infatil i Prim\u00e0ria.<br \/>\nLes col\u00f2nies escolars s\u00f3n una experi\u00e8ncia \u00fanica i transformadora per als alumnes, que ofereixen molt m\u00e9s que una simple&hellip;  <a href=\"https:\/\/agora.xtec.cat\/ceip-drseres-alpicat\/convivencies-a-2n-4t-i-6e\/\" title=\"Read Sortides de conviv\u00e8ncia a I5, 2n, 4t i 6\u00e8 curs 2025-26\">Llegeix m\u00e9s\u00bb<\/a><\/p>\n","protected":false},"author":1,"featured_media":0,"parent":0,"menu_order":0,"comment_status":"closed","ping_status":"closed","template":"","meta":{"_bbp_topic_count":0,"_bbp_reply_count":0,"_bbp_total_topic_count":0,"_bbp_total_reply_count":0,"_bbp_voice_count":0,"_bbp_anonymous_reply_count":0,"_bbp_topic_count_hidden":0,"_bbp_reply_count_hidden":0,"_bbp_forum_subforum_count":0,"footnotes":""},"class_list":["post-3677","page","type-page","status-publish","hentry"],"post_mailing_queue_ids":[],"_links":{"self":[{"href":"https:\/\/agora.xtec.cat\/ceip-drseres-alpicat\/wp-json\/wp\/v2\/pages\/3677","targetHints":{"allow":["GET"]}}],"collection":[{"href":"https:\/\/agora.xtec.cat\/ceip-drseres-alpicat\/wp-json\/wp\/v2\/pages"}],"about":[{"href":"https:\/\/agora.xtec.cat\/ceip-drseres-alpicat\/wp-json\/wp\/v2\/types\/page"}],"author":[{"embeddable":true,"href":"https:\/\/agora.xtec.cat\/ceip-drseres-alpicat\/wp-json\/wp\/v2\/users\/1"}],"replies":[{"embeddable":true,"href":"https:\/\/agora.xtec.cat\/ceip-drseres-alpicat\/wp-json\/wp\/v2\/comments?post=3677"}],"version-history":[{"count":6,"href":"https:\/\/agora.xtec.cat\/ceip-drseres-alpicat\/wp-json\/wp\/v2\/pages\/3677\/revisions"}],"predecessor-version":[{"id":4147,"href":"https:\/\/agora.xtec.cat\/ceip-drseres-alpicat\/wp-json\/wp\/v2\/pages\/3677\/revisions\/4147"}],"wp:attachment":[{"href":"https:\/\/agora.xtec.cat\/ceip-drseres-alpicat\/wp-json\/wp\/v2\/media?parent=3677"}],"curies":[{"name":"wp","href":"https:\/\/api.w.org\/{rel}","templated":true}]}}