{"id":3676,"date":"2025-02-24T16:15:29","date_gmt":"2025-02-24T15:15:29","guid":{"rendered":"https:\/\/agora.xtec.cat\/ceip-drseres-alpicat\/?page_id=3676"},"modified":"2025-11-17T13:56:50","modified_gmt":"2025-11-17T12:56:50","slug":"projectes-transversals-al-llarg-del-curs","status":"publish","type":"page","link":"https:\/\/agora.xtec.cat\/ceip-drseres-alpicat\/projectes-transversals-al-llarg-del-curs\/","title":{"rendered":"Projectes transversals al llarg del curs"},"content":{"rendered":"<h3 style=\"font-weight: 400;\">Projectes transversals:<br \/>\n. Cus 2024\/25: el cinema<\/h3>\n<h3 style=\"font-weight: 400;\"><a href=\"https:\/\/agora.xtec.cat\/ceip-drseres-alpicat\/wp-content\/uploads\/usu1665\/2025\/11\/Capcalera-cinema.png\"><img loading=\"lazy\" decoding=\"async\" class=\"alignnone size-large wp-image-4223\" src=\"https:\/\/agora.xtec.cat\/ceip-drseres-alpicat\/wp-content\/uploads\/usu1665\/2025\/11\/Capcalera-cinema-1024x256.png\" alt=\"\" width=\"1024\" height=\"256\" srcset=\"https:\/\/agora.xtec.cat\/ceip-drseres-alpicat\/wp-content\/uploads\/usu1665\/2025\/11\/Capcalera-cinema-1024x256.png 1024w, https:\/\/agora.xtec.cat\/ceip-drseres-alpicat\/wp-content\/uploads\/usu1665\/2025\/11\/Capcalera-cinema-300x75.png 300w, https:\/\/agora.xtec.cat\/ceip-drseres-alpicat\/wp-content\/uploads\/usu1665\/2025\/11\/Capcalera-cinema-768x192.png 768w, https:\/\/agora.xtec.cat\/ceip-drseres-alpicat\/wp-content\/uploads\/usu1665\/2025\/11\/Capcalera-cinema-1536x384.png 1536w, https:\/\/agora.xtec.cat\/ceip-drseres-alpicat\/wp-content\/uploads\/usu1665\/2025\/11\/Capcalera-cinema.png 1920w\" sizes=\"auto, (max-width: 1024px) 100vw, 1024px\" \/><\/a><\/h3>\n<p>El projecte transversal del cinema ens va permetre integrar la visualitzaci\u00f3 de pel\u00b7l\u00edcules, la decoraci\u00f3 tem\u00e0tica d&#8217;espais i la vinculaci\u00f3 d&#8217;activitats en diferents jornades, convertint el m\u00f3n del cinema en un eix vertebrador de viv\u00e8ncies i aprenentatges.<\/p>\n<h3 style=\"font-weight: 400;\"><strong>. Curs 2025\/26: el circ<\/strong><\/h3>\n<h3 style=\"font-weight: 400;\"><a href=\"https:\/\/agora.xtec.cat\/ceip-drseres-alpicat\/wp-content\/uploads\/usu1665\/2025\/11\/Cream-and-Maroon-Vintage-Circus-Show-Ticket.jpg\"><img loading=\"lazy\" decoding=\"async\" class=\"alignnone size-large wp-image-4230\" src=\"https:\/\/agora.xtec.cat\/ceip-drseres-alpicat\/wp-content\/uploads\/usu1665\/2025\/11\/Cream-and-Maroon-Vintage-Circus-Show-Ticket-1024x331.jpg\" alt=\"\" width=\"1024\" height=\"331\" srcset=\"https:\/\/agora.xtec.cat\/ceip-drseres-alpicat\/wp-content\/uploads\/usu1665\/2025\/11\/Cream-and-Maroon-Vintage-Circus-Show-Ticket-1024x331.jpg 1024w, https:\/\/agora.xtec.cat\/ceip-drseres-alpicat\/wp-content\/uploads\/usu1665\/2025\/11\/Cream-and-Maroon-Vintage-Circus-Show-Ticket-300x97.jpg 300w, https:\/\/agora.xtec.cat\/ceip-drseres-alpicat\/wp-content\/uploads\/usu1665\/2025\/11\/Cream-and-Maroon-Vintage-Circus-Show-Ticket-768x248.jpg 768w, https:\/\/agora.xtec.cat\/ceip-drseres-alpicat\/wp-content\/uploads\/usu1665\/2025\/11\/Cream-and-Maroon-Vintage-Circus-Show-Ticket-1536x497.jpg 1536w, https:\/\/agora.xtec.cat\/ceip-drseres-alpicat\/wp-content\/uploads\/usu1665\/2025\/11\/Cream-and-Maroon-Vintage-Circus-Show-Ticket.jpg 2000w\" sizes=\"auto, (max-width: 1024px) 100vw, 1024px\" \/><\/a><\/h3>\n<h3 style=\"font-weight: 400;\">\n. Curs 2026\/27: les 7 meravelles del m\u00f3n<\/h3>\n<h3 style=\"font-weight: 400;\">. Curs 2027\/28: l&#8217;alimentaci\u00f3 i els h\u00e0bits de vida saludables<\/h3>\n<p>&nbsp;<\/p>\n","protected":false},"excerpt":{"rendered":"<p>Projectes transversals:<br \/>\n. Cus 2024\/25: el cinema<br \/>\n<a href=\"https:\/\/agora.xtec.cat\/ceip-drseres-alpicat\/wp-content\/uploads\/usu1665\/2025\/11\/Capcalera-cinema.png\"><\/a><br \/>\nEl projecte transversal del cinema ens va permetre integrar la visualitzaci\u00f3 de pel\u00b7l\u00edcules, la decoraci\u00f3 tem\u00e0tica d&#8217;espais i la vinculaci\u00f3 d&#8217;activitats en diferents jornades, convertint el m\u00f3n del cinema en un eix vertebrador de viv\u00e8ncies i aprenentatges.<br \/>\n. Curs 2025\/26:&hellip;  <a href=\"https:\/\/agora.xtec.cat\/ceip-drseres-alpicat\/projectes-transversals-al-llarg-del-curs\/\" title=\"Read Projectes transversals al llarg del curs\">Llegeix m\u00e9s\u00bb<\/a><\/p>\n","protected":false},"author":1,"featured_media":0,"parent":0,"menu_order":0,"comment_status":"closed","ping_status":"closed","template":"","meta":{"_bbp_topic_count":0,"_bbp_reply_count":0,"_bbp_total_topic_count":0,"_bbp_total_reply_count":0,"_bbp_voice_count":0,"_bbp_anonymous_reply_count":0,"_bbp_topic_count_hidden":0,"_bbp_reply_count_hidden":0,"_bbp_forum_subforum_count":0,"footnotes":""},"class_list":["post-3676","page","type-page","status-publish","hentry"],"post_mailing_queue_ids":[],"_links":{"self":[{"href":"https:\/\/agora.xtec.cat\/ceip-drseres-alpicat\/wp-json\/wp\/v2\/pages\/3676","targetHints":{"allow":["GET"]}}],"collection":[{"href":"https:\/\/agora.xtec.cat\/ceip-drseres-alpicat\/wp-json\/wp\/v2\/pages"}],"about":[{"href":"https:\/\/agora.xtec.cat\/ceip-drseres-alpicat\/wp-json\/wp\/v2\/types\/page"}],"author":[{"embeddable":true,"href":"https:\/\/agora.xtec.cat\/ceip-drseres-alpicat\/wp-json\/wp\/v2\/users\/1"}],"replies":[{"embeddable":true,"href":"https:\/\/agora.xtec.cat\/ceip-drseres-alpicat\/wp-json\/wp\/v2\/comments?post=3676"}],"version-history":[{"count":8,"href":"https:\/\/agora.xtec.cat\/ceip-drseres-alpicat\/wp-json\/wp\/v2\/pages\/3676\/revisions"}],"predecessor-version":[{"id":4232,"href":"https:\/\/agora.xtec.cat\/ceip-drseres-alpicat\/wp-json\/wp\/v2\/pages\/3676\/revisions\/4232"}],"wp:attachment":[{"href":"https:\/\/agora.xtec.cat\/ceip-drseres-alpicat\/wp-json\/wp\/v2\/media?parent=3676"}],"curies":[{"name":"wp","href":"https:\/\/api.w.org\/{rel}","templated":true}]}}