{"id":3648,"date":"2025-02-13T18:38:25","date_gmt":"2025-02-13T17:38:25","guid":{"rendered":"https:\/\/agora.xtec.cat\/ceip-drseres-alpicat\/?page_id=3648"},"modified":"2025-09-28T00:44:54","modified_gmt":"2025-09-27T22:44:54","slug":"resultats-educatius","status":"publish","type":"page","link":"https:\/\/agora.xtec.cat\/ceip-drseres-alpicat\/resultats-educatius\/","title":{"rendered":"Resultats educatius"},"content":{"rendered":"<p>Si cliqueu <a href=\"https:\/\/drive.google.com\/drive\/folders\/1Iq0qrdrCON5_FtGLpRFCh7FipXzEeMPV?usp=share_link\">aqu\u00ed<\/a> podreu veure els resultats de les proves externes i la presentaci\u00f3 de resultats de les proves internes i externes dels \u00faltims cursos escolars:<\/p>\n<p>0. Presentaci\u00f3 dels resultats Escola Doctor Ser\u00e9s<\/p>\n<p>1. Informe de centre de Compet\u00e8ncies B\u00e0siques de 6\u00e8 de Prim\u00e0ria del curs 2024-25.<\/p>\n<p>2. Informe de centre d&#8217;avaluaci\u00f3 diagn\u00f2stica de 4t de Prim\u00e0ria del curs 2024-25.<\/p>\n<p>3. Informe de centre de Compet\u00e8ncies B\u00e0siques de 6\u00e8 de Prim\u00e0ria del curs 2023-24.<\/p>\n<p>4. Informe de centre d&#8217;avaluaci\u00f3 diagn\u00f2stica de 4t de Prim\u00e0ria del curs 2023-24.<\/p>\n<p>5. Informe de centre de Compet\u00e8ncies B\u00e0siques de 6\u00e8 de Prim\u00e0ria del curs 2022-23.<\/p>\n<p>6. Informe de centre de la prova oral de 6\u00e8 de Prim\u00e0ria del curs 2022-23.<\/p>\n<p>7. Informe de centre de Compet\u00e8ncies B\u00e0siques de 6\u00e8 de Prim\u00e0ria del curs 2021-22.<\/p>\n<p>8. Informe de centre de Compet\u00e8ncies B\u00e0siques de 6\u00e8 de Prim\u00e0ria del curs 2020-21.<\/p>\n<p>9. Informe de centre de Compet\u00e8ncies B\u00e0siques de 6\u00e8 de Prim\u00e0ria del curs 2018-19.<\/p>\n<p><a href=\"https:\/\/drive.google.com\/drive\/folders\/1Iq0qrdrCON5_FtGLpRFCh7FipXzEeMPV\"><img loading=\"lazy\" decoding=\"async\" class=\"alignnone size-large wp-image-3748\" src=\"https:\/\/agora.xtec.cat\/ceip-drseres-alpicat\/wp-content\/uploads\/usu1665\/2025\/03\/Captura-de-pantalla-2025-03-09-a-les-23.16.44-1024x578.png\" alt=\"\" width=\"1024\" height=\"578\" srcset=\"https:\/\/agora.xtec.cat\/ceip-drseres-alpicat\/wp-content\/uploads\/usu1665\/2025\/03\/Captura-de-pantalla-2025-03-09-a-les-23.16.44-1024x578.png 1024w, https:\/\/agora.xtec.cat\/ceip-drseres-alpicat\/wp-content\/uploads\/usu1665\/2025\/03\/Captura-de-pantalla-2025-03-09-a-les-23.16.44-300x169.png 300w, https:\/\/agora.xtec.cat\/ceip-drseres-alpicat\/wp-content\/uploads\/usu1665\/2025\/03\/Captura-de-pantalla-2025-03-09-a-les-23.16.44-768x433.png 768w, https:\/\/agora.xtec.cat\/ceip-drseres-alpicat\/wp-content\/uploads\/usu1665\/2025\/03\/Captura-de-pantalla-2025-03-09-a-les-23.16.44-1536x866.png 1536w, https:\/\/agora.xtec.cat\/ceip-drseres-alpicat\/wp-content\/uploads\/usu1665\/2025\/03\/Captura-de-pantalla-2025-03-09-a-les-23.16.44-2048x1155.png 2048w\" sizes=\"auto, (max-width: 1024px) 100vw, 1024px\" \/><\/a> <a href=\"https:\/\/drive.google.com\/drive\/folders\/1Iq0qrdrCON5_FtGLpRFCh7FipXzEeMPV\"><img loading=\"lazy\" decoding=\"async\" class=\"alignnone size-large wp-image-3749\" src=\"https:\/\/agora.xtec.cat\/ceip-drseres-alpicat\/wp-content\/uploads\/usu1665\/2025\/03\/Captura-de-pantalla-2025-03-09-a-les-23.19.08-1024x572.png\" alt=\"\" width=\"1024\" height=\"572\" srcset=\"https:\/\/agora.xtec.cat\/ceip-drseres-alpicat\/wp-content\/uploads\/usu1665\/2025\/03\/Captura-de-pantalla-2025-03-09-a-les-23.19.08-1024x572.png 1024w, https:\/\/agora.xtec.cat\/ceip-drseres-alpicat\/wp-content\/uploads\/usu1665\/2025\/03\/Captura-de-pantalla-2025-03-09-a-les-23.19.08-300x168.png 300w, https:\/\/agora.xtec.cat\/ceip-drseres-alpicat\/wp-content\/uploads\/usu1665\/2025\/03\/Captura-de-pantalla-2025-03-09-a-les-23.19.08-768x429.png 768w, https:\/\/agora.xtec.cat\/ceip-drseres-alpicat\/wp-content\/uploads\/usu1665\/2025\/03\/Captura-de-pantalla-2025-03-09-a-les-23.19.08-1536x859.png 1536w, https:\/\/agora.xtec.cat\/ceip-drseres-alpicat\/wp-content\/uploads\/usu1665\/2025\/03\/Captura-de-pantalla-2025-03-09-a-les-23.19.08-2048x1145.png 2048w\" sizes=\"auto, (max-width: 1024px) 100vw, 1024px\" \/><\/a><\/p>\n","protected":false},"excerpt":{"rendered":"<p>Si cliqueu <a href=\"https:\/\/drive.google.com\/drive\/folders\/1Iq0qrdrCON5_FtGLpRFCh7FipXzEeMPV?usp=share_link\">aqu\u00ed<\/a> podreu veure els resultats de les proves externes i la presentaci\u00f3 de resultats de les proves internes i externes dels \u00faltims cursos escolars:<br \/>\n0. Presentaci\u00f3 dels resultats Escola Doctor Ser\u00e9s<br \/>\n1. Informe de centre de Compet\u00e8ncies B\u00e0siques de 6\u00e8 de Prim\u00e0ria del curs&hellip;  <a href=\"https:\/\/agora.xtec.cat\/ceip-drseres-alpicat\/resultats-educatius\/\" title=\"Read Resultats educatius\">Llegeix m\u00e9s\u00bb<\/a><\/p>\n","protected":false},"author":1,"featured_media":0,"parent":0,"menu_order":0,"comment_status":"closed","ping_status":"closed","template":"","meta":{"_bbp_topic_count":0,"_bbp_reply_count":0,"_bbp_total_topic_count":0,"_bbp_total_reply_count":0,"_bbp_voice_count":0,"_bbp_anonymous_reply_count":0,"_bbp_topic_count_hidden":0,"_bbp_reply_count_hidden":0,"_bbp_forum_subforum_count":0,"footnotes":""},"class_list":["post-3648","page","type-page","status-publish","hentry"],"post_mailing_queue_ids":[],"_links":{"self":[{"href":"https:\/\/agora.xtec.cat\/ceip-drseres-alpicat\/wp-json\/wp\/v2\/pages\/3648","targetHints":{"allow":["GET"]}}],"collection":[{"href":"https:\/\/agora.xtec.cat\/ceip-drseres-alpicat\/wp-json\/wp\/v2\/pages"}],"about":[{"href":"https:\/\/agora.xtec.cat\/ceip-drseres-alpicat\/wp-json\/wp\/v2\/types\/page"}],"author":[{"embeddable":true,"href":"https:\/\/agora.xtec.cat\/ceip-drseres-alpicat\/wp-json\/wp\/v2\/users\/1"}],"replies":[{"embeddable":true,"href":"https:\/\/agora.xtec.cat\/ceip-drseres-alpicat\/wp-json\/wp\/v2\/comments?post=3648"}],"version-history":[{"count":6,"href":"https:\/\/agora.xtec.cat\/ceip-drseres-alpicat\/wp-json\/wp\/v2\/pages\/3648\/revisions"}],"predecessor-version":[{"id":4090,"href":"https:\/\/agora.xtec.cat\/ceip-drseres-alpicat\/wp-json\/wp\/v2\/pages\/3648\/revisions\/4090"}],"wp:attachment":[{"href":"https:\/\/agora.xtec.cat\/ceip-drseres-alpicat\/wp-json\/wp\/v2\/media?parent=3648"}],"curies":[{"name":"wp","href":"https:\/\/api.w.org\/{rel}","templated":true}]}}