{"id":3232,"date":"2024-02-22T16:17:41","date_gmt":"2024-02-22T15:17:41","guid":{"rendered":"https:\/\/agora.xtec.cat\/ceip-drseres-alpicat\/?page_id=3232"},"modified":"2025-02-19T13:03:28","modified_gmt":"2025-02-19T12:03:28","slug":"agents-civics","status":"publish","type":"page","link":"https:\/\/agora.xtec.cat\/ceip-drseres-alpicat\/metodologia\/agents-civics\/","title":{"rendered":"Agents c\u00edvics"},"content":{"rendered":"<p>Els nens i nenes de 6\u00e8 de Prim\u00e0ria han preparat unes presentacions per tal d&#8217;explicar aquesta figura que hem incorporat a l&#8217;escola a tots els nens i nenes des d&#8217;I3 fins a 5\u00e8 de Prim\u00e0ria. Podeu veure totes les presentacions <a href=\"https:\/\/drive.google.com\/drive\/folders\/1r4Olr4r5ZgT7Mt8LRpRpVKMD-SXuDMf9?usp=share_link\">aqu\u00ed.<\/a><\/p>\n<p><a href=\"https:\/\/drive.google.com\/drive\/folders\/1r4Olr4r5ZgT7Mt8LRpRpVKMD-SXuDMf9?usp=share_link\"><img loading=\"lazy\" decoding=\"async\" class=\"alignnone size-full wp-image-3233\" src=\"https:\/\/agora.xtec.cat\/ceip-drseres-alpicat\/wp-content\/uploads\/usu1665\/2024\/02\/agent_civic_0.jpg\" alt=\"\" width=\"800\" height=\"673\" srcset=\"https:\/\/agora.xtec.cat\/ceip-drseres-alpicat\/wp-content\/uploads\/usu1665\/2024\/02\/agent_civic_0.jpg 800w, https:\/\/agora.xtec.cat\/ceip-drseres-alpicat\/wp-content\/uploads\/usu1665\/2024\/02\/agent_civic_0-300x252.jpg 300w, https:\/\/agora.xtec.cat\/ceip-drseres-alpicat\/wp-content\/uploads\/usu1665\/2024\/02\/agent_civic_0-768x646.jpg 768w\" sizes=\"auto, (max-width: 800px) 100vw, 800px\" \/><\/a><\/p>\n","protected":false},"excerpt":{"rendered":"<p>Els nens i nenes de 6\u00e8 de Prim\u00e0ria han preparat unes presentacions per tal d&#8217;explicar aquesta figura que hem incorporat a l&#8217;escola a tots els nens i nenes des d&#8217;I3 fins a 5\u00e8 de Prim\u00e0ria. Podeu veure totes les presentacions <a href=\"https:\/\/drive.google.com\/drive\/folders\/1r4Olr4r5ZgT7Mt8LRpRpVKMD-SXuDMf9?usp=share_link\">aqu\u00ed.<\/a><br \/>\n<a href=\"https:\/\/drive.google.com\/drive\/folders\/1r4Olr4r5ZgT7Mt8LRpRpVKMD-SXuDMf9?usp=share_link\"><\/a><\/p>\n","protected":false},"author":1,"featured_media":0,"parent":2218,"menu_order":0,"comment_status":"closed","ping_status":"closed","template":"","meta":{"_bbp_topic_count":0,"_bbp_reply_count":0,"_bbp_total_topic_count":0,"_bbp_total_reply_count":0,"_bbp_voice_count":0,"_bbp_anonymous_reply_count":0,"_bbp_topic_count_hidden":0,"_bbp_reply_count_hidden":0,"_bbp_forum_subforum_count":0,"footnotes":""},"class_list":["post-3232","page","type-page","status-publish","hentry"],"post_mailing_queue_ids":[],"_links":{"self":[{"href":"https:\/\/agora.xtec.cat\/ceip-drseres-alpicat\/wp-json\/wp\/v2\/pages\/3232","targetHints":{"allow":["GET"]}}],"collection":[{"href":"https:\/\/agora.xtec.cat\/ceip-drseres-alpicat\/wp-json\/wp\/v2\/pages"}],"about":[{"href":"https:\/\/agora.xtec.cat\/ceip-drseres-alpicat\/wp-json\/wp\/v2\/types\/page"}],"author":[{"embeddable":true,"href":"https:\/\/agora.xtec.cat\/ceip-drseres-alpicat\/wp-json\/wp\/v2\/users\/1"}],"replies":[{"embeddable":true,"href":"https:\/\/agora.xtec.cat\/ceip-drseres-alpicat\/wp-json\/wp\/v2\/comments?post=3232"}],"version-history":[{"count":3,"href":"https:\/\/agora.xtec.cat\/ceip-drseres-alpicat\/wp-json\/wp\/v2\/pages\/3232\/revisions"}],"predecessor-version":[{"id":3644,"href":"https:\/\/agora.xtec.cat\/ceip-drseres-alpicat\/wp-json\/wp\/v2\/pages\/3232\/revisions\/3644"}],"up":[{"embeddable":true,"href":"https:\/\/agora.xtec.cat\/ceip-drseres-alpicat\/wp-json\/wp\/v2\/pages\/2218"}],"wp:attachment":[{"href":"https:\/\/agora.xtec.cat\/ceip-drseres-alpicat\/wp-json\/wp\/v2\/media?parent=3232"}],"curies":[{"name":"wp","href":"https:\/\/api.w.org\/{rel}","templated":true}]}}