{"id":3222,"date":"2024-02-20T16:05:27","date_gmt":"2024-02-20T15:05:27","guid":{"rendered":"https:\/\/agora.xtec.cat\/ceip-drseres-alpicat\/?page_id=3222"},"modified":"2025-05-22T22:35:00","modified_gmt":"2025-05-22T20:35:00","slug":"assemblea-de-delegats-i-delegades-de-classe","status":"publish","type":"page","link":"https:\/\/agora.xtec.cat\/ceip-drseres-alpicat\/diferents-projectes\/assemblea-de-delegats-i-delegades-de-classe\/","title":{"rendered":"Assemblea de delegats i delegades de classe"},"content":{"rendered":"<p>Cada 15 dies, el dilluns a les 15h tots els delegats, delegades, sotsdelegats i sotsdelegades d&#8217;I3 fins a 6\u00e8 de Prim\u00e0ria ens trobem a l&#8217;aula de m\u00fasica per a compartir les nostres propostes\/inquietuds\/aportacions per a posar en com\u00fa i millorar diferents aspectes de l&#8217;escola.<\/p>\n<p>Cada aula t\u00e9 una llibreta on hi apunten els aspectes que volen dir i tamb\u00e9 ens serveix per a deixar anotat el que parlem a la reuni\u00f3.<\/p>\n<p>A vegades els nens i nenes porten a l&#8217;aula tasques concretes encomanades: quines normes de l&#8217;escola podem recollir, quines idees tenim per a celebrar el carnestoltes, etc.<\/p>\n<p>La idea principal \u00e9s que l&#8217;alumnat faci les seves aportacions i propostes al dia a dia del centre, ja que les seves idees s\u00f3n valuoses i ens aporten una visi\u00f3 diferent a la dels professionals.<\/p>\n<p>&nbsp;<\/p>\n<p><a href=\"https:\/\/agora.xtec.cat\/ceip-drseres-alpicat\/wp-content\/uploads\/usu1665\/2025\/01\/IMG_0460-2-scaled.jpg\"><img loading=\"lazy\" decoding=\"async\" class=\"alignnone size-large wp-image-3584\" src=\"https:\/\/agora.xtec.cat\/ceip-drseres-alpicat\/wp-content\/uploads\/usu1665\/2025\/01\/IMG_0460-2-768x1024.jpg\" alt=\"\" width=\"768\" height=\"1024\" srcset=\"https:\/\/agora.xtec.cat\/ceip-drseres-alpicat\/wp-content\/uploads\/usu1665\/2025\/01\/IMG_0460-2-768x1024.jpg 768w, https:\/\/agora.xtec.cat\/ceip-drseres-alpicat\/wp-content\/uploads\/usu1665\/2025\/01\/IMG_0460-2-225x300.jpg 225w, https:\/\/agora.xtec.cat\/ceip-drseres-alpicat\/wp-content\/uploads\/usu1665\/2025\/01\/IMG_0460-2-1152x1536.jpg 1152w, https:\/\/agora.xtec.cat\/ceip-drseres-alpicat\/wp-content\/uploads\/usu1665\/2025\/01\/IMG_0460-2-1536x2048.jpg 1536w, https:\/\/agora.xtec.cat\/ceip-drseres-alpicat\/wp-content\/uploads\/usu1665\/2025\/01\/IMG_0460-2-scaled.jpg 1920w\" sizes=\"auto, (max-width: 768px) 100vw, 768px\" \/><\/a><\/p>\n<p>P\u00f2ster realitzat per nens i nenes de 5\u00e8 de Prim\u00e0ria:<\/p>\n<p><a href=\"https:\/\/agora.xtec.cat\/ceip-drseres-alpicat\/wp-content\/uploads\/usu1665\/2025\/03\/ASSAMBLEA-DE-DELEGATS_page-0001-scaled.jpg\"><img loading=\"lazy\" decoding=\"async\" class=\"aligncenter wp-image-3786 size-large\" src=\"https:\/\/agora.xtec.cat\/ceip-drseres-alpicat\/wp-content\/uploads\/usu1665\/2025\/03\/ASSAMBLEA-DE-DELEGATS_page-0001-1024x576.jpg\" alt=\"\" width=\"1024\" height=\"576\" srcset=\"https:\/\/agora.xtec.cat\/ceip-drseres-alpicat\/wp-content\/uploads\/usu1665\/2025\/03\/ASSAMBLEA-DE-DELEGATS_page-0001-1024x576.jpg 1024w, https:\/\/agora.xtec.cat\/ceip-drseres-alpicat\/wp-content\/uploads\/usu1665\/2025\/03\/ASSAMBLEA-DE-DELEGATS_page-0001-300x169.jpg 300w, https:\/\/agora.xtec.cat\/ceip-drseres-alpicat\/wp-content\/uploads\/usu1665\/2025\/03\/ASSAMBLEA-DE-DELEGATS_page-0001-768x432.jpg 768w, https:\/\/agora.xtec.cat\/ceip-drseres-alpicat\/wp-content\/uploads\/usu1665\/2025\/03\/ASSAMBLEA-DE-DELEGATS_page-0001-1536x864.jpg 1536w, https:\/\/agora.xtec.cat\/ceip-drseres-alpicat\/wp-content\/uploads\/usu1665\/2025\/03\/ASSAMBLEA-DE-DELEGATS_page-0001-2048x1152.jpg 2048w\" sizes=\"auto, (max-width: 1024px) 100vw, 1024px\" \/><\/a><\/p>\n<p>&nbsp;<\/p>\n<p>&nbsp;<\/p>\n","protected":false},"excerpt":{"rendered":"<p>Cada 15 dies, el dilluns a les 15h tots els delegats, delegades, sotsdelegats i sotsdelegades d&#8217;I3 fins a 6\u00e8 de Prim\u00e0ria ens trobem a l&#8217;aula de m\u00fasica per a compartir les nostres propostes\/inquietuds\/aportacions per a posar en com\u00fa i millorar diferents aspectes de l&#8217;escola.<br \/>\nCada aula&hellip;  <a href=\"https:\/\/agora.xtec.cat\/ceip-drseres-alpicat\/diferents-projectes\/assemblea-de-delegats-i-delegades-de-classe\/\" title=\"Read Assemblea de delegats i delegades de classe\">Llegeix m\u00e9s\u00bb<\/a><\/p>\n","protected":false},"author":1,"featured_media":0,"parent":3045,"menu_order":0,"comment_status":"closed","ping_status":"closed","template":"","meta":{"_bbp_topic_count":0,"_bbp_reply_count":0,"_bbp_total_topic_count":0,"_bbp_total_reply_count":0,"_bbp_voice_count":0,"_bbp_anonymous_reply_count":0,"_bbp_topic_count_hidden":0,"_bbp_reply_count_hidden":0,"_bbp_forum_subforum_count":0,"footnotes":""},"class_list":["post-3222","page","type-page","status-publish","hentry"],"post_mailing_queue_ids":[],"_links":{"self":[{"href":"https:\/\/agora.xtec.cat\/ceip-drseres-alpicat\/wp-json\/wp\/v2\/pages\/3222","targetHints":{"allow":["GET"]}}],"collection":[{"href":"https:\/\/agora.xtec.cat\/ceip-drseres-alpicat\/wp-json\/wp\/v2\/pages"}],"about":[{"href":"https:\/\/agora.xtec.cat\/ceip-drseres-alpicat\/wp-json\/wp\/v2\/types\/page"}],"author":[{"embeddable":true,"href":"https:\/\/agora.xtec.cat\/ceip-drseres-alpicat\/wp-json\/wp\/v2\/users\/1"}],"replies":[{"embeddable":true,"href":"https:\/\/agora.xtec.cat\/ceip-drseres-alpicat\/wp-json\/wp\/v2\/comments?post=3222"}],"version-history":[{"count":6,"href":"https:\/\/agora.xtec.cat\/ceip-drseres-alpicat\/wp-json\/wp\/v2\/pages\/3222\/revisions"}],"predecessor-version":[{"id":3946,"href":"https:\/\/agora.xtec.cat\/ceip-drseres-alpicat\/wp-json\/wp\/v2\/pages\/3222\/revisions\/3946"}],"up":[{"embeddable":true,"href":"https:\/\/agora.xtec.cat\/ceip-drseres-alpicat\/wp-json\/wp\/v2\/pages\/3045"}],"wp:attachment":[{"href":"https:\/\/agora.xtec.cat\/ceip-drseres-alpicat\/wp-json\/wp\/v2\/media?parent=3222"}],"curies":[{"name":"wp","href":"https:\/\/api.w.org\/{rel}","templated":true}]}}