{"id":3205,"date":"2024-02-15T10:29:28","date_gmt":"2024-02-15T09:29:28","guid":{"rendered":"https:\/\/agora.xtec.cat\/ceip-drseres-alpicat\/?page_id=3205"},"modified":"2025-03-09T19:04:58","modified_gmt":"2025-03-09T18:04:58","slug":"apadrinament-lector","status":"publish","type":"page","link":"https:\/\/agora.xtec.cat\/ceip-drseres-alpicat\/diferents-projectes\/apadrinament-lector\/","title":{"rendered":"Apadrinament lector i lectures compartides"},"content":{"rendered":"<p style=\"font-weight: 400;\">L&#8217;apadrinament lector \u00e9s un projecte cooperatiu que es realitza per parelles formades per alumnes m\u00e9s grans de Cicle Superior, que fan de padrins de lectura i els alumnes m\u00e9s petits de Cicle Inicial, que fan de fillols; de fet, l\u2019alumnat de 5\u00e8 de Prim\u00e0ria apadrina nens i nenes de 1r de Prim\u00e0ria i l\u2019alumnat de 6\u00e8 de Prim\u00e0ria apadrina nens i nenes de 2n de Prim\u00e0ria.<\/p>\n<p style=\"font-weight: 400;\">Amb aquesta activitat es pret\u00e9n que tant uns com altres visquin una experi\u00e8ncia d\u2019aprenentatge lector, en el qual els infants m\u00e9s grans (padrins lectors) llegeixin, contin, animin, facin de model, escoltin&#8230; als infants m\u00e9s petits (fillols) i que aquesta activitat sigui engrescadora i el m\u00e9s motivadora possible per tal que se\u2019ls encomani el plaer de llegir.<\/p>\n<p style=\"font-weight: 400;\">A m\u00e9s de dinamitzar el proc\u00e9s de lectura tamb\u00e9 es pret\u00e9n establir lligams afectius entre padrins i fillols no nom\u00e9s al voltant de la lectura sin\u00f3 tamb\u00e9 envers altres situacions de la vida escolar per tal de tenir alumnat referent al centre.<\/p>\n<p>Les lectures compartides consisteixen en compartir moments d&#8217;explicar contes entre l&#8217;alumnat de cicle mitj\u00e0 i els d&#8217;educaci\u00f3 infantil. Els nens i nenes de cicle mitj\u00e0 per parelles trien un conte i se&#8217;l preparen per poder-lo explicar als alumnes d&#8217;educaci\u00f3 infantil.<\/p>\n<p>Amb aquesta activitat es fa un imp\u00e0s entre ser fillol i padr\u00ed lector, per\u00f2 sense prendre el sentit de compartir moments de lectura amb la resta de nens i nenes de l&#8217;escola. Al final de cada trimestre els nens i nenes de cicle mitj\u00e0 van a la radio d&#8217;Alpicat a fer la lectura dels contes que han explicat per tal de fer-ho extensiu a tots els oients de la r\u00e0dio.<\/p>\n<p>El grup impulsor d&#8217;aquest projecte est\u00e0 liderat per l&#8217;Anna Mel\u00e9 i la Raquel Rodr\u00edguez, responsables del grup de treball d&#8217;ULAE i biblioteca.<\/p>\n<p><a href=\"https:\/\/agora.xtec.cat\/ceip-drseres-alpicat\/wp-content\/uploads\/usu1665\/2025\/03\/IMG_4014-2-2-scaled.jpg\"><img loading=\"lazy\" decoding=\"async\" class=\" wp-image-3728 aligncenter\" src=\"https:\/\/agora.xtec.cat\/ceip-drseres-alpicat\/wp-content\/uploads\/usu1665\/2025\/03\/IMG_4014-2-2-768x1024.jpg\" alt=\"\" width=\"454\" height=\"605\" srcset=\"https:\/\/agora.xtec.cat\/ceip-drseres-alpicat\/wp-content\/uploads\/usu1665\/2025\/03\/IMG_4014-2-2-768x1024.jpg 768w, https:\/\/agora.xtec.cat\/ceip-drseres-alpicat\/wp-content\/uploads\/usu1665\/2025\/03\/IMG_4014-2-2-225x300.jpg 225w, https:\/\/agora.xtec.cat\/ceip-drseres-alpicat\/wp-content\/uploads\/usu1665\/2025\/03\/IMG_4014-2-2-1152x1536.jpg 1152w, https:\/\/agora.xtec.cat\/ceip-drseres-alpicat\/wp-content\/uploads\/usu1665\/2025\/03\/IMG_4014-2-2-1536x2048.jpg 1536w, https:\/\/agora.xtec.cat\/ceip-drseres-alpicat\/wp-content\/uploads\/usu1665\/2025\/03\/IMG_4014-2-2-scaled.jpg 1920w\" sizes=\"auto, (max-width: 454px) 100vw, 454px\" \/><\/a><\/p>\n","protected":false},"excerpt":{"rendered":"<p>L&#8217;apadrinament lector \u00e9s un projecte cooperatiu que es realitza per parelles formades per alumnes m\u00e9s grans de Cicle Superior, que fan de padrins de lectura i els alumnes m\u00e9s petits de Cicle Inicial, que fan de fillols; de fet, l\u2019alumnat de 5\u00e8 de Prim\u00e0ria apadrina&hellip;  <a href=\"https:\/\/agora.xtec.cat\/ceip-drseres-alpicat\/diferents-projectes\/apadrinament-lector\/\" title=\"Read Apadrinament lector i lectures compartides\">Llegeix m\u00e9s\u00bb<\/a><\/p>\n","protected":false},"author":1,"featured_media":0,"parent":3045,"menu_order":0,"comment_status":"closed","ping_status":"closed","template":"","meta":{"_bbp_topic_count":0,"_bbp_reply_count":0,"_bbp_total_topic_count":0,"_bbp_total_reply_count":0,"_bbp_voice_count":0,"_bbp_anonymous_reply_count":0,"_bbp_topic_count_hidden":0,"_bbp_reply_count_hidden":0,"_bbp_forum_subforum_count":0,"footnotes":""},"class_list":["post-3205","page","type-page","status-publish","hentry"],"post_mailing_queue_ids":[],"_links":{"self":[{"href":"https:\/\/agora.xtec.cat\/ceip-drseres-alpicat\/wp-json\/wp\/v2\/pages\/3205","targetHints":{"allow":["GET"]}}],"collection":[{"href":"https:\/\/agora.xtec.cat\/ceip-drseres-alpicat\/wp-json\/wp\/v2\/pages"}],"about":[{"href":"https:\/\/agora.xtec.cat\/ceip-drseres-alpicat\/wp-json\/wp\/v2\/types\/page"}],"author":[{"embeddable":true,"href":"https:\/\/agora.xtec.cat\/ceip-drseres-alpicat\/wp-json\/wp\/v2\/users\/1"}],"replies":[{"embeddable":true,"href":"https:\/\/agora.xtec.cat\/ceip-drseres-alpicat\/wp-json\/wp\/v2\/comments?post=3205"}],"version-history":[{"count":5,"href":"https:\/\/agora.xtec.cat\/ceip-drseres-alpicat\/wp-json\/wp\/v2\/pages\/3205\/revisions"}],"predecessor-version":[{"id":3729,"href":"https:\/\/agora.xtec.cat\/ceip-drseres-alpicat\/wp-json\/wp\/v2\/pages\/3205\/revisions\/3729"}],"up":[{"embeddable":true,"href":"https:\/\/agora.xtec.cat\/ceip-drseres-alpicat\/wp-json\/wp\/v2\/pages\/3045"}],"wp:attachment":[{"href":"https:\/\/agora.xtec.cat\/ceip-drseres-alpicat\/wp-json\/wp\/v2\/media?parent=3205"}],"curies":[{"name":"wp","href":"https:\/\/api.w.org\/{rel}","templated":true}]}}