{"id":2712,"date":"2023-05-16T13:42:47","date_gmt":"2023-05-16T11:42:47","guid":{"rendered":"https:\/\/agora.xtec.cat\/ceip-drseres-alpicat\/?page_id=2712"},"modified":"2025-11-17T10:53:18","modified_gmt":"2025-11-17T09:53:18","slug":"innovamat","status":"publish","type":"page","link":"https:\/\/agora.xtec.cat\/ceip-drseres-alpicat\/innovamat\/","title":{"rendered":"Innovamat"},"content":{"rendered":"<div class=\"entry-content\"><\/div>\n<div class=\"entry-content\">\n<p><strong>Les matem\u00e0tiques a la nostra escola: com aprenem amb Innovamat<\/strong><\/p>\n<p>Benvolgudes fam\u00edlies,<\/p>\n<p>A la nostra escola treballem les matem\u00e0tiques amb una mirada competencial, on <strong>els infants s\u00f3n el centre de l\u2019aprenentatge<\/strong>. A m\u00e9s d\u2019assolir conceptes i algoritmes mitjan\u00e7ant la pr\u00e0ctica, volem que esdevinguin <strong>bons resolutors de problemes<\/strong>, capa\u00e7os de raonar i aplicar diferents estrat\u00e8gies.<\/p>\n<p>L\u2019equip docent est\u00e0 en <strong>formaci\u00f3 constant<\/strong> per garantir la millor qualitat did\u00e0ctica. Alhora, les fam\u00edlies sou una part clau de la comunitat educativa, per aix\u00f2 us volem facilitar eines i recursos perqu\u00e8 pugueu acompanyar l\u2019aprenentatge des de casa.<\/p>\n<p><strong>Com podeu acompanyar l\u2019aprenentatge matem\u00e0tic?<\/strong><\/p>\n<p>Les matem\u00e0tiques s\u00f3n presents en el dia a dia:<br \/>\n\u2013 patrons num\u00e8rics a les matr\u00edcules,<br \/>\n\u2013 mesures i proporcions a la cuina,<br \/>\n\u2013 gr\u00e0fics i dades als informatius&#8230;<\/p>\n<p>Us animem a aprofitar aquestes situacions per convertir-les en moments d\u2019aprenentatge, sempre des de <strong>la pregunta, el raonament i la comprensi\u00f3<\/strong>. Per exemple:<br \/>\n<em>I per qu\u00e8 \u00e9s aix\u00ed? Com ho has fet? Creus que hi ha m\u00e9s solucions?<\/em><\/p>\n<p><strong>Recursos d\u2019Innovamat per a fam\u00edlies<\/strong><\/p>\n<p>Per con\u00e8ixer millor com treballem a l\u2019aula, us recomanem visitar <a href=\"https:\/\/www.innovamat.com\/ca\/recursos-para-familias\/?utm_source=email&amp;utm_medium=emailing&amp;utm_campaign=letter24\">la <strong>p\u00e0gina web de fam\u00edlies d\u2019Innovamat<\/strong>,<\/a> on trobareu:<\/p>\n<ul>\n<li><strong>Documents amb la visi\u00f3 global dels continguts<\/strong> de cada curs.<\/li>\n<li><strong>Guies trimestrals<\/strong> per a fam\u00edlies (tamb\u00e9 impreses als quaderns del Laboratori dels Nombres a prim\u00e0ria).<\/li>\n<li><strong>V\u00eddeos d\u2019estrat\u00e8gies de numeraci\u00f3 i c\u00e0lcul<\/strong>, molt \u00fatils per entendre com treballen els infants.<\/li>\n<li><strong><a href=\"https:\/\/forms.innovamat.com\/cat-families-innovamat\/\">Formacions online<\/a><\/strong> i altres recursos de suport.<\/li>\n<\/ul>\n<p><strong>Materials i tutorials<\/strong><\/p>\n<ul>\n<li><strong>Presentaci\u00f3 online per a fam\u00edlies:<\/strong> <a href=\"https:\/\/drive.google.com\/file\/d\/1TucaYQfvRbDqYUB4TyeaYRz92TGpYpHf\/view?usp=sharing\">la podeu veure aqu\u00ed.<\/a><\/li>\n<li><strong><a href=\"https:\/\/agora.xtec.cat\/ceip-drseres-alpicat\/wp-content\/uploads\/usu1665\/2023\/10\/Matematiques-a-lEducacio-Primaria.pdf\">Revista d\u2019Innovamat,<\/a><\/strong> amb una explicaci\u00f3 escrita de la proposta.<\/li>\n<li><a href=\"https:\/\/www.innovamat.com\/ca\/families\/\">Web de suport per a fam\u00edlies<\/a><\/li>\n<li>Des del curs 2025-26 els nens i nenes fan l\u2019aplicaci\u00f3 d\u2019innovamat a l\u2019aula i entren a l\u2019aplicaci\u00f3 <a href=\"https:\/\/atlas.innovamat.com\/\">atles innovamat<\/a> i per identificar-se fan inici de sessi\u00f3 amb google i entren amb el seu correu corporatiu de l\u2019escola.<\/li>\n<\/ul>\n<p>&nbsp;<\/p>\n<p><strong>Blog i recursos complementaris<\/strong><\/p>\n<p>Us convidem a visitar <a href=\"https:\/\/www.innovamat.com\/ca\/familias\">el <strong>Blog de fam\u00edlies<\/strong><\/a>, on trobareu:<\/p>\n<ul>\n<li><strong><a href=\"https:\/\/www.innovamat.com\/ca\/familias\">Videotutorials<\/a><\/strong> amb les estrat\u00e8gies principals que utilitzem.<\/li>\n<li><strong><a href=\"https:\/\/blog.innovamat.com\/category\/recursos\/\">Reptes per fer a casa,<\/a><\/strong> per compartir moments matem\u00e0tics en fam\u00edlia.<\/li>\n<li>L\u2019entrada <strong><a href=\"https:\/\/blog.innovamat.com\/com-puc-ajudar-des-de-casa-evitem-els-espoliers\/\">\u201cCom puc ajudar des de casa? Evitem els esp\u00f2ilers!\u201d,<\/a><\/strong> que explica com acompanyar sense avan\u00e7ar continguts.<\/li>\n<li>Informaci\u00f3 per entendre el treball matem\u00e0tic a totes les etapes:<br \/>\n\u2013 <em><a href=\"https:\/\/www.youtube.com\/watch?v=_D7qK4j3zrc\">Aix\u00f2 \u00e9s Innovamat a Infantil<\/a><\/em><br \/>\n\u2013 <em><a href=\"https:\/\/www.youtube.com\/watch?v=DX473KUA32A\">Aix\u00f2 \u00e9s Innovamat a Secund\u00e0ria<\/a><\/em><\/li>\n<\/ul>\n<p>Tamb\u00e9 us podeu subscriure a la <strong><a href=\"https:\/\/forms.innovamat.com\/suscripcio-newsletter\/?utm_source=youtube&amp;utm_medium=youtube&amp;utm_campaign=familias2223\">Newsletter d\u2019Innovamat<\/a><\/strong> per rebre novetats al vostre correu.<\/p>\n<p><strong>Suport a les fam\u00edlies<\/strong><\/p>\n<p>Innovamat disposa d\u2019un espai espec\u00edfic de suport on trobareu:<\/p>\n<ul>\n<li>El pla de continguts de cada curs.<\/li>\n<li>La guia trimestral del Laboratori de Nombres.<\/li>\n<li>V\u00eddeos explicatius de les estrat\u00e8gies de c\u00e0lcul i algoritmes.<\/li>\n<li>Videotutorials i formacions per a fam\u00edlies.<\/li>\n<\/ul>\n<p>En cas de dubtes o incid\u00e8ncies t\u00e8cniques, podeu contactar directament amb Innovamat:<br \/>\n\ud83d\udce7 <em>help@innovamat.com<\/em><br \/>\n\ud83d\udcde <em>932 20 94 23<\/em><\/p>\n<p>Tamb\u00e9 us compartim <a href=\"https:\/\/www.innovamat.com\/ca\/families\/\">un <strong>e-book d\u2019operacions b\u00e0siques<\/strong>,<\/a> que pot ajudar-vos a entendre com aprenen matem\u00e0tiques els infants.<\/p>\n<p><strong>Formaci\u00f3 per a fam\u00edlies<\/strong><\/p>\n<p>El passat <strong>11 de desembre de 2024<\/strong>, vam realitzar una formaci\u00f3 d\u2019Innovamat per a fam\u00edlies, disponible tamb\u00e9 a l\u2019espai de recursos d\u2019Innovamat.<\/p>\n<p>Esperem que tota aquesta informaci\u00f3 us sigui \u00fatil i us permeti con\u00e8ixer de prop com aprenem matem\u00e0tiques a l\u2019escola.<\/p>\n<p><strong>Endavant amb aquest nou curs!<\/strong><\/p>\n<p>&nbsp;<\/p>\n<p>P\u00f2ster realitzat per nens i nenes de 5\u00e8 de Prim\u00e0ria:<\/p>\n<p><a href=\"https:\/\/agora.xtec.cat\/ceip-drseres-alpicat\/wp-content\/uploads\/usu1665\/2025\/03\/INNOVAMAT_page-0001-scaled.jpg\"><img loading=\"lazy\" decoding=\"async\" class=\"aligncenter wp-image-3794 size-large\" src=\"https:\/\/agora.xtec.cat\/ceip-drseres-alpicat\/wp-content\/uploads\/usu1665\/2025\/03\/INNOVAMAT_page-0001-1024x576.jpg\" alt=\"\" width=\"1024\" height=\"576\" srcset=\"https:\/\/agora.xtec.cat\/ceip-drseres-alpicat\/wp-content\/uploads\/usu1665\/2025\/03\/INNOVAMAT_page-0001-1024x576.jpg 1024w, https:\/\/agora.xtec.cat\/ceip-drseres-alpicat\/wp-content\/uploads\/usu1665\/2025\/03\/INNOVAMAT_page-0001-300x169.jpg 300w, https:\/\/agora.xtec.cat\/ceip-drseres-alpicat\/wp-content\/uploads\/usu1665\/2025\/03\/INNOVAMAT_page-0001-768x432.jpg 768w, https:\/\/agora.xtec.cat\/ceip-drseres-alpicat\/wp-content\/uploads\/usu1665\/2025\/03\/INNOVAMAT_page-0001-1536x864.jpg 1536w, https:\/\/agora.xtec.cat\/ceip-drseres-alpicat\/wp-content\/uploads\/usu1665\/2025\/03\/INNOVAMAT_page-0001-2048x1152.jpg 2048w\" sizes=\"auto, (max-width: 1024px) 100vw, 1024px\" \/><\/a><\/p>\n<p>&nbsp;<\/p>\n<\/div>\n","protected":false},"excerpt":{"rendered":"<p>Les matem\u00e0tiques a la nostra escola: com aprenem amb Innovamat<br \/>\nBenvolgudes fam\u00edlies,<br \/>\nA la nostra escola treballem les matem\u00e0tiques amb una mirada competencial, on els infants s\u00f3n el centre de l\u2019aprenentatge. A m\u00e9s d\u2019assolir conceptes i algoritmes mitjan\u00e7ant la pr\u00e0ctica, volem que esdevinguin bons resolutors de problemes,&hellip;  <a href=\"https:\/\/agora.xtec.cat\/ceip-drseres-alpicat\/innovamat\/\" title=\"Read Innovamat\">Llegeix m\u00e9s\u00bb<\/a><\/p>\n","protected":false},"author":1,"featured_media":0,"parent":0,"menu_order":0,"comment_status":"closed","ping_status":"closed","template":"","meta":{"_bbp_topic_count":0,"_bbp_reply_count":0,"_bbp_total_topic_count":0,"_bbp_total_reply_count":0,"_bbp_voice_count":0,"_bbp_anonymous_reply_count":0,"_bbp_topic_count_hidden":0,"_bbp_reply_count_hidden":0,"_bbp_forum_subforum_count":0,"footnotes":""},"class_list":["post-2712","page","type-page","status-publish","hentry"],"post_mailing_queue_ids":[],"_links":{"self":[{"href":"https:\/\/agora.xtec.cat\/ceip-drseres-alpicat\/wp-json\/wp\/v2\/pages\/2712","targetHints":{"allow":["GET"]}}],"collection":[{"href":"https:\/\/agora.xtec.cat\/ceip-drseres-alpicat\/wp-json\/wp\/v2\/pages"}],"about":[{"href":"https:\/\/agora.xtec.cat\/ceip-drseres-alpicat\/wp-json\/wp\/v2\/types\/page"}],"author":[{"embeddable":true,"href":"https:\/\/agora.xtec.cat\/ceip-drseres-alpicat\/wp-json\/wp\/v2\/users\/1"}],"replies":[{"embeddable":true,"href":"https:\/\/agora.xtec.cat\/ceip-drseres-alpicat\/wp-json\/wp\/v2\/comments?post=2712"}],"version-history":[{"count":6,"href":"https:\/\/agora.xtec.cat\/ceip-drseres-alpicat\/wp-json\/wp\/v2\/pages\/2712\/revisions"}],"predecessor-version":[{"id":4221,"href":"https:\/\/agora.xtec.cat\/ceip-drseres-alpicat\/wp-json\/wp\/v2\/pages\/2712\/revisions\/4221"}],"wp:attachment":[{"href":"https:\/\/agora.xtec.cat\/ceip-drseres-alpicat\/wp-json\/wp\/v2\/media?parent=2712"}],"curies":[{"name":"wp","href":"https:\/\/api.w.org\/{rel}","templated":true}]}}