{"id":1538,"date":"2020-07-21T16:37:19","date_gmt":"2020-07-21T14:37:19","guid":{"rendered":"https:\/\/agora.xtec.cat\/ceip-drseres-alpicat\/?page_id=1538"},"modified":"2023-12-01T17:10:10","modified_gmt":"2023-12-01T16:10:10","slug":"xandall-de-lescola","status":"publish","type":"page","link":"https:\/\/agora.xtec.cat\/ceip-drseres-alpicat\/ampa\/xandall-de-lescola\/","title":{"rendered":"Xandall de l&#8217;escola"},"content":{"rendered":"<p><strong>Finalment ha arribat el dia! Us volem presentar el nou xandall de l\u2019Escola Doctor Ser\u00e9s d\u2019Alpicat.<\/strong><\/p>\n<p>L\u2019any 2019 la Junta de l\u2019AFA va proposar fer un canvi de xandall escolar, a petici\u00f3 de molts pares de l\u2019escola i en l\u2019assemblea general del 2 d\u2019octubre de 2019 es va aprovar el model que avui us presentem.<\/p>\n<p>\u00c9s veritat que tot se\u2019ns ha endarrerit per motius diversos i, entre d\u2019altres, la COVID-19, per\u00f2 avui, amb molta il\u00b7lusi\u00f3, us volem fer part\u00edcips del resultat.<br \/>\nHem mantingut els colors que identifiquen l\u2019escola: blau mar\u00ed, vermell i blanc; s\u2019ha dissenyat el logotip que llueix el nou xandall partint d\u2019esborranys de dibuixos i propostes d\u2019alumnes de cicle mitj\u00e0 i superior de l\u2019escola, i, en darrer lloc, hem signat un contracte de 8 anys amb l\u2019empresa ERREA, distribu\u00efdora del nou xandall.<\/p>\n<p>Per estrenar com cal la nova equipaci\u00f3, hem dotat als nostres mestres d\u2019educaci\u00f3 F\u00edsica del centre, en Ra\u00fcl i en Vicent, d\u2019una equipaci\u00f3 completa pel curs escolar.<\/p>\n<p>En aquesta secci\u00f3, us detallem la <a href=\"https:\/\/www.afadoctorseres.cat\/xandall-escolar\/contacte-i-compra\/\">forma de compra<\/a> de les equipacions esportives a la distribu\u00efdora Errea, la <a href=\"https:\/\/www.afadoctorseres.cat\/wp-content\/uploads\/2023\/07\/Preus_xandall_ESCOLA_DOCTOR_SERES_taula_preus_web.pdf\" target=\"_blank\" rel=\"noreferrer noopener\">taula de preus<\/a> i adjuntem la <a href=\"https:\/\/www.afadoctorseres.cat\/wp-content\/uploads\/2020\/10\/GUIA-DE-TALLAJE-KUATRO.pdf\" target=\"_blank\" rel=\"noreferrer noopener\">taula de talles<\/a>.<\/p>\n<p><strong>Per \u00faltim, us recordem que el xandall actual i el nou xandall de l\u2019escola conviuran almenys un parell d\u2019anys, no us amo\u00efneu!<\/strong><\/p>\n<p>Desitgem que us agradi i el puguem gaudir com cal!<br \/>\nGr\u00e0cies i endavant!<\/p>\n<p><a href=\"https:\/\/agora.xtec.cat\/ceip-drseres-alpicat\/wp-content\/uploads\/usu1665\/2023\/12\/IMG_4680-1799x2048-1.jpg\"><img loading=\"lazy\" decoding=\"async\" class=\"alignnone size-large wp-image-3135\" src=\"https:\/\/agora.xtec.cat\/ceip-drseres-alpicat\/wp-content\/uploads\/usu1665\/2023\/12\/IMG_4680-1799x2048-1-900x1024.jpg\" alt=\"\" width=\"900\" height=\"1024\" srcset=\"https:\/\/agora.xtec.cat\/ceip-drseres-alpicat\/wp-content\/uploads\/usu1665\/2023\/12\/IMG_4680-1799x2048-1-900x1024.jpg 900w, https:\/\/agora.xtec.cat\/ceip-drseres-alpicat\/wp-content\/uploads\/usu1665\/2023\/12\/IMG_4680-1799x2048-1-264x300.jpg 264w, https:\/\/agora.xtec.cat\/ceip-drseres-alpicat\/wp-content\/uploads\/usu1665\/2023\/12\/IMG_4680-1799x2048-1-768x874.jpg 768w, https:\/\/agora.xtec.cat\/ceip-drseres-alpicat\/wp-content\/uploads\/usu1665\/2023\/12\/IMG_4680-1799x2048-1-1349x1536.jpg 1349w, https:\/\/agora.xtec.cat\/ceip-drseres-alpicat\/wp-content\/uploads\/usu1665\/2023\/12\/IMG_4680-1799x2048-1.jpg 1799w\" sizes=\"auto, (max-width: 900px) 100vw, 900px\" \/><\/a> <a href=\"https:\/\/agora.xtec.cat\/ceip-drseres-alpicat\/wp-content\/uploads\/usu1665\/2023\/12\/IMG_4693.jpg\"><img loading=\"lazy\" decoding=\"async\" class=\"alignnone size-large wp-image-3136\" src=\"https:\/\/agora.xtec.cat\/ceip-drseres-alpicat\/wp-content\/uploads\/usu1665\/2023\/12\/IMG_4693.jpg\" alt=\"\" width=\"449\" height=\"640\" srcset=\"https:\/\/agora.xtec.cat\/ceip-drseres-alpicat\/wp-content\/uploads\/usu1665\/2023\/12\/IMG_4693.jpg 449w, https:\/\/agora.xtec.cat\/ceip-drseres-alpicat\/wp-content\/uploads\/usu1665\/2023\/12\/IMG_4693-210x300.jpg 210w\" sizes=\"auto, (max-width: 449px) 100vw, 449px\" \/><\/a> <a href=\"https:\/\/agora.xtec.cat\/ceip-drseres-alpicat\/wp-content\/uploads\/usu1665\/2023\/12\/IMG_4690-1-1536x2048-1.jpg\"><img loading=\"lazy\" decoding=\"async\" class=\"alignnone size-large wp-image-3137\" src=\"https:\/\/agora.xtec.cat\/ceip-drseres-alpicat\/wp-content\/uploads\/usu1665\/2023\/12\/IMG_4690-1-1536x2048-1-768x1024.jpg\" alt=\"\" width=\"768\" height=\"1024\" srcset=\"https:\/\/agora.xtec.cat\/ceip-drseres-alpicat\/wp-content\/uploads\/usu1665\/2023\/12\/IMG_4690-1-1536x2048-1-768x1024.jpg 768w, https:\/\/agora.xtec.cat\/ceip-drseres-alpicat\/wp-content\/uploads\/usu1665\/2023\/12\/IMG_4690-1-1536x2048-1-225x300.jpg 225w, https:\/\/agora.xtec.cat\/ceip-drseres-alpicat\/wp-content\/uploads\/usu1665\/2023\/12\/IMG_4690-1-1536x2048-1-1152x1536.jpg 1152w, https:\/\/agora.xtec.cat\/ceip-drseres-alpicat\/wp-content\/uploads\/usu1665\/2023\/12\/IMG_4690-1-1536x2048-1.jpg 1536w\" sizes=\"auto, (max-width: 768px) 100vw, 768px\" \/><\/a><\/p>\n","protected":false},"excerpt":{"rendered":"<p>Finalment ha arribat el dia! Us volem presentar el nou xandall de l\u2019Escola Doctor Ser\u00e9s d\u2019Alpicat.<br \/>\nL\u2019any 2019 la Junta de l\u2019AFA va proposar fer un canvi de xandall escolar, a petici\u00f3 de molts pares de l\u2019escola i en l\u2019assemblea general del 2 d\u2019octubre de 2019&hellip;  <a href=\"https:\/\/agora.xtec.cat\/ceip-drseres-alpicat\/ampa\/xandall-de-lescola\/\" title=\"Read Xandall de l&#8217;escola\">Llegeix m\u00e9s\u00bb<\/a><\/p>\n","protected":false},"author":1,"featured_media":0,"parent":616,"menu_order":0,"comment_status":"closed","ping_status":"closed","template":"page-templates\/side-menu.php","meta":{"_bbp_topic_count":0,"_bbp_reply_count":0,"_bbp_total_topic_count":0,"_bbp_total_reply_count":0,"_bbp_voice_count":0,"_bbp_anonymous_reply_count":0,"_bbp_topic_count_hidden":0,"_bbp_reply_count_hidden":0,"_bbp_forum_subforum_count":0,"footnotes":""},"class_list":["post-1538","page","type-page","status-publish","hentry"],"post_mailing_queue_ids":[],"_links":{"self":[{"href":"https:\/\/agora.xtec.cat\/ceip-drseres-alpicat\/wp-json\/wp\/v2\/pages\/1538","targetHints":{"allow":["GET"]}}],"collection":[{"href":"https:\/\/agora.xtec.cat\/ceip-drseres-alpicat\/wp-json\/wp\/v2\/pages"}],"about":[{"href":"https:\/\/agora.xtec.cat\/ceip-drseres-alpicat\/wp-json\/wp\/v2\/types\/page"}],"author":[{"embeddable":true,"href":"https:\/\/agora.xtec.cat\/ceip-drseres-alpicat\/wp-json\/wp\/v2\/users\/1"}],"replies":[{"embeddable":true,"href":"https:\/\/agora.xtec.cat\/ceip-drseres-alpicat\/wp-json\/wp\/v2\/comments?post=1538"}],"version-history":[{"count":5,"href":"https:\/\/agora.xtec.cat\/ceip-drseres-alpicat\/wp-json\/wp\/v2\/pages\/1538\/revisions"}],"predecessor-version":[{"id":3138,"href":"https:\/\/agora.xtec.cat\/ceip-drseres-alpicat\/wp-json\/wp\/v2\/pages\/1538\/revisions\/3138"}],"up":[{"embeddable":true,"href":"https:\/\/agora.xtec.cat\/ceip-drseres-alpicat\/wp-json\/wp\/v2\/pages\/616"}],"wp:attachment":[{"href":"https:\/\/agora.xtec.cat\/ceip-drseres-alpicat\/wp-json\/wp\/v2\/media?parent=1538"}],"curies":[{"name":"wp","href":"https:\/\/api.w.org\/{rel}","templated":true}]}}