{"id":506,"date":"2017-10-27T15:13:01","date_gmt":"2017-10-27T13:13:01","guid":{"rendered":"http:\/\/agora.xtec.cat\/ceip-dolorsalmeda-cornella\/?page_id=506"},"modified":"2025-03-10T12:16:18","modified_gmt":"2025-03-10T11:16:18","slug":"english","status":"publish","type":"page","link":"https:\/\/agora.xtec.cat\/ceip-dolorsalmeda-cornella\/projecte-educatiu\/english\/","title":{"rendered":"English"},"content":{"rendered":"<p>For a long time, the school has been conscious of the importance and necessity of the mastery of the English language in the globalized society we live in. For this reason, we work to incorporate the language into the\u00a0educational objective of the school.<\/p>\n<p>There are English teachers who have been trained to accomplish all the different English projects, both in Childhood Education and Primary levels. All these projects have been approved and funded by the Department of Education.<\/p>\n<p>Our work begins in Childhood Education (from 3 to 5 years old). At this stage, the main aim is for the students to familiarize themselves with the English language through short stories, songs, and games in a relaxed, natural and contextualized way to foster communication and to ensure opportunities for dialogue. Our intention is to create an environment conducive to promoting communication in an enjoyable and comfortable environment.<\/p>\n<p>At the Primary stage, we progressively increase the English language sessions. We promote the use of oral language skills. From the 3rd level to the 6th level, once a week, there are \u201cwork corners,\u201d where the students work on skills, such as, listening, reading, writing, and speaking in an independent manner that best suits their level of ability and pace.<\/p>\n<p>In the 1st, 2nd, and 3rd grades, we incorporate three Art workshops and what we call \u201cAmbients\u201d for \u201cGames\u201d and \u201cArts and Crafts\u201d, both in English (1<sup>st<\/sup> and 2<sup>nd<\/sup> grade); for 4th grade in Art, and for 5th and 6th grades in Science.(STEAM)<\/p>\n<p>\u201cPractice makes perfect.\u201d As with any spoken language, the more you practice the better you become. \u201cLanguages are alive, and if we do not use them in a significant and useful way, they will die.\u201d We have many of these sayings at school, and they are used to inspire, motivate and encourage the students to use the English language skills they have learned as a powerful vehicle for communication.<\/p>\n<p>At the school, we promote the English language through the following activities:<\/p>\n<ul>\n<li>Conversation \/ Games Groups with American students.<\/li>\n<li>Regular access to and renting from library of English books.<\/li>\n<li>Trips to see English plays.<\/li>\n<li>Listening to stories read aloud by American native speakers.<\/li>\n<li>Exchange of letters and projects with schools from English speaking countries.<\/li>\n<\/ul>\n<p>&nbsp;<\/p>\n<p><a href=\"http:\/\/agora.xtec.cat\/ceip-dolorsalmeda-cornella\/wp-content\/uploads\/usu30\/2017\/10\/IMG_0325.jpg\"><img loading=\"lazy\" decoding=\"async\" class=\"alignnone wp-image-608 aligncenter\" src=\"http:\/\/agora.xtec.cat\/ceip-dolorsalmeda-cornella\/wp-content\/uploads\/usu30\/2017\/10\/IMG_0325-1024x1018.jpg\" alt=\"\" width=\"295\" height=\"293\" srcset=\"https:\/\/agora.xtec.cat\/ceip-dolorsalmeda-cornella\/wp-content\/uploads\/usu30\/2017\/10\/IMG_0325-1024x1018.jpg 1024w, https:\/\/agora.xtec.cat\/ceip-dolorsalmeda-cornella\/wp-content\/uploads\/usu30\/2017\/10\/IMG_0325-150x150.jpg 150w, https:\/\/agora.xtec.cat\/ceip-dolorsalmeda-cornella\/wp-content\/uploads\/usu30\/2017\/10\/IMG_0325-300x298.jpg 300w, https:\/\/agora.xtec.cat\/ceip-dolorsalmeda-cornella\/wp-content\/uploads\/usu30\/2017\/10\/IMG_0325-768x764.jpg 768w, https:\/\/agora.xtec.cat\/ceip-dolorsalmeda-cornella\/wp-content\/uploads\/usu30\/2017\/10\/IMG_0325.jpg 1080w\" sizes=\"auto, (max-width: 295px) 100vw, 295px\" \/><\/a><\/p>\n<p>&nbsp;<\/p>\n<p>Des de fa molts anys tot el claustre de l\u2019escola \u00e9s conscient de la gran import\u00e0ncia i necessitat del domini de la llengua anglesa per ser competent en la societat globalitzada en qu\u00e8 vivim. \u00c9s per aix\u00f2, que el foment i el treball per incorporar aquesta llengua en el nostre projecte educatiu \u00e9s una realitat que portem a terme des de fa temps.<\/p>\n<p>L&#8217;ampli grup de mestres especialistes d\u2019angl\u00e8s amb els que compta l\u2019escola s\u2019han format per poder portar a terme els diferents projectes ling\u00fc\u00edstics d\u2019angl\u00e8s del centre, tant d\u2019Educaci\u00f3 Infantil com d\u2019Educaci\u00f3 Prim\u00e0ria, tots ells aprovats, guiats i finan\u00e7ats pel Departament d\u2019Educaci\u00f3.<\/p>\n<p>La nostra feina comen\u00e7a a l\u2019Educaci\u00f3 Infantil ja des d&#8217;I3. En aquesta etapa l\u2019objectiu principal \u00e9s que l\u2019alumne es familiaritzi amb la llengua anglesa a trav\u00e9s de contes, can\u00e7ons, jocs\u2026 d\u2019una manera relaxada, natural i contextualitzada per fomentar la comunicaci\u00f3 i garantir el di\u00e0leg. D\u2019aquesta manera es creen situacions comunicatives i significatives pels alumnes que fan que aquests gaudeixin mentre aprenen.<\/p>\n<p>A Prim\u00e0ria augmentem de manera progressiva les sessions en llengua anglesa i garantim l\u2019\u00fas oral de la llengua. A m\u00e9s,\u00a0 A partir de 3r, un cop per setmana treballem\u00a0 per racons \u201ccorners\u201d on els alumnes treballen les diferents habilitats de listening, speaking, reading i writing de forma aut\u00f2noma i cadasc\u00fa al seu ritme.<\/p>\n<p>A 1r, 2n i 3r incorporem tres tallers d\u2019Art (Pl\u00e0stica en angl\u00e8s) i dos ambients a Cicle Inicial: \u201cGames\u201d i \u201cArts &amp; Crafts\u201d.\u00a0 A 4t l\u2019\u00e0rea de pl\u00e0stica tamb\u00e9 es fa en aquesta llengua i a 5\u00e8 i 6\u00e8 introdu\u00efm un taller de \u201cSTEAM\u201d.<\/p>\n<p>\u201cA parlar s\u2019apr\u00e8n parlant\u201d. \u201cEls idiomes s\u00f3n vius, si no els fem servir d\u2019una manera significativa i \u00fatil moren\u201d. Aquests lemes els tenim molt presents, per tant, a l\u2019escola es creen i es promouen diferents moments on els alumnes puguin fer \u00fas i posar en pr\u00e0ctica el que aprenen per tal de fer la llengua anglesa un\u00a0vehicle de comunicaci\u00f3 \u201creal\u201d.<\/p>\n<p>Des de l\u2019escola fomentem la llengua anglesa amb les seg\u00fcents activitats:<\/p>\n<ul>\n<li>Grups de conversa i jocs amb estudiants americans durant l\u2019horari escolar a tots els nivells.<\/li>\n<li>Acc\u00e9s al pr\u00e9stec de llibres en angl\u00e8s.<\/li>\n<li>Sortides per veure obres en angl\u00e8s.<\/li>\n<li>Contes explicats per nadius.<\/li>\n<li>Intercanvi de correspond\u00e8ncia i projectes amb escoles de parla anglesa.<\/li>\n<\/ul>\n<p>&nbsp;<\/p>\n<p>&nbsp;<\/p>\n","protected":false},"excerpt":{"rendered":"<p>For a long time, the school has been conscious of the importance and necessity of the mastery of the English language in the globalized society we live in. For this reason, we work to incorporate the language into the\u00a0educational objective of the school.<br \/>\nThere are English&hellip;  <a href=\"https:\/\/agora.xtec.cat\/ceip-dolorsalmeda-cornella\/projecte-educatiu\/english\/\" title=\"Read English\">Llegeix m\u00e9s\u00bb<\/a><\/p>\n","protected":false},"author":1,"featured_media":0,"parent":64,"menu_order":60,"comment_status":"closed","ping_status":"closed","template":"page-templates\/side-menu.php","meta":{"_bbp_topic_count":0,"_bbp_reply_count":0,"_bbp_total_topic_count":0,"_bbp_total_reply_count":0,"_bbp_voice_count":0,"_bbp_anonymous_reply_count":0,"_bbp_topic_count_hidden":0,"_bbp_reply_count_hidden":0,"_bbp_forum_subforum_count":0,"footnotes":""},"class_list":["post-506","page","type-page","status-publish","hentry"],"post_mailing_queue_ids":[],"_links":{"self":[{"href":"https:\/\/agora.xtec.cat\/ceip-dolorsalmeda-cornella\/wp-json\/wp\/v2\/pages\/506","targetHints":{"allow":["GET"]}}],"collection":[{"href":"https:\/\/agora.xtec.cat\/ceip-dolorsalmeda-cornella\/wp-json\/wp\/v2\/pages"}],"about":[{"href":"https:\/\/agora.xtec.cat\/ceip-dolorsalmeda-cornella\/wp-json\/wp\/v2\/types\/page"}],"author":[{"embeddable":true,"href":"https:\/\/agora.xtec.cat\/ceip-dolorsalmeda-cornella\/wp-json\/wp\/v2\/users\/1"}],"replies":[{"embeddable":true,"href":"https:\/\/agora.xtec.cat\/ceip-dolorsalmeda-cornella\/wp-json\/wp\/v2\/comments?post=506"}],"version-history":[{"count":7,"href":"https:\/\/agora.xtec.cat\/ceip-dolorsalmeda-cornella\/wp-json\/wp\/v2\/pages\/506\/revisions"}],"predecessor-version":[{"id":7936,"href":"https:\/\/agora.xtec.cat\/ceip-dolorsalmeda-cornella\/wp-json\/wp\/v2\/pages\/506\/revisions\/7936"}],"up":[{"embeddable":true,"href":"https:\/\/agora.xtec.cat\/ceip-dolorsalmeda-cornella\/wp-json\/wp\/v2\/pages\/64"}],"wp:attachment":[{"href":"https:\/\/agora.xtec.cat\/ceip-dolorsalmeda-cornella\/wp-json\/wp\/v2\/media?parent=506"}],"curies":[{"name":"wp","href":"https:\/\/api.w.org\/{rel}","templated":true}]}}