{"id":503,"date":"2017-10-27T15:11:33","date_gmt":"2017-10-27T13:11:33","guid":{"rendered":"http:\/\/agora.xtec.cat\/ceip-dolorsalmeda-cornella\/?page_id=503"},"modified":"2025-03-10T12:06:05","modified_gmt":"2025-03-10T11:06:05","slug":"ambients-de-joc-i-aprenentatge","status":"publish","type":"page","link":"https:\/\/agora.xtec.cat\/ceip-dolorsalmeda-cornella\/projecte-educatiu\/ambients-de-joc-i-aprenentatge\/","title":{"rendered":"Ambients de Joc i Aprenentatge"},"content":{"rendered":"<p style=\"text-align: justify;\">Els ambients s\u00f3n una proposta metodol\u00f2gica que pret\u00e9n oferir un espai acollidor i uns materials estimulants que permetin als infants descobrir, pensar i crear a partir del joc, l\u2019exploraci\u00f3 i la manipulaci\u00f3. <span style=\"font-weight: 400;\">En <\/span><b>educaci\u00f3 infantil i cicle inicial<\/b><span style=\"font-weight: 400;\">, dues sessions a la setmana, es barregen infants dels diferents nivells d\u2019un mateix cicle per jugar i gaudir aprenent a partir de materials rics i de la interacci\u00f3 entre iguals. En cada ambient trobaran un seguit de propostes que podran desenvolupar lliurement i amb autonomia amb l\u2019acompanyament d\u2019un adult que prepara un ambient acollidor, que observa i documenta respectant els diferents ritmes i processos. <\/span><\/p>\n<p><span style=\"font-weight: 400;\">A <\/span><b>infantil <\/b><span style=\"font-weight: 400;\">es presenten 7 propostes d\u2019ambients que els infants poden triar lliurement. Alguns dels ambients que hem dut a terme s\u00f3n: art\u00edstic, construccions, hort, musical, joc simb\u00f2lic, moviment i experimentaci\u00f3. A <\/span><b>inicial <\/b><span style=\"font-weight: 400;\">es presenten 6 propostes d\u2019ambients. Algunes d\u2019aquestes propostes han estat: comunicatiu, matem\u00e0tic, experimentaci\u00f3, dramatitzaci\u00f3 en angl\u00e8s, hort i tecnol\u00f2gic. Com a m\u00ednim, un dels ambients de cicle inicial es fa en angl\u00e8s com a llengua vehicular.\u00a0<\/span><\/p>\n<p>Cada sessi\u00f3 es desenvolupa en <strong>quatre fases<\/strong>:<br \/>\n&#8211; Acollida: presentaci\u00f3 de l\u2019ambient i de les diferents propostes que hi poden trobar<br \/>\n&#8211; Sessi\u00f3 de joc: activitat lliure amb diferents propostes<br \/>\n&#8211; Endre\u00e7a: recollida del material<br \/>\n&#8211; Cloenda: rotllana de tancament amb valoraci\u00f3 de la sessi\u00f3<\/p>\n\n\t\t<style type=\"text\/css\">\n\t\t\t#gallery-1 {\n\t\t\t\tmargin: auto;\n\t\t\t}\n\t\t\t#gallery-1 .gallery-item {\n\t\t\t\tfloat: left;\n\t\t\t\tmargin-top: 10px;\n\t\t\t\ttext-align: center;\n\t\t\t\twidth: 33%;\n\t\t\t}\n\t\t\t#gallery-1 img {\n\t\t\t\tborder: 2px solid #cfcfcf;\n\t\t\t}\n\t\t\t#gallery-1 .gallery-caption {\n\t\t\t\tmargin-left: 0;\n\t\t\t}\n\t\t\t\/* see gallery_shortcode() in wp-includes\/media.php *\/\n\t\t<\/style>\n\t\t<div id='gallery-1' class='gallery galleryid-503 gallery-columns-3 gallery-size-thumbnail'><dl class='gallery-item'>\n\t\t\t<dt class='gallery-icon landscape'>\n\t\t\t\t<a href='https:\/\/agora.xtec.cat\/ceip-dolorsalmeda-cornella\/projecte-educatiu\/ambients-de-joc-i-aprenentatge\/attachment\/artistic\/'><img loading=\"lazy\" decoding=\"async\" width=\"150\" height=\"150\" src=\"https:\/\/agora.xtec.cat\/ceip-dolorsalmeda-cornella\/wp-content\/uploads\/usu30\/2021\/02\/ART\u00cdSTIC-150x150.jpg\" class=\"attachment-thumbnail size-thumbnail\" alt=\"\" \/><\/a>\n\t\t\t<\/dt><\/dl><dl class='gallery-item'>\n\t\t\t<dt class='gallery-icon landscape'>\n\t\t\t\t<a href='https:\/\/agora.xtec.cat\/ceip-dolorsalmeda-cornella\/projecte-educatiu\/ambients-de-joc-i-aprenentatge\/attachment\/construccions\/'><img loading=\"lazy\" decoding=\"async\" width=\"150\" height=\"150\" src=\"https:\/\/agora.xtec.cat\/ceip-dolorsalmeda-cornella\/wp-content\/uploads\/usu30\/2021\/02\/CONSTRUCCIONS-150x150.jpg\" class=\"attachment-thumbnail size-thumbnail\" alt=\"\" \/><\/a>\n\t\t\t<\/dt><\/dl><dl class='gallery-item'>\n\t\t\t<dt class='gallery-icon landscape'>\n\t\t\t\t<a href='https:\/\/agora.xtec.cat\/ceip-dolorsalmeda-cornella\/projecte-educatiu\/ambients-de-joc-i-aprenentatge\/attachment\/experimentacio\/'><img loading=\"lazy\" decoding=\"async\" width=\"150\" height=\"150\" src=\"https:\/\/agora.xtec.cat\/ceip-dolorsalmeda-cornella\/wp-content\/uploads\/usu30\/2021\/02\/EXPERIMENTACI\u00d3-150x150.jpg\" class=\"attachment-thumbnail size-thumbnail\" alt=\"\" \/><\/a>\n\t\t\t<\/dt><\/dl><br style=\"clear: both\" \/><dl class='gallery-item'>\n\t\t\t<dt class='gallery-icon landscape'>\n\t\t\t\t<a href='https:\/\/agora.xtec.cat\/ceip-dolorsalmeda-cornella\/projecte-educatiu\/ambients-de-joc-i-aprenentatge\/attachment\/img_4623jpg\/'><img loading=\"lazy\" decoding=\"async\" width=\"150\" height=\"150\" src=\"https:\/\/agora.xtec.cat\/ceip-dolorsalmeda-cornella\/wp-content\/uploads\/usu30\/2021\/02\/IMG_4623JPG-150x150.jpg\" class=\"attachment-thumbnail size-thumbnail\" alt=\"\" \/><\/a>\n\t\t\t<\/dt><\/dl><dl class='gallery-item'>\n\t\t\t<dt class='gallery-icon portrait'>\n\t\t\t\t<a href='https:\/\/agora.xtec.cat\/ceip-dolorsalmeda-cornella\/projecte-educatiu\/ambients-de-joc-i-aprenentatge\/attachment\/img_e7876jpg\/'><img loading=\"lazy\" decoding=\"async\" width=\"150\" height=\"150\" src=\"https:\/\/agora.xtec.cat\/ceip-dolorsalmeda-cornella\/wp-content\/uploads\/usu30\/2021\/02\/IMG_E7876JPG-150x150.jpg\" class=\"attachment-thumbnail size-thumbnail\" alt=\"\" \/><\/a>\n\t\t\t<\/dt><\/dl><dl class='gallery-item'>\n\t\t\t<dt class='gallery-icon landscape'>\n\t\t\t\t<a href='https:\/\/agora.xtec.cat\/ceip-dolorsalmeda-cornella\/projecte-educatiu\/ambients-de-joc-i-aprenentatge\/attachment\/llumjpg\/'><img loading=\"lazy\" decoding=\"async\" width=\"150\" height=\"150\" src=\"https:\/\/agora.xtec.cat\/ceip-dolorsalmeda-cornella\/wp-content\/uploads\/usu30\/2021\/02\/LLUMJPG-150x150.jpg\" class=\"attachment-thumbnail size-thumbnail\" alt=\"\" \/><\/a>\n\t\t\t<\/dt><\/dl><br style=\"clear: both\" \/><dl class='gallery-item'>\n\t\t\t<dt class='gallery-icon landscape'>\n\t\t\t\t<a href='https:\/\/agora.xtec.cat\/ceip-dolorsalmeda-cornella\/projecte-educatiu\/ambients-de-joc-i-aprenentatge\/attachment\/matematic\/'><img loading=\"lazy\" decoding=\"async\" width=\"150\" height=\"150\" src=\"https:\/\/agora.xtec.cat\/ceip-dolorsalmeda-cornella\/wp-content\/uploads\/usu30\/2021\/02\/MATEM\u00c0TIC-150x150.jpg\" class=\"attachment-thumbnail size-thumbnail\" alt=\"\" \/><\/a>\n\t\t\t<\/dt><\/dl><dl class='gallery-item'>\n\t\t\t<dt class='gallery-icon landscape'>\n\t\t\t\t<a href='https:\/\/agora.xtec.cat\/ceip-dolorsalmeda-cornella\/projecte-educatiu\/ambients-de-joc-i-aprenentatge\/attachment\/matematicjpg\/'><img loading=\"lazy\" decoding=\"async\" width=\"150\" height=\"150\" src=\"https:\/\/agora.xtec.cat\/ceip-dolorsalmeda-cornella\/wp-content\/uploads\/usu30\/2021\/02\/MATEM\u00c0TICJPG-150x150.jpg\" class=\"attachment-thumbnail size-thumbnail\" alt=\"\" \/><\/a>\n\t\t\t<\/dt><\/dl><dl class='gallery-item'>\n\t\t\t<dt class='gallery-icon landscape'>\n\t\t\t\t<a href='https:\/\/agora.xtec.cat\/ceip-dolorsalmeda-cornella\/projecte-educatiu\/ambients-de-joc-i-aprenentatge\/attachment\/simblic\/'><img loading=\"lazy\" decoding=\"async\" width=\"150\" height=\"150\" src=\"https:\/\/agora.xtec.cat\/ceip-dolorsalmeda-cornella\/wp-content\/uploads\/usu30\/2021\/02\/SIMBLIC-150x150.jpg\" class=\"attachment-thumbnail size-thumbnail\" alt=\"\" \/><\/a>\n\t\t\t<\/dt><\/dl><br style=\"clear: both\" \/>\n\t\t<\/div>\n\n<p>&nbsp;<\/p>\n<p>&nbsp;<\/p>\n<p>&nbsp;<\/p>\n","protected":false},"excerpt":{"rendered":"<p>Els ambients s\u00f3n una proposta metodol\u00f2gica que pret\u00e9n oferir un espai acollidor i uns materials estimulants que permetin als infants descobrir, pensar i crear a partir del joc, l\u2019exploraci\u00f3 i la manipulaci\u00f3. En educaci\u00f3 infantil i cicle inicial, dues sessions a la setmana, es barregen&hellip;  <a href=\"https:\/\/agora.xtec.cat\/ceip-dolorsalmeda-cornella\/projecte-educatiu\/ambients-de-joc-i-aprenentatge\/\" title=\"Read Ambients de Joc i Aprenentatge\">Llegeix m\u00e9s\u00bb<\/a><\/p>\n","protected":false},"author":1,"featured_media":0,"parent":64,"menu_order":30,"comment_status":"closed","ping_status":"closed","template":"page-templates\/side-menu.php","meta":{"_bbp_topic_count":0,"_bbp_reply_count":0,"_bbp_total_topic_count":0,"_bbp_total_reply_count":0,"_bbp_voice_count":0,"_bbp_anonymous_reply_count":0,"_bbp_topic_count_hidden":0,"_bbp_reply_count_hidden":0,"_bbp_forum_subforum_count":0,"footnotes":""},"class_list":["post-503","page","type-page","status-publish","hentry"],"post_mailing_queue_ids":[],"_links":{"self":[{"href":"https:\/\/agora.xtec.cat\/ceip-dolorsalmeda-cornella\/wp-json\/wp\/v2\/pages\/503","targetHints":{"allow":["GET"]}}],"collection":[{"href":"https:\/\/agora.xtec.cat\/ceip-dolorsalmeda-cornella\/wp-json\/wp\/v2\/pages"}],"about":[{"href":"https:\/\/agora.xtec.cat\/ceip-dolorsalmeda-cornella\/wp-json\/wp\/v2\/types\/page"}],"author":[{"embeddable":true,"href":"https:\/\/agora.xtec.cat\/ceip-dolorsalmeda-cornella\/wp-json\/wp\/v2\/users\/1"}],"replies":[{"embeddable":true,"href":"https:\/\/agora.xtec.cat\/ceip-dolorsalmeda-cornella\/wp-json\/wp\/v2\/comments?post=503"}],"version-history":[{"count":7,"href":"https:\/\/agora.xtec.cat\/ceip-dolorsalmeda-cornella\/wp-json\/wp\/v2\/pages\/503\/revisions"}],"predecessor-version":[{"id":7934,"href":"https:\/\/agora.xtec.cat\/ceip-dolorsalmeda-cornella\/wp-json\/wp\/v2\/pages\/503\/revisions\/7934"}],"up":[{"embeddable":true,"href":"https:\/\/agora.xtec.cat\/ceip-dolorsalmeda-cornella\/wp-json\/wp\/v2\/pages\/64"}],"wp:attachment":[{"href":"https:\/\/agora.xtec.cat\/ceip-dolorsalmeda-cornella\/wp-json\/wp\/v2\/media?parent=503"}],"curies":[{"name":"wp","href":"https:\/\/api.w.org\/{rel}","templated":true}]}}