{"id":3528,"date":"2021-02-16T13:47:26","date_gmt":"2021-02-16T12:47:26","guid":{"rendered":"https:\/\/agora.xtec.cat\/ceip-dolorsalmeda-cornella\/?page_id=3528"},"modified":"2025-03-10T12:17:13","modified_gmt":"2025-03-10T11:17:13","slug":"dance-in-english","status":"publish","type":"page","link":"https:\/\/agora.xtec.cat\/ceip-dolorsalmeda-cornella\/projecte-educatiu\/dance-in-english\/","title":{"rendered":"Dance in English"},"content":{"rendered":"<p style=\"text-align: justify;\">In the Dolors Almeda School, we give much importance to the developing arts for the boys and girls. In the case of dance, we believe that it is a psychomotor activity that is very motivating and perfect for forming coordination. The activity is an intellectual expression of feelings and emotions through movement.<\/p>\n<p style=\"text-align: justify;\">All of this is communicated in the English language which makes our project enrich the students ability to learn the different aspects of Art and English. Every two years, we prepare a musical that all the primary grades participate in.<\/p>\n<p style=\"text-align: justify;\">During the course, we have castings where our own students elect the protagonists and they work to prepare the songs, script, and choreography. The result is an awesome musical interpreted in English for all the girls and boys in the school.<\/p>\n<p style=\"text-align: justify;\">So far we have done the Lion King, We will Rock You and A Musical Star with a great acceptance from the public. Over the years, this project has been getting bigger and consolidating.<\/p>\n<p style=\"text-align: justify;\">\u201c A musical Star\u201d is an original musical that<span style=\"font-family: inherit; font-size: 1em;\"> featured the collaboration of the Municipal Music School of the city, which performed some of the music live. A group of former students also contributed on their own initiative with a special number.<\/span><\/p>\n<div class=\"mb-2 flex gap-3 empty:hidden -ml-2\">\n<div class=\"items-center justify-start rounded-xl p-1 flex\"><\/div>\n<\/div>\n<p style=\"text-align: justify;\">The project is founded by the City Council.<\/p>\n<p style=\"text-align: justify;\"><iframe loading=\"lazy\" src=\"\/\/www.youtube.com\/embed\/i1Jttf_jn84?si=yfYh1LH83AekXauW\" width=\"560\" height=\"314\" allowfullscreen=\"allowfullscreen\"><\/iframe><\/p>\n<p style=\"text-align: justify;\">A l\u2019escola Dolors Almeda donem molta import\u00e0ncia al desenvolupament de les arts en els infants. En el cas de la dansa, creiem que \u00e9s una activitat psicomotriu molt motivadora i perfecte per fomentar la coordinaci\u00f3, l&#8217;activitat intel\u00b7lectual i l&#8217;expressi\u00f3 dels sentiments i emocions a trav\u00e9s del moviment.<\/p>\n<p style=\"text-align: justify;\">Tot aix\u00f2 impartit en llengua anglesa, fa que el nostre projecte enriqueixi l&#8217;aprenentatge dels alumnes combinant diferents aspectes com s\u00f3n l&#8217;art i l&#8217;angl\u00e8s.<\/p>\n<p style=\"text-align: justify;\">Cada dos anys, es prepara un musical on participen tots els grups de prim\u00e0ria. Durant el curs, es fan c\u00e0stings on els alumnes trien els protagonistes i\u00a0 es treballen les can\u00e7ons, els textos i les coreografies. El resultat \u00e9s un impressionant musical interpretat \u00edntegrament en angl\u00e8s per tots els nens i nenes de l\u2019escola. Fins ara hem estrenat The Lion King, We Will Rock You (Queen) i A Musical Star amb una gran acceptaci\u00f3 per part del p\u00fablic. \u201cA Musical Star\u201d, \u00e9s un musical de creaci\u00f3 pr\u00f2pia que va comptar amb la col\u00b7laboraci\u00f3 de\u00a0 l\u2019Escola Municipal de M\u00fasica de la ciutat\u00a0 que va interpretar part de la m\u00fasica en directe i amb un grup d&#8217;ex-alumnes, per iniciativa pr\u00f2pia van col\u00b7laborar amb un n\u00famero especial.<\/p>\n<p style=\"text-align: justify;\">Amb els anys el projecte es va consolidant i fent gran.<\/p>\n<p style=\"text-align: justify;\">El projecte rep el recolzament de l\u2019Ajuntament.<\/p>\n<p><a href=\"https:\/\/agora.xtec.cat\/ceip-dolorsalmeda-cornella\/wp-content\/uploads\/usu30\/2021\/02\/aj-cornella.png\"><img loading=\"lazy\" decoding=\"async\" class=\"alignnone wp-image-3549\" src=\"https:\/\/agora.xtec.cat\/ceip-dolorsalmeda-cornella\/wp-content\/uploads\/usu30\/2021\/02\/aj-cornella.png\" alt=\"\" width=\"136\" height=\"100\" \/><\/a><\/p>\n<p>Projecte <a href=\"https:\/\/agora.xtec.cat\/ceip-dolorsalmeda-cornella\/docs\/dance-in-english-2024\/\">DANCE IN ENGLISH 2024<\/a><\/p>\n<p><a href=\"https:\/\/agora.xtec.cat\/ceip-dolorsalmeda-cornella\/wp-content\/uploads\/usu30\/2021\/02\/the-lion-king.png\"><img loading=\"lazy\" decoding=\"async\" class=\"alignnone wp-image-3533\" src=\"https:\/\/agora.xtec.cat\/ceip-dolorsalmeda-cornella\/wp-content\/uploads\/usu30\/2021\/02\/the-lion-king-1024x682.png\" alt=\"\" width=\"380\" height=\"253\" srcset=\"https:\/\/agora.xtec.cat\/ceip-dolorsalmeda-cornella\/wp-content\/uploads\/usu30\/2021\/02\/the-lion-king-1024x682.png 1024w, https:\/\/agora.xtec.cat\/ceip-dolorsalmeda-cornella\/wp-content\/uploads\/usu30\/2021\/02\/the-lion-king-300x200.png 300w, https:\/\/agora.xtec.cat\/ceip-dolorsalmeda-cornella\/wp-content\/uploads\/usu30\/2021\/02\/the-lion-king-768x512.png 768w, https:\/\/agora.xtec.cat\/ceip-dolorsalmeda-cornella\/wp-content\/uploads\/usu30\/2021\/02\/the-lion-king.png 1295w\" sizes=\"auto, (max-width: 380px) 100vw, 380px\" \/>\u00a0 \u00a0 \u00a0 \u00a0 \u00a0 \u00a0 \u00a0<\/a><a href=\"https:\/\/agora.xtec.cat\/ceip-dolorsalmeda-cornella\/wp-content\/uploads\/usu30\/2021\/02\/we-will-rock-you.jpg\"><img loading=\"lazy\" decoding=\"async\" class=\"wp-image-3535 alignnone\" src=\"https:\/\/agora.xtec.cat\/ceip-dolorsalmeda-cornella\/wp-content\/uploads\/usu30\/2021\/02\/we-will-rock-you.jpg\" alt=\"\" width=\"358\" height=\"250\" srcset=\"https:\/\/agora.xtec.cat\/ceip-dolorsalmeda-cornella\/wp-content\/uploads\/usu30\/2021\/02\/we-will-rock-you.jpg 800w, https:\/\/agora.xtec.cat\/ceip-dolorsalmeda-cornella\/wp-content\/uploads\/usu30\/2021\/02\/we-will-rock-you-300x210.jpg 300w, https:\/\/agora.xtec.cat\/ceip-dolorsalmeda-cornella\/wp-content\/uploads\/usu30\/2021\/02\/we-will-rock-you-768x537.jpg 768w\" sizes=\"auto, (max-width: 358px) 100vw, 358px\" \/><\/a><\/p>\n<p style=\"text-align: justify;\">\n","protected":false},"excerpt":{"rendered":"<p>In the Dolors Almeda School, we give much importance to the developing arts for the boys and girls. In the case of dance, we believe that it is a psychomotor activity that is very motivating and perfect for forming coordination. The activity is an intellectual&hellip;  <a href=\"https:\/\/agora.xtec.cat\/ceip-dolorsalmeda-cornella\/projecte-educatiu\/dance-in-english\/\" title=\"Read Dance in English\">Llegeix m\u00e9s\u00bb<\/a><\/p>\n","protected":false},"author":6,"featured_media":0,"parent":64,"menu_order":60,"comment_status":"closed","ping_status":"closed","template":"page-templates\/side-menu.php","meta":{"_bbp_topic_count":0,"_bbp_reply_count":0,"_bbp_total_topic_count":0,"_bbp_total_reply_count":0,"_bbp_voice_count":0,"_bbp_anonymous_reply_count":0,"_bbp_topic_count_hidden":0,"_bbp_reply_count_hidden":0,"_bbp_forum_subforum_count":0,"footnotes":""},"class_list":["post-3528","page","type-page","status-publish","hentry"],"post_mailing_queue_ids":[],"_links":{"self":[{"href":"https:\/\/agora.xtec.cat\/ceip-dolorsalmeda-cornella\/wp-json\/wp\/v2\/pages\/3528","targetHints":{"allow":["GET"]}}],"collection":[{"href":"https:\/\/agora.xtec.cat\/ceip-dolorsalmeda-cornella\/wp-json\/wp\/v2\/pages"}],"about":[{"href":"https:\/\/agora.xtec.cat\/ceip-dolorsalmeda-cornella\/wp-json\/wp\/v2\/types\/page"}],"author":[{"embeddable":true,"href":"https:\/\/agora.xtec.cat\/ceip-dolorsalmeda-cornella\/wp-json\/wp\/v2\/users\/6"}],"replies":[{"embeddable":true,"href":"https:\/\/agora.xtec.cat\/ceip-dolorsalmeda-cornella\/wp-json\/wp\/v2\/comments?post=3528"}],"version-history":[{"count":6,"href":"https:\/\/agora.xtec.cat\/ceip-dolorsalmeda-cornella\/wp-json\/wp\/v2\/pages\/3528\/revisions"}],"predecessor-version":[{"id":7937,"href":"https:\/\/agora.xtec.cat\/ceip-dolorsalmeda-cornella\/wp-json\/wp\/v2\/pages\/3528\/revisions\/7937"}],"up":[{"embeddable":true,"href":"https:\/\/agora.xtec.cat\/ceip-dolorsalmeda-cornella\/wp-json\/wp\/v2\/pages\/64"}],"wp:attachment":[{"href":"https:\/\/agora.xtec.cat\/ceip-dolorsalmeda-cornella\/wp-json\/wp\/v2\/media?parent=3528"}],"curies":[{"name":"wp","href":"https:\/\/api.w.org\/{rel}","templated":true}]}}